{"id":12,"date":"2021-09-23T12:50:15","date_gmt":"2021-09-23T12:50:15","guid":{"rendered":"https:\/\/sites.hslu.ch\/werkstatt\/?page_id=12"},"modified":"2025-01-30T10:05:44","modified_gmt":"2025-01-30T10:05:44","slug":"werkstaetten","status":"publish","type":"page","link":"https:\/\/sites.hslu.ch\/werkstatt\/","title":{"rendered":"Design Film Kunst Werkst\u00e4tten"},"content":{"rendered":"<div class=\"wpb-content-wrapper\"><p>[vc_section][vc_row][vc_column offset=&#187;vc_col-md-offset-2 vc_col-md-10&#8243;][vc_column_text el_class=&#187;dkw-lead&#187;]Die Werkst\u00e4tten-Plattform ist dein Ort f\u00fcr Informationen, Anleitungen, Veranstaltungen und Inspirationen rund um die Werkst\u00e4tten der Hochschule Luzern \u2013 Design Film Kunst.[\/vc_column_text][vc_empty_space height=&#187;50px&#187;][\/vc_column][\/vc_row][\/vc_section][vc_section][vc_row][vc_column][vc_column_text css=&#187;&#187;]<\/p>\n<h3>Aktuelle News<\/h3>\n<p>[\/vc_column_text][vc_basic_grid post_type=&#187;post&#187; max_items=&#187;6&#8243; element_width=&#187;2&#8243; gap=&#187;10&#8243; item=&#187;519&#8243; css=&#187;.vc_custom_1738231125612{margin-bottom: 10px !important;}&#187; grid_id=&#187;vc_gid:1738231531647-c51f3cce-3081-10&#8243; taxonomies=&#187;18&#8243;][vc_btn title=&#187;Alle News&#187; align=&#187;left&#187; css=&#187;&#187; link=&#187;url:https%3A%2F%2Fsites.hslu.ch%2Fwerkstatt%2Fnews%2F|title:Events&#187;][\/vc_column][\/vc_row][\/vc_section][vc_section][vc_row][vc_column][vc_column_text css=&#187;&#187;]<\/p>\n<h3>Aktuelle Events<\/h3>\n<p>[\/vc_column_text][vc_column_text css=&#187;.vc_custom_1738230906991{margin-bottom: 10px !important;}&#187;]<div class=\"upcoming-events-list\"><div class=\"upcoming-events-month\"><h4>April<\/h4><div class=\"event-items\"><div class=\"event-item\"><div class=\"event-date\"><span class=\"event-weekday\">Mi<\/span><span class=\"event-day\">15.<\/span><\/div><div class=\"event-content\"><div class=\"event-header\"><p class=\"event-time\">08:30<\/p><p class=\"event-category\">#Metallwerkstatt<\/p><\/div><h3 class=\"event-title\"><a href=\"https:\/\/sites.hslu.ch\/werkstatt\/werkstatt-event\/einfuehrung-metallwerkstatt-15-04-2026\/\">Einf\u00fchrung Metallwerkstatt 15.04.2026<span class=\"event-arrow\">\u2192<\/span><\/a><\/h3><\/div><\/div><div class=\"event-item\"><div class=\"event-date\"><span class=\"event-weekday\">Fr<\/span><span class=\"event-day\">17.<\/span><\/div><div class=\"event-content\"><div class=\"event-header\"><p class=\"event-time\">13:30<\/p><p class=\"event-category\">#Publishing<\/p><\/div><h3 class=\"event-title\"><a href=\"https:\/\/sites.hslu.ch\/werkstatt\/werkstatt-event\/einfuehrung-mimaki-folienschneideplotter-6\/\">Einf\u00fchrung Mimaki-Folienschneideplotter<span class=\"event-arrow\">\u2192<\/span><\/a><\/h3><\/div><\/div><div class=\"event-item\"><div class=\"event-date\"><span class=\"event-weekday\">Fr<\/span><span class=\"event-day\">17.<\/span><\/div><div class=\"event-content\"><div class=\"event-header\"><p class=\"event-time\">09:00<\/p><p class=\"event-category\">#3D<\/p><\/div><h3 class=\"event-title\"><a href=\"https:\/\/sites.hslu.ch\/werkstatt\/werkstatt-event\/gips-silikon-kunststoff-formenbau-3\/\">Einf\u00fchrung in Gips \/ Silikon \/ Kunststoff Formenbau<span class=\"event-arrow\">\u2192<\/span><\/a><\/h3><\/div><\/div><div class=\"event-item\"><div class=\"event-date\"><span class=\"event-weekday\">Di<\/span><span class=\"event-day\">21.<\/span><\/div><div class=\"event-content\"><div class=\"event-header\"><p class=\"event-time\">09:00<\/p><p class=\"event-category\">#3D<\/p><\/div><h3 class=\"event-title\"><a href=\"https:\/\/sites.hslu.ch\/werkstatt\/werkstatt-event\/keramik-einfuehrung-4\/\">Keramik Einf\u00fchrung<span class=\"event-arrow\">\u2192<\/span><\/a><\/h3><\/div><\/div><div class=\"event-item\"><div class=\"event-date\"><span class=\"event-weekday\">Fr<\/span><span class=\"event-day\">24.<\/span><\/div><div class=\"event-content\"><div class=\"event-header\"><p class=\"event-time\">13:30<\/p><p class=\"event-category\">#Fotolabor<\/p><\/div><h3 class=\"event-title\"><a href=\"https:\/\/sites.hslu.ch\/werkstatt\/werkstatt-event\/einfuehrung-fotolabor-negativentwicklung-6\/\">Einf\u00fchrung Fotolabor-Negativentwicklung<span class=\"event-arrow\">\u2192<\/span><\/a><\/h3><\/div><\/div><div class=\"event-item\"><div class=\"event-date\"><span class=\"event-weekday\">Mi<\/span><span class=\"event-day\">29.<\/span><\/div><div class=\"event-content\"><div class=\"event-header\"><p class=\"event-time\">14:00<\/p><p class=\"event-category\">#AV Ausleihe<\/p><\/div><h3 class=\"event-title\"><a href=\"https:\/\/sites.hslu.ch\/werkstatt\/werkstatt-event\/mediaplayer-einfuehrung-5\/\">Mediaplayer Einf\u00fchrung<span class=\"event-arrow\">\u2192<\/span><\/a><\/h3><\/div><\/div><div class=\"event-item\"><div class=\"event-date\"><span class=\"event-weekday\">Do<\/span><span class=\"event-day\">30.<\/span><\/div><div class=\"event-content\"><div class=\"event-header\"><p class=\"event-time\">13:00<\/p><p class=\"event-category\">#Digitale Fabrikation<\/p><\/div><h3 class=\"event-title\"><a href=\"https:\/\/sites.hslu.ch\/werkstatt\/werkstatt-event\/einfuehrung-3d-drucker-prusa-und-formlabs-5\/\">Einf\u00fchrung 3D-Drucker \u2013 Prusa und Formlabs<span class=\"event-arrow\">\u2192<\/span><\/a><\/h3><\/div><\/div><\/div><\/div><div class=\"upcoming-events-month\"><h4>Mai<\/h4><div class=\"event-items\"><div class=\"event-item\"><div class=\"event-date\"><span class=\"event-weekday\">Fr<\/span><span class=\"event-day\">01.<\/span><\/div><div class=\"event-content\"><div class=\"event-header\"><p class=\"event-time\">09:00<\/p><p class=\"event-category\">#Textil<\/p><\/div><h3 class=\"event-title\"><a href=\"https:\/\/sites.hslu.ch\/werkstatt\/werkstatt-event\/stricken-an-der-duomatic-80\/\">Stricken an der Duomatic 80<span class=\"event-arrow\">\u2192<\/span><\/a><\/h3><\/div><\/div><div class=\"event-item\"><div class=\"event-date\"><span class=\"event-weekday\">Mi<\/span><span class=\"event-day\">06.<\/span><\/div><div class=\"event-content\"><div class=\"event-header\"><p class=\"event-time\">10:30<\/p><p class=\"event-category\">#Publishing<\/p><\/div><h3 class=\"event-title\"><a href=\"https:\/\/sites.hslu.ch\/werkstatt\/werkstatt-event\/einfuehrung-mimaki-folienschneideplotter-kopie\/\">Einf\u00fchrung Mimaki-Folienschneideplotter<span class=\"event-arrow\">\u2192<\/span><\/a><\/h3><\/div><\/div><\/div><\/div><\/div><div class=\"no-matching-event\"><h4><a href=\"https:\/\/sites.hslu.ch\/werkstatt\/kein-termin-passt\/\">Kein Termin passt? <span style=\"color: var(--dkw-highlight) !important; padding-left: 1rem;\">\u2192<\/span><\/a><\/h4><\/div>[\/vc_column_text][vc_btn title=&#187;Alle Events&#187; align=&#187;left&#187; css=&#187;&#187; link=&#187;url:https%3A%2F%2Fsites.hslu.ch%2Fwerkstatt%2Fevents%2F|title:Events&#187;][\/vc_column][\/vc_row][\/vc_section][vc_section][vc_row][vc_column][vc_column_text css=&#187;&#187;]<\/p>\n<h3>Unsere Werkst\u00e4tten<\/h3>\n<p>[\/vc_column_text][vc_basic_grid post_type=&#187;post&#187; max_items=&#187;-1&#8243; element_width=&#187;2&#8243; gap=&#187;10&#8243; orderby=&#187;title&#187; order=&#187;ASC&#187; item=&#187;517&#8243; grid_id=&#187;vc_gid:1738231531648-c87232ad-479a-1&#8243; taxonomies=&#187;17&#8243;][\/vc_column][\/vc_row][\/vc_section]<\/p>\n<\/div>","protected":false},"excerpt":{"rendered":"<p>[vc_section][vc_row][vc_column offset=&#187;vc_col-md-offset-2 vc_col-md-10&#8243;][vc_column_text el_class=&#187;dkw-lead&#187;]Die Werkst\u00e4tten-Plattform ist dein Ort f\u00fcr Informationen, Anleitungen, Veranstaltungen und Inspirationen rund um die Werkst\u00e4tten der Hochschule Luzern \u2013 Design Film [&hellip;]<\/p>\n","protected":false},"author":12,"featured_media":91,"parent":0,"menu_order":0,"comment_status":"closed","ping_status":"closed","template":"","meta":{"_acf_changed":false,"footnotes":""},"class_list":["post-12","page","type-page","status-publish","has-post-thumbnail","hentry"],"acf":[],"_links":{"self":[{"href":"https:\/\/sites.hslu.ch\/werkstatt\/wp-json\/wp\/v2\/pages\/12","targetHints":{"allow":["GET"]}}],"collection":[{"href":"https:\/\/sites.hslu.ch\/werkstatt\/wp-json\/wp\/v2\/pages"}],"about":[{"href":"https:\/\/sites.hslu.ch\/werkstatt\/wp-json\/wp\/v2\/types\/page"}],"author":[{"embeddable":true,"href":"https:\/\/sites.hslu.ch\/werkstatt\/wp-json\/wp\/v2\/users\/12"}],"replies":[{"embeddable":true,"href":"https:\/\/sites.hslu.ch\/werkstatt\/wp-json\/wp\/v2\/comments?post=12"}],"version-history":[{"count":39,"href":"https:\/\/sites.hslu.ch\/werkstatt\/wp-json\/wp\/v2\/pages\/12\/revisions"}],"predecessor-version":[{"id":8901,"href":"https:\/\/sites.hslu.ch\/werkstatt\/wp-json\/wp\/v2\/pages\/12\/revisions\/8901"}],"wp:featuredmedia":[{"embeddable":true,"href":"https:\/\/sites.hslu.ch\/werkstatt\/wp-json\/wp\/v2\/media\/91"}],"wp:attachment":[{"href":"https:\/\/sites.hslu.ch\/werkstatt\/wp-json\/wp\/v2\/media?parent=12"}],"curies":[{"name":"wp","href":"https:\/\/api.w.org\/{rel}","templated":true}]}}