{"id":9823,"date":"2020-12-18T13:47:40","date_gmt":"2020-12-18T13:47:40","guid":{"rendered":"https:\/\/sites.hslu.ch\/va-pepr\/research\/"},"modified":"2024-01-14T15:06:41","modified_gmt":"2024-01-14T15:06:41","slug":"research","status":"publish","type":"page","link":"https:\/\/sites.hslu.ch\/va-pepr\/research\/","title":{"rendered":"Research"},"content":{"rendered":"<div class=\"wpb-content-wrapper\"><p>[vc_row][vc_column width=&#8220;5\/6&#8243; offset=&#8220;vc_col-lg-offset-1 vc_col-xs-12&#8243;][vc_custom_heading text=&#8220;Wie leben wir in der Gegenwart von Sprachassistenten?&#8220; font_container=&#8220;tag:h1|text_align:left|color:%23e2007a&#8220; use_theme_fonts=&#8220;yes&#8220;][vc_row_inner disable_custom_paddings_tablet=&#8220;true&#8220; disable_custom_paddings_mobile=&#8220;true&#8220; css=&#8220;.vc_custom_1609155590574{padding-right: 40px !important;padding-left: 40px !important;}&#8220;][vc_column_inner width=&#8220;1\/2&#8243;][vc_column_text]<\/p>\n<div class=\"styled-subtitle\"><strong>VA-PEPR<\/strong> steht f\u00fcr <strong>Voice Assistants &#8211; People, Experiences, Practices, Routines<\/strong>. Das Forschungsprojekt untersucht, wie Sprachassistenten (VA) unsere Praktiken und Routinen zu Hause ver\u00e4ndern.<\/div>\n<p>[\/vc_column_text][vc_column_text]<b><span data-contrast=\"auto\">VA-PEPR<\/span><\/b><span data-contrast=\"auto\"> ist ein interdisziplin\u00e4res Vierjahresprojekt (01\/2020 bis 12\/2023), das vom <\/span><a href=\"http:\/\/www.snf.ch\/en\/funding\/programmes\/sinergia\/Pages\/default.aspx\">Schweizerischen Nationalfonds (SNF) \u2013 Sinergia Programm<\/a> <span data-contrast=\"auto\">mit einer Summe von 2.23 Millionen CHF unterst\u00fctzt wird. Unter der Leitung von <\/span><a href=\"https:\/\/www.hslu.ch\/en\/lucerne-university-of-applied-sciences-and-arts\/about-us\/people-finder\/profile\/?pid=3616\">Dr. Sabine Junginger<\/a><span data-contrast=\"auto\"> (HSLU D&amp;K) und Co-Leitung von <\/span><a href=\"https:\/\/www.ost.ch\/de\/person\/person\/ulrich-reimer-131\/\">Dr. Ulrich Reimer<\/a><span data-contrast=\"auto\"> (OST), <\/span><a href=\"https:\/\/www.hslu.ch\/de-ch\/hochschule-luzern\/ueber-uns\/personensuche\/profile\/?pid=266\">Dr. Jens\u202fO.\u202fMeissner<\/a> <span data-contrast=\"auto\">(HSLU W) und <\/span><a href=\"https:\/\/www.northumbria.ac.uk\/about-us\/our-staff\/r\/jon-rogers\/\">Dr. Jon Rogers<\/a><span data-contrast=\"auto\"> (<\/span><span data-contrast=\"auto\">Northumbria<\/span><span data-contrast=\"auto\"> University), schliesst das Projektteam Forschende mit Expertise in Human-<\/span><span data-contrast=\"auto\">Centred<\/span><span data-contrast=\"auto\"> Design, Human-Computer Interaktion, Home Automation, Digital Services, <\/span><span data-contrast=\"auto\">Ambient<\/span> <span data-contrast=\"auto\">Assisted<\/span><span data-contrast=\"auto\"> Living, Informatik, Verhaltens\u00f6konomie, Sozioinformatik, Open <\/span><span data-contrast=\"auto\">IoT<\/span><span data-contrast=\"auto\">, Recht, Ethnografie und Gesundheit mit ein. Das Projekt zielt darauf ab, neue Erkenntnisse in im Zusammenhang mit dem Einsatz von Sprachassistenten (VA) in der Schweiz und dar\u00fcber hinaus zu gewinnen.<\/span><span data-ccp-props=\"{&quot;134233117&quot;:true,&quot;134233118&quot;:true}\">\u00a0<\/span>[\/vc_column_text][\/vc_column_inner][vc_column_inner width=&#8220;1\/2&#8243;][vc_single_image image=&#8220;11469&#8243; img_size=&#8220;large&#8220;][\/vc_column_inner][\/vc_row_inner][vc_row_inner][vc_column_inner][vc_single_image image=&#8220;11464&#8243; img_size=&#8220;full&#8220;][vc_column_text css=&#8220;.vc_custom_1615275928861{margin-top: 40px !important;}&#8220;]<\/p>\n<h3>Projektphasen<\/h3>\n<p><span class=\"TextRun SCXW67790696 BCX2\" lang=\"DE-CH\" xml:lang=\"DE-CH\" data-contrast=\"auto\"><span class=\"NormalTextRun SCXW67790696 BCX2\">Die Studie kann in vier Phasen mit jeweils unterschiedlichen thematischen Schwerpunkten erl\u00e4utert werden:<\/span><\/span>[\/vc_column_text][vc_tta_accordion][vc_tta_section add_icon=&#8220;true&#8220; title=&#8220;1. Phase &#8211; Ethnographische Studie&#8220; tab_id=&#8220;1704992573644-2c607762-d478&#8243; i_icon_elegant=&#8220;gem-print-icon gem-icon-pack-elegant icon_house&#8220;][vc_column_text]<strong>Anfang 2021 wurde eine Reihe ethnographischer Studien mit Personen durchgef\u00fchrt, die in ihrer Wohnung Sprachassistenten nutzen<\/strong>. Es wurden 30 (Familien oder Gemeinschaftshaushalte) befragt, die bereits digitale Sprachassistenten verwendeten oder an einer Verwendung von solchen f\u00fcr diese Studie interessiert waren. Die Teilnehmer dokumentieren, wie sie mit diesen Ger\u00e4ten interagieren und wie die Ger\u00e4te ihr Leben zu Hause beeinflussen. Die In-Home-Studie umfasst optional eine Analyse des Datenverkehrs.\u00b7[\/vc_column_text]<div class=\"gem-button-container gem-button-position-inline    \"><a title=\"Research\" class=\"gem-button gem-button-size-small gem-button-style-flat gem-button-text-weight-normal\" style=\"border-radius: 3px;\" onmouseleave=\"\" onmouseenter=\"\" href=\"https:\/\/sites.hslu.ch\/va-pepr\/research\/\" target=\"_self\">Mehr erfahren<\/a><\/div> [\/vc_tta_section][vc_tta_section add_icon=&#8220;true&#8220; title=&#8220;2. Phase &#8211; Relax-Concentrate-Create Haushaltsstudie Studierende&#8220; tab_id=&#8220;1704992573655-b1f9dc1c-4ce8&#8243; i_icon_elegant=&#8220;gem-print-icon gem-icon-pack-elegant icon_group&#8220;][vc_column_text]Studenten in einem Kurs \u00fcber Ressourcenmanagement erforschten und dokumentierten M\u00f6glichkeiten, <strong>Sprachassistenten einzusetzen, um den Kreativit\u00e4tszyklus von Entspannung, Konzentration und Kreation<\/strong> effizienter zu gestalten. Sie fanden nicht nur neue Wege, Sprachassistenten kreativ zu nutzen, sondern erforschten auch Motivationen und Gr\u00fcnde, warum diese in der Praxis genutzt oder nicht genutzt werden. <a href=\"https:\/\/rcc.hslu.ch\/\" target=\"_blank\" rel=\"noopener\">https:\/\/rcc.hslu.ch\/<\/a>[\/vc_column_text]<div class=\"gem-button-container gem-button-position-inline    \"><a class=\"gem-button gem-button-size-small gem-button-style-flat gem-button-text-weight-normal\" style=\"border-radius: 3px;\" onmouseleave=\"\" onmouseenter=\"\" href=\"\" target=\"_self\">Mehr erfahren<\/a><\/div> [\/vc_tta_section][vc_tta_section add_icon=&#8220;true&#8220; title=&#8220;3. Phase &#8211; Spekulative Design Workshops&#8220; tab_id=&#8220;1704992695087-54edd616-f47d&#8220; i_icon_elegant=&#8220;gem-print-icon gem-icon-pack-elegant icon_question&#8220;][vc_column_text]In einer Reihe von spekulativen Design Workshops und weiteren zus\u00e4tzlichen In-Home Studien wurden interessierte Personen eingeladen, auf ihren Beobachtungen und Erfahrungen mit Sprachassistenten aufzubauen, um\u00a0 neue M\u00f6glichkeiten f\u00fcr Sprachassistenten im h\u00e4uslichen Bereich zu schaffen. Ziel ist es, Erwartungen zu formulieren, wie die Sprachassistenten gestaltet werden sollten, damit sie f\u00fcr Menschen im h\u00e4uslichen Alltag n\u00fctzlich sind, und was Sprachassistenten unter keinen Umst\u00e4nden tun d\u00fcrfen.[\/vc_column_text]<div class=\"gem-button-container gem-button-position-inline    \"><a class=\"gem-button gem-button-size-small gem-button-style-flat gem-button-text-weight-normal\" style=\"border-radius: 3px;\" onmouseleave=\"\" onmouseenter=\"\" href=\"\" target=\"_self\">Mehr erfahren<\/a><\/div> [\/vc_tta_section][vc_tta_section add_icon=&#8220;true&#8220; title=&#8220;4. Phase &#8211; Entwicklung von Richtlinien&#8220; tab_id=&#8220;1704992729952-7deb8dc6-2566&#8243; i_icon_elegant=&#8220;gem-print-icon gem-icon-pack-elegant icon_balance&#8220;][vc_column_text]Die Ergebnisse werden im Jahr 2024 in <strong>Richtlinien und Empfehlungen<\/strong> f\u00fcr die Entwicklung, Gestaltung und Nutzung von Sprachassistenten umgesetzt. Nicht zuletzt sollen sie eine Hilfestellung zu Fragen der rechtlichen Regulierung geben, insbesondere im Hinblick auf den Schutz der Privatsph\u00e4re der Nutzer[\/vc_column_text]<div class=\"gem-button-container gem-button-position-inline    \"><a class=\"gem-button gem-button-size-small gem-button-style-flat gem-button-text-weight-normal\" style=\"border-radius: 3px;\" onmouseleave=\"\" onmouseenter=\"\" href=\"\" target=\"_self\">Mehr erfahren<\/a><\/div> [\/vc_tta_section][\/vc_tta_accordion][\/vc_column_inner][\/vc_row_inner][vc_custom_heading text=&#8220;Mehr Informationen \u00fcber die verschiedenen Phasen&#8220; font_container=&#8220;tag:h2|text_align:center|color:%23e2007a&#8220; use_theme_fonts=&#8220;yes&#8220;][vc_row_inner][vc_column_inner width=&#8220;1\/4&#8243;]<div class=\"gem-button-container gem-button-position-fullwidth    \"><a title=\"Phase 1\" class=\"gem-button gem-button-size-small gem-button-style-outline gem-button-text-weight-normal gem-button-border-2\" style=\"border-radius: 0px;border-color: #e2007a;color: #e2007a;\" onmouseleave=\"this.style.borderColor='#e2007a';this.style.backgroundColor='transparent';this.style.color='#e2007a';\" onmouseenter=\"this.style.borderColor='#e2007a';this.style.backgroundColor='rgba(226,0,122,0.25)';this.style.color='#e2007a';\" href=\"https:\/\/sites.hslu.ch\/va-pepr\/research\/phase-1\/\" target=\"_self\">1. Phase<\/a><\/div> [\/vc_column_inner][vc_column_inner width=&#8220;1\/4&#8243;]<div class=\"gem-button-container gem-button-position-fullwidth    \"><a title=\"2. Phase\" class=\"gem-button gem-button-size-small gem-button-style-outline gem-button-text-weight-normal gem-button-border-2\" style=\"border-radius: 0px;border-color: #e2007a;color: #e2007a;\" onmouseleave=\"this.style.borderColor='#e2007a';this.style.backgroundColor='transparent';this.style.color='#e2007a';\" onmouseenter=\"this.style.borderColor='#e2007a';this.style.backgroundColor='rgba(226,0,122,0.25)';this.style.color='#e2007a';\" href=\"https:\/\/sites.hslu.ch\/va-pepr\/research\/2-phase\/\" target=\"_self\">2. Phase<\/a><\/div> [\/vc_column_inner][vc_column_inner width=&#8220;1\/4&#8243;]<div class=\"gem-button-container gem-button-position-fullwidth    \"><a title=\"Phase 3\" class=\"gem-button gem-button-size-small gem-button-style-outline gem-button-text-weight-normal gem-button-border-2\" style=\"border-radius: 0px;border-color: #e2007a;color: #e2007a;\" onmouseleave=\"this.style.borderColor='#e2007a';this.style.backgroundColor='transparent';this.style.color='#e2007a';\" onmouseenter=\"this.style.borderColor='#e2007a';this.style.backgroundColor='rgba(226,0,122,0.25)';this.style.color='#e2007a';\" href=\"https:\/\/sites.hslu.ch\/va-pepr\/research\/3-phase\/\" target=\"_self\">3. Phase<\/a><\/div> [\/vc_column_inner][vc_column_inner width=&#8220;1\/4&#8243;]<div class=\"gem-button-container gem-button-position-fullwidth    \"><a title=\"Phase 4\" class=\"gem-button gem-button-size-small gem-button-style-outline gem-button-text-weight-normal gem-button-border-2\" style=\"border-radius: 0px;border-color: #e2007a;color: #e2007a;\" onmouseleave=\"this.style.borderColor='#e2007a';this.style.backgroundColor='transparent';this.style.color='#e2007a';\" onmouseenter=\"this.style.borderColor='#e2007a';this.style.backgroundColor='rgba(226,0,122,0.25)';this.style.color='#e2007a';\" href=\"https:\/\/sites.hslu.ch\/va-pepr\/research\/4-phase\/\" target=\"_self\">4. Phase<\/a><\/div> [\/vc_column_inner][\/vc_row_inner][\/vc_column][\/vc_row]<\/p>\n<\/div>","protected":false},"excerpt":{"rendered":"<p>[vc_row][vc_column width=&#8220;5\/6&#8243; offset=&#8220;vc_col-lg-offset-1 vc_col-xs-12&#8243;][vc_custom_heading text=&#8220;Wie leben wir in der Gegenwart von Sprachassistenten?&#8220; font_container=&#8220;tag:h1|text_align:left|color:%23e2007a&#8220; use_theme_fonts=&#8220;yes&#8220;][vc_row_inner disable_custom_paddings_tablet=&#8220;true&#8220; disable_custom_paddings_mobile=&#8220;true&#8220; css=&#8220;.vc_custom_1609155590574{padding-right: 40px !important;padding-left: 40px&#8230;<\/p>\n","protected":false},"author":5,"featured_media":0,"parent":0,"menu_order":0,"comment_status":"closed","ping_status":"closed","template":"","meta":{"_acf_changed":false,"footnotes":""},"class_list":["post-9823","page","type-page","status-publish"],"acf":[],"_links":{"self":[{"href":"https:\/\/sites.hslu.ch\/va-pepr\/wp-json\/wp\/v2\/pages\/9823","targetHints":{"allow":["GET"]}}],"collection":[{"href":"https:\/\/sites.hslu.ch\/va-pepr\/wp-json\/wp\/v2\/pages"}],"about":[{"href":"https:\/\/sites.hslu.ch\/va-pepr\/wp-json\/wp\/v2\/types\/page"}],"author":[{"embeddable":true,"href":"https:\/\/sites.hslu.ch\/va-pepr\/wp-json\/wp\/v2\/users\/5"}],"replies":[{"embeddable":true,"href":"https:\/\/sites.hslu.ch\/va-pepr\/wp-json\/wp\/v2\/comments?post=9823"}],"version-history":[{"count":31,"href":"https:\/\/sites.hslu.ch\/va-pepr\/wp-json\/wp\/v2\/pages\/9823\/revisions"}],"predecessor-version":[{"id":11489,"href":"https:\/\/sites.hslu.ch\/va-pepr\/wp-json\/wp\/v2\/pages\/9823\/revisions\/11489"}],"wp:attachment":[{"href":"https:\/\/sites.hslu.ch\/va-pepr\/wp-json\/wp\/v2\/media?parent=9823"}],"curies":[{"name":"wp","href":"https:\/\/api.w.org\/{rel}","templated":true}]}}