{"id":11482,"date":"2024-01-14T15:03:29","date_gmt":"2024-01-14T15:03:29","guid":{"rendered":"https:\/\/sites.hslu.ch\/va-pepr\/research\/3-phase\/"},"modified":"2024-01-14T15:22:54","modified_gmt":"2024-01-14T15:22:54","slug":"3-phase","status":"publish","type":"page","link":"https:\/\/sites.hslu.ch\/va-pepr\/research\/3-phase\/","title":{"rendered":"3. Phase"},"content":{"rendered":"<div class=\"wpb-content-wrapper\"><p>[vc_row][vc_column width=&#8220;5\/6&#8243; offset=&#8220;vc_col-lg-offset-1&#8243;]<style>.thegem-te-post-breadcrumbs.thegem-custom-69ef6446dd7ca8059 .post-breadcrumbs {justify-content: left; text-align: left;}.thegem-te-post-breadcrumbs.thegem-custom-69ef6446dd7ca8059 .post-breadcrumbs ul {justify-content: left; text-align: left;}<\/style><div class=\"thegem-te-post-breadcrumbs thegem-custom-69ef6446dd7ca8059\"> <div class=\"post-breadcrumbs\"><ul><li><a href=\"https:\/\/sites.hslu.ch\/va-pepr\/\">Home<\/a><\/li><\/ul><!-- .breadcrumbs --><\/div> <\/div>[vc_custom_heading text=&#8220;3. Phase &#8211; Spekulative Design Workshops&#8220; font_container=&#8220;tag:h1|text_align:left|color:%23e2007a&#8220; use_theme_fonts=&#8220;yes&#8220; css=&#8220;.vc_custom_1704905607130{margin-top: 20px !important;}&#8220;][vc_column_text]Auf der Grundlage der Ergebnisse der In-Home-Studie und der rcc-Studie entwarf, diskutierte und verfeinerte das Projektteam eine Vielzahl von Provotypen. Diese richteten sich an verschiedene Akteure, darunter Nutzer, Designer und Entwickler, politische Entscheidungstr\u00e4ger und die Gemeinschaft im Allgemeinen. Ziel war es, Erwartungen zu formulieren, wie VAs gestaltet sein m\u00fcssen, damit sie f\u00fcr die Menschen im h\u00e4uslichen Alltag n\u00fctzlich sind, und was VAs unter keinen Umst\u00e4nden tun d\u00fcrfen.[\/vc_column_text]<div   class=\"gem-quote gem-quote-style-3 \" ><blockquote  ><\/p>\n<p style=\"text-align: left;\"><em><strong>Spekulatives Design<\/strong> schafft fiktive Artefakte, die eine Br\u00fccke zwischen dem Spekulativen und dem Allt\u00e4glichen schlagen und &#8222;die \u00d6ffentlichkeit dazu einladen, die Auswirkungen neuer Entwicklungen in Wissenschaft, Technologie und Politik zu erforschen und stillschweigende Annahmen und soziale Normen in Frage zu stellen.<\/em><\/p>\n<p style=\"text-align: right;\">Voss et al., 2015,<span class=\"ui-provider bok bzi bga bzj bzk bzl bzm bzn bzo bzp bzq bzr bzs bzt bzu bzv bzw bzx bzy bzz caa cab cac cae caf cag cah cai caj cak cal cam can cao cap\" dir=\"ltr\"> Speculative design and the future of an ageing population.<\/span><\/p>\n<p><\/blockquote><\/div>[vc_custom_heading text=&#8220;Provotypen&#8220; font_container=&#8220;tag:h2|text_align:left|color:%23e2007a&#8220; use_theme_fonts=&#8220;yes&#8220;][vc_column_text]Im Rahmen von Design Challenges hat das VA-PEPR-Team mehrere Provotypen entwickelt, die als Requisiten f\u00fcr die Vorstellung einer m\u00f6glichen Zukunft der VA dienen k\u00f6nnen. Diese Provotypen wurden in Workshops und Ausstellungen eingesetzt, um die Diskussion zu erleichtern, z. B. bei der Erforschung verschiedener Szenarien und wichtiger sozialer Belange im Zusammenhang mit neu entstehender VA-Technologie, Privatsph\u00e4re, Praktiken und Routinen.[\/vc_column_text]<div   class=\"gem-quote gem-quote-style-3 \" ><blockquote  ><em>Provotypen sind Werkzeuge, die Designern helfen k\u00f6nnen, die m\u00f6gliche Zukunft zu erkunden. Wenn ein Prototyp eine Antwort auf ein Designproblem ist, dann ist ein Provotyp etwas, das hilft, das Problem oder die Probleme zu definieren. Sie stellen Annahmen in Frage, verlagern unseren Fokus von der Gegenwart auf die Zukunft und stellen gro\u00dfe &#8222;Was w\u00e4re wenn&#8220;-Fragen.<\/em><\/p>\n<p style=\"text-align: right;\">Workbook 1, VA-PEPR Study<\/p>\n<p><\/blockquote><\/div>[vc_row_inner][vc_column_inner width=&#8220;1\/2&#8243;][vc_single_image image=&#8220;11320&#8243; img_size=&#8220;full&#8220;][\/vc_column_inner][vc_column_inner width=&#8220;1\/2&#8243;][vc_single_image image=&#8220;11318&#8243; img_size=&#8220;full&#8220;][\/vc_column_inner][vc_column_inner][vc_column_text]Verschiedene Provotypen, welche rund um das Thema &#8222;Vertrauen&#8220; entwickelt wurden[\/vc_column_text]<div class=\"gem-textbox \"  ><div class=\"gem-textbox-inner\" style=\"\"><div class=\"gem-textbox-content\" style=\"background-color: rgba(226,0,122,0.25);background-position: center top;\"><div class=\"gem-list\" ><ul>\n<li>At the <a href=\"https:\/\/sites.hslu.ch\/va-pepr\/en\/publications\/speculative-design-workshop-at-ixd23-zurich\/\" target=\"_blank\" rel=\"noopener\">IxD23 in Zurich in spring 2023<\/a> some of the provotypes were used to speculate with participants about Voice Assistants futures. Lead by the main question &#8222;What would a possible de-centralised future of voice assistants look like?&#8220;<\/li>\n<li>At the workshop <a href=\"https:\/\/sites.hslu.ch\/va-pepr\/en\/publications\/what-did-you-say-workshop-at-muc23-in-rapperswil-zurich\/\" target=\"_blank\" rel=\"noopener\">&#8222;What did you say?&#8220; at the MuC23 in Rapperswil<\/a> participants explored the potential and challenges of voice interfaces.<\/li>\n<li>The interactive installation <a href=\"https:\/\/sites.hslu.ch\/va-pepr\/en\/publications\/va-peprs-interactive-installation-money-talks-showcased-at-republica-23-in-berlin\/\" target=\"_blank\" rel=\"noopener\">\u201cMoney Talks\u201d showcased at re:publica 23<\/a>, in Berlin shows visually our power and financial releationships with voice driven AI services.<\/li>\n<li>The so called <a href=\"https:\/\/sites.hslu.ch\/va-pepr\/en\/publications\/victoria-and-albert-museum-features-va-pepr-project\/\" target=\"_blank\" rel=\"noopener\">&#8222;Voice Matters&#8220; Exhibition at the Victoria &amp; Albert Design Museum in London (2023)<\/a> combined the earlier &#8222;Money Talks&#8220; installation with ChatGPT to generate summaries and images about the spoken words.<\/li>\n<li>Additionally, two of the provotypes have been developped further and were tested out by participants of the in-home study at their own home setting.<\/li>\n<\/ul>\n<\/div><\/div><\/div><\/div>[\/vc_column_inner][\/vc_row_inner][vc_empty_space][vc_custom_heading text=&#8220;WordCloud &amp;  \u00dcberblick Heimstudien&#8220; font_container=&#8220;tag:h2|text_align:left|color:%23e2007a&#8220; use_theme_fonts=&#8220;yes&#8220;][vc_column_text]Aus diesen Prototypen haben wir ein brauchbares Ger\u00e4t entwickelt, um dies in drei Haushalten zu testen.<\/p>\n<p>Die sogenannte WordCloud war in der Lage, den Gespr\u00e4chen zuzuh\u00f6ren und \u00fcber einen bestimmten Zeitraum &#8222;Wortwolken&#8220; zu erstellen.<\/p>\n<p>Die Weiterentwicklung der WordCloud f\u00fchrte zum \u00dcberblick. Dieses Ger\u00e4t ist nun mit ChatGPT verbunden und kann Zusammenfassungen \u00fcber den gesprochenen Inhalt, sowie Haiku&#8217;s (ein kurzes Gedicht) erstellen und zusammenfassende Bilder erzeugen.<\/p>\n<p>Diese \u00dcberblick-Ger\u00e4te werden nun in zwei Haushalten getestet.[\/vc_column_text][vc_column_text]<div  id=\"jtg-11404\" class=\"modula modula-gallery modula-creative-gallery\" data-config=\"{&quot;height&quot;:800,&quot;tabletHeight&quot;:800,&quot;mobileHeight&quot;:800,&quot;desktopHeight&quot;:800,&quot;enableTwitter&quot;:false,&quot;enableWhatsapp&quot;:false,&quot;enableFacebook&quot;:false,&quot;enablePinterest&quot;:false,&quot;enableLinkedin&quot;:false,&quot;enableEmail&quot;:false,&quot;randomFactor&quot;:0.5,&quot;type&quot;:&quot;creative-gallery&quot;,&quot;columns&quot;:12,&quot;gutter&quot;:10,&quot;mobileGutter&quot;:10,&quot;tabletGutter&quot;:10,&quot;desktopGutter&quot;:10,&quot;enableResponsive&quot;:&quot;0&quot;,&quot;tabletColumns&quot;:&quot;2&quot;,&quot;mobileColumns&quot;:&quot;1&quot;,&quot;lazyLoad&quot;:0,&quot;lightboxOpts&quot;:{&quot;animated&quot;:true,&quot;Thumbs&quot;:{&quot;type&quot;:&quot;modern&quot;,&quot;showOnStart&quot;:false},&quot;Toolbar&quot;:{&quot;display&quot;:{&quot;right&quot;:[&quot;close&quot;],&quot;left&quot;:[&quot;infobar&quot;]},&quot;enabled&quot;:true},&quot;Carousel&quot;:{&quot;Panzoom&quot;:{&quot;touch&quot;:false},&quot;infinite&quot;:false,&quot;transition&quot;:&quot;fade&quot;},&quot;keyboard&quot;:{&quot;Escape&quot;:&quot;close&quot;,&quot;Delete&quot;:&quot;close&quot;,&quot;Backspace&quot;:&quot;close&quot;,&quot;PageUp&quot;:&quot;next&quot;,&quot;PageDown&quot;:&quot;prev&quot;,&quot;ArrowUp&quot;:&quot;prev&quot;,&quot;ArrowDown&quot;:&quot;next&quot;,&quot;ArrowRight&quot;:&quot;next&quot;,&quot;ArrowLeft&quot;:&quot;prev&quot;},&quot;touch&quot;:false,&quot;backdropClick&quot;:false,&quot;l10n&quot;:{&quot;CLOSE&quot;:&quot;Schlie\\u00dfen&quot;,&quot;NEXT&quot;:&quot;Weiter&quot;,&quot;PREV&quot;:&quot;Zur\\u00fcck&quot;,&quot;Error&quot;:&quot;Der angeforderte Inhalt kann nicht geladen werden. Bitte versuche es sp\\u00e4ter noch einmal.&quot;,&quot;PLAY_START&quot;:&quot;Slideshow starten&quot;,&quot;PLAY_STOP&quot;:&quot;Slideshow anhalten&quot;,&quot;FULL_SCREEN&quot;:&quot;Vollbild&quot;,&quot;THUMBS&quot;:&quot;Vorschaubilder&quot;,&quot;DOWNLOAD&quot;:&quot;Download&quot;,&quot;SHARE&quot;:&quot;Teilen&quot;,&quot;ZOOM&quot;:&quot;Vergr\\u00f6\\u00dfern&quot;,&quot;EMAIL&quot;:&quot;Hier ist der Link zum Bild: %%image_link%% und hier ist der Link zur Galerie: %%gallery_link%%&quot;,&quot;MODAL&quot;:&quot;Du kannst diesen Modal-Inhalt mit der ESC-Taste schlie\\u00dfen&quot;,&quot;ERROR&quot;:&quot;Es ist ein Fehler aufgetreten. Bitte versuche es sp\\u00e4ter noch einmal&quot;,&quot;IMAGE_ERROR&quot;:&quot;Bild nicht gefunden&quot;,&quot;ELEMENT_NOT_FOUND&quot;:&quot;HTML-Element nicht gefunden&quot;,&quot;AJAX_NOT_FOUND&quot;:&quot;Fehler beim Laden von AJAX: Nicht gefunden&quot;,&quot;AJAX_FORBIDDEN&quot;:&quot;Fehler beim Laden von AJAX: Zugriff verweigert&quot;,&quot;IFRAME_ERROR&quot;:&quot;Fehler beim Laden der Seite&quot;,&quot;TOGGLE_ZOOM&quot;:&quot;Zoomstufe umschalten&quot;,&quot;TOGGLE_THUMBS&quot;:&quot;Miniaturansichten ein-\\\/ausblenden&quot;,&quot;TOGGLE_SLIDESHOW&quot;:&quot;Diashow ein-\\\/ausschalten&quot;,&quot;TOGGLE_FULLSCREEN&quot;:&quot;Vollbildmodus umschalten&quot;},&quot;Images&quot;:{&quot;Panzoom&quot;:{&quot;maxScale&quot;:2},&quot;protected&quot;:false},&quot;toolbar&quot;:true,&quot;wheel&quot;:false,&quot;animationEffect&quot;:false,&quot;animationDuration&quot;:0,&quot;transitionEffect&quot;:false,&quot;transitionDuration&quot;:0,&quot;preventCaptionOverlap&quot;:false,&quot;options&quot;:{&quot;protect&quot;:false},&quot;mainClass&quot;:&quot;modula-fancybox-container modula-lightbox-jtg-11404&quot;,&quot;Html&quot;:{&quot;videoAutoplay&quot;:0,&quot;videoTpl&quot;:&quot;&lt;video class=\\&quot;fancybox__html5video\\&quot; controls muted playsinline controlsList controlsList=\\&quot;nodownload\\&quot; poster=\\&quot;{{poster}}\\&quot; src=\\&quot;{{src}}\\&quot; type=\\&quot;{{format}}\\&quot; &gt;  Sorry, your browser doesn&#039;t support embedded videos, &lt;a href=\\&quot;{{src}}\\&quot;&gt; download &lt;\\\/a&gt; and watch with your favorite video player! &lt;\\\/video&gt;&quot;}},&quot;inView&quot;:false,&quot;email_subject&quot;:&quot;Check out this awesome image !!&quot;,&quot;email_message&quot;:&quot;Here is the link to the image : %%image_link%% and this is the link to the gallery : %%gallery_link%%&quot;,&quot;lightbox&quot;:&quot;fancybox&quot;,&quot;filterClick&quot;:&quot;0&quot;,&quot;dropdownFilters&quot;:&quot;0&quot;,&quot;defaultActiveFilter&quot;:&quot;all&quot;,&quot;initLightbox&quot;:&quot;modula_pro_init_lightbox&quot;,&quot;haveFilters&quot;:0,&quot;lightbox_devices&quot;:&quot;both&quot;,&quot;options&quot;:{&quot;lightbox&quot;:&quot;fancybox&quot;},&quot;enableSlideshow&quot;:&quot;0&quot;,&quot;enableAutoplay&quot;:&quot;0&quot;,&quot;slideshowSpeed&quot;:&quot;5000&quot;,&quot;pauseOnHover&quot;:&quot;0&quot;}\">\n\n\t\n\t<div  class=\"modula-items\">\n\t\t<div class=\"modula-item effect-pufrobo jtg-filter-all jtg-filter-\" >\n\t<div class=\"modula-item-overlay\"><\/div>\n\n\t<div class=\"modula-item-content\">\n\n\t\t<a data-image-id=\"11405\" role=\"button\" tabindex=\"0\" href=\"https:\/\/sites.hslu.ch\/va-pepr\/wp-content\/uploads\/sites\/7\/2024\/01\/Edit_Exploded-scaled.jpg\" rel=\"jtg-11404\" data-caption=\"&lt;p&gt;&lt;\/p&gt;\" aria-label=\"Bilder in Lightbox \u00f6ffnen\" data-thumb=\"https:\/\/sites.hslu.ch\/va-pepr\/wp-content\/uploads\/sites\/7\/2024\/01\/Edit_Exploded-150x150.jpg\" class=\"tile-inner modula-item-link\"><\/a><img class=\"pic wp-image-11405\"  data-valign=\"middle\" data-halign=\"center\" alt=\"\" data-full=\"https:\/\/sites.hslu.ch\/va-pepr\/wp-content\/uploads\/sites\/7\/2024\/01\/Edit_Exploded.jpg\" title=\"Edit_Exploded\" crop=\"\" width=\"300\" height=\"172\" src=\"https:\/\/sites.hslu.ch\/va-pepr\/wp-content\/uploads\/sites\/7\/2024\/01\/Edit_Exploded-300x172.jpg\" data-src=\"https:\/\/sites.hslu.ch\/va-pepr\/wp-content\/uploads\/sites\/7\/2024\/01\/Edit_Exploded-300x172.jpg\" data-caption=\"\" srcset=\"https:\/\/sites.hslu.ch\/va-pepr\/wp-content\/uploads\/sites\/7\/2024\/01\/Edit_Exploded-scaled.jpg 2560w, https:\/\/sites.hslu.ch\/va-pepr\/wp-content\/uploads\/sites\/7\/2024\/01\/Edit_Exploded-scaled-300x172.jpg 300w, https:\/\/sites.hslu.ch\/va-pepr\/wp-content\/uploads\/sites\/7\/2024\/01\/Edit_Exploded-1024x586.jpg 1024w, https:\/\/sites.hslu.ch\/va-pepr\/wp-content\/uploads\/sites\/7\/2024\/01\/Edit_Exploded-768x439.jpg 768w, https:\/\/sites.hslu.ch\/va-pepr\/wp-content\/uploads\/sites\/7\/2024\/01\/Edit_Exploded-1536x878.jpg 1536w, https:\/\/sites.hslu.ch\/va-pepr\/wp-content\/uploads\/sites\/7\/2024\/01\/Edit_Exploded-2048x1171.jpg 2048w, https:\/\/sites.hslu.ch\/va-pepr\/wp-content\/uploads\/sites\/7\/2024\/01\/Edit_Exploded-600x343.jpg 600w\" sizes=\"(max-width: 300px) 100vw, 300px\" \/>\n\t\t<div class=\"figc no-description\">\n\t\t\t<div class=\"figc-inner\">\n\t\t\t\t\t\t\t\t\t\t\t\t\t\t\t<\/div>\n\t\t<\/div>\n\n\t<\/div>\n\n<\/div><div class=\"modula-item effect-pufrobo jtg-filter-all jtg-filter-\" >\n\t<div class=\"modula-item-overlay\"><\/div>\n\n\t<div class=\"modula-item-content\">\n\n\t\t<a data-image-id=\"11407\" role=\"button\" tabindex=\"0\" href=\"https:\/\/sites.hslu.ch\/va-pepr\/wp-content\/uploads\/sites\/7\/2024\/01\/IMG_2160-scaled.jpg\" rel=\"jtg-11404\" data-caption=\"&lt;p&gt;&lt;\/p&gt;\" aria-label=\"Bilder in Lightbox \u00f6ffnen\" data-thumb=\"https:\/\/sites.hslu.ch\/va-pepr\/wp-content\/uploads\/sites\/7\/2024\/01\/IMG_2160-150x150.jpg\" class=\"tile-inner modula-item-link\"><\/a><img class=\"pic wp-image-11407\"  data-valign=\"middle\" data-halign=\"center\" alt=\"\" data-full=\"https:\/\/sites.hslu.ch\/va-pepr\/wp-content\/uploads\/sites\/7\/2024\/01\/IMG_2160.jpg\" title=\"IMG_2160\" crop=\"\" width=\"300\" height=\"225\" src=\"https:\/\/sites.hslu.ch\/va-pepr\/wp-content\/uploads\/sites\/7\/2024\/01\/IMG_2160-300x225.jpg\" data-src=\"https:\/\/sites.hslu.ch\/va-pepr\/wp-content\/uploads\/sites\/7\/2024\/01\/IMG_2160-300x225.jpg\" data-caption=\"\" srcset=\"https:\/\/sites.hslu.ch\/va-pepr\/wp-content\/uploads\/sites\/7\/2024\/01\/IMG_2160-scaled.jpg 2560w, https:\/\/sites.hslu.ch\/va-pepr\/wp-content\/uploads\/sites\/7\/2024\/01\/IMG_2160-scaled-300x225.jpg 300w, https:\/\/sites.hslu.ch\/va-pepr\/wp-content\/uploads\/sites\/7\/2024\/01\/IMG_2160-1024x768.jpg 1024w, https:\/\/sites.hslu.ch\/va-pepr\/wp-content\/uploads\/sites\/7\/2024\/01\/IMG_2160-768x576.jpg 768w, https:\/\/sites.hslu.ch\/va-pepr\/wp-content\/uploads\/sites\/7\/2024\/01\/IMG_2160-1536x1152.jpg 1536w, https:\/\/sites.hslu.ch\/va-pepr\/wp-content\/uploads\/sites\/7\/2024\/01\/IMG_2160-2048x1536.jpg 2048w, https:\/\/sites.hslu.ch\/va-pepr\/wp-content\/uploads\/sites\/7\/2024\/01\/IMG_2160-600x450.jpg 600w\" sizes=\"(max-width: 300px) 100vw, 300px\" \/>\n\t\t<div class=\"figc no-description\">\n\t\t\t<div class=\"figc-inner\">\n\t\t\t\t\t\t\t\t\t\t\t\t\t\t\t<\/div>\n\t\t<\/div>\n\n\t<\/div>\n\n<\/div><div class=\"modula-item effect-pufrobo jtg-filter-all jtg-filter-\" >\n\t<div class=\"modula-item-overlay\"><\/div>\n\n\t<div class=\"modula-item-content\">\n\n\t\t<a data-image-id=\"11409\" role=\"button\" tabindex=\"0\" href=\"https:\/\/sites.hslu.ch\/va-pepr\/wp-content\/uploads\/sites\/7\/2024\/01\/WordCloudImage.png\" rel=\"jtg-11404\" data-caption=\"&lt;p&gt;&lt;\/p&gt;\" aria-label=\"Bilder in Lightbox \u00f6ffnen\" data-thumb=\"https:\/\/sites.hslu.ch\/va-pepr\/wp-content\/uploads\/sites\/7\/2024\/01\/WordCloudImage-150x150.png\" class=\"tile-inner modula-item-link\"><\/a><img class=\"pic wp-image-11409\"  data-valign=\"middle\" data-halign=\"center\" alt=\"\" data-full=\"https:\/\/sites.hslu.ch\/va-pepr\/wp-content\/uploads\/sites\/7\/2024\/01\/WordCloudImage.png\" title=\"WordCloudImage\" crop=\"\" width=\"274\" height=\"300\" src=\"https:\/\/sites.hslu.ch\/va-pepr\/wp-content\/uploads\/sites\/7\/2024\/01\/WordCloudImage-274x300.png\" data-src=\"https:\/\/sites.hslu.ch\/va-pepr\/wp-content\/uploads\/sites\/7\/2024\/01\/WordCloudImage-274x300.png\" data-caption=\"\" srcset=\"https:\/\/sites.hslu.ch\/va-pepr\/wp-content\/uploads\/sites\/7\/2024\/01\/WordCloudImage.png 2920w, https:\/\/sites.hslu.ch\/va-pepr\/wp-content\/uploads\/sites\/7\/2024\/01\/WordCloudImage-274x300.png 274w, https:\/\/sites.hslu.ch\/va-pepr\/wp-content\/uploads\/sites\/7\/2024\/01\/WordCloudImage-935x1024.png 935w, https:\/\/sites.hslu.ch\/va-pepr\/wp-content\/uploads\/sites\/7\/2024\/01\/WordCloudImage-768x841.png 768w, https:\/\/sites.hslu.ch\/va-pepr\/wp-content\/uploads\/sites\/7\/2024\/01\/WordCloudImage-1403x1536.png 1403w, https:\/\/sites.hslu.ch\/va-pepr\/wp-content\/uploads\/sites\/7\/2024\/01\/WordCloudImage-1871x2048.png 1871w, https:\/\/sites.hslu.ch\/va-pepr\/wp-content\/uploads\/sites\/7\/2024\/01\/WordCloudImage-600x657.png 600w\" sizes=\"(max-width: 274px) 100vw, 274px\" \/>\n\t\t<div class=\"figc no-description\">\n\t\t\t<div class=\"figc-inner\">\n\t\t\t\t\t\t\t\t\t\t\t\t\t\t\t<\/div>\n\t\t<\/div>\n\n\t<\/div>\n\n<\/div><div class=\"modula-item effect-pufrobo jtg-filter-all jtg-filter-\" >\n\t<div class=\"modula-item-overlay\"><\/div>\n\n\t<div class=\"modula-item-content\">\n\n\t\t<a data-image-id=\"11411\" role=\"button\" tabindex=\"0\" href=\"https:\/\/sites.hslu.ch\/va-pepr\/wp-content\/uploads\/sites\/7\/2024\/01\/MicrosoftTeams-image-1-scaled.jpg\" rel=\"jtg-11404\" data-caption=\"&lt;p&gt;&lt;\/p&gt;\" aria-label=\"Bilder in Lightbox \u00f6ffnen\" data-thumb=\"https:\/\/sites.hslu.ch\/va-pepr\/wp-content\/uploads\/sites\/7\/2024\/01\/MicrosoftTeams-image-1-150x150.jpg\" class=\"tile-inner modula-item-link\"><\/a><img class=\"pic wp-image-11411\"  data-valign=\"middle\" data-halign=\"center\" alt=\"\" data-full=\"https:\/\/sites.hslu.ch\/va-pepr\/wp-content\/uploads\/sites\/7\/2024\/01\/MicrosoftTeams-image-1.jpg\" title=\"MicrosoftTeams-image (1)\" crop=\"\" width=\"225\" height=\"300\" src=\"https:\/\/sites.hslu.ch\/va-pepr\/wp-content\/uploads\/sites\/7\/2024\/01\/MicrosoftTeams-image-1-225x300.jpg\" data-src=\"https:\/\/sites.hslu.ch\/va-pepr\/wp-content\/uploads\/sites\/7\/2024\/01\/MicrosoftTeams-image-1-225x300.jpg\" data-caption=\"\" srcset=\"https:\/\/sites.hslu.ch\/va-pepr\/wp-content\/uploads\/sites\/7\/2024\/01\/MicrosoftTeams-image-1-scaled.jpg 1920w, https:\/\/sites.hslu.ch\/va-pepr\/wp-content\/uploads\/sites\/7\/2024\/01\/MicrosoftTeams-image-1-scaled-225x300.jpg 225w, https:\/\/sites.hslu.ch\/va-pepr\/wp-content\/uploads\/sites\/7\/2024\/01\/MicrosoftTeams-image-1-768x1024.jpg 768w, https:\/\/sites.hslu.ch\/va-pepr\/wp-content\/uploads\/sites\/7\/2024\/01\/MicrosoftTeams-image-1-1152x1536.jpg 1152w, https:\/\/sites.hslu.ch\/va-pepr\/wp-content\/uploads\/sites\/7\/2024\/01\/MicrosoftTeams-image-1-1536x2048.jpg 1536w, https:\/\/sites.hslu.ch\/va-pepr\/wp-content\/uploads\/sites\/7\/2024\/01\/MicrosoftTeams-image-1-600x800.jpg 600w\" sizes=\"(max-width: 225px) 100vw, 225px\" \/>\n\t\t<div class=\"figc no-description\">\n\t\t\t<div class=\"figc-inner\">\n\t\t\t\t\t\t\t\t\t\t\t\t\t\t\t<\/div>\n\t\t<\/div>\n\n\t<\/div>\n\n<\/div><div class=\"modula-item effect-pufrobo jtg-filter-all jtg-filter-\" >\n\t<div class=\"modula-item-overlay\"><\/div>\n\n\t<div class=\"modula-item-content\">\n\n\t\t<a data-image-id=\"11413\" role=\"button\" tabindex=\"0\" href=\"https:\/\/sites.hslu.ch\/va-pepr\/wp-content\/uploads\/sites\/7\/2024\/01\/MicrosoftTeams-image-scaled.jpg\" rel=\"jtg-11404\" data-caption=\"&lt;p&gt;&lt;\/p&gt;\" aria-label=\"Bilder in Lightbox \u00f6ffnen\" data-thumb=\"https:\/\/sites.hslu.ch\/va-pepr\/wp-content\/uploads\/sites\/7\/2024\/01\/MicrosoftTeams-image-150x150.jpg\" class=\"tile-inner modula-item-link\"><\/a><img class=\"pic wp-image-11413\"  data-valign=\"middle\" data-halign=\"center\" alt=\"\" data-full=\"https:\/\/sites.hslu.ch\/va-pepr\/wp-content\/uploads\/sites\/7\/2024\/01\/MicrosoftTeams-image.jpg\" title=\"MicrosoftTeams-image\" crop=\"\" width=\"225\" height=\"300\" src=\"https:\/\/sites.hslu.ch\/va-pepr\/wp-content\/uploads\/sites\/7\/2024\/01\/MicrosoftTeams-image-225x300.jpg\" data-src=\"https:\/\/sites.hslu.ch\/va-pepr\/wp-content\/uploads\/sites\/7\/2024\/01\/MicrosoftTeams-image-225x300.jpg\" data-caption=\"\" srcset=\"https:\/\/sites.hslu.ch\/va-pepr\/wp-content\/uploads\/sites\/7\/2024\/01\/MicrosoftTeams-image-scaled.jpg 1920w, https:\/\/sites.hslu.ch\/va-pepr\/wp-content\/uploads\/sites\/7\/2024\/01\/MicrosoftTeams-image-scaled-225x300.jpg 225w, https:\/\/sites.hslu.ch\/va-pepr\/wp-content\/uploads\/sites\/7\/2024\/01\/MicrosoftTeams-image-768x1024.jpg 768w, https:\/\/sites.hslu.ch\/va-pepr\/wp-content\/uploads\/sites\/7\/2024\/01\/MicrosoftTeams-image-1152x1536.jpg 1152w, https:\/\/sites.hslu.ch\/va-pepr\/wp-content\/uploads\/sites\/7\/2024\/01\/MicrosoftTeams-image-1536x2048.jpg 1536w, https:\/\/sites.hslu.ch\/va-pepr\/wp-content\/uploads\/sites\/7\/2024\/01\/MicrosoftTeams-image-600x800.jpg 600w\" sizes=\"(max-width: 225px) 100vw, 225px\" \/>\n\t\t<div class=\"figc no-description\">\n\t\t\t<div class=\"figc-inner\">\n\t\t\t\t\t\t\t\t\t\t\t\t\t\t\t<\/div>\n\t\t<\/div>\n\n\t<\/div>\n\n<\/div>\t\t\n\t<\/div>\n\n\t\n\t\n\t<script type=\"application\/ld+json\">\n\t{\n\t\t\"@context\": \"http:\/\/schema.org\",\n\t\t\"@type\"   : \"ImageGallery\",\n\t\t\"id\"      : \"https:\/\/sites.hslu.ch\/va-pepr\/research\/3-phase\/\",\n\t\t\"url\"     : \"https:\/\/sites.hslu.ch\/va-pepr\/research\/3-phase\/\"\n\t}\n\n\t<\/script>\n\n\t\n<\/div>\n[\/vc_column_text]<div style='border-color: #e2007a; '  class=\"gem-quote gem-quote-style-3 custom-color-blockqute-mark-added \" ><blockquote  ><em>Da ist die Frage, wer soll sich anpassen? Ich mich ans Ger\u00e4t, oder das Ger\u00e4t an mich?<\/em><\/p>\n<p style=\"text-align: right;\">Teilnehmer 28<\/p>\n<p><\/blockquote><span style=color:#e2007a;  class=\"custom-color-blockqute-mark\">&#xe60c;<\/span><\/div>[vc_empty_space][vc_custom_heading text=&#8220;Erfahren Sie mehr \u00fcber die anderen Projektphasen&#8220; font_container=&#8220;tag:h2|text_align:center|color:%23e2007a&#8220; use_theme_fonts=&#8220;yes&#8220;][vc_row_inner][vc_column_inner width=&#8220;1\/4&#8243;]<div class=\"gem-button-container gem-button-position-fullwidth    \"><a title=\"Phase 1\" class=\"gem-button gem-button-size-small gem-button-style-outline gem-button-text-weight-normal gem-button-border-2\" style=\"border-radius: 0px;border-color: #e2007a;color: #e2007a;\" onmouseleave=\"this.style.borderColor='#e2007a';this.style.backgroundColor='transparent';this.style.color='#e2007a';\" onmouseenter=\"this.style.borderColor='#e2007a';this.style.backgroundColor='rgba(226,0,122,0.25)';this.style.color='#e2007a';\" href=\"https:\/\/sites.hslu.ch\/va-pepr\/research\/phase-1\/\" target=\"_self\">1. Phase<\/a><\/div> [\/vc_column_inner][vc_column_inner width=&#8220;1\/4&#8243;]<div class=\"gem-button-container gem-button-position-fullwidth    \"><a title=\"Phase 2\" class=\"gem-button gem-button-size-small gem-button-style-outline gem-button-text-weight-normal gem-button-border-2\" style=\"border-radius: 0px;border-color: #e2007a;color: #e2007a;\" onmouseleave=\"this.style.borderColor='#e2007a';this.style.backgroundColor='transparent';this.style.color='#e2007a';\" onmouseenter=\"this.style.borderColor='#e2007a';this.style.backgroundColor='rgba(226,0,122,0.25)';this.style.color='#e2007a';\" href=\"https:\/\/sites.hslu.ch\/va-pepr\/research\/2-phase\/\" target=\"_self\">2. Phase<\/a><\/div> [\/vc_column_inner][vc_column_inner width=&#8220;1\/4&#8243;]<div class=\"gem-button-container gem-button-position-fullwidth    \"><a title=\"Phase 3\" class=\"gem-button gem-button-size-small gem-button-style-outline gem-button-text-weight-normal gem-button-border-2\" style=\"border-radius: 0px;border-color: #e2007a;color: #e2007a;\" onmouseleave=\"this.style.borderColor='#e2007a';this.style.backgroundColor='transparent';this.style.color='#e2007a';\" onmouseenter=\"this.style.borderColor='#e2007a';this.style.backgroundColor='rgba(226,0,122,0.25)';this.style.color='#e2007a';\" href=\"https:\/\/sites.hslu.ch\/va-pepr\/research\/3-phase\/\" target=\"_self\">3. Phase<\/a><\/div> [\/vc_column_inner][vc_column_inner width=&#8220;1\/4&#8243;]<div class=\"gem-button-container gem-button-position-fullwidth    \"><a title=\"Phase 4\" class=\"gem-button gem-button-size-small gem-button-style-outline gem-button-text-weight-normal gem-button-border-2\" style=\"border-radius: 0px;border-color: #e2007a;color: #e2007a;\" onmouseleave=\"this.style.borderColor='#e2007a';this.style.backgroundColor='transparent';this.style.color='#e2007a';\" onmouseenter=\"this.style.borderColor='#e2007a';this.style.backgroundColor='rgba(226,0,122,0.25)';this.style.color='#e2007a';\" href=\"https:\/\/sites.hslu.ch\/va-pepr\/research\/4-phase\/\" target=\"_self\">4. Phase<\/a><\/div> [\/vc_column_inner][\/vc_row_inner][\/vc_column][\/vc_row]<\/p>\n<\/div>","protected":false},"excerpt":{"rendered":"<p>[vc_row][vc_column width=&#8220;5\/6&#8243; offset=&#8220;vc_col-lg-offset-1&#8243;][vc_custom_heading text=&#8220;3. Phase &#8211; Spekulative Design Workshops&#8220; font_container=&#8220;tag:h1|text_align:left|color:%23e2007a&#8220; use_theme_fonts=&#8220;yes&#8220; css=&#8220;.vc_custom_1704905607130{margin-top: 20px !important;}&#8220;][vc_column_text]Auf der Grundlage der Ergebnisse der In-Home-Studie&#8230;<\/p>\n","protected":false},"author":1,"featured_media":0,"parent":9823,"menu_order":0,"comment_status":"closed","ping_status":"closed","template":"","meta":{"_acf_changed":false,"footnotes":""},"class_list":["post-11482","page","type-page","status-publish"],"acf":[],"_links":{"self":[{"href":"https:\/\/sites.hslu.ch\/va-pepr\/wp-json\/wp\/v2\/pages\/11482","targetHints":{"allow":["GET"]}}],"collection":[{"href":"https:\/\/sites.hslu.ch\/va-pepr\/wp-json\/wp\/v2\/pages"}],"about":[{"href":"https:\/\/sites.hslu.ch\/va-pepr\/wp-json\/wp\/v2\/types\/page"}],"author":[{"embeddable":true,"href":"https:\/\/sites.hslu.ch\/va-pepr\/wp-json\/wp\/v2\/users\/1"}],"replies":[{"embeddable":true,"href":"https:\/\/sites.hslu.ch\/va-pepr\/wp-json\/wp\/v2\/comments?post=11482"}],"version-history":[{"count":4,"href":"https:\/\/sites.hslu.ch\/va-pepr\/wp-json\/wp\/v2\/pages\/11482\/revisions"}],"predecessor-version":[{"id":11493,"href":"https:\/\/sites.hslu.ch\/va-pepr\/wp-json\/wp\/v2\/pages\/11482\/revisions\/11493"}],"up":[{"embeddable":true,"href":"https:\/\/sites.hslu.ch\/va-pepr\/wp-json\/wp\/v2\/pages\/9823"}],"wp:attachment":[{"href":"https:\/\/sites.hslu.ch\/va-pepr\/wp-json\/wp\/v2\/media?parent=11482"}],"curies":[{"name":"wp","href":"https:\/\/api.w.org\/{rel}","templated":true}]}}