{"id":11478,"date":"2024-01-14T14:59:55","date_gmt":"2024-01-14T14:59:55","guid":{"rendered":"https:\/\/sites.hslu.ch\/va-pepr\/research\/2-phase\/"},"modified":"2024-01-15T09:28:38","modified_gmt":"2024-01-15T09:28:38","slug":"2-phase","status":"publish","type":"page","link":"https:\/\/sites.hslu.ch\/va-pepr\/research\/2-phase\/","title":{"rendered":"2. Phase"},"content":{"rendered":"<div class=\"wpb-content-wrapper\"><p>[vc_row][vc_column width=&#8220;5\/6&#8243; offset=&#8220;vc_col-lg-offset-1&#8243;]<style>.thegem-te-post-breadcrumbs.thegem-custom-69ef6446d11807758 .post-breadcrumbs {justify-content: left; text-align: left;}.thegem-te-post-breadcrumbs.thegem-custom-69ef6446d11807758 .post-breadcrumbs ul {justify-content: left; text-align: left;}<\/style><div class=\"thegem-te-post-breadcrumbs thegem-custom-69ef6446d11807758\"> <div class=\"post-breadcrumbs\"><ul><li><a href=\"https:\/\/sites.hslu.ch\/va-pepr\/\">Home<\/a><\/li><\/ul><!-- .breadcrumbs --><\/div> <\/div>[vc_custom_heading text=&#8220;2. Phase &#8211; Relax-Create-Concentrate Haushaltsstudien Studierende&#8220; font_container=&#8220;tag:h1|text_align:left|color:%23e2007a&#8220; use_theme_fonts=&#8220;yes&#8220; css=&#8220;.vc_custom_1704890796070{margin-top: 20px !important;}&#8220;][vc_column_text]Der rcc-Prozess (Relax-Concentrate-Create) ist eine preisgekr\u00f6nte Business-Anwendung, die von der HSLU entwickelt wurde. Im Laufe der vierj\u00e4hrigen Studie untersuchten und dokumentierten Studierende in einem Ressourcenmanagement-Kurs, wie sie VAs einsetzen k\u00f6nnen, um den Kreativit\u00e4tszyklus von Entspannung, Konzentration und Kreation effizienter zu gestalten. Insgesamt wurden \u00fcber 250 Tageb\u00fccher von verschiedenen Studenten gesammelt.<\/p>\n<p>Die rcc-Studie erm\u00f6glichte es uns, mehr \u00fcber die Einstellungen, Verhaltensweisen, Praktiken und Routinen einer j\u00fcngeren Altersgruppe zu erfahren, die im Allgemeinen als digital natives bezeichnet werden kann. Wir konnten herausfinden, inwiefern sich ihre Erwartungen an und Erfahrungen mit VA von denen der Teilnehmer der In-Home-Studie unterscheiden. Die RCC-Teilnehmer mussten sich auf die eine oder andere Weise mit der VA-Technologie auseinandersetzen, w\u00e4hrend die Teilnehmer der In-Home-Studie dies freiwillig taten und im Allgemeinen viel offener f\u00fcr die Nutzung von VAs waren. Das bedeutet auch, dass die Ver\u00e4nderungen in den Praktiken und Routinen dieser Teilnehmer eher auf die Aufgaben zur\u00fcckzuf\u00fchren sind, die sie zu l\u00f6sen hatten. Insgesamt konnten wir einen besseren Eindruck vom allgemeinen Wissen und Bewusstsein \u00fcber VAs in der Schweiz gewinnen.[\/vc_column_text][vc_single_image image=&#8220;11396&#8243; img_size=&#8220;full&#8220;]<div style='border-color: #e2007a; '  class=\"gem-quote gem-quote-style-3 custom-color-blockqute-mark-added \" ><blockquote  ><em>Die gr\u00f6sste Verhaltens\u00e4nderung die ich festgestellt habe, ist das ich mein Handy weniger zur Hand nehme. Wenn ich etwas haben will, bei dem ich weiss das es auch mit VA geht, rede ich nur kurz mit dem Handy anstatt es zur Hand zu nehmen. <\/em><\/p>\n<p style=\"text-align: right;\">Participant 403 4-3<\/p>\n<p><\/blockquote><span style=color:#e2007a;  class=\"custom-color-blockqute-mark\">&#xe60c;<\/span><\/div>[vc_empty_space][vc_custom_heading text=&#8220;Ergebnisse der rcc-Studie&#8220; font_container=&#8220;tag:h2|text_align:left|color:%23e2007a&#8220; use_theme_fonts=&#8220;yes&#8220;][vc_row_inner][vc_column_inner][vc_column_text]Die Analyse der Tageb\u00fccher lieferte neue Erkenntnisse f\u00fcr die VA-PEPR-Studie, die in den folgenden Ver\u00f6ffentlichungen ausf\u00fchrlicher behandelt werden:[\/vc_column_text]<div class=\"gem-button-container gem-button-position-inline    \"><a class=\"gem-button gem-button-size-medium gem-button-style-outline gem-button-text-weight-normal gem-button-border-2 gem-button-icon-position-left\" style=\"border-radius: 0px;border-color: #e2007a;color: #e2007a;\" onmouseleave=\"this.style.borderColor='#e2007a';this.style.backgroundColor='transparent';this.style.color='#e2007a';\" onmouseenter=\"this.style.borderColor='#e2007a';this.style.backgroundColor='rgba(226,0,122,0.25)';this.style.color='#e2007a';\" href=\"https:\/\/sites.utu.fi\/ethicomp2022\/wpcontent\/\" target=\"_blank\"><i class=\"gem-print-icon gem-icon-pack-elegant \">&#x69;<\/i>What does privacy mean to users of voice assistants in their homes?<\/a><\/div> <div class=\"gem-button-container gem-button-position-inline    \"><a class=\"gem-button gem-button-size-medium gem-button-style-outline gem-button-text-weight-normal gem-button-border-2 gem-button-icon-position-left\" style=\"border-radius: 0px;border-color: #e2007a;color: #e2007a;\" onmouseleave=\"this.style.borderColor='#e2007a';this.style.backgroundColor='transparent';this.style.color='#e2007a';\" onmouseenter=\"this.style.borderColor='#e2007a';this.style.backgroundColor='rgba(226,0,122,0.25)';this.style.color='#e2007a';\" href=\"https:\/\/www.thinkmind.org\/index.php?view=article&#038;articleid=achi_2023_4_210_20095\" target=\"_blank\"><i class=\"gem-print-icon gem-icon-pack-elegant \">&#x69;<\/i>User Perceptions and Attitudes in the Data Economy and their Contradictions<\/a><\/div> <div class=\"gem-button-container gem-button-position-inline    \"><a class=\"gem-button gem-button-size-medium gem-button-style-outline gem-button-text-weight-normal gem-button-border-2 gem-button-icon-position-left\" style=\"border-radius: 0px;border-color: #e2007a;color: #e2007a;\" onmouseleave=\"this.style.borderColor='#e2007a';this.style.backgroundColor='transparent';this.style.color='#e2007a';\" onmouseenter=\"this.style.borderColor='#e2007a';this.style.backgroundColor='rgba(226,0,122,0.25)';this.style.color='#e2007a';\" href=\"https:\/\/doi.org\/10.1007\/978-3-031-35602-5_26\" target=\"_blank\"><i class=\"gem-print-icon gem-icon-pack-elegant \">&#x69;<\/i>Analysing the Use of Voice Assistance in Domestic Settings Through the Lens of Activity Theory<\/a><\/div> <div class=\"gem-button-container gem-button-position-inline    \"><a class=\"gem-button gem-button-size-medium gem-button-style-outline gem-button-text-weight-normal gem-button-border-2 gem-button-icon-position-left\" style=\"border-radius: 0px;border-color: #e2007a;color: #e2007a;\" onmouseleave=\"this.style.borderColor='#e2007a';this.style.backgroundColor='transparent';this.style.color='#e2007a';\" onmouseenter=\"this.style.borderColor='#e2007a';this.style.backgroundColor='rgba(226,0,122,0.25)';this.style.color='#e2007a';\" href=\"http:\/\/doi.org\/10.1515\/icom-2022-0041\" target=\"_blank\"><i class=\"gem-print-icon gem-icon-pack-elegant \">&#x69;<\/i>Digital natives aren\u00b4t much concerned about privacy, or are they?<\/a><\/div> <div class=\"gem-button-container gem-button-position-inline    \"><a class=\"gem-button gem-button-size-medium gem-button-style-outline gem-button-text-weight-normal gem-button-border-2 gem-button-icon-position-left\" style=\"border-radius: 0px;border-color: #e2007a;color: #e2007a;\" onmouseleave=\"this.style.borderColor='#e2007a';this.style.backgroundColor='transparent';this.style.color='#e2007a';\" onmouseenter=\"this.style.borderColor='#e2007a';this.style.backgroundColor='rgba(226,0,122,0.25)';this.style.color='#e2007a';\" href=\"https:\/\/sites.utu.fi\/ethicomp2022\/wpcontent\/uploads\/sites\/1104\/2022\/09\/Ethicomp-2022-%20Proceedings_Corrected.pdf\" target=\"_blank\"><i class=\"gem-print-icon gem-icon-pack-elegant \">&#x69;<\/i>Perceived Risks of the Data Economy: Autonomy and the Case of Voice Assistance<\/a><\/div> [\/vc_column_inner][\/vc_row_inner]<div style='border-color: #e2007a; '  class=\"gem-quote gem-quote-style-3 custom-color-blockqute-mark-added \" ><blockquote  ><em>Es kommt dazu, dass wir uns noch etwas unwohl f\u00fchlen, wenn wir in der \u00d6ffentlichkeit mit SIRI sprechen. Die Leute schauen einem schon recht komisch an. Uns ist bewusst, dass sich das mit der Zeit etablieren wird. Doch es ist dann halt doppelt unangenehm wenn SIRI einem eine willk\u00fcrliche Antwort gibt&#8230; man kommt sich dann etwas doof vor.<\/em><\/p>\n<p style=\"text-align: right;\">Participant 403 F-2<\/p>\n<p><\/blockquote><span style=color:#e2007a;  class=\"custom-color-blockqute-mark\">&#xe60c;<\/span><\/div>[vc_empty_space][vc_custom_heading text=&#8220;Erfahren Sie mehr \u00fcber die anderen Projektphasen&#8220; font_container=&#8220;tag:h2|text_align:center|color:%23e2007a&#8220; use_theme_fonts=&#8220;yes&#8220;][vc_row_inner][vc_column_inner width=&#8220;1\/4&#8243;]<div class=\"gem-button-container gem-button-position-fullwidth    \"><a title=\"Phase 1\" class=\"gem-button gem-button-size-small gem-button-style-outline gem-button-text-weight-normal gem-button-border-2\" style=\"border-radius: 0px;border-color: #e2007a;color: #e2007a;\" onmouseleave=\"this.style.borderColor='#e2007a';this.style.backgroundColor='transparent';this.style.color='#e2007a';\" onmouseenter=\"this.style.borderColor='#e2007a';this.style.backgroundColor='rgba(226,0,122,0.25)';this.style.color='#e2007a';\" href=\"https:\/\/sites.hslu.ch\/va-pepr\/research\/phase-1\/\" target=\"_self\">1. Phase<\/a><\/div> [\/vc_column_inner][vc_column_inner width=&#8220;1\/4&#8243;]<div class=\"gem-button-container gem-button-position-fullwidth    \"><a title=\"Phase 2\" class=\"gem-button gem-button-size-small gem-button-style-outline gem-button-text-weight-normal gem-button-border-2\" style=\"border-radius: 0px;border-color: #e2007a;color: #e2007a;\" onmouseleave=\"this.style.borderColor='#e2007a';this.style.backgroundColor='transparent';this.style.color='#e2007a';\" onmouseenter=\"this.style.borderColor='#e2007a';this.style.backgroundColor='rgba(226,0,122,0.25)';this.style.color='#e2007a';\" href=\"https:\/\/sites.hslu.ch\/va-pepr\/research\/2-phase\/\" target=\"_self\">2. Phase<\/a><\/div> [\/vc_column_inner][vc_column_inner width=&#8220;1\/4&#8243;]<div class=\"gem-button-container gem-button-position-fullwidth    \"><a title=\"Phase 3\" class=\"gem-button gem-button-size-small gem-button-style-outline gem-button-text-weight-normal gem-button-border-2\" style=\"border-radius: 0px;border-color: #e2007a;color: #e2007a;\" onmouseleave=\"this.style.borderColor='#e2007a';this.style.backgroundColor='transparent';this.style.color='#e2007a';\" onmouseenter=\"this.style.borderColor='#e2007a';this.style.backgroundColor='rgba(226,0,122,0.25)';this.style.color='#e2007a';\" href=\"https:\/\/sites.hslu.ch\/va-pepr\/research\/3-phase\/\" target=\"_self\">3. Phase<\/a><\/div> [\/vc_column_inner][vc_column_inner width=&#8220;1\/4&#8243;]<div class=\"gem-button-container gem-button-position-fullwidth    \"><a title=\"Phase 4\" class=\"gem-button gem-button-size-small gem-button-style-outline gem-button-text-weight-normal gem-button-border-2\" style=\"border-radius: 0px;border-color: #e2007a;color: #e2007a;\" onmouseleave=\"this.style.borderColor='#e2007a';this.style.backgroundColor='transparent';this.style.color='#e2007a';\" onmouseenter=\"this.style.borderColor='#e2007a';this.style.backgroundColor='rgba(226,0,122,0.25)';this.style.color='#e2007a';\" href=\"https:\/\/sites.hslu.ch\/va-pepr\/research\/4-phase\/\" target=\"_self\">4. Phase<\/a><\/div> [\/vc_column_inner][\/vc_row_inner][\/vc_column][\/vc_row]<\/p>\n<\/div>","protected":false},"excerpt":{"rendered":"<p>[vc_row][vc_column width=&#8220;5\/6&#8243; offset=&#8220;vc_col-lg-offset-1&#8243;][vc_custom_heading text=&#8220;2. Phase &#8211; Relax-Create-Concentrate Haushaltsstudien Studierende&#8220; font_container=&#8220;tag:h1|text_align:left|color:%23e2007a&#8220; use_theme_fonts=&#8220;yes&#8220; css=&#8220;.vc_custom_1704890796070{margin-top: 20px !important;}&#8220;][vc_column_text]Der rcc-Prozess (Relax-Concentrate-Create) ist eine preisgekr\u00f6nte Business-Anwendung,&#8230;<\/p>\n","protected":false},"author":1,"featured_media":0,"parent":9823,"menu_order":0,"comment_status":"closed","ping_status":"closed","template":"","meta":{"_acf_changed":false,"footnotes":""},"class_list":["post-11478","page","type-page","status-publish"],"acf":[],"_links":{"self":[{"href":"https:\/\/sites.hslu.ch\/va-pepr\/wp-json\/wp\/v2\/pages\/11478","targetHints":{"allow":["GET"]}}],"collection":[{"href":"https:\/\/sites.hslu.ch\/va-pepr\/wp-json\/wp\/v2\/pages"}],"about":[{"href":"https:\/\/sites.hslu.ch\/va-pepr\/wp-json\/wp\/v2\/types\/page"}],"author":[{"embeddable":true,"href":"https:\/\/sites.hslu.ch\/va-pepr\/wp-json\/wp\/v2\/users\/1"}],"replies":[{"embeddable":true,"href":"https:\/\/sites.hslu.ch\/va-pepr\/wp-json\/wp\/v2\/comments?post=11478"}],"version-history":[{"count":4,"href":"https:\/\/sites.hslu.ch\/va-pepr\/wp-json\/wp\/v2\/pages\/11478\/revisions"}],"predecessor-version":[{"id":11492,"href":"https:\/\/sites.hslu.ch\/va-pepr\/wp-json\/wp\/v2\/pages\/11478\/revisions\/11492"}],"up":[{"embeddable":true,"href":"https:\/\/sites.hslu.ch\/va-pepr\/wp-json\/wp\/v2\/pages\/9823"}],"wp:attachment":[{"href":"https:\/\/sites.hslu.ch\/va-pepr\/wp-json\/wp\/v2\/media?parent=11478"}],"curies":[{"name":"wp","href":"https:\/\/api.w.org\/{rel}","templated":true}]}}