{"id":11474,"date":"2024-01-14T14:57:24","date_gmt":"2024-01-14T14:57:24","guid":{"rendered":"https:\/\/sites.hslu.ch\/va-pepr\/research\/phase-1\/"},"modified":"2024-01-14T15:10:23","modified_gmt":"2024-01-14T15:10:23","slug":"phase-1","status":"publish","type":"page","link":"https:\/\/sites.hslu.ch\/va-pepr\/research\/phase-1\/","title":{"rendered":"1.  Phase"},"content":{"rendered":"<div class=\"wpb-content-wrapper\"><p>[vc_row][vc_column width=&#8220;5\/6&#8243; offset=&#8220;vc_col-lg-offset-1&#8243;]<style>.thegem-te-post-breadcrumbs.thegem-custom-69ef6451c99704472 .post-breadcrumbs {justify-content: left; text-align: left;}.thegem-te-post-breadcrumbs.thegem-custom-69ef6451c99704472 .post-breadcrumbs ul {justify-content: left; text-align: left;}<\/style><div class=\"thegem-te-post-breadcrumbs thegem-custom-69ef6451c99704472\"> <div class=\"post-breadcrumbs\"><ul><li><a href=\"https:\/\/sites.hslu.ch\/va-pepr\/\">Home<\/a><\/li><\/ul><!-- .breadcrumbs --><\/div> <\/div>[vc_custom_heading text=&#8220;1. Phase &#8211; Ethnografische Studien&#8220; font_container=&#8220;tag:h1|text_align:left|color:%23e2007a&#8220; use_theme_fonts=&#8220;yes&#8220; css=&#8220;.vc_custom_1701351944576{margin-top: 20px !important;}&#8220;][vc_column_text]Mit dem Ziel, die Privatsph\u00e4re, die t\u00e4glichen Routinen und die sozialen Interaktionen zu erforschen, um zu verstehen, wie diese Technologien das Leben der Menschen beeinflussen, haben wir im <strong>Jahr 2021 eine Reihe von ethnografischen Studien mit Menschen durchgef\u00fchrt, die VAs in ihren Wohnungen nutzen<\/strong>. Aufgrund der COVID19-Pandemie mussten wir die Daten \u00fcber digitale Tools erheben. Mit Hilfe von digitalen Methoden und -werkzeugen dokumentierten und teilten die Teilnehmer mit, wie sie mit den VAs interagieren und wie die Ger\u00e4te ihr Leben zu Hause beeinflussen.[\/vc_column_text][vc_single_image image=&#8220;11387&#8243; img_size=&#8220;full&#8220; add_caption=&#8220;yes&#8220; alignment=&#8220;center&#8220;]<div style='border-color: #e2007a; color: #000000; '  class=\"gem-quote gem-quote-style-3 custom-color-blockqute-mark-added \" ><blockquote style='color: #000000 ; border-color: #e2007a ' ><em>Wir haben die Handys vom Esszimmer, vom Tisch, weg &#8211; denn man kann jetzt einfach mit Google sprechen. (&#8230;) Niemand hat mehr das Bed\u00fcrfnis das Handy dabei zu haben.<\/em><\/p>\n<p>&nbsp;<\/p>\n<p style=\"text-align: right;\">Participant 10<\/p>\n<p><\/blockquote><span style=color:#e2007a;  class=\"custom-color-blockqute-mark\">&#xe60c;<\/span><\/div>[vc_empty_space][vc_custom_heading text=&#8220;Tagebuchstudie&#8220; font_container=&#8220;tag:h2|text_align:left|color:%23e2007a&#8220; use_theme_fonts=&#8220;yes&#8220;][vc_row_inner equal_height=&#8220;yes&#8220;][vc_column_inner width=&#8220;1\/2&#8243;][vc_column_text]Nach der Teilnahme an den Zoom-Onboarding-Sitzungen f\u00fchrten 31 Teilnehmer (Haushalte) vier Wochen lang ein halb freiwilliges Tagebuch mithilfe der mobilen Tagebuch-App <a href=\"https:\/\/www.indeemo.com\" target=\"_blank\" rel=\"noopener\">Indeemo<\/a>. Sie dokumentierten und teilten ihre Erfahrungen mit der VA durch Fotos, Videos, Audioaufnahmen und Notizen. Sie wurden gebeten, 10 Aufgaben zu erf\u00fcllen, die wir nach einem Zeitplan vorgaben. Zus\u00e4tzlich erg\u00e4nzten sie ihre Tagebucheintr\u00e4ge in w\u00f6chentlichen Zoom-Interviews. Follow-up-Zoom-Interviews wurden 3 und 6 Monate nach der Tagebuchstudie durchgef\u00fchrt, um die langfristige VA-Nutzung und ihre Auswirkungen auf das soziale Leben zu Hause zu verstehen.[\/vc_column_text][\/vc_column_inner][vc_column_inner width=&#8220;1\/2&#8243;]<div class=\"gem-textbox \"  ><div class=\"gem-textbox-inner\" style=\"\"><div class=\"gem-textbox-content\" style=\"background-color: rgba(226,0,122,0.25);background-position: center top;\">[vc_custom_heading text=&#8220;Mehr erfahren&#8220; font_container=&#8220;tag:h3|text_align:left|color:%23e2007a&#8220; use_theme_fonts=&#8220;yes&#8220;]<div class=\"gem-list gem-list-type-square\" ><ul>\n<li><em>Embracing digital offboarding as a design challenge<\/em><\/li>\n<li><em>Everyday Data and Everyday Publics<\/em><\/li>\n<li><em>Voice Assistant Use: Challenges for the Home Office Work Context<\/em><\/li>\n<\/ul>\n<\/div><div class=\"gem-button-container gem-button-position-fullwidth    \"><a title=\"Forschungsergebnisse\" class=\"gem-button gem-button-size-small gem-button-style-outline gem-button-text-weight-normal gem-button-border-2\" style=\"border-radius: 0px;border-color: #e2007a;color: #e2007a;\" onmouseleave=\"this.style.borderColor='#e2007a';this.style.backgroundColor='transparent';this.style.color='#e2007a';\" onmouseenter=\"this.style.borderColor='#e2007a';this.style.backgroundColor='rgba(226,0,122,0.25)';this.style.color='#e2007a';\" href=\"https:\/\/sites.hslu.ch\/va-pepr\/en\/forschungsergebnisse\/\" target=\"_self\">Zusammenfassende Resultate<\/a><\/div> <\/div><\/div><\/div>[\/vc_column_inner][\/vc_row_inner][vc_empty_space][vc_custom_heading text=&#8220;(Optionale) Network-Traffic Analyse&#8220; font_container=&#8220;tag:h2|text_align:left|color:%23e2007a&#8220; use_theme_fonts=&#8220;yes&#8220;][vc_column_text]Mit der optionalen Studie zur Netzverkehrsanalyse (NTA) untersuchten wir:[\/vc_column_text][vc_row_inner][vc_column_inner width=&#8220;2\/5&#8243;][vc_column_text]<\/p>\n<ol>\n<li>Wie l\u00e4sst sich ein benutzerfreundliches und selbst installierbares Plug &amp; Play-Ger\u00e4t zur \u00dcberwachung des Datenverkehrs entwickeln?<\/li>\n<li>Wie kann ein minimal invasiver\/unaufdringlicher Forschungsansatz zur Verringerung der Sicherheits- und Datenschutzrisiken f\u00fcr die Teilnehmer durchgef\u00fchrt werden?<\/li>\n<li>Wie k\u00f6nnen wir die erfassten Daten f\u00fcr die Nutzer (d. h. f\u00fcr Nicht-Experten) visualisieren und verst\u00e4ndlich machen?<\/li>\n<li>Welche Einblicke in Datenschutz- und Sicherheitsfragen k\u00f6nnen wir aus der Sicht der Nutzer gewinnen, wenn wir ihnen unsere Ergebnisse in halbstrukturierten Interviews pr\u00e4sentieren.<\/li>\n<\/ol>\n<p>[\/vc_column_text][\/vc_column_inner][vc_column_inner width=&#8220;3\/5&#8243;][vc_empty_space][vc_single_image image=&#8220;11389&#8243; img_size=&#8220;full&#8220; onclick=&#8220;zoom&#8220;][\/vc_column_inner][\/vc_row_inner][vc_column_text]16 Haushalte erkl\u00e4rten sich bereit, an der NTA-Studie teilzunehmen. Bei vier Teilnehmern traten jedoch technische Schwierigkeiten auf, und einer zog seine Teilnahme zur\u00fcck, so dass wir Daten von elf Haushalten sammeln konnten.[\/vc_column_text][vc_single_image image=&#8220;11257&#8243; img_size=&#8220;large&#8220;][vc_row_inner][vc_column_inner width=&#8220;1\/2&#8243;][vc_column_text]<\/p>\n<ul>\n<li>K\u00f6nnen wir den unsichtbaren Datenverkehr der IoT-Ger\u00e4te in den Haushalten der Menschen sichtbar und f\u00fcr die Nutzer zug\u00e4nglich machen?<\/li>\n<li>Wie k\u00f6nnen allt\u00e4gliche Nutzer an zuk\u00fcnftigen Entwicklungen, Diensten und Strategien teilhaben?<\/li>\n<li>Wie k\u00f6nnen wir Nutzerforschung betreiben, um dies zu erreichen?<\/li>\n<\/ul>\n<p>[\/vc_column_text][\/vc_column_inner][vc_column_inner width=&#8220;1\/2&#8243;][vc_column_text]Die Ergebnisse der NTA-Studie finden Sie in diesen Artikel:[\/vc_column_text]<div class=\"gem-button-container gem-button-position-inline    \"><a class=\"gem-button gem-button-size-small gem-button-style-outline gem-button-text-weight-normal gem-button-border-2 gem-button-icon-position-left\" style=\"border-radius: 0px;border-color: #e2007a;color: #e2007a;\" onmouseleave=\"this.style.borderColor='#e2007a';this.style.backgroundColor='transparent';this.style.color='#e2007a';\" onmouseenter=\"this.style.borderColor='#e2007a';this.style.backgroundColor='rgba(226,0,122,0.25)';this.style.color='#e2007a';\" href=\"\" target=\"_self\"><i class=\"gem-print-icon gem-icon-pack-elegant \">&#x69;<\/i>DesForM Paper<\/a><\/div> [\/vc_column_inner][vc_column_inner]<div style='border-color: #e2007a; '  class=\"gem-quote gem-quote-style-3 custom-color-blockqute-mark-added \" ><blockquote  ><em>Was ich feststelle, ist, dass das Ger\u00e4t manchmal nicht funktioniert, und dann gibt es fast einen Kampf am Tisch, wer es zum Laufen bringen kann.<\/em><\/p>\n<p style=\"text-align: right;\">\nTeilnehmer 30<\/p>\n<p><\/blockquote><span style=color:#e2007a;  class=\"custom-color-blockqute-mark\">&#xe60c;<\/span><\/div>[\/vc_column_inner][\/vc_row_inner][vc_empty_space][vc_custom_heading text=&#8220;Erfahren Sie mehr \u00fcber die anderen Projektphasen&#8220; font_container=&#8220;tag:h2|text_align:center|color:%23e2007a&#8220; use_theme_fonts=&#8220;yes&#8220;][vc_row_inner][vc_column_inner width=&#8220;1\/4&#8243;]<div class=\"gem-button-container gem-button-position-fullwidth    \"><a title=\"Phase 1\" class=\"gem-button gem-button-size-small gem-button-style-outline gem-button-text-weight-normal gem-button-border-2\" style=\"border-radius: 0px;border-color: #e2007a;color: #e2007a;\" onmouseleave=\"this.style.borderColor='#e2007a';this.style.backgroundColor='transparent';this.style.color='#e2007a';\" onmouseenter=\"this.style.borderColor='#e2007a';this.style.backgroundColor='rgba(226,0,122,0.25)';this.style.color='#e2007a';\" href=\"https:\/\/sites.hslu.ch\/va-pepr\/research\/phase-1\/\" target=\"_self\">1. Phase<\/a><\/div> [\/vc_column_inner][vc_column_inner width=&#8220;1\/4&#8243;]<div class=\"gem-button-container gem-button-position-fullwidth    \"><a title=\"Phase 2\" class=\"gem-button gem-button-size-small gem-button-style-outline gem-button-text-weight-normal gem-button-border-2\" style=\"border-radius: 0px;border-color: #e2007a;color: #e2007a;\" onmouseleave=\"this.style.borderColor='#e2007a';this.style.backgroundColor='transparent';this.style.color='#e2007a';\" onmouseenter=\"this.style.borderColor='#e2007a';this.style.backgroundColor='rgba(226,0,122,0.25)';this.style.color='#e2007a';\" href=\"https:\/\/sites.hslu.ch\/va-pepr\/research\/2-phase\/\" target=\"_self\">2. Phase<\/a><\/div> [\/vc_column_inner][vc_column_inner width=&#8220;1\/4&#8243;]<div class=\"gem-button-container gem-button-position-fullwidth    \"><a title=\"Phase 3\" class=\"gem-button gem-button-size-small gem-button-style-outline gem-button-text-weight-normal gem-button-border-2\" style=\"border-radius: 0px;border-color: #e2007a;color: #e2007a;\" onmouseleave=\"this.style.borderColor='#e2007a';this.style.backgroundColor='transparent';this.style.color='#e2007a';\" onmouseenter=\"this.style.borderColor='#e2007a';this.style.backgroundColor='rgba(226,0,122,0.25)';this.style.color='#e2007a';\" href=\"https:\/\/sites.hslu.ch\/va-pepr\/research\/3-phase\/\" target=\"_self\">3. Phase<\/a><\/div> [\/vc_column_inner][vc_column_inner width=&#8220;1\/4&#8243;]<div class=\"gem-button-container gem-button-position-fullwidth    \"><a title=\"Phase 4\" class=\"gem-button gem-button-size-small gem-button-style-outline gem-button-text-weight-normal gem-button-border-2\" style=\"border-radius: 0px;border-color: #e2007a;color: #e2007a;\" onmouseleave=\"this.style.borderColor='#e2007a';this.style.backgroundColor='transparent';this.style.color='#e2007a';\" onmouseenter=\"this.style.borderColor='#e2007a';this.style.backgroundColor='rgba(226,0,122,0.25)';this.style.color='#e2007a';\" href=\"https:\/\/sites.hslu.ch\/va-pepr\/research\/4-phase\/\" target=\"_self\">4. Phase<\/a><\/div> [\/vc_column_inner][\/vc_row_inner][\/vc_column][\/vc_row]<\/p>\n<\/div>","protected":false},"excerpt":{"rendered":"<p>[vc_row][vc_column width=&#8220;5\/6&#8243; offset=&#8220;vc_col-lg-offset-1&#8243;][vc_custom_heading text=&#8220;1. Phase &#8211; Ethnografische Studien&#8220; font_container=&#8220;tag:h1|text_align:left|color:%23e2007a&#8220; use_theme_fonts=&#8220;yes&#8220; css=&#8220;.vc_custom_1701351944576{margin-top: 20px !important;}&#8220;][vc_column_text]Mit dem Ziel, die Privatsph\u00e4re, die t\u00e4glichen Routinen&#8230;<\/p>\n","protected":false},"author":14,"featured_media":0,"parent":9823,"menu_order":0,"comment_status":"closed","ping_status":"closed","template":"","meta":{"_acf_changed":false,"footnotes":""},"class_list":["post-11474","page","type-page","status-publish"],"acf":[],"_links":{"self":[{"href":"https:\/\/sites.hslu.ch\/va-pepr\/wp-json\/wp\/v2\/pages\/11474","targetHints":{"allow":["GET"]}}],"collection":[{"href":"https:\/\/sites.hslu.ch\/va-pepr\/wp-json\/wp\/v2\/pages"}],"about":[{"href":"https:\/\/sites.hslu.ch\/va-pepr\/wp-json\/wp\/v2\/types\/page"}],"author":[{"embeddable":true,"href":"https:\/\/sites.hslu.ch\/va-pepr\/wp-json\/wp\/v2\/users\/14"}],"replies":[{"embeddable":true,"href":"https:\/\/sites.hslu.ch\/va-pepr\/wp-json\/wp\/v2\/comments?post=11474"}],"version-history":[{"count":5,"href":"https:\/\/sites.hslu.ch\/va-pepr\/wp-json\/wp\/v2\/pages\/11474\/revisions"}],"predecessor-version":[{"id":11491,"href":"https:\/\/sites.hslu.ch\/va-pepr\/wp-json\/wp\/v2\/pages\/11474\/revisions\/11491"}],"up":[{"embeddable":true,"href":"https:\/\/sites.hslu.ch\/va-pepr\/wp-json\/wp\/v2\/pages\/9823"}],"wp:attachment":[{"href":"https:\/\/sites.hslu.ch\/va-pepr\/wp-json\/wp\/v2\/media?parent=11474"}],"curies":[{"name":"wp","href":"https:\/\/api.w.org\/{rel}","templated":true}]}}