{"id":10591,"date":"2023-01-24T16:29:23","date_gmt":"2023-01-24T16:29:23","guid":{"rendered":"https:\/\/sites.hslu.ch\/va-pepr\/?page_id=10591"},"modified":"2023-11-02T16:05:44","modified_gmt":"2023-11-02T16:05:44","slug":"forschungsergebnisse","status":"publish","type":"page","link":"https:\/\/sites.hslu.ch\/va-pepr\/en\/forschungsergebnisse\/","title":{"rendered":"Forschungsergebnisse"},"content":{"rendered":"<div class=\"wpb-content-wrapper\"><p>[vc_row][vc_column][vc_column_text]Currently only available in German.[\/vc_column_text][vc_custom_heading text=&#8221;Forschungsergebnisse VA-PEPR Heimstudie&#8221; font_container=&#8221;tag:h1|text_align:left|color:%23e2007a&#8221; use_theme_fonts=&#8221;yes&#8221;][vc_column_text]<span data-contrast=\"none\">Die VA-PEPR Heimstudie mit 31 Schweizer Haushalten wurde im Zeitraum vom 5. M\u00e4rz bis 28. Mai 2021 durchgef\u00fchrt. Die Teilnehmenden dokumentierten ihre Erfahrungen und Gedanken zum Umgang mit dem Sprachassistenten mittels einer Tagebuch-App und erhielten \u00fcber vier Wochen neun Aufgaben, welche zu einer spezifischen Interaktion mit einem Sprachassistenten einlud.\u00a0<\/span><\/p>\n<h2><\/h2>\n<p><span data-contrast=\"none\">In w\u00f6chentlichen Interviews reflektierten die Teilnehmenden ihre Tagebucheintr\u00e4ge mit dem Forschungsteam. Drei und sechs Monate nach Ende der Tagebuchstudie fanden Nachbefragungen statt, um die l\u00e4ngerfristigen Ver\u00e4nderungen in der Nutzung von Sprachassistenten zu verstehen. <\/span><\/p>\n<p><span data-contrast=\"none\">Gerne stellen wir Ihnen die zentralen Erkenntnisse und Fragen, die im Hinblick auf die Nutzung der Sprachassistenten ermittelt wurden vor. Zudem geben wir Ihnen auf der letzten Seite noch einen Einblick in die momentanen Forschungsaktivit\u00e4ten, die auf diesen Befunden fussen.<\/span><span data-ccp-props=\"{&quot;201341983&quot;:0,&quot;335559738&quot;:240,&quot;335559739&quot;:240,&quot;335559740&quot;:240}\">\u00a0<\/span><\/p>\n<h2>Was sind die Erkenntnisse?<\/h2>\n<p><span data-contrast=\"none\">Nachfolgend f\u00fchren wir unsere Erkenntnisse stichpunktartig f\u00fcr Sie auf, wobei wir f\u00fcr dieses Informationsblatt keine Gewichtung oder Sortierung vorgenommen haben. Vielleicht erkennen Sie ja das eine oder andere Thema?<\/span>[\/vc_column_text][vc_tta_accordion title_tag=&#8221;h3&#8243; shape=&#8221;square&#8221; active_section=&#8221;1&#8243; collapsible_all=&#8221;true&#8221; css=&#8221;.vc_custom_1674630279875{background-color: #e2dee2 !important;background-position: center !important;background-repeat: no-repeat !important;background-size: cover !important;}&#8221;][vc_tta_section tab_id=&#8221;1674595745075-a35681ac-fd5f&#8221; title=&#8221;Google-Handy, Apple-Sprachassistent &amp; Co\u2013wie passt das zusammen?&#8221;][vc_column_text css=&#8221;.vc_custom_1674629166574{border-radius: 1px !important;}&#8221;]<\/p>\n<h3>Herausforderung Nummer eins: Die Einbindung in bestehende Systeme daheim!<\/h3>\n<p>Nur wenige NutzerInnen denken beim Kauf eines Sprachassistenten an dessen Integration mit den bereits eingerichteten Systemen daheim. Wer schon smarte Ger\u00e4te unterschiedlicher Operationssysteme nutzt (z.B. OIS Apple oder Android) merkt oft erst bei der Installation daheim, dass der neue Sprachassistent sich nicht problemlos mit dem bisherigen System verbinden l\u00e4sst. Dadurch ist dessen Funktionalit\u00e4t oft schon zu Beginn kompromittiert und das Nutzererlebnis beeintr\u00e4chtigt.<\/p>\n<h3>Herausforderung wird zum neuen Hobby<\/h3>\n<p>Nicht \u00fcberraschend: technologisch versierte Teilnehmende sind sich dieser H\u00fcrde bewusster und pr\u00fcfen oftmals bereits beim Kauf, welche Systeme vom Sprachassistenten unterst\u00fctzt werden. Typischerweise zeigt diese Gruppe von Nutzenden mehr Geduld und \u2018Empathie\u2019 mit dem Sprachassistenten. Zus\u00e4tzlich sind sie motivierte T\u00fcftler, die Freude daran haben, derartige Systemabh\u00e4ngigkeiten z.B. mittels Tipps aus Tech-Foren zu \u00fcberwinden.[\/vc_column_text][\/vc_tta_section][vc_tta_section title=&#8221;Gesucht: Tipps &amp; Empfehlungen wie man den Sprachassistenten einstellt&#8221; tab_id=&#8221;1674582775112-abe7452f-6c52&#8243;][vc_column_text]<\/p>\n<h3>Nutzenden fehlt eine Bedienanleitung<\/h3>\n<p>Die Studie hat gezeigt, dass die Nutzung nicht immer auf Anhieb klappt, und dass es an leicht verst\u00e4ndlichen Bedienungsanleitungen mangelt. Alle Nutzenden in unserer Studie berichten, dass sie experimentieren und ausprobieren, um gew\u00fcnschte Aufgaben und Funktionen einzurichten. Bei Fragen kontaktierten unsere Studienteilnehmende zudem Freunde oder Bekannte oder suchten Antworten in einem der Online-Foren. Viele \u00e4usserten den Wunsch, Tipps und Empfehlungen zu n\u00fctzlichen Funktionen oder Befehlen zu erhalten.[\/vc_column_text][\/vc_tta_section][vc_tta_section title=&#8221;Wohin mit dem Ding?&#8221; tab_id=&#8221;1674582971362-e394323b-6852&#8243;][vc_column_text]<\/p>\n<h3>Zentrale Bereiche zuhause sind beliebt, um H\u00f6rl\u00f6cher zu vermeiden<\/h3>\n<p>F\u00fcr die Mehrheit unserer Teilnehmenden war klar, dass der Sprachassistent sie h\u00f6ren k\u00f6nnen muss. Zu den Kriterien der Standortwahl geh\u00f6rte, dass der Sprachassistent sie gut h\u00f6rt, wenn sie sich im Haus bzw. der Wohnung bewegen. Viele entschieden sich f\u00fcr einen zentralen Raum oder Bereich innerhalb ihres Zuhauses, um den Sprachassistenten zu nutzen. Beliebt waren K\u00fcche, Flur und Wohnzimmer. Stellten geb\u00e4udebedingte Gegebenheiten H\u00f6rbarrieren dar, sahen einige Teilnehmende die L\u00f6sung f\u00fcr so ein \u2018H\u00f6rloch\u2019 in der Aufstellung eines zus\u00e4tzlichen Sprachassistenten. Interessant: f\u00fcr einige Teilnehmende war das Schlafzimmer als Standort tabu.<\/p>\n<h3>Standort &amp; soziales Umfeld beeinflussen die Nutzung<\/h3>\n<p>Wo und bei wem ein Sprachassistent \u2018sitzt\u2019 oder \u2018steht\u2019 beeinflusst dessen Nutzung. Befand sich der Sprachassistent in einer Wohngemeinschaft mit unterschiedlichen Einstellungen der MitbewohnerInnen zu dieser Technologie, achteten Teilnehmende z.B. darauf, diesen nur zu nutzen, wenn sie allein waren. Stand der Sprachassistent dagegen in der Familienk\u00fcche, durfte er am Abend auch mal f\u00fcr die Bespassung s\u00e4mtlicher Anwesenden sorgen.[\/vc_column_text][\/vc_tta_section][vc_tta_section title=&#8221;Ist das jetzt schon ein Sprachassistent?&#8221; tab_id=&#8221;1674582995016-575a2eab-2d64&#8243;][vc_column_text]<\/p>\n<h3>Menschen nehmen ihre Smartphones nicht als Sprachassistenten wahr<\/h3>\n<p>Aus technologischer Sicht sind auch smarte Mobiltelefone mit Sprachassistenz-Funktion wie Siri (Apple) oder Bixby (Samsung) Sprachassistenten. Aber f\u00fcr unsere Teilnehmenden blieb das Mobil ein Mobil, Handy oder Smartphone, Wenn sie sich in den Interviews auf Sprachassistenten bezogen, war damit immer ein statisch im Raum installiertes Ger\u00e4t von Amazon, Apple, oder Google gemeint. Gleichzeitig berichteten uns Teilnehmende, dass sie nach Fehlversuchen mit dem statischen Sprachassistenten ihr Smartphone bem\u00fchten \u2013 oft mit mehr Erfolg!<\/p>\n<p><img class=\" wp-image-10623 alignright\" src=\"https:\/\/sites.hslu.ch\/va-pepr\/wp-content\/uploads\/sites\/7\/2023\/01\/device-vs-mobile.jpg\" alt=\"\" width=\"430\" height=\"242\" srcset=\"https:\/\/sites.hslu.ch\/va-pepr\/wp-content\/uploads\/sites\/7\/2023\/01\/device-vs-mobile.jpg 1249w, https:\/\/sites.hslu.ch\/va-pepr\/wp-content\/uploads\/sites\/7\/2023\/01\/device-vs-mobile-300x169.jpg 300w, https:\/\/sites.hslu.ch\/va-pepr\/wp-content\/uploads\/sites\/7\/2023\/01\/device-vs-mobile-1024x576.jpg 1024w, https:\/\/sites.hslu.ch\/va-pepr\/wp-content\/uploads\/sites\/7\/2023\/01\/device-vs-mobile-768x432.jpg 768w, https:\/\/sites.hslu.ch\/va-pepr\/wp-content\/uploads\/sites\/7\/2023\/01\/device-vs-mobile-400x225.jpg 400w\" sizes=\"(max-width: 430px) 100vw, 430px\" \/>Wie sich dieses differenzierte Verhalten im Alltag gegen\u00fcber einer grunds\u00e4tzlich gleichen Technologie, die uns zudem oft auf Schritt und Tritt begleitet erkl\u00e4ren l\u00e4sst, bleibt eine Herausforderung der Forschung. Fragen zur Privatsph\u00e4re und Datensicherheit kommen unseren Teilnehmenden eher in den Sinn, wenn sie \u00fcber das fest installierte Ger\u00e4t nachdenken, aber weniger im Zusammenhang mit ihrem mitreisenden und immer verbundenen Mobil.[\/vc_column_text][\/vc_tta_section][vc_tta_section title=&#8221;NutzerInnen \u00e4ndern ihr Verhalten und ihre Erwartungen \u2013 nicht umgekehrt!&#8221; tab_id=&#8221;1674583301359-560b6144-c882&#8243;][vc_column_text]<\/p>\n<h3>Mit dem Sprachassistent ziehen andere Sprachen ein<\/h3>\n<p>Unsere Studie best\u00e4tigt, dass NutzerInnen ihr sprachliches Verhalten anpassen, um ihren Sprachassistenten effektiver nutzen zu k\u00f6nnen. Damit der Sprachassistent sie versteht, weichen sie von der allt\u00e4glichen Sprache ab (meist Schweizerdeutsch), die sie ansonsten zuhause sprechen und wechseln in Sprachen, die sie bis dato nur bei formalen Anl\u00e4ssen und bei der Arbeit au\u00dferhalb des Zuhauses gebrauchten (insbesondere Englisch und\/oder Hochdeutsch).<\/p>\n<h3><img class=\"wp-image-10074 aligncenter\" src=\"https:\/\/sites.hslu.ch\/va-pepr\/wp-content\/uploads\/sites\/7\/2020\/12\/illustration_dialogue_3_de-300x80.png\" alt=\"\" width=\"800\" height=\"215\" srcset=\"https:\/\/sites.hslu.ch\/va-pepr\/wp-content\/uploads\/sites\/7\/2020\/12\/illustration_dialogue_3_de-300x80.png 300w, https:\/\/sites.hslu.ch\/va-pepr\/wp-content\/uploads\/sites\/7\/2020\/12\/illustration_dialogue_3_de-1024x275.png 1024w, https:\/\/sites.hslu.ch\/va-pepr\/wp-content\/uploads\/sites\/7\/2020\/12\/illustration_dialogue_3_de-768x206.png 768w, https:\/\/sites.hslu.ch\/va-pepr\/wp-content\/uploads\/sites\/7\/2020\/12\/illustration_dialogue_3_de-1536x412.png 1536w, https:\/\/sites.hslu.ch\/va-pepr\/wp-content\/uploads\/sites\/7\/2020\/12\/illustration_dialogue_3_de.png 1760w\" sizes=\"(max-width: 800px) 100vw, 800px\" \/><\/h3>\n<p>&nbsp;<\/p>\n<h3>Der Sprachassistent verleitet zum Kommandieren<\/h3>\n<p>Aus unterschiedlichen Gr\u00fcnden \u2013\u00a0z.B. um besser geh\u00f6rt oder besser verstanden zu werden\u00a0\u2013\u00a0formulieren Nutzende Anfragen gerne als klare, oft laute Befehle. Umstehende, bzw. andere Anwesende empfinden diese oft als \u201aneue Tonart\u2018 die mit dem Sprachassistent in das private Umfeld einzieht. Schwierig wird es, wenn das erste Kommando vom Sprachassistenten missverstanden wird und weitere, immer lautere und frustriertere Kommandos durch die R\u00e4ume schallen.<\/p>\n<h3>Nutzende betreiben aktives Erwartungsmanagement<\/h3>\n<p>Die meisten Teilnehmenden reduzierten im Laufe der Studie ihre Erwartungen an die F\u00e4higkeiten ihres Sprachassistenten und beschr\u00e4nkten sich auf das Abfordern von Funktionen und Aufgaben, von denen sie bereits wussten, dass der Sprachassistent sie erf\u00fcllen kann.<\/p>\n<h3>Die Besch\u00e4ftigung mit dem Sprachassistent als Hobby<\/h3>\n<p>Einige wenige Teilnehmende verbrachten viel Zeit damit, mehr \u00fcber ihren Sprachassistenten herauszufinden, so dass die Besch\u00e4ftigung mit dem Ger\u00e4t zum spielerischen Hobby avancierte. Manche installierten z.B. noch weitere Apps oder investierten Zeit und Geld, z.B. in eine Erweiterung f\u00fcr das Smart Home. Die damit verbundene Herausforderung zur Systemintegration bot Motivation und Erfolgserlebnis.[\/vc_column_text][\/vc_tta_section][vc_tta_section title=&#8221;Sprachassistenten greifen in das private Zusammenleben ein&#8221; tab_id=&#8221;1674583338795-f2e9b915-1c5b&#8221;][vc_column_text]Die Heimstudie hat gezeigt, dass die Sprachassistent-Technologie <span style=\"color: #e2007a\"><strong>neutrale, negative und positive Auswirkungen<\/strong><\/span> auf das Zusammenleben haben kann. Durch deren Einsatz k\u00f6nnen sich neue Rollen im Haushalt entwickeln. Zum Beispiel \u00fcbernimmt oft eine Person die Verantwortung f\u00fcr die Installation, (Passwort-)Kontrolle und Wartung. Teilnehmende berichten beispielsweise davon, dass eine Person im Haushalt klar die Ansprechperson darstellt, wenn etwas nicht mit dem Sprachassistenten funktioniert.<\/p>\n<p>Auch das Sprechverhalten wird bisweilen angepasst, wenn man bspw. w\u00e4hrend des gemeinsamen Nachtessens auf einmal beginnt, auf Hochdeutsch zu sprechen. Eltern \u00e4u\u00dferten sich manchmal besorgt \u00fcber die Interaktion zwischen dem Sprachassistenten und ihren Kindern. Allerdings gab es auch Eltern, die ihre Kinder zur Nutzung anregten. In manchen Familien hingegen zeigte sich, dass der Sprachassistent zum Teil eine ausschlie\u00dfende Wirkung hatte, weil die in der Studie benutzten Ger\u00e4te Anfragen von Kindern weniger gut verstanden.<\/p>\n<p>Einige beklagten, dass die Spontanit\u00e4t verloren gehen kann, wenn Teilnehmende sich bewusstwerden, dass der Sprachassistent zuh\u00f6rt. Unter den positiven Auswirkungen auf das Zusammenleben beobachteten wir z.B., wie der Sprachassistent zur Auflockerung der Stimmung ein Quiz beitragen kann.[\/vc_column_text][\/vc_tta_section][vc_tta_section title=&#8221;Kann\/darf ich dem Sprachassistenten meine Daten anvertrauen?&#8221; tab_id=&#8221;1674594864821-9f6c42be-4573&#8243;][vc_column_text]<\/p>\n<h3>Grundverst\u00e4ndnis f\u00fcr Wertigkeit von Daten vorhanden<\/h3>\n<p>Die Vorstellung, dass pers\u00f6nliche Daten, die bei der Nutzung von Sprachassistenten anfallen und bei Amazon &amp; Co geb\u00fcndelt zusammenlaufen, l\u00f6st bei vielen unserer Teilnehmenden Unbehagen aus (Stichwort: Gl\u00e4serne Person). Bei einigen Teilnehmern ist ein erh\u00f6htes Bewusstsein f\u00fcr den Wert der Daten vorhanden. Um bestimmte Dienste zu nutzen oder personalisierte Empfehlungen zu erhalten, w\u00e4re ein Teil der Studienteilnehmenden bereit, mehr pers\u00f6nliche Daten mit den Technologieunternehmen zu teilen.<\/p>\n<p>Andere Teilnehmende sind hier vorsichtiger, weil sie bef\u00fcrchten, diesen Unternehmen damit eine \u2018Abh\u00f6rerlaubnis\u2019 zu erteilen.<\/p>\n<h3>Wenig verst\u00e4ndliche Datenschutzbestimmungen<\/h3>\n<p>Die Wenigsten lesen die Datenschutzbestimmungen, die mit dem Ger\u00e4t kommen, da diese als zu lang und\/oder schwer verst\u00e4ndlich gesehen werden. Hinzu kommt, dass viele Teilnehmende den Ger\u00e4ten \u2013 respektive deren Anbieter bzw. Produzenten \u2013 wenig Vertrauen entgegenbringen und das Gef\u00fchl haben, dass die Bestimmungen mehr die Firmen als die User sch\u00fctzen.<\/p>\n<h3>Unsicherheit, was man aus den Daten lesen kann<\/h3>\n<p>Viele bef\u00fcrchten beispielsweise, dass Sprachassistenten anhand der Nutzung feststellen k\u00f6nnten, wann jemand Zuhause ist, ob jemand alleine lebt, welche Vorlieben jemand hat und wie es jemandem gesundheitlich geht.[\/vc_column_text][\/vc_tta_section][vc_tta_section title=&#8221;Sprachassistent: st\u00fctzender Freund, n\u00fctzlicher Helfer oder blo\u00dfes Spielzeug?&#8221; tab_id=&#8221;1674594927778-2d59769c-7216&#8243;][vc_column_text]Unsere Teilnehmenden entwickelten unterschiedliche Beziehungen zu ihren Sprachassistenten. Von denjenigen, die bereits mit Smart-Home-Anwendungen vertraut waren, sahen die meisten vor allem einen <span style=\"color: #e2007a\"><strong>n\u00fctzlichen Helfer<\/strong><\/span>, quasi ein wichtiges Verbindungsst\u00fcck zur bestehenden Technologie. Andere betrachten ihren Sprachassistenten mehr als ein in sich \u2018geschlossenes\u2019 technologisches <span style=\"color: #e2007a\"><strong>Spielzeug<\/strong><\/span>, das auch mal \u00fcberraschen darf \u2013\u00a0und das einem neue Bequemlichkeiten erm\u00f6glicht, z.B. in dem man eben nicht mehr aufstehen muss, um das Licht auszuschalten, sondern einfach mal in die H\u00e4nde klatschen kann. Vereinzelt gab es auch Hinweise auf eher <span style=\"color: #e2007a\"><strong>freundschaftliche Beziehungen<\/strong><\/span>, vor allem von alleinlebenden Menschen, die sich freuten, wenn sie z.B. mit einem \u201cGute Nacht\u201d Gru\u00df ins Bett geschickt wurden.[\/vc_column_text][\/vc_tta_section][vc_tta_section title=&#8221;Welche Bedenken haben NutzerInnen?&#8221; tab_id=&#8221;1674594960279-2fef2530-42c8&#8243;][vc_column_text]Die Studie hat gezeigt, dass der begrenzte Einblick und \u00dcberblick \u00fcber Datenfl\u00fcsse, Datenschutz, Einstellungsm\u00f6glichkeiten, den Nutzende haben, stark verunsichernd wirken kann, wodurch die Integration von Sprachassistenten in den Alltag behindert wird. Deren Auswirkungen auf allt\u00e4gliche Routinen und Verhaltensweisen h\u00e4lt sich deshalb in Grenzen.<\/p>\n<p>Ferner scheuen sich viele davor, sich vollkommen auf ihre Sprachassistenten zu verlassen, weil die Ger\u00e4te noch nicht intelligent genug sind. Andererseits sehen manche die Abh\u00e4ngigkeit von Ger\u00e4ten, die auf Strom und Internet angewiesen sind, als gro\u00dfes Risiko. Im Zweifelsfall, so ein Teilnehmer, w\u00fcrde man weder Jalousien hochfahren noch das Licht anstellen k\u00f6nnen. Die jetzige Energiekrise gibt diesen Aspekt noch mehr Gewicht.<\/p>\n<p>Manche Teilnehmende \u00e4u\u00dfern Bedenken in der Art, dass eine vermehrte Nutzung der Ger\u00e4te dazu f\u00fchren kann, dass man sich weniger bewegt und damit unges\u00fcnder lebt. Auch gaben einige an, dass die Abgabe bestimmter Aufgaben an den Sprachassistenten dazu f\u00fchren kann, dass bestimmte F\u00e4higkeiten verlernt werden, z.B. in der Stadt zu navigieren oder soziale F\u00e4higkeiten.<\/p>\n<p>Trotz der h\u00e4ufig ge\u00e4u\u00dferten Bedenken sind dennoch viele Teilnehmende \u00fcberzeugt, dass Sprachassistenten gro\u00dfes Potenzial haben und in bestimmten Anwendungsbereichen oder f\u00fcr bestimmte Zielgruppen sehr wohl von Nutzen sein k\u00f6nnen. So k\u00f6nnten Menschen mit motorischen oder visuellen Beeintr\u00e4chtigungen sehr davon profitieren, wenn sie die Ger\u00e4te in ihrem Umfeld per Sprachbefehl steuern k\u00f6nnen.[\/vc_column_text][\/vc_tta_section][vc_tta_section title=&#8221;Aus Sicht von NutzerInnen sind heutige Sprachassistenten weder wirklich smart noch von hohem Alltagsnutzen&#8221; tab_id=&#8221;1674594997364-d4050980-4640&#8243;][vc_column_text]Sprachassistenten werden von vielen Teilnehmenden als wenig intelligent und als unausgereift empfunden. Vieles, was NutzerInnen anfragen oder erbitten, wird von Sprachassistenten \u00fcberhaupt nicht verstanden. Viele Teilnehmende bem\u00e4ngeln auch, dass es keine M\u00f6glichkeit gibt, nachzuvollziehen, wie die (m\u00f6glicherweise falschen) Sprachassistent-R\u00fcckmeldungen zustande gekommen sein k\u00f6nnten. Hier w\u00e4re es w\u00fcnschenswert, dass Sprachassistenten durch Nachfragen \u00fcberpr\u00fcfen, ob jemand mit der Antwort zufrieden war. Insgesamt bleiben die hohen Erwartungen an schlaue (\u201asmarte\u2018) Sprachassistenten \u2013 getrieben von Werbung und Marketing \u2013\u00a0unerf\u00fcllt. Dies gilt insbesondere in Bezug auf Benutzerfreundlichkeit, Spracherkennung, Installation, Intelligenz und Kompatibilit\u00e4t. Die Erfahrungen unserer Teilnehmenden zeigen, dass die f\u00fcr unsere Studie verf\u00fcgbaren Sprachassistenten noch nicht in der Lage sind, komplexe Aufgaben zu erf\u00fcllen.<\/p>\n<p><img class=\"aligncenter wp-image-9978\" src=\"https:\/\/sites.hslu.ch\/va-pepr\/wp-content\/uploads\/sites\/7\/2020\/12\/illustration_dialogue_3_en.png\" alt=\"\" width=\"800\" height=\"215\" srcset=\"https:\/\/sites.hslu.ch\/va-pepr\/wp-content\/uploads\/sites\/7\/2020\/12\/illustration_dialogue_3_en.png 1760w, https:\/\/sites.hslu.ch\/va-pepr\/wp-content\/uploads\/sites\/7\/2020\/12\/illustration_dialogue_3_en-300x80.png 300w, https:\/\/sites.hslu.ch\/va-pepr\/wp-content\/uploads\/sites\/7\/2020\/12\/illustration_dialogue_3_en-1024x275.png 1024w, https:\/\/sites.hslu.ch\/va-pepr\/wp-content\/uploads\/sites\/7\/2020\/12\/illustration_dialogue_3_en-768x206.png 768w, https:\/\/sites.hslu.ch\/va-pepr\/wp-content\/uploads\/sites\/7\/2020\/12\/illustration_dialogue_3_en-1536x412.png 1536w\" sizes=\"(max-width: 800px) 100vw, 800px\" \/><\/p>\n<p>Einige Teilnehmende gaben schon nach wenigen Tagen auf, den Sprachassistenten zu nutzen, weil es ihnen zu m\u00fchsam war, halbwegs zufriedenstellende Antworten und Aktivit\u00e4ten zu erhalten. Es war einfacher den Stecker zu ziehen. Teilnehmende, die ihren Sprachassistenten weiterhin nutzten, sch\u00e4tzten vor allem die Timer- und Weck-Funktion, das Musik-H\u00f6ren sowie das Abfragen von fakten-basiertem Wissen. Einige wenige experimentierten mit Spielen, in denen der Sprachassistent eine Spielerrolle oder Schiedsrichterrolle einnahm.[\/vc_column_text][\/vc_tta_section][\/vc_tta_accordion][\/vc_column][\/vc_row][vc_row][vc_column][vc_column_text]<\/p>\n<h2>Wie flie\u00dfen die Ergebnisse der Heimstudie in das weitere Projekt?<\/h2>\n<p>Mittlerweile liegen uns neben der Heimstudie auch Ergebnisse von anderen Teilstudien unseres Projektes vor. Hierzu geh\u00f6ren die <span style=\"color: #e2007a\">RCC Studie<\/span> und die <span style=\"color: #e2007a\">Netzwerkanalyse<\/span>. Basierend auf all diesen unterschiedlich generierten Daten und Einblicken entwickelte das Projektteam erste <span style=\"color: #e2007a\">Provotypen<\/span> die in spekulativen Design Workshops und weiteren In-Home-Studien getestet wurden.<\/p>\n<p>F\u00fcr das kommende Jahr ist vorgesehen, unsere Ergebnisse in <a href=\"https:\/\/sites.hslu.ch\/va-pepr\/publikationen\/focus-group-lugano\/\" target=\"_blank\" rel=\"noopener\">Fokusgruppen<\/a> in der italienisch und franz\u00f6sischsprachigen Schweiz zu evaluieren und zu vergleichen. Falls Sie allenfalls interessierte Personen in diesen Regionen kennen, d\u00fcrfen sie sich gerne bei uns melden (<a href=\"&#x6d;&#x61;&#105;&#108;&#116;o&#x3a;&#x76;&#x61;&#45;&#112;ep&#x72;&#x40;&#x68;&#115;&#108;u&#x2e;&#x63;&#x68;\">&#x76;&#x61;&#45;p&#x65;&#x70;&#114;&#64;h&#x73;&#x6c;&#117;&#46;&#x63;&#x68;<\/a>). Auch sonst bleiben wir gerne im Austausch mit Ihnen.<\/p>\n<p>&nbsp;<\/p>\n<h3>Ansprechperson<\/h3>\n<p>Sabine Junginger, Projektleiterin VA-PEPR<br \/>\n<a href=\"&#109;&#x61;&#105;&#x6c;&#116;&#x6f;&#58;&#x76;&#97;&#x2d;&#112;&#x65;p&#x72;&#64;&#x68;s&#x6c;u&#x2e;c&#x68;\">&#118;&#x61;&#x2d;&#112;&#x65;&#x70;r&#x40;&#x68;s&#108;&#x75;&#46;&#99;&#x68;<\/a><\/p>\n<h3>Bericht<\/h3>\n<p>Unseren gesamten Bericht k\u00f6nnen Sie sich <a href=\"https:\/\/sites.hslu.ch\/va-pepr\/wp-content\/uploads\/sites\/7\/2023\/02\/VA-PEPR-Zwischenresultate_Heimstudie_v1.2.pdf\" target=\"_blank\" rel=\"noopener\">hier<\/a> herunterladen.<\/p>\n<p>&nbsp;<\/p>\n<h3>Quellen<\/h3>\n<p><a href=\"https:\/\/sites.hslu.ch\/va-pepr\/en\/publications\/voice-assistant-use-challenges-for-the-home-office-work-context\/\" target=\"_blank\" rel=\"noopener\">Meissner, J. et al. (2022) VA Use: Challenges of the Home Office Context. Presentation EURAM 2022.<\/a><\/p>\n<p><a href=\"https:\/\/sites.hslu.ch\/va-pepr\/en\/publications\/dissemination-of-ethical-outcomes-of-the-project-kicked-off\/\" target=\"_blank\" rel=\"noopener\">Riss, U., Maier, E., Doerk, M. (2022). Perceived Risks of the Data Economy: Autonomy and the Case of Voice Assistants, In Proceedings of Ethicomp 22, 374-386<\/a>.<\/p>\n<p><a href=\"https:\/\/sites.hslu.ch\/va-pepr\/en\/publications\/dissemination-of-ethical-outcomes-of-the-project-kicked-off\/\" target=\"_blank\" rel=\"noopener\">Maier, E., et al. (2022). What does privacy mean to users of voice assistants in their homes? In Proceedings of Ethicomp 22, 299-313<\/a>.<\/p>\n<p>Shorter, M, et al. (2022). Materialising the Immaterial: Provotyping to Explore Voice Assistant Complexities. In Designing Interactive Systems Conference (DIS &#8217;22). Association for Computing Machinery, 1512\u20131524. <a href=\"https:\/\/doi.org\/10.1145\/3532106.3533519\" target=\"_blank\" rel=\"noopener\">https:\/\/doi.org\/10.1145\/3532106.3533519<\/a>[\/vc_column_text][\/vc_column][\/vc_row]<\/p>\n<\/div>","protected":false},"excerpt":{"rendered":"<p>[vc_row][vc_column][vc_column_text]Currently only available in German.[\/vc_column_text][vc_custom_heading text=&#8221;Forschungsergebnisse VA-PEPR Heimstudie&#8221; font_container=&#8221;tag:h1|text_align:left|color:%23e2007a&#8221; use_theme_fonts=&#8221;yes&#8221;][vc_column_text]Die VA-PEPR Heimstudie mit 31 Schweizer Haushalten wurde im Zeitraum vom&#8230;<\/p>\n","protected":false},"author":1,"featured_media":0,"parent":0,"menu_order":0,"comment_status":"closed","ping_status":"closed","template":"","meta":{"_acf_changed":false,"footnotes":""},"class_list":["post-10591","page","type-page","status-publish"],"acf":[],"_links":{"self":[{"href":"https:\/\/sites.hslu.ch\/va-pepr\/en\/wp-json\/wp\/v2\/pages\/10591","targetHints":{"allow":["GET"]}}],"collection":[{"href":"https:\/\/sites.hslu.ch\/va-pepr\/en\/wp-json\/wp\/v2\/pages"}],"about":[{"href":"https:\/\/sites.hslu.ch\/va-pepr\/en\/wp-json\/wp\/v2\/types\/page"}],"author":[{"embeddable":true,"href":"https:\/\/sites.hslu.ch\/va-pepr\/en\/wp-json\/wp\/v2\/users\/1"}],"replies":[{"embeddable":true,"href":"https:\/\/sites.hslu.ch\/va-pepr\/en\/wp-json\/wp\/v2\/comments?post=10591"}],"version-history":[{"count":35,"href":"https:\/\/sites.hslu.ch\/va-pepr\/en\/wp-json\/wp\/v2\/pages\/10591\/revisions"}],"predecessor-version":[{"id":11211,"href":"https:\/\/sites.hslu.ch\/va-pepr\/en\/wp-json\/wp\/v2\/pages\/10591\/revisions\/11211"}],"wp:attachment":[{"href":"https:\/\/sites.hslu.ch\/va-pepr\/en\/wp-json\/wp\/v2\/media?parent=10591"}],"curies":[{"name":"wp","href":"https:\/\/api.w.org\/{rel}","templated":true}]}}