{"id":98,"date":"2020-09-30T11:09:13","date_gmt":"2020-09-30T09:09:13","guid":{"rendered":"https:\/\/sites.hslu.ch\/stiftung\/?page_id=98"},"modified":"2025-11-14T11:06:42","modified_gmt":"2025-11-14T09:06:42","slug":"hochschule-luzern-foundation","status":"publish","type":"page","link":"https:\/\/sites.hslu.ch\/stiftung\/","title":{"rendered":"Unterst\u00fctzen Sie Talente, Innovation und Forschung"},"content":{"rendered":"\n<p>Die HSLU Foundation setzt sich f\u00fcr Talente, Innovation, Forschung und Infrastruktur der gesamten Hochschule Luzern ein. Dank der finanziellen Unterst\u00fctzung von Privatpersonen, Stiftungen und Unternehmen erm\u00f6glichen wir zukunftsweisende Entwicklungen und exzellente Bildung.<\/p>\n\n\n\n<div style=\"height:18px\" aria-hidden=\"true\" class=\"wp-block-spacer\"><\/div>\n\n\n\n<div class=\"wp-block-group has-beige-background-color has-background has-small-font-size is-layout-constrained wp-block-group-is-layout-constrained\">\n<blockquote class=\"wp-block-quote is-style-plain has-small-font-size is-layout-flow wp-block-quote-is-layout-flow\">\n<blockquote class=\"wp-block-quote is-layout-flow wp-block-quote-is-layout-flow\">\n<p style=\"font-size:16px;font-style:italic;font-weight:300\">\u00abForschung und Bildung sind die wichtigsten Rohstoffe der Schweiz\u00bb &#8211; Marc B\u00fcrki (Gr\u00fcnder und CEO Bank Swissquote)<\/p>\n<\/blockquote>\n<\/blockquote>\n<\/div>\n\n\n\n<div style=\"height:18px\" aria-hidden=\"true\" class=\"wp-block-spacer\"><\/div>\n\n\n\n<p>Spenden setzen wir sorgsam und zweckbestimmt ein, um Studierende zu unterst\u00fctzen, innovative Projekte voranzutreiben und die Forschung nachhaltig zu st\u00e4rken. <\/p>\n\n\n\n<div style=\"height:18px\" aria-hidden=\"true\" class=\"wp-block-spacer\"><\/div>\n\n\n\n<p><strong>Gemeinsam sind wir n\u00e4her dran an der Zukunft!<\/strong><\/p>\n","protected":false},"excerpt":{"rendered":"<p>Die HSLU Foundation setzt sich f\u00fcr Talente, Innovation, Forschung und Infrastruktur der gesamten Hochschule Luzern ein. Dank der finanziellen Unterst\u00fctzung von Privatpersonen, Stiftungen und Unternehmen erm\u00f6glichen wir zukunftsweisende Entwicklungen und exzellente Bildung. \u00abForschung und Bildung sind die wichtigsten Rohstoffe der Schweiz\u00bb &#8211; Marc B\u00fcrki (Gr\u00fcnder und CEO Bank Swissquote) Spenden setzen wir sorgsam und zweckbestimmt [&hellip;]<\/p>\n","protected":false},"author":94,"featured_media":2288,"parent":0,"menu_order":0,"comment_status":"closed","ping_status":"closed","template":"","meta":{"_acf_changed":false,"ghostkit_customizer_options":"","ghostkit_custom_css":"","ghostkit_custom_js_head":"","ghostkit_custom_js_foot":"","ghostkit_typography":"","footnotes":"","_links_to":"","_links_to_target":""},"class_list":["post-98","page","type-page","status-publish","has-post-thumbnail","hentry"],"acf":[],"yoast_head":"<!-- This site is optimized with the Yoast SEO plugin v27.4 - https:\/\/yoast.com\/product\/yoast-seo-wordpress\/ -->\n<title>Unterst\u00fctzen Sie Talente und Forschung - Hochschule Luzern Foundation<\/title>\n<meta name=\"description\" content=\"Die Hochschule Luzern Foundation verbindet G\u00f6nnerinnen und G\u00f6nner mit der Hochschule Luzern, ihren Studierenden und f\u00fcr innovative Forschung.\" \/>\n<meta name=\"robots\" content=\"index, follow, max-snippet:-1, max-image-preview:large, max-video-preview:-1\" \/>\n<link rel=\"canonical\" href=\"https:\/\/sites.hslu.ch\/stiftung\/\" \/>\n<meta property=\"og:locale\" content=\"de_DE\" \/>\n<meta property=\"og:type\" content=\"article\" \/>\n<meta property=\"og:title\" content=\"Unterst\u00fctzen Sie Talente und Forschung - Hochschule Luzern Foundation\" \/>\n<meta property=\"og:description\" content=\"Die Hochschule Luzern Foundation verbindet G\u00f6nnerinnen und G\u00f6nner mit der Hochschule Luzern, ihren Studierenden und f\u00fcr innovative Forschung.\" \/>\n<meta property=\"og:url\" content=\"https:\/\/sites.hslu.ch\/stiftung\/\" \/>\n<meta property=\"og:site_name\" content=\"Stiftung Hochschule Luzern\" \/>\n<meta property=\"article:modified_time\" content=\"2025-11-14T09:06:42+00:00\" \/>\n<meta property=\"og:image\" content=\"https:\/\/sites.hslu.ch\/stiftung\/wp-content\/uploads\/sites\/9\/2025\/02\/Startseite_Banner-1306683175_Original-6048x4024-1-scaled.jpg\" \/>\n\t<meta property=\"og:image:width\" content=\"2560\" \/>\n\t<meta property=\"og:image:height\" content=\"1703\" \/>\n\t<meta property=\"og:image:type\" content=\"image\/jpeg\" \/>\n<meta name=\"twitter:card\" content=\"summary_large_image\" \/>\n<meta name=\"twitter:label1\" content=\"Gesch\u00e4tzte Lesezeit\" \/>\n\t<meta name=\"twitter:data1\" content=\"1\u00a0Minute\" \/>\n<script type=\"application\/ld+json\" class=\"yoast-schema-graph\">{\"@context\":\"https:\\\/\\\/schema.org\",\"@graph\":[{\"@type\":\"WebPage\",\"@id\":\"https:\\\/\\\/sites.hslu.ch\\\/stiftung\\\/\",\"url\":\"https:\\\/\\\/sites.hslu.ch\\\/stiftung\\\/\",\"name\":\"Unterst\u00fctzen Sie Talente und Forschung - Hochschule Luzern Foundation\",\"isPartOf\":{\"@id\":\"https:\\\/\\\/sites.hslu.ch\\\/stiftung\\\/#website\"},\"primaryImageOfPage\":{\"@id\":\"https:\\\/\\\/sites.hslu.ch\\\/stiftung\\\/#primaryimage\"},\"image\":{\"@id\":\"https:\\\/\\\/sites.hslu.ch\\\/stiftung\\\/#primaryimage\"},\"thumbnailUrl\":\"https:\\\/\\\/sites.hslu.ch\\\/stiftung\\\/wp-content\\\/uploads\\\/sites\\\/9\\\/2025\\\/02\\\/Startseite_Banner-1306683175_Original-6048x4024-1-scaled.jpg\",\"datePublished\":\"2020-09-30T09:09:13+00:00\",\"dateModified\":\"2025-11-14T09:06:42+00:00\",\"description\":\"Die Hochschule Luzern Foundation verbindet G\u00f6nnerinnen und G\u00f6nner mit der Hochschule Luzern, ihren Studierenden und f\u00fcr innovative Forschung.\",\"breadcrumb\":{\"@id\":\"https:\\\/\\\/sites.hslu.ch\\\/stiftung\\\/#breadcrumb\"},\"inLanguage\":\"de-CH\",\"potentialAction\":[{\"@type\":\"ReadAction\",\"target\":[\"https:\\\/\\\/sites.hslu.ch\\\/stiftung\\\/\"]}]},{\"@type\":\"ImageObject\",\"inLanguage\":\"de-CH\",\"@id\":\"https:\\\/\\\/sites.hslu.ch\\\/stiftung\\\/#primaryimage\",\"url\":\"https:\\\/\\\/sites.hslu.ch\\\/stiftung\\\/wp-content\\\/uploads\\\/sites\\\/9\\\/2025\\\/02\\\/Startseite_Banner-1306683175_Original-6048x4024-1-scaled.jpg\",\"contentUrl\":\"https:\\\/\\\/sites.hslu.ch\\\/stiftung\\\/wp-content\\\/uploads\\\/sites\\\/9\\\/2025\\\/02\\\/Startseite_Banner-1306683175_Original-6048x4024-1-scaled.jpg\",\"width\":2560,\"height\":1703,\"caption\":\"Female Industrial engineer working on desktop computer in robotic welding testing area of research and development in automobile industry. Productivity improvement concepts.\"},{\"@type\":\"BreadcrumbList\",\"@id\":\"https:\\\/\\\/sites.hslu.ch\\\/stiftung\\\/#breadcrumb\",\"itemListElement\":[{\"@type\":\"ListItem\",\"position\":1,\"name\":\"Home\",\"item\":\"https:\\\/\\\/sites.hslu.ch\\\/stiftung\\\/\"},{\"@type\":\"ListItem\",\"position\":2,\"name\":\"Unterst\u00fctzen Sie Talente, Innovation und Forschung\"}]},{\"@type\":\"WebSite\",\"@id\":\"https:\\\/\\\/sites.hslu.ch\\\/stiftung\\\/#website\",\"url\":\"https:\\\/\\\/sites.hslu.ch\\\/stiftung\\\/\",\"name\":\"Stiftung Hochschule Luzern\",\"description\":\"\",\"publisher\":{\"@id\":\"https:\\\/\\\/sites.hslu.ch\\\/stiftung\\\/#organization\"},\"potentialAction\":[{\"@type\":\"SearchAction\",\"target\":{\"@type\":\"EntryPoint\",\"urlTemplate\":\"https:\\\/\\\/sites.hslu.ch\\\/stiftung\\\/?s={search_term_string}\"},\"query-input\":{\"@type\":\"PropertyValueSpecification\",\"valueRequired\":true,\"valueName\":\"search_term_string\"}}],\"inLanguage\":\"de-CH\"},{\"@type\":\"Organization\",\"@id\":\"https:\\\/\\\/sites.hslu.ch\\\/stiftung\\\/#organization\",\"name\":\"Stiftung Hochschule Luzern\",\"url\":\"https:\\\/\\\/sites.hslu.ch\\\/stiftung\\\/\",\"logo\":{\"@type\":\"ImageObject\",\"inLanguage\":\"de-CH\",\"@id\":\"https:\\\/\\\/sites.hslu.ch\\\/stiftung\\\/#\\\/schema\\\/logo\\\/image\\\/\",\"url\":\"https:\\\/\\\/sites.hslu.ch\\\/stiftung\\\/wp-content\\\/uploads\\\/sites\\\/9\\\/2020\\\/09\\\/cropped-HSLU-Stiftung-Logo.png\",\"contentUrl\":\"https:\\\/\\\/sites.hslu.ch\\\/stiftung\\\/wp-content\\\/uploads\\\/sites\\\/9\\\/2020\\\/09\\\/cropped-HSLU-Stiftung-Logo.png\",\"width\":161,\"height\":96,\"caption\":\"Stiftung Hochschule Luzern\"},\"image\":{\"@id\":\"https:\\\/\\\/sites.hslu.ch\\\/stiftung\\\/#\\\/schema\\\/logo\\\/image\\\/\"}}]}<\/script>\n<!-- \/ Yoast SEO plugin. -->","yoast_head_json":{"title":"Unterst\u00fctzen Sie Talente und Forschung - Hochschule Luzern Foundation","description":"Die Hochschule Luzern Foundation verbindet G\u00f6nnerinnen und G\u00f6nner mit der Hochschule Luzern, ihren Studierenden und f\u00fcr innovative Forschung.","robots":{"index":"index","follow":"follow","max-snippet":"max-snippet:-1","max-image-preview":"max-image-preview:large","max-video-preview":"max-video-preview:-1"},"canonical":"https:\/\/sites.hslu.ch\/stiftung\/","og_locale":"de_DE","og_type":"article","og_title":"Unterst\u00fctzen Sie Talente und Forschung - Hochschule Luzern Foundation","og_description":"Die Hochschule Luzern Foundation verbindet G\u00f6nnerinnen und G\u00f6nner mit der Hochschule Luzern, ihren Studierenden und f\u00fcr innovative Forschung.","og_url":"https:\/\/sites.hslu.ch\/stiftung\/","og_site_name":"Stiftung Hochschule Luzern","article_modified_time":"2025-11-14T09:06:42+00:00","og_image":[{"width":2560,"height":1703,"url":"https:\/\/sites.hslu.ch\/stiftung\/wp-content\/uploads\/sites\/9\/2025\/02\/Startseite_Banner-1306683175_Original-6048x4024-1-scaled.jpg","type":"image\/jpeg"}],"twitter_card":"summary_large_image","twitter_misc":{"Gesch\u00e4tzte Lesezeit":"1\u00a0Minute"},"schema":{"@context":"https:\/\/schema.org","@graph":[{"@type":"WebPage","@id":"https:\/\/sites.hslu.ch\/stiftung\/","url":"https:\/\/sites.hslu.ch\/stiftung\/","name":"Unterst\u00fctzen Sie Talente und Forschung - Hochschule Luzern Foundation","isPartOf":{"@id":"https:\/\/sites.hslu.ch\/stiftung\/#website"},"primaryImageOfPage":{"@id":"https:\/\/sites.hslu.ch\/stiftung\/#primaryimage"},"image":{"@id":"https:\/\/sites.hslu.ch\/stiftung\/#primaryimage"},"thumbnailUrl":"https:\/\/sites.hslu.ch\/stiftung\/wp-content\/uploads\/sites\/9\/2025\/02\/Startseite_Banner-1306683175_Original-6048x4024-1-scaled.jpg","datePublished":"2020-09-30T09:09:13+00:00","dateModified":"2025-11-14T09:06:42+00:00","description":"Die Hochschule Luzern Foundation verbindet G\u00f6nnerinnen und G\u00f6nner mit der Hochschule Luzern, ihren Studierenden und f\u00fcr innovative Forschung.","breadcrumb":{"@id":"https:\/\/sites.hslu.ch\/stiftung\/#breadcrumb"},"inLanguage":"de-CH","potentialAction":[{"@type":"ReadAction","target":["https:\/\/sites.hslu.ch\/stiftung\/"]}]},{"@type":"ImageObject","inLanguage":"de-CH","@id":"https:\/\/sites.hslu.ch\/stiftung\/#primaryimage","url":"https:\/\/sites.hslu.ch\/stiftung\/wp-content\/uploads\/sites\/9\/2025\/02\/Startseite_Banner-1306683175_Original-6048x4024-1-scaled.jpg","contentUrl":"https:\/\/sites.hslu.ch\/stiftung\/wp-content\/uploads\/sites\/9\/2025\/02\/Startseite_Banner-1306683175_Original-6048x4024-1-scaled.jpg","width":2560,"height":1703,"caption":"Female Industrial engineer working on desktop computer in robotic welding testing area of research and development in automobile industry. Productivity improvement concepts."},{"@type":"BreadcrumbList","@id":"https:\/\/sites.hslu.ch\/stiftung\/#breadcrumb","itemListElement":[{"@type":"ListItem","position":1,"name":"Home","item":"https:\/\/sites.hslu.ch\/stiftung\/"},{"@type":"ListItem","position":2,"name":"Unterst\u00fctzen Sie Talente, Innovation und Forschung"}]},{"@type":"WebSite","@id":"https:\/\/sites.hslu.ch\/stiftung\/#website","url":"https:\/\/sites.hslu.ch\/stiftung\/","name":"Stiftung Hochschule Luzern","description":"","publisher":{"@id":"https:\/\/sites.hslu.ch\/stiftung\/#organization"},"potentialAction":[{"@type":"SearchAction","target":{"@type":"EntryPoint","urlTemplate":"https:\/\/sites.hslu.ch\/stiftung\/?s={search_term_string}"},"query-input":{"@type":"PropertyValueSpecification","valueRequired":true,"valueName":"search_term_string"}}],"inLanguage":"de-CH"},{"@type":"Organization","@id":"https:\/\/sites.hslu.ch\/stiftung\/#organization","name":"Stiftung Hochschule Luzern","url":"https:\/\/sites.hslu.ch\/stiftung\/","logo":{"@type":"ImageObject","inLanguage":"de-CH","@id":"https:\/\/sites.hslu.ch\/stiftung\/#\/schema\/logo\/image\/","url":"https:\/\/sites.hslu.ch\/stiftung\/wp-content\/uploads\/sites\/9\/2020\/09\/cropped-HSLU-Stiftung-Logo.png","contentUrl":"https:\/\/sites.hslu.ch\/stiftung\/wp-content\/uploads\/sites\/9\/2020\/09\/cropped-HSLU-Stiftung-Logo.png","width":161,"height":96,"caption":"Stiftung Hochschule Luzern"},"image":{"@id":"https:\/\/sites.hslu.ch\/stiftung\/#\/schema\/logo\/image\/"}}]}},"_links":{"self":[{"href":"https:\/\/sites.hslu.ch\/stiftung\/wp-json\/wp\/v2\/pages\/98","targetHints":{"allow":["GET"]}}],"collection":[{"href":"https:\/\/sites.hslu.ch\/stiftung\/wp-json\/wp\/v2\/pages"}],"about":[{"href":"https:\/\/sites.hslu.ch\/stiftung\/wp-json\/wp\/v2\/types\/page"}],"author":[{"embeddable":true,"href":"https:\/\/sites.hslu.ch\/stiftung\/wp-json\/wp\/v2\/users\/94"}],"replies":[{"embeddable":true,"href":"https:\/\/sites.hslu.ch\/stiftung\/wp-json\/wp\/v2\/comments?post=98"}],"version-history":[{"count":114,"href":"https:\/\/sites.hslu.ch\/stiftung\/wp-json\/wp\/v2\/pages\/98\/revisions"}],"predecessor-version":[{"id":2394,"href":"https:\/\/sites.hslu.ch\/stiftung\/wp-json\/wp\/v2\/pages\/98\/revisions\/2394"}],"wp:featuredmedia":[{"embeddable":true,"href":"https:\/\/sites.hslu.ch\/stiftung\/wp-json\/wp\/v2\/media\/2288"}],"wp:attachment":[{"href":"https:\/\/sites.hslu.ch\/stiftung\/wp-json\/wp\/v2\/media?parent=98"}],"curies":[{"name":"wp","href":"https:\/\/api.w.org\/{rel}","templated":true}]}}