{"id":2180,"date":"2025-02-21T10:08:24","date_gmt":"2025-02-21T08:08:24","guid":{"rendered":"https:\/\/sites.hslu.ch\/stiftung\/?page_id=2180"},"modified":"2025-08-20T11:38:08","modified_gmt":"2025-08-20T09:38:08","slug":"ueber-uns","status":"publish","type":"page","link":"https:\/\/sites.hslu.ch\/stiftung\/ueber-uns\/","title":{"rendered":"\u00dcber uns"},"content":{"rendered":"\n<p>Im Stiftungsrat engagieren sich Pers\u00f6nlichkeiten aus Wirtschaft, Bildung und Politik mit ihren Kompetenzen, ihren Erfahrungen und ihrem Netzwerk. <\/p>\n\n\n\n<div style=\"height:19px\" aria-hidden=\"true\" class=\"wp-block-spacer\"><\/div>\n\n\n\n<p>Dr. Annette Luther ist seit 01. Juli 2021 Pr\u00e4sidentin des Stiftungsrates und seit 2017 f\u00fcr die Stiftung Hochschule Luzern engagiert. <\/p>\n\n\n\n<div style=\"height:38px\" aria-hidden=\"true\" class=\"wp-block-spacer\"><\/div>\n\n\n<div class=\"team-member\">\n    <h2>Stiftungsrat<\/h2>\n    <div class=\"accordion\" id=\"accordion\">\n            <div class=\"card\">\n            <div class=\"card-header active\">\n                <a class=\"card-link\" data-toggle=\"collapse\" href=\"#collapse1\">\n                    Annette Luther                    <span>Pr\u00e4sidentin, Head External Affairs Switzerland, Roche Group<\/span>\n                    <span class=\"arrow-down\">\n                        <svg width=\"53\" height=\"26\" viewBox=\"0 0 53 26\" fill=\"#434027\" xmlns=\"http:\/\/www.w3.org\/2000\/svg\">\n                            <path d=\"M47.5512 11.6464L37.1816 1.96032L39.0826 0L53 13L39.0826 26L37.1816 24.0397L47.5522 14.3527L0 14.3527L0 11.6464L47.5512 11.6464Z\" fill=\"#434027\"><\/path>\n                        <\/svg>\n                    <\/span>\n                <\/a>\n            <\/div>\n            <div id=\"collapse1\" class=\"panel-collapse collapse  show\" data-parent=\"#accordion\">\n                <div class=\"card-body\">\n                    <div class=\"row\">\n                        <div class=\"col-md-4\">\n                            <div class=\"team-image\">\n                                <img decoding=\"async\" alt=\"\" data-src=\"https:\/\/sites.hslu.ch\/stiftung\/wp-content\/uploads\/sites\/9\/2022\/07\/Annette_Luther-scaled.jpg\" src=\"data:image\/svg+xml;base64,PHN2ZyB3aWR0aD0iMSIgaGVpZ2h0PSIxIiB4bWxucz0iaHR0cDovL3d3dy53My5vcmcvMjAwMC9zdmciPjwvc3ZnPg==\" class=\"lazyload\" style=\"--smush-placeholder-width: 1707px; --smush-placeholder-aspect-ratio: 1707\/2560;\">\n                            <\/div>\n                        <\/div>\n                        <div class=\"col-md-8 content-middle\">\n                            <div class=\"team-description\">\n                                <p>\u00abDie N\u00e4he zu Hochschulen und der gegenseitige Wissenstransfer sind f\u00fcr Roche wichtige Faktoren f\u00fcr einen attraktiven Forschungsstandort Schweiz.\u00bb<\/p>\n                            <\/div>\n                        <\/div>\n                    <\/div>\n                <\/div>\n            <\/div>\n        <\/div>\n        \n                <div class=\"card\">\n            <div class=\"card-header \">\n                <a class=\"card-link\" data-toggle=\"collapse\" href=\"#collapse2\">\n                    Barbara Bader                    <span>Vizepr\u00e4sidentin, Rektorin Hochschule Luzern<\/span>\n                    <span class=\"arrow-down\">\n                        <svg width=\"53\" height=\"26\" viewBox=\"0 0 53 26\" fill=\"#434027\" xmlns=\"http:\/\/www.w3.org\/2000\/svg\">\n                            <path d=\"M47.5512 11.6464L37.1816 1.96032L39.0826 0L53 13L39.0826 26L37.1816 24.0397L47.5522 14.3527L0 14.3527L0 11.6464L47.5512 11.6464Z\" fill=\"#434027\"><\/path>\n                        <\/svg>\n                    <\/span>\n                <\/a>\n            <\/div>\n            <div id=\"collapse2\" class=\"panel-collapse collapse  collapsed\" data-parent=\"#accordion\">\n                <div class=\"card-body\">\n                    <div class=\"row\">\n                        <div class=\"col-md-4\">\n                            <div class=\"team-image\">\n                                <img decoding=\"async\" alt=\"\" data-src=\"https:\/\/sites.hslu.ch\/stiftung\/wp-content\/uploads\/sites\/9\/2022\/12\/barbara-bader.jpg\" src=\"data:image\/svg+xml;base64,PHN2ZyB3aWR0aD0iMSIgaGVpZ2h0PSIxIiB4bWxucz0iaHR0cDovL3d3dy53My5vcmcvMjAwMC9zdmciPjwvc3ZnPg==\" class=\"lazyload\" style=\"--smush-placeholder-width: 1707px; --smush-placeholder-aspect-ratio: 1707\/2561;\">\n                            <\/div>\n                        <\/div>\n                        <div class=\"col-md-8 content-middle\">\n                            <div class=\"team-description\">\n                                <p>\u00abDie Hochschule Luzern tr\u00e4gt\r\nentscheidend zur Innovationskraft der\r\nZentralschweiz bei. Die Stiftung\r\nf\u00f6rdert die Vernetzung von Personen\r\nund Organisationen, welche uns dabei\r\nunterst\u00fctzen wollen.\u00bb<\/p>\n                            <\/div>\n                        <\/div>\n                    <\/div>\n                <\/div>\n            <\/div>\n        <\/div>\n        \n                <div class=\"card\">\n            <div class=\"card-header \">\n                <a class=\"card-link\" data-toggle=\"collapse\" href=\"#collapse3\">\n                    Emmanuel Hofer                    <span>Mitglied, Inhaber und Gesch\u00e4ftsf\u00fchrer EMHO Management AG<\/span>\n                    <span class=\"arrow-down\">\n                        <svg width=\"53\" height=\"26\" viewBox=\"0 0 53 26\" fill=\"#434027\" xmlns=\"http:\/\/www.w3.org\/2000\/svg\">\n                            <path d=\"M47.5512 11.6464L37.1816 1.96032L39.0826 0L53 13L39.0826 26L37.1816 24.0397L47.5522 14.3527L0 14.3527L0 11.6464L47.5512 11.6464Z\" fill=\"#434027\"><\/path>\n                        <\/svg>\n                    <\/span>\n                <\/a>\n            <\/div>\n            <div id=\"collapse3\" class=\"panel-collapse collapse  collapsed\" data-parent=\"#accordion\">\n                <div class=\"card-body\">\n                    <div class=\"row\">\n                        <div class=\"col-md-4\">\n                            <div class=\"team-image\">\n                                <img decoding=\"async\" alt=\"\" data-src=\"https:\/\/sites.hslu.ch\/stiftung\/wp-content\/uploads\/sites\/9\/2024\/07\/Emmanuel_Hofer.jpeg\" src=\"data:image\/svg+xml;base64,PHN2ZyB3aWR0aD0iMSIgaGVpZ2h0PSIxIiB4bWxucz0iaHR0cDovL3d3dy53My5vcmcvMjAwMC9zdmciPjwvc3ZnPg==\" class=\"lazyload\" style=\"--smush-placeholder-width: 337px; --smush-placeholder-aspect-ratio: 337\/449;\">\n                            <\/div>\n                        <\/div>\n                        <div class=\"col-md-8 content-middle\">\n                            <div class=\"team-description\">\n                                <p>\u00abDie Zentralschweizer Unternehmen sind auf eine starke und innovative HSLU angewiesen. Darum lohnt sich ein Engagement f\u00fcr die HSLU immer.\u00bb<\/p>\n                            <\/div>\n                        <\/div>\n                    <\/div>\n                <\/div>\n            <\/div>\n        <\/div>\n        \n                <div class=\"card\">\n            <div class=\"card-header \">\n                <a class=\"card-link\" data-toggle=\"collapse\" href=\"#collapse4\">\n                    Erich Ettlin                    <span>Mitglied, Partner BDO AG, St\u00e4nderat Kanton Obwalden<\/span>\n                    <span class=\"arrow-down\">\n                        <svg width=\"53\" height=\"26\" viewBox=\"0 0 53 26\" fill=\"#434027\" xmlns=\"http:\/\/www.w3.org\/2000\/svg\">\n                            <path d=\"M47.5512 11.6464L37.1816 1.96032L39.0826 0L53 13L39.0826 26L37.1816 24.0397L47.5522 14.3527L0 14.3527L0 11.6464L47.5512 11.6464Z\" fill=\"#434027\"><\/path>\n                        <\/svg>\n                    <\/span>\n                <\/a>\n            <\/div>\n            <div id=\"collapse4\" class=\"panel-collapse collapse  collapsed\" data-parent=\"#accordion\">\n                <div class=\"card-body\">\n                    <div class=\"row\">\n                        <div class=\"col-md-4\">\n                            <div class=\"team-image\">\n                                <img decoding=\"async\" alt=\"\" data-src=\"https:\/\/sites.hslu.ch\/stiftung\/wp-content\/uploads\/sites\/9\/2020\/09\/Rectangle-24-5.jpg\" src=\"data:image\/svg+xml;base64,PHN2ZyB3aWR0aD0iMSIgaGVpZ2h0PSIxIiB4bWxucz0iaHR0cDovL3d3dy53My5vcmcvMjAwMC9zdmciPjwvc3ZnPg==\" class=\"lazyload\" style=\"--smush-placeholder-width: 268px; --smush-placeholder-aspect-ratio: 268\/428;\">\n                            <\/div>\n                        <\/div>\n                        <div class=\"col-md-8 content-middle\">\n                            <div class=\"team-description\">\n                                <p>\u00abIch engagiere mich mit \u00dcberzeugung\r\nf\u00fcr die Hochschule Luzern, weil sie f\u00fcr\r\nmeinen eigenen Lebensweg, die Region\r\nZentralschweiz und die Bildungslandschaft Schweiz enorm wichtig war und\r\nist.\u00bb<\/p>\n                            <\/div>\n                        <\/div>\n                    <\/div>\n                <\/div>\n            <\/div>\n        <\/div>\n        \n                <div class=\"card\">\n            <div class=\"card-header \">\n                <a class=\"card-link\" data-toggle=\"collapse\" href=\"#collapse5\">\n                    Selina Villiger                    <span>Mitglied, Advisory Board der HSLU Alumni,<br> Beraterin bei Bernet Relations<\/span>\n                    <span class=\"arrow-down\">\n                        <svg width=\"53\" height=\"26\" viewBox=\"0 0 53 26\" fill=\"#434027\" xmlns=\"http:\/\/www.w3.org\/2000\/svg\">\n                            <path d=\"M47.5512 11.6464L37.1816 1.96032L39.0826 0L53 13L39.0826 26L37.1816 24.0397L47.5522 14.3527L0 14.3527L0 11.6464L47.5512 11.6464Z\" fill=\"#434027\"><\/path>\n                        <\/svg>\n                    <\/span>\n                <\/a>\n            <\/div>\n            <div id=\"collapse5\" class=\"panel-collapse collapse  collapsed\" data-parent=\"#accordion\">\n                <div class=\"card-body\">\n                    <div class=\"row\">\n                        <div class=\"col-md-4\">\n                            <div class=\"team-image\">\n                                <img decoding=\"async\" alt=\"\" data-src=\"https:\/\/sites.hslu.ch\/stiftung\/wp-content\/uploads\/sites\/9\/2020\/09\/Rectangle-24-6.jpg\" src=\"data:image\/svg+xml;base64,PHN2ZyB3aWR0aD0iMSIgaGVpZ2h0PSIxIiB4bWxucz0iaHR0cDovL3d3dy53My5vcmcvMjAwMC9zdmciPjwvc3ZnPg==\" class=\"lazyload\" style=\"--smush-placeholder-width: 268px; --smush-placeholder-aspect-ratio: 268\/428;\">\n                            <\/div>\n                        <\/div>\n                        <div class=\"col-md-8 content-middle\">\n                            <div class=\"team-description\">\n                                <p>\u00abAls Absolventin der Hochschule Luzern bin ich interessiert an exzellenter Lehre und Forschung. Deshalb setze ich mich daf\u00fcr ein, dass diese auch in Zukunft sichergestellt werden kann.\u00bb<\/p>\n                            <\/div>\n                        <\/div>\n                    <\/div>\n                <\/div>\n            <\/div>\n        <\/div>\n        \n                <div class=\"card\">\n            <div class=\"card-header \">\n                <a class=\"card-link\" data-toggle=\"collapse\" href=\"#collapse6\">\n                    Christian Gisi                    <span>Mitglied, Leiter Marketing &amp; Kommunikation Hochschule Luzern<\/span>\n                    <span class=\"arrow-down\">\n                        <svg width=\"53\" height=\"26\" viewBox=\"0 0 53 26\" fill=\"#434027\" xmlns=\"http:\/\/www.w3.org\/2000\/svg\">\n                            <path d=\"M47.5512 11.6464L37.1816 1.96032L39.0826 0L53 13L39.0826 26L37.1816 24.0397L47.5522 14.3527L0 14.3527L0 11.6464L47.5512 11.6464Z\" fill=\"#434027\"><\/path>\n                        <\/svg>\n                    <\/span>\n                <\/a>\n            <\/div>\n            <div id=\"collapse6\" class=\"panel-collapse collapse  collapsed\" data-parent=\"#accordion\">\n                <div class=\"card-body\">\n                    <div class=\"row\">\n                        <div class=\"col-md-4\">\n                            <div class=\"team-image\">\n                                <img decoding=\"async\" alt=\"\" data-src=\"https:\/\/sites.hslu.ch\/stiftung\/wp-content\/uploads\/sites\/9\/2020\/09\/Rectangle-24-2.jpg\" src=\"data:image\/svg+xml;base64,PHN2ZyB3aWR0aD0iMSIgaGVpZ2h0PSIxIiB4bWxucz0iaHR0cDovL3d3dy53My5vcmcvMjAwMC9zdmciPjwvc3ZnPg==\" class=\"lazyload\" style=\"--smush-placeholder-width: 268px; --smush-placeholder-aspect-ratio: 268\/428;\">\n                            <\/div>\n                        <\/div>\n                        <div class=\"col-md-8 content-middle\">\n                            <div class=\"team-description\">\n                                <p>\u00abZukunftsweisende Projekte, welche durch die Hochschulstiftung gef\u00f6rdert werden, schaffen positive Identifika\u00adtionsm\u00f6glichkeiten \u2013 sowohl auf Spender\u00ad als auch auf Empf\u00e4ngerseite.\u00bb<\/p>\n                            <\/div>\n                        <\/div>\n                    <\/div>\n                <\/div>\n            <\/div>\n        <\/div>\n        \n                <div class=\"card\">\n            <div class=\"card-header \">\n                <a class=\"card-link\" data-toggle=\"collapse\" href=\"#collapse7\">\n                    Silvan Felder                    <span>Mitglied, Inhaber und Gesch\u00e4ftsf\u00fchrer Verwaltungsrat Management AG<\/span>\n                    <span class=\"arrow-down\">\n                        <svg width=\"53\" height=\"26\" viewBox=\"0 0 53 26\" fill=\"#434027\" xmlns=\"http:\/\/www.w3.org\/2000\/svg\">\n                            <path d=\"M47.5512 11.6464L37.1816 1.96032L39.0826 0L53 13L39.0826 26L37.1816 24.0397L47.5522 14.3527L0 14.3527L0 11.6464L47.5512 11.6464Z\" fill=\"#434027\"><\/path>\n                        <\/svg>\n                    <\/span>\n                <\/a>\n            <\/div>\n            <div id=\"collapse7\" class=\"panel-collapse collapse  collapsed\" data-parent=\"#accordion\">\n                <div class=\"card-body\">\n                    <div class=\"row\">\n                        <div class=\"col-md-4\">\n                            <div class=\"team-image\">\n                                <img decoding=\"async\" alt=\"Silvan Felder\" data-src=\"https:\/\/sites.hslu.ch\/stiftung\/wp-content\/uploads\/sites\/9\/2022\/03\/Silvan_Felder-2022.jpg\" src=\"data:image\/svg+xml;base64,PHN2ZyB3aWR0aD0iMSIgaGVpZ2h0PSIxIiB4bWxucz0iaHR0cDovL3d3dy53My5vcmcvMjAwMC9zdmciPjwvc3ZnPg==\" class=\"lazyload\" style=\"--smush-placeholder-width: 853px; --smush-placeholder-aspect-ratio: 853\/1280;\">\n                            <\/div>\n                        <\/div>\n                        <div class=\"col-md-8 content-middle\">\n                            <div class=\"team-description\">\n                                <p>\u00abDie Hochschule Luzern hat meinen Lebensweg und den anderer lernbereiter Menschen gepr\u00e4gt die wissen, dass Wissen sie pers\u00f6nlich, fachlich und auch beruflich weiterbringt. Eine Herzensangelegenheit.\u00bb<\/p>\n                            <\/div>\n                        <\/div>\n                    <\/div>\n                <\/div>\n            <\/div>\n        <\/div>\n        \n            <\/div>\n<\/div>\n\n\n\n\n<div style=\"height:38px\" aria-hidden=\"true\" class=\"wp-block-spacer\"><\/div>\n\n\n\n<p>Die HSLU Foundation ist als Stiftung Hochschule Luzern eine im Handelsregister eingetragene gemeinn\u00fctzige Stiftung und untersteht der Zentralschweizer BVG- und Stiftungsaufsicht. Sie ist als gemeinn\u00fctzige Stiftung steuerbefreit. <\/p>\n\n\n\n<p>Eingetragener Name: Stiftung Hochschule Luzern. Nummer: CHE-299.874.279.<\/p>\n\n\n\n<p><\/p>\n","protected":false},"excerpt":{"rendered":"<p>Wir f\u00f6rdern Talente, Innovation, Forschung und Lehre an der Hochschule Luzern. <\/p>\n","protected":false},"author":173,"featured_media":2296,"parent":0,"menu_order":0,"comment_status":"closed","ping_status":"closed","template":"ihr-engangement.php","meta":{"_acf_changed":false,"ghostkit_customizer_options":"","ghostkit_custom_css":"","ghostkit_custom_js_head":"","ghostkit_custom_js_foot":"","ghostkit_typography":"","footnotes":"","_links_to":"","_links_to_target":""},"class_list":["post-2180","page","type-page","status-publish","has-post-thumbnail","hentry"],"acf":[],"yoast_head":"<!-- This site is optimized with the Yoast SEO plugin v27.4 - https:\/\/yoast.com\/product\/yoast-seo-wordpress\/ -->\n<title>\u00dcber uns - HSLU Foundation<\/title>\n<meta name=\"description\" content=\"Mit der Hochschule Luzern Foundation Talente, Forschung und Innovation in der Zentralschweiz f\u00f6rdern\" \/>\n<meta name=\"robots\" content=\"index, follow, max-snippet:-1, max-image-preview:large, max-video-preview:-1\" \/>\n<link rel=\"canonical\" href=\"https:\/\/sites.hslu.ch\/stiftung\/ueber-uns\/\" \/>\n<meta property=\"og:locale\" content=\"de_DE\" \/>\n<meta property=\"og:type\" content=\"article\" \/>\n<meta property=\"og:title\" content=\"\u00dcber uns - HSLU Foundation\" \/>\n<meta property=\"og:description\" content=\"Mit der Hochschule Luzern Foundation Talente, Forschung und Innovation in der Zentralschweiz f\u00f6rdern\" \/>\n<meta property=\"og:url\" content=\"https:\/\/sites.hslu.ch\/stiftung\/ueber-uns\/\" \/>\n<meta property=\"og:site_name\" content=\"Stiftung Hochschule Luzern\" \/>\n<meta property=\"article:modified_time\" content=\"2025-08-20T09:38:08+00:00\" \/>\n<meta property=\"og:image\" content=\"https:\/\/sites.hslu.ch\/stiftung\/wp-content\/uploads\/sites\/9\/2025\/02\/Bildschirmfoto-2025-02-24-um-14.31.43.png\" \/>\n\t<meta property=\"og:image:width\" content=\"1874\" \/>\n\t<meta property=\"og:image:height\" content=\"845\" \/>\n\t<meta property=\"og:image:type\" content=\"image\/png\" \/>\n<meta name=\"twitter:card\" content=\"summary_large_image\" \/>\n<meta name=\"twitter:label1\" content=\"Gesch\u00e4tzte Lesezeit\" \/>\n\t<meta name=\"twitter:data1\" content=\"1\u00a0Minute\" \/>\n<script type=\"application\/ld+json\" class=\"yoast-schema-graph\">{\"@context\":\"https:\\\/\\\/schema.org\",\"@graph\":[{\"@type\":\"WebPage\",\"@id\":\"https:\\\/\\\/sites.hslu.ch\\\/stiftung\\\/ueber-uns\\\/\",\"url\":\"https:\\\/\\\/sites.hslu.ch\\\/stiftung\\\/ueber-uns\\\/\",\"name\":\"\u00dcber uns - HSLU Foundation\",\"isPartOf\":{\"@id\":\"https:\\\/\\\/sites.hslu.ch\\\/stiftung\\\/#website\"},\"primaryImageOfPage\":{\"@id\":\"https:\\\/\\\/sites.hslu.ch\\\/stiftung\\\/ueber-uns\\\/#primaryimage\"},\"image\":{\"@id\":\"https:\\\/\\\/sites.hslu.ch\\\/stiftung\\\/ueber-uns\\\/#primaryimage\"},\"thumbnailUrl\":\"https:\\\/\\\/sites.hslu.ch\\\/stiftung\\\/wp-content\\\/uploads\\\/sites\\\/9\\\/2025\\\/02\\\/Bildschirmfoto-2025-02-24-um-14.31.43.png\",\"datePublished\":\"2025-02-21T08:08:24+00:00\",\"dateModified\":\"2025-08-20T09:38:08+00:00\",\"description\":\"Mit der Hochschule Luzern Foundation Talente, Forschung und Innovation in der Zentralschweiz f\u00f6rdern\",\"breadcrumb\":{\"@id\":\"https:\\\/\\\/sites.hslu.ch\\\/stiftung\\\/ueber-uns\\\/#breadcrumb\"},\"inLanguage\":\"de-CH\",\"potentialAction\":[{\"@type\":\"ReadAction\",\"target\":[\"https:\\\/\\\/sites.hslu.ch\\\/stiftung\\\/ueber-uns\\\/\"]}]},{\"@type\":\"ImageObject\",\"inLanguage\":\"de-CH\",\"@id\":\"https:\\\/\\\/sites.hslu.ch\\\/stiftung\\\/ueber-uns\\\/#primaryimage\",\"url\":\"https:\\\/\\\/sites.hslu.ch\\\/stiftung\\\/wp-content\\\/uploads\\\/sites\\\/9\\\/2025\\\/02\\\/Bildschirmfoto-2025-02-24-um-14.31.43.png\",\"contentUrl\":\"https:\\\/\\\/sites.hslu.ch\\\/stiftung\\\/wp-content\\\/uploads\\\/sites\\\/9\\\/2025\\\/02\\\/Bildschirmfoto-2025-02-24-um-14.31.43.png\",\"width\":1874,\"height\":845,\"caption\":\"HLSU-Logo-Foundation\"},{\"@type\":\"BreadcrumbList\",\"@id\":\"https:\\\/\\\/sites.hslu.ch\\\/stiftung\\\/ueber-uns\\\/#breadcrumb\",\"itemListElement\":[{\"@type\":\"ListItem\",\"position\":1,\"name\":\"Home\",\"item\":\"https:\\\/\\\/sites.hslu.ch\\\/stiftung\\\/\"},{\"@type\":\"ListItem\",\"position\":2,\"name\":\"\u00dcber uns\"}]},{\"@type\":\"WebSite\",\"@id\":\"https:\\\/\\\/sites.hslu.ch\\\/stiftung\\\/#website\",\"url\":\"https:\\\/\\\/sites.hslu.ch\\\/stiftung\\\/\",\"name\":\"Stiftung Hochschule Luzern\",\"description\":\"\",\"publisher\":{\"@id\":\"https:\\\/\\\/sites.hslu.ch\\\/stiftung\\\/#organization\"},\"potentialAction\":[{\"@type\":\"SearchAction\",\"target\":{\"@type\":\"EntryPoint\",\"urlTemplate\":\"https:\\\/\\\/sites.hslu.ch\\\/stiftung\\\/?s={search_term_string}\"},\"query-input\":{\"@type\":\"PropertyValueSpecification\",\"valueRequired\":true,\"valueName\":\"search_term_string\"}}],\"inLanguage\":\"de-CH\"},{\"@type\":\"Organization\",\"@id\":\"https:\\\/\\\/sites.hslu.ch\\\/stiftung\\\/#organization\",\"name\":\"Stiftung Hochschule Luzern\",\"url\":\"https:\\\/\\\/sites.hslu.ch\\\/stiftung\\\/\",\"logo\":{\"@type\":\"ImageObject\",\"inLanguage\":\"de-CH\",\"@id\":\"https:\\\/\\\/sites.hslu.ch\\\/stiftung\\\/#\\\/schema\\\/logo\\\/image\\\/\",\"url\":\"https:\\\/\\\/sites.hslu.ch\\\/stiftung\\\/wp-content\\\/uploads\\\/sites\\\/9\\\/2020\\\/09\\\/cropped-HSLU-Stiftung-Logo.png\",\"contentUrl\":\"https:\\\/\\\/sites.hslu.ch\\\/stiftung\\\/wp-content\\\/uploads\\\/sites\\\/9\\\/2020\\\/09\\\/cropped-HSLU-Stiftung-Logo.png\",\"width\":161,\"height\":96,\"caption\":\"Stiftung Hochschule Luzern\"},\"image\":{\"@id\":\"https:\\\/\\\/sites.hslu.ch\\\/stiftung\\\/#\\\/schema\\\/logo\\\/image\\\/\"}}]}<\/script>\n<!-- \/ Yoast SEO plugin. -->","yoast_head_json":{"title":"\u00dcber uns - HSLU Foundation","description":"Mit der Hochschule Luzern Foundation Talente, Forschung und Innovation in der Zentralschweiz f\u00f6rdern","robots":{"index":"index","follow":"follow","max-snippet":"max-snippet:-1","max-image-preview":"max-image-preview:large","max-video-preview":"max-video-preview:-1"},"canonical":"https:\/\/sites.hslu.ch\/stiftung\/ueber-uns\/","og_locale":"de_DE","og_type":"article","og_title":"\u00dcber uns - HSLU Foundation","og_description":"Mit der Hochschule Luzern Foundation Talente, Forschung und Innovation in der Zentralschweiz f\u00f6rdern","og_url":"https:\/\/sites.hslu.ch\/stiftung\/ueber-uns\/","og_site_name":"Stiftung Hochschule Luzern","article_modified_time":"2025-08-20T09:38:08+00:00","og_image":[{"width":1874,"height":845,"url":"https:\/\/sites.hslu.ch\/stiftung\/wp-content\/uploads\/sites\/9\/2025\/02\/Bildschirmfoto-2025-02-24-um-14.31.43.png","type":"image\/png"}],"twitter_card":"summary_large_image","twitter_misc":{"Gesch\u00e4tzte Lesezeit":"1\u00a0Minute"},"schema":{"@context":"https:\/\/schema.org","@graph":[{"@type":"WebPage","@id":"https:\/\/sites.hslu.ch\/stiftung\/ueber-uns\/","url":"https:\/\/sites.hslu.ch\/stiftung\/ueber-uns\/","name":"\u00dcber uns - HSLU Foundation","isPartOf":{"@id":"https:\/\/sites.hslu.ch\/stiftung\/#website"},"primaryImageOfPage":{"@id":"https:\/\/sites.hslu.ch\/stiftung\/ueber-uns\/#primaryimage"},"image":{"@id":"https:\/\/sites.hslu.ch\/stiftung\/ueber-uns\/#primaryimage"},"thumbnailUrl":"https:\/\/sites.hslu.ch\/stiftung\/wp-content\/uploads\/sites\/9\/2025\/02\/Bildschirmfoto-2025-02-24-um-14.31.43.png","datePublished":"2025-02-21T08:08:24+00:00","dateModified":"2025-08-20T09:38:08+00:00","description":"Mit der Hochschule Luzern Foundation Talente, Forschung und Innovation in der Zentralschweiz f\u00f6rdern","breadcrumb":{"@id":"https:\/\/sites.hslu.ch\/stiftung\/ueber-uns\/#breadcrumb"},"inLanguage":"de-CH","potentialAction":[{"@type":"ReadAction","target":["https:\/\/sites.hslu.ch\/stiftung\/ueber-uns\/"]}]},{"@type":"ImageObject","inLanguage":"de-CH","@id":"https:\/\/sites.hslu.ch\/stiftung\/ueber-uns\/#primaryimage","url":"https:\/\/sites.hslu.ch\/stiftung\/wp-content\/uploads\/sites\/9\/2025\/02\/Bildschirmfoto-2025-02-24-um-14.31.43.png","contentUrl":"https:\/\/sites.hslu.ch\/stiftung\/wp-content\/uploads\/sites\/9\/2025\/02\/Bildschirmfoto-2025-02-24-um-14.31.43.png","width":1874,"height":845,"caption":"HLSU-Logo-Foundation"},{"@type":"BreadcrumbList","@id":"https:\/\/sites.hslu.ch\/stiftung\/ueber-uns\/#breadcrumb","itemListElement":[{"@type":"ListItem","position":1,"name":"Home","item":"https:\/\/sites.hslu.ch\/stiftung\/"},{"@type":"ListItem","position":2,"name":"\u00dcber uns"}]},{"@type":"WebSite","@id":"https:\/\/sites.hslu.ch\/stiftung\/#website","url":"https:\/\/sites.hslu.ch\/stiftung\/","name":"Stiftung Hochschule Luzern","description":"","publisher":{"@id":"https:\/\/sites.hslu.ch\/stiftung\/#organization"},"potentialAction":[{"@type":"SearchAction","target":{"@type":"EntryPoint","urlTemplate":"https:\/\/sites.hslu.ch\/stiftung\/?s={search_term_string}"},"query-input":{"@type":"PropertyValueSpecification","valueRequired":true,"valueName":"search_term_string"}}],"inLanguage":"de-CH"},{"@type":"Organization","@id":"https:\/\/sites.hslu.ch\/stiftung\/#organization","name":"Stiftung Hochschule Luzern","url":"https:\/\/sites.hslu.ch\/stiftung\/","logo":{"@type":"ImageObject","inLanguage":"de-CH","@id":"https:\/\/sites.hslu.ch\/stiftung\/#\/schema\/logo\/image\/","url":"https:\/\/sites.hslu.ch\/stiftung\/wp-content\/uploads\/sites\/9\/2020\/09\/cropped-HSLU-Stiftung-Logo.png","contentUrl":"https:\/\/sites.hslu.ch\/stiftung\/wp-content\/uploads\/sites\/9\/2020\/09\/cropped-HSLU-Stiftung-Logo.png","width":161,"height":96,"caption":"Stiftung Hochschule Luzern"},"image":{"@id":"https:\/\/sites.hslu.ch\/stiftung\/#\/schema\/logo\/image\/"}}]}},"_links":{"self":[{"href":"https:\/\/sites.hslu.ch\/stiftung\/wp-json\/wp\/v2\/pages\/2180","targetHints":{"allow":["GET"]}}],"collection":[{"href":"https:\/\/sites.hslu.ch\/stiftung\/wp-json\/wp\/v2\/pages"}],"about":[{"href":"https:\/\/sites.hslu.ch\/stiftung\/wp-json\/wp\/v2\/types\/page"}],"author":[{"embeddable":true,"href":"https:\/\/sites.hslu.ch\/stiftung\/wp-json\/wp\/v2\/users\/173"}],"replies":[{"embeddable":true,"href":"https:\/\/sites.hslu.ch\/stiftung\/wp-json\/wp\/v2\/comments?post=2180"}],"version-history":[{"count":5,"href":"https:\/\/sites.hslu.ch\/stiftung\/wp-json\/wp\/v2\/pages\/2180\/revisions"}],"predecessor-version":[{"id":2362,"href":"https:\/\/sites.hslu.ch\/stiftung\/wp-json\/wp\/v2\/pages\/2180\/revisions\/2362"}],"wp:featuredmedia":[{"embeddable":true,"href":"https:\/\/sites.hslu.ch\/stiftung\/wp-json\/wp\/v2\/media\/2296"}],"wp:attachment":[{"href":"https:\/\/sites.hslu.ch\/stiftung\/wp-json\/wp\/v2\/media?parent=2180"}],"curies":[{"name":"wp","href":"https:\/\/api.w.org\/{rel}","templated":true}]}}