{"id":91,"date":"2020-11-12T13:29:53","date_gmt":"2020-11-12T13:29:53","guid":{"rendered":"https:\/\/sites.hslu.ch\/spitex\/?page_id=91"},"modified":"2021-11-09T20:34:41","modified_gmt":"2021-11-09T19:34:41","slug":"dokumente","status":"publish","type":"page","link":"https:\/\/sites.hslu.ch\/spitex\/dokumente\/","title":{"rendered":"Dokumente"},"content":{"rendered":"\n<p><strong>Webinare November 21, Benchmark<\/strong><\/p>\n\n\n\n<ul class=\"wp-block-list\"><li>Pr\u00e4sentationsfolien\u00a0[<a rel=\"noreferrer noopener\" href=\"https:\/\/sites.hslu.ch\/spitex\/wp-content\/uploads\/sites\/10\/2021\/11\/Webinar_Benchmark_20211103.pdf\" target=\"_blank\">PDF<\/a>]<\/li><li>Aufzeichnung Webinar [<a rel=\"noreferrer noopener\" href=\"https:\/\/hslu.zoom.us\/rec\/play\/VUn_-DUr3mSoOOWXkxfrp_0Yzg3chZ5BVZ_nHBN4re5WR3aD_OifN7rmwmQCBNV_8EaVYUv3e9zUj_og.T3TEZmI9rpNhuyKX\" target=\"_blank\">Link<\/a>]<\/li><li>Diapositives\u00a0[<a href=\"https:\/\/sites.hslu.ch\/spitex\/wp-content\/uploads\/sites\/10\/2021\/11\/Webinaire_Benchmark_FR_20211109.pdf\" target=\"_blank\" rel=\"noreferrer noopener\">PDF<\/a>]<\/li><li>Enregistrement\u00a0du webinaire\u00a0[<a href=\"https:\/\/hslu.zoom.us\/rec\/play\/uxE3p20oBK7LrTun91kchPaAtyZ_W_24QxV8O3Gy7fwqPv8E4YbgUPa-6UeLihzU6yo6CRcwlHG0oxzS.cJiv2yPXaH94vmCS\" target=\"_blank\" rel=\"noreferrer noopener\">ici<\/a>]<\/li><\/ul>\n\n\n\n<p><strong>Webinare Oktober 2021, Fortf\u00fchrung KoRe und Cocpit<\/strong><\/p>\n\n\n\n<ul class=\"wp-block-list\"><li>Pr\u00e4sentationsfolien&nbsp;[<a href=\"https:\/\/sites.hslu.ch\/spitex\/wp-content\/uploads\/sites\/10\/2021\/10\/Praesentationsfolien_08102021.pdf\" target=\"_blank\" rel=\"noreferrer noopener\">PDF<\/a>] <\/li><li>Aufzeichnung Webinar [<a href=\"https:\/\/hslu.zoom.us\/rec\/play\/X87TVoU_QaOEXYTC5XR5l09OEcH95QHaXJd9ffVMknTDTlq3iSthv4s0C2kMrbySoAqvMg6VBkUV61Lw.X8pu1k_OCHxezDsL\" target=\"_blank\" rel=\"noreferrer noopener\">Link<\/a>]<\/li><li>Diapositives&nbsp;[<a href=\"https:\/\/sites.hslu.ch\/spitex\/wp-content\/uploads\/sites\/10\/2021\/10\/Slides-de-presentation_08102021-FR-1.pdf\" target=\"_blank\" rel=\"noreferrer noopener\">PDF<\/a>]<\/li><li>Enregistrement&nbsp;du webinaire&nbsp;[<a href=\"https:\/\/hslu.zoom.us\/rec\/play\/InXraXpGsZePwRdUn_ndJG8d5IWJUsk7FmbZi_Mnl5P98AcJPRhIUrvZl8yoA8uxx2sJGj5wEZ1O0szN.3AEOYUhzh7b8DaUr\" target=\"_blank\" rel=\"noreferrer noopener\">ici<\/a>]<\/li><\/ul>\n\n\n\n<p><strong>Webinare April 2021, Einf\u00fchrung KoRe und Cockpit<\/strong><\/p>\n\n\n\n<ul class=\"wp-block-list\"><li>Pr\u00e4sentationsfolien [<a href=\"https:\/\/sites.hslu.ch\/spitex\/wp-content\/uploads\/sites\/10\/2021\/04\/Praesentationsfolien.pdf\" target=\"_blank\" rel=\"noreferrer noopener\">PDF<\/a>]<\/li><li>Aufzeichnung [<a href=\"https:\/\/hslu.zoom.us\/webinar\/register\/WN_jSzgVR0LQH6-uDRl43u7JQ\" target=\"_blank\" rel=\"noreferrer noopener\">Link<\/a>]<\/li><li>Slides de pr\u00e9sentation&nbsp; [<a href=\"https:\/\/sites.hslu.ch\/spitex\/wp-content\/uploads\/sites\/10\/2021\/06\/Slides-de-presentation.pdf\" target=\"_blank\" rel=\"noreferrer noopener\">PDF<\/a>] <\/li><li>Enregistrement du webinaire [<a href=\"https:\/\/hslu.zoom.us\/rec\/play\/-PzJTYYyK48k_fidMlwE9Z0ajs99GvvLI5HtODmaqWYnHdsJAMCS9kTD9T_7xl-0h9m7ncU2fMO-ta9T.VM2r8ui7jG9Ob7ZT?startTime=1623156369000\" target=\"_blank\" rel=\"noreferrer noopener\">ici<\/a>] <\/li><\/ul>\n\n\n\n<p><\/p>\n\n\n\n<p><strong>Anleitung Datenexport Abacus_<\/strong>Juli 2021 [<a href=\"https:\/\/sites.hslu.ch\/spitex\/wp-content\/uploads\/sites\/10\/2021\/07\/Anleitung-Datenexport-Abacus_Juli-2021.pdf\" target=\"_blank\" rel=\"noreferrer noopener\">PDF<\/a>]<\/p>\n\n\n\n<p><strong>Fact Sheets November 2020<\/strong> <strong>Deutsch<\/strong><\/p>\n\n\n\n<p>Innosuisse Projekt, Hochschule Luzern [<a href=\"https:\/\/sites.hslu.ch\/spitex\/wp-content\/uploads\/sites\/10\/2020\/11\/Hochschule_Luzern_Final_German1.pdf\" target=\"_blank\" rel=\"noreferrer noopener\">PDF<\/a>]<br>Spitex Cockpit mit Heyde [<a href=\"https:\/\/sites.hslu.ch\/spitex\/wp-content\/uploads\/sites\/10\/2020\/11\/Spitex-Cockpit_Kostenrechnung-und-Kennzahlensystem-in-Qlik_Final_German-1.pdf\" target=\"_blank\" rel=\"noreferrer noopener\">PDF<\/a>]<br>Spitex Benchmark mit Polynomics [<a href=\"https:\/\/sites.hslu.ch\/spitex\/wp-content\/uploads\/sites\/10\/2020\/11\/Polynomics_Final_German.pdf\" target=\"_blank\" rel=\"noreferrer noopener\">PDF<\/a>]<\/p>\n\n\n\n<p><strong>Fiches d&#8217;information Novembre 2020 Fran\u00e7ais:<\/strong><\/p>\n\n\n\n<p>Project Innosuisse, Universit\u00e9 des Sciences Appliqu\u00e9es de Lucerne [<a href=\"https:\/\/sites.hslu.ch\/spitex\/wp-content\/uploads\/sites\/10\/2020\/11\/Hochschule-Luzern_Final_French.pdf\" target=\"_blank\" rel=\"noreferrer noopener\">PDF<\/a>]<br>Cockpit de gestion Aide et soins \u00e0 domicile avec Heyde [<a href=\"https:\/\/sites.hslu.ch\/spitex\/wp-content\/uploads\/sites\/10\/2020\/11\/Spitex-Cockpit_Kostenrechnung-und-Kennzahlensystem-in-Qlik_Final_French.pdf\" target=\"_blank\" rel=\"noreferrer noopener\">PDF<\/a>]<br>Benchmarking Aide et soins \u00e0 domicile avec Polynomics [<a href=\"https:\/\/sites.hslu.ch\/spitex\/wp-content\/uploads\/sites\/10\/2020\/11\/Polynomics_Final_French.pdf\" target=\"_blank\" rel=\"noreferrer noopener\">PDF<\/a>]<\/p>\n\n\n","protected":false},"excerpt":{"rendered":"<p>Webinare November 21, Benchmark Pr\u00e4sentationsfolien\u00a0[PDF] Aufzeichnung Webinar [Link] Diapositives\u00a0[PDF] Enregistrement\u00a0du webinaire\u00a0[ici] Webinare Oktober 2021, Fortf\u00fchrung KoRe und Cocpit Pr\u00e4sentationsfolien&nbsp;[PDF] Aufzeichnung Webinar [Link] Diapositives&nbsp;[PDF] Enregistrement&nbsp;du webinaire&nbsp;[ici] Webinare April 2021, Einf\u00fchrung KoRe und Cockpit Pr\u00e4sentationsfolien [PDF] Aufzeichnung [Link] Slides de pr\u00e9sentation&nbsp; [PDF] Enregistrement du webinaire [ici] Anleitung Datenexport Abacus_Juli 2021 [PDF] Fact Sheets November 2020 Deutsch Innosuisse<\/p>\n","protected":false},"author":94,"featured_media":0,"parent":0,"menu_order":0,"comment_status":"closed","ping_status":"closed","template":"","meta":{"_acf_changed":false,"footnotes":""},"class_list":["post-91","page","type-page","status-publish","hentry"],"acf":[],"_links":{"self":[{"href":"https:\/\/sites.hslu.ch\/spitex\/wp-json\/wp\/v2\/pages\/91","targetHints":{"allow":["GET"]}}],"collection":[{"href":"https:\/\/sites.hslu.ch\/spitex\/wp-json\/wp\/v2\/pages"}],"about":[{"href":"https:\/\/sites.hslu.ch\/spitex\/wp-json\/wp\/v2\/types\/page"}],"author":[{"embeddable":true,"href":"https:\/\/sites.hslu.ch\/spitex\/wp-json\/wp\/v2\/users\/94"}],"replies":[{"embeddable":true,"href":"https:\/\/sites.hslu.ch\/spitex\/wp-json\/wp\/v2\/comments?post=91"}],"version-history":[{"count":21,"href":"https:\/\/sites.hslu.ch\/spitex\/wp-json\/wp\/v2\/pages\/91\/revisions"}],"predecessor-version":[{"id":668,"href":"https:\/\/sites.hslu.ch\/spitex\/wp-json\/wp\/v2\/pages\/91\/revisions\/668"}],"wp:attachment":[{"href":"https:\/\/sites.hslu.ch\/spitex\/wp-json\/wp\/v2\/media?parent=91"}],"curies":[{"name":"wp","href":"https:\/\/api.w.org\/{rel}","templated":true}]}}