{"id":87,"date":"2020-11-12T13:29:19","date_gmt":"2020-11-12T13:29:19","guid":{"rendered":"https:\/\/sites.hslu.ch\/spitex\/?page_id=87"},"modified":"2020-12-04T15:05:58","modified_gmt":"2020-12-04T14:05:58","slug":"uber-uns","status":"publish","type":"page","link":"https:\/\/sites.hslu.ch\/spitex\/innosuisse-projekt\/uber-uns\/","title":{"rendered":"\u00dcber uns"},"content":{"rendered":"\n<p>Das Projekt wird in Kooperation der Hochschule Luzern &#8211; Wirtschaft und den Wirtschaftspartner Heyde und Polynomics, Spitex Schweiz und folgenden Spitex-Organisationen als Praxispartnern umgesetzt:<\/p>\n\n\n\n<ul class=\"wp-block-list\"><li>RaJoVita, Ildiko Gabulya<\/li><li>Spitex Z\u00fcrich Limmat, Daniel Boller<\/li><li>Spitex Z\u00fcrich Sihl, Thomas K\u00fcng<\/li><li>Spitex Genossenschaft Bern, Urs Berchtold<\/li><li>Spitex Basel, Dino Nienhold und Michael Mayer<\/li><li>Spitex Malters, Regula Vogel<\/li><li>Spitex Oberes Langetental, Franziska Ryser<\/li><li>Spitex Region Olten, Markus Gutknecht<\/li><li>AVASAD (Association vaudoise d&#8217;aide et de soins \u00e0 domicile), Philippe Creux<\/li><li>Spitex Stadt Luzern, Simon Bissig<\/li><li>Spitex Z\u00fcrich Kriens, Patrick Aregger<\/li><\/ul>\n\n\n\n<p>Von Seiten der Hochschule Luzern &#8211; Wirtschaft wird das Projekt instituts\u00fcbergreifend betreut. Verantwortlich f\u00fcr das Projekt von Seiten Hochschule Luzern ist Dr. Matthias W\u00e4chter vom Institut f\u00fcr Betriebs- und Regional\u00f6konomie IBR und Dr. Stephanie Bl\u00e4tter vom Institut f\u00fcr Finanzdienstleistungen Zug IFZ. <\/p>\n\n\n<table style=\"height: 495px\" width=\"689\">\n<thead>\n<tr>\n<th>\n<p><img decoding=\"async\" src=\"https:\/\/sites.hslu.ch\/spitex\/wp-content\/uploads\/sites\/10\/2020\/11\/Waechter-e1605907989564.jpg\"><\/p>\n<\/th>\n<th>\n<p><img decoding=\"async\" src=\"https:\/\/sites.hslu.ch\/spitex\/wp-content\/uploads\/sites\/10\/2020\/11\/Blaettler-e1605911128601.jpg\"><\/p>\n<\/th>\n<\/tr>\n<\/thead>\n<tbody>\n<tr>\n<td>\n<p style=\"text-align: left\"><a href=\"https:\/\/www.hslu.ch\/de-ch\/hochschule-luzern\/ueber-uns\/personensuche\/profile\/?pid=1571\" target=\"_blank\" rel=\"noopener noreferrer\">Dr. Matthias W\u00e4chter<\/a><br>Hochschule Luzern &#8211; Wirtschaft<br>Institut f\u00fcr Betriebs- und Regional\u00f6konomie IBR<br>Frankenstrasse 9<br>6002 Luzern<br>Telefon 041 228 99 32<br>&#x6d;&#x61;&#x74;&#x74;&#104;&#105;as&#46;&#x77;&#x61;&#x65;&#x63;&#104;&#116;er&#64;&#x68;&#x73;&#x6c;&#x75;&#46;&#99;&#104;<\/p>\n<\/td>\n<td style=\"text-align: left\">\n<p><a href=\"https:\/\/www.hslu.ch\/de-ch\/hochschule-luzern\/ueber-uns\/personensuche\/profile\/?pid=2043\" target=\"_blank\" rel=\"noopener noreferrer\">Dr. Stephanie Bl\u00e4ttler<\/a><br>Hochschule Luzern \u2013 Wirtschaft<br>Institut f\u00fcr Finanzdienstleistungen Zug IFZ<br>Suurstoffi 1<br>6343 Rotkreuz<br>Telefon 041 757 67 40<br>&#x73;&#116;e&#x70;&#x68;&#97;n&#x69;&#101;&#46;&#x62;&#x6c;&#97;e&#x74;&#116;l&#x65;&#x72;&#64;h&#x73;&#x6c;&#117;&#x2e;&#x63;&#104;<\/p>\n<\/td>\n<\/tr>\n<\/tbody>\n<\/table>\n\n\n<div class=\"wp-block-hslu-gutenberg-pharagraph-block container-wrapper\"><div class=\"container-fluid\"><div class=\"row\"><div class=\"col\"><div class=\"post__wrapper\"><p><\/p><\/div><\/div><\/div><\/div><\/div>\n\n\n\n<p class=\"has-text-align-right\"><\/p>\n","protected":false},"excerpt":{"rendered":"<p>Das Projekt wird in Kooperation der Hochschule Luzern &#8211; Wirtschaft und den Wirtschaftspartner Heyde und Polynomics, Spitex Schweiz und folgenden Spitex-Organisationen als Praxispartnern umgesetzt: RaJoVita, Ildiko Gabulya Spitex Z\u00fcrich Limmat, Daniel Boller Spitex Z\u00fcrich Sihl, Thomas K\u00fcng Spitex Genossenschaft Bern, Urs Berchtold Spitex Basel, Dino Nienhold und Michael Mayer Spitex Malters, Regula Vogel Spitex Oberes<\/p>\n","protected":false},"author":94,"featured_media":0,"parent":83,"menu_order":0,"comment_status":"closed","ping_status":"closed","template":"","meta":{"_acf_changed":false,"footnotes":""},"class_list":["post-87","page","type-page","status-publish","hentry"],"acf":[],"_links":{"self":[{"href":"https:\/\/sites.hslu.ch\/spitex\/wp-json\/wp\/v2\/pages\/87","targetHints":{"allow":["GET"]}}],"collection":[{"href":"https:\/\/sites.hslu.ch\/spitex\/wp-json\/wp\/v2\/pages"}],"about":[{"href":"https:\/\/sites.hslu.ch\/spitex\/wp-json\/wp\/v2\/types\/page"}],"author":[{"embeddable":true,"href":"https:\/\/sites.hslu.ch\/spitex\/wp-json\/wp\/v2\/users\/94"}],"replies":[{"embeddable":true,"href":"https:\/\/sites.hslu.ch\/spitex\/wp-json\/wp\/v2\/comments?post=87"}],"version-history":[{"count":6,"href":"https:\/\/sites.hslu.ch\/spitex\/wp-json\/wp\/v2\/pages\/87\/revisions"}],"predecessor-version":[{"id":413,"href":"https:\/\/sites.hslu.ch\/spitex\/wp-json\/wp\/v2\/pages\/87\/revisions\/413"}],"up":[{"embeddable":true,"href":"https:\/\/sites.hslu.ch\/spitex\/wp-json\/wp\/v2\/pages\/83"}],"wp:attachment":[{"href":"https:\/\/sites.hslu.ch\/spitex\/wp-json\/wp\/v2\/media?parent=87"}],"curies":[{"name":"wp","href":"https:\/\/api.w.org\/{rel}","templated":true}]}}