{"id":85,"date":"2020-11-12T13:29:04","date_gmt":"2020-11-12T13:29:04","guid":{"rendered":"https:\/\/sites.hslu.ch\/spitex\/?page_id=85"},"modified":"2020-11-24T14:40:32","modified_gmt":"2020-11-24T13:40:32","slug":"about","status":"publish","type":"page","link":"https:\/\/sites.hslu.ch\/spitex\/innosuisse-projekt\/about\/","title":{"rendered":"\u00dcber das Projekt"},"content":{"rendered":"\n<p><\/p>\n\n\n\n<p><strong>Die Spitex-Organisationen und selbst\u00e4ndigen Pflegefachpersonen sind sehr unterschiedlich in ihrer Gr\u00f6sse, dem Leistungsspektrum, der Tr\u00e4gerschaft, Rechtsform und vertraglichen Situation sowie den regulatorischen Anforderungen seitens Kantonen oder Restfinanzierungstr\u00e4gern. Die Umsetzung der Kostenrechnung und das Kennzahlensystem m\u00fcssen diese Unterschiede differenziert abbilden und zugleich betriebs\u00fcbergreifend aussagekr\u00e4ftige Vergleiche erm\u00f6glichen.<\/strong><\/p>\n\n\n\n<p>Daten werden in hoher Aufl\u00f6sung und Qualit\u00e4t aus verschiedenen Systemen zusammengef\u00fchrt und weiterverarbeitetet, ohne Mehraufwand f\u00fcr die Organisationen und ihre Mitarbeitenden. Kostenunterschiede sollen nicht nur transparent ausgewiesen werden, sondern &#8211; soweit m\u00f6glich &#8211; auch begr\u00fcndbar. Daf\u00fcr entwickelt das Innosuisseprojekt innovative L\u00f6sungen, die in der Praxis einfach anzuwenden sind.<\/p>\n\n\n\n<p><strong>Ziele<\/strong><\/p>\n\n\n\n<p>In der Umsetzung wird die Ebene F\u00fchrungs-Cockpit von Heyde und die Ebene Benchmarking von Polynomics vertreten und eine unterschiedliche Plattform gew\u00e4hlt. Dadurch sind die Daten f\u00fcr betriebliche interne und betriebs\u00fcbergreifende Auswertungen strikt voneinander getrennt. Die Datenhoheit liegt vollst\u00e4ndig in der Hand der Organisationen und selbst\u00e4ndigen Pflegefachpersonen.<\/p>\n\n\n\n<p><\/p>\n\n\n\n<div class=\"wp-block-image\"><figure class=\"aligncenter size-large\"><a href=\"https:\/\/sites.hslu.ch\/spitex\/wp-content\/uploads\/sites\/10\/2020\/11\/Projektaufbau-Noto-Serif.png\" target=\"_blank\" rel=\"noopener noreferrer\"><img loading=\"lazy\" decoding=\"async\" width=\"581\" height=\"589\" src=\"https:\/\/sites.hslu.ch\/spitex\/wp-content\/uploads\/sites\/10\/2020\/11\/Projektaufbau-Noto-Serif.png\" alt=\"\" class=\"wp-image-314\" srcset=\"https:\/\/sites.hslu.ch\/spitex\/wp-content\/uploads\/sites\/10\/2020\/11\/Projektaufbau-Noto-Serif.png 581w, https:\/\/sites.hslu.ch\/spitex\/wp-content\/uploads\/sites\/10\/2020\/11\/Projektaufbau-Noto-Serif-296x300.png 296w\" sizes=\"auto, (max-width: 581px) 100vw, 581px\" \/><\/a><figcaption><br>Umsetzungs-Ebenen im Innosuisse Projekt<\/figcaption><\/figure><\/div>\n\n\n\n<p>Wichtige Meilensteine auf dem Weg zu einem F\u00fchrungscockpit mit hochaufl\u00f6sender Kostenrechnung und einer Benchmarking-Plattform sind:<\/p>\n\n\n\n<ul class=\"wp-block-list\"><li>Von Wissenschaft und Praxis gemeinsam erarbeitete und gepr\u00fcfte Kennzahlen<\/li><li>Standardisierte Schnittstellen zu prim\u00e4ren EDV-Systemen oder zu Erfassungsbl\u00e4ttern und Standardexporten im Excelformat &#8211; in Abstimmung mit den Anbietern (u.a. Root (perigon), Swing, Nexus (Asebis), Osiris, medlink, Abacus)<\/li><li>Ein Kostenrechnungsmodell mit einer hohen Aufl\u00f6sung in der Analyse von Kostenarten, Aktivit\u00e4ten\/Prozessen, Leistungen, Kostenstellen und Leistungsbez\u00fcgern<\/li><li>Statistische Verfahren zur \u00dcberpr\u00fcfung des Einflusses von Struktur- und Betriebskennzahlen sowie von Kennzahlen zur Leistungsstruktur und Qualit\u00e4tsanforderungen auf die Kosten<\/li><li>Ausf\u00fchrliche Tests mit Daten von rund 50 Leistungserbringern<\/li><li>Praxis-Handb\u00fccher und intuitive Auswertungskonzepte<\/li><\/ul>\n","protected":false},"excerpt":{"rendered":"<p>Die Spitex-Organisationen und selbst\u00e4ndigen Pflegefachpersonen sind sehr unterschiedlich in ihrer Gr\u00f6sse, dem Leistungsspektrum, der Tr\u00e4gerschaft, Rechtsform und vertraglichen Situation sowie den regulatorischen Anforderungen seitens Kantonen oder Restfinanzierungstr\u00e4gern. Die Umsetzung der Kostenrechnung und das Kennzahlensystem m\u00fcssen diese Unterschiede differenziert abbilden und zugleich betriebs\u00fcbergreifend aussagekr\u00e4ftige Vergleiche erm\u00f6glichen. Daten werden in hoher Aufl\u00f6sung und Qualit\u00e4t aus verschiedenen Systemen<\/p>\n","protected":false},"author":94,"featured_media":0,"parent":83,"menu_order":0,"comment_status":"closed","ping_status":"closed","template":"","meta":{"_acf_changed":false,"footnotes":""},"class_list":["post-85","page","type-page","status-publish","hentry"],"acf":[],"_links":{"self":[{"href":"https:\/\/sites.hslu.ch\/spitex\/wp-json\/wp\/v2\/pages\/85","targetHints":{"allow":["GET"]}}],"collection":[{"href":"https:\/\/sites.hslu.ch\/spitex\/wp-json\/wp\/v2\/pages"}],"about":[{"href":"https:\/\/sites.hslu.ch\/spitex\/wp-json\/wp\/v2\/types\/page"}],"author":[{"embeddable":true,"href":"https:\/\/sites.hslu.ch\/spitex\/wp-json\/wp\/v2\/users\/94"}],"replies":[{"embeddable":true,"href":"https:\/\/sites.hslu.ch\/spitex\/wp-json\/wp\/v2\/comments?post=85"}],"version-history":[{"count":17,"href":"https:\/\/sites.hslu.ch\/spitex\/wp-json\/wp\/v2\/pages\/85\/revisions"}],"predecessor-version":[{"id":316,"href":"https:\/\/sites.hslu.ch\/spitex\/wp-json\/wp\/v2\/pages\/85\/revisions\/316"}],"up":[{"embeddable":true,"href":"https:\/\/sites.hslu.ch\/spitex\/wp-json\/wp\/v2\/pages\/83"}],"wp:attachment":[{"href":"https:\/\/sites.hslu.ch\/spitex\/wp-json\/wp\/v2\/media?parent=85"}],"curies":[{"name":"wp","href":"https:\/\/api.w.org\/{rel}","templated":true}]}}