{"id":79,"date":"2020-11-12T13:27:59","date_gmt":"2020-11-12T13:27:59","guid":{"rendered":"https:\/\/sites.hslu.ch\/spitex\/?page_id=79"},"modified":"2020-11-26T11:49:58","modified_gmt":"2020-11-26T10:49:58","slug":"polynomics","status":"publish","type":"page","link":"https:\/\/sites.hslu.ch\/spitex\/spitex-benchmark\/polynomics\/","title":{"rendered":"Polynomics"},"content":{"rendered":"\n<p><strong>Polynomics entwickelt im Rahmen des Innosuisse Projektes eine Spitex-Benchmarking Plattform, welche ab Januar 2022 als Webportal zur Verf\u00fcgung steht. <\/strong><\/p>\n\n\n\n<p>Polynomics ist eine unabh\u00e4ngige Aktiengesellschaft, welche sich vollst\u00e4ndig im Besitz der Mitarbeiter befindet. Polynomics wurde vor \u00fcber zehn Jahren gegr\u00fcndet und verf\u00fcgt \u00fcber ein Team von \u00d6konomen mit langj\u00e4hriger Branchenerfahrung und einer ausgepr\u00e4gten Methodenkompetenz. <\/p>\n\n\n\n<p>Polynomics st\u00fctzt ihre L\u00f6sungen wissenschaftlich ab, wenden sie branchenorientiert an und setzen sie praxisbezogen um. Unabh\u00e4ngig und mit einem hohen Qualit\u00e4tsanspruch. Sie k\u00f6nnen sich bei allen Mitarbeitern von Polynomics auf einen diskreten, vertrauensvollen und professionellen Umgang mit Ihren Anliegen und Daten verlassen.<\/p>\n\n\n\n<p>Dank dem starken Fokus auf unter anderem den Gesundheitssektor sind Polynomics die sektorspezifischen Themen aus dem Gesundheitsmarkt bestens vertraut. Projekte f\u00fcr Spit\u00e4ler zur Bestimmung der H\u00f6he der Fallpauschalen, aber auch Regulierungsfolgeabsch\u00e4tzungen f\u00fcr das  Bundesamt f\u00fcr Gesundheit oder der Vergleich von kantonalen Regulierungen im Sinne einer Best Practice helfen f\u00fcr die vorliegende Projektfragestellung.<\/p>\n\n\n\n<p>Weitere Information \u00fcber das Unternehmen Polynomics und die Forschungs- und Beratungsschwerpunkte finden sich unter:<\/p>\n\n\n\n<p><a href=\"https:\/\/www.polynomics.ch\/\"><a href=\"https:\/\/www.polynomics.ch\/\">www.polynomics.ch<\/a><\/a><\/p>\n\n\n\n<p><strong>Kontakt<\/strong><\/p>\n\n\n<table style=\"height: 438px\" width=\"698\">\n<tbody>\n<tr>\n<td width=\"283\">\n<p><img loading=\"lazy\" decoding=\"async\" class=\"wp-image-348 aligncenter\" src=\"https:\/\/sites.hslu.ch\/spitex\/wp-content\/uploads\/sites\/10\/2020\/11\/DSC9331-200x300.jpg\" alt=\"\" width=\"152\" height=\"227\" srcset=\"https:\/\/sites.hslu.ch\/spitex\/wp-content\/uploads\/sites\/10\/2020\/11\/DSC9331-200x300.jpg 200w, https:\/\/sites.hslu.ch\/spitex\/wp-content\/uploads\/sites\/10\/2020\/11\/DSC9331-683x1024.jpg 683w, https:\/\/sites.hslu.ch\/spitex\/wp-content\/uploads\/sites\/10\/2020\/11\/DSC9331-768x1152.jpg 768w, https:\/\/sites.hslu.ch\/spitex\/wp-content\/uploads\/sites\/10\/2020\/11\/DSC9331-1024x1536.jpg 1024w, https:\/\/sites.hslu.ch\/spitex\/wp-content\/uploads\/sites\/10\/2020\/11\/DSC9331-1365x2048.jpg 1365w, https:\/\/sites.hslu.ch\/spitex\/wp-content\/uploads\/sites\/10\/2020\/11\/DSC9331-465x698.jpg 465w, https:\/\/sites.hslu.ch\/spitex\/wp-content\/uploads\/sites\/10\/2020\/11\/DSC9331-scaled.jpg 1707w\" sizes=\"auto, (max-width: 152px) 100vw, 152px\" \/><\/p>\n<\/td>\n<td width=\"283\">\n<p><img loading=\"lazy\" decoding=\"async\" class=\"wp-image-346 aligncenter\" src=\"https:\/\/sites.hslu.ch\/spitex\/wp-content\/uploads\/sites\/10\/2020\/11\/beatricsM-360x380-1-284x300.jpg\" alt=\"\" width=\"216\" height=\"228\" srcset=\"https:\/\/sites.hslu.ch\/spitex\/wp-content\/uploads\/sites\/10\/2020\/11\/beatricsM-360x380-1-284x300.jpg 284w, https:\/\/sites.hslu.ch\/spitex\/wp-content\/uploads\/sites\/10\/2020\/11\/beatricsM-360x380-1.jpg 360w\" sizes=\"auto, (max-width: 216px) 100vw, 216px\" \/><\/p>\n<\/td>\n<\/tr>\n<tr>\n<td width=\"283\">\n<p>Dr. Stephan Vaterlaus<br \/>stephan.vaterlaus[at]polynomics.ch<br \/>Telefon +41 62 205 15 79<\/p>\n<\/td>\n<td width=\"283\">\n<p>Dr. Beatrice M\u00e4der<br \/>beatrice.maeder[at]polynomics.ch<br \/>Telefon +41 62 205 15 85<\/p>\n<\/td>\n<\/tr>\n<\/tbody>\n<\/table>","protected":false},"excerpt":{"rendered":"<p>Polynomics entwickelt im Rahmen des Innosuisse Projektes eine Spitex-Benchmarking Plattform, welche ab Januar 2022 als Webportal zur Verf\u00fcgung steht. Polynomics ist eine unabh\u00e4ngige Aktiengesellschaft, welche sich vollst\u00e4ndig im Besitz der Mitarbeiter befindet. Polynomics wurde vor \u00fcber zehn Jahren gegr\u00fcndet und verf\u00fcgt \u00fcber ein Team von \u00d6konomen mit langj\u00e4hriger Branchenerfahrung und einer ausgepr\u00e4gten Methodenkompetenz. Polynomics st\u00fctzt<\/p>\n","protected":false},"author":94,"featured_media":0,"parent":75,"menu_order":0,"comment_status":"closed","ping_status":"closed","template":"","meta":{"_acf_changed":false,"footnotes":""},"class_list":["post-79","page","type-page","status-publish","hentry"],"acf":[],"_links":{"self":[{"href":"https:\/\/sites.hslu.ch\/spitex\/wp-json\/wp\/v2\/pages\/79","targetHints":{"allow":["GET"]}}],"collection":[{"href":"https:\/\/sites.hslu.ch\/spitex\/wp-json\/wp\/v2\/pages"}],"about":[{"href":"https:\/\/sites.hslu.ch\/spitex\/wp-json\/wp\/v2\/types\/page"}],"author":[{"embeddable":true,"href":"https:\/\/sites.hslu.ch\/spitex\/wp-json\/wp\/v2\/users\/94"}],"replies":[{"embeddable":true,"href":"https:\/\/sites.hslu.ch\/spitex\/wp-json\/wp\/v2\/comments?post=79"}],"version-history":[{"count":16,"href":"https:\/\/sites.hslu.ch\/spitex\/wp-json\/wp\/v2\/pages\/79\/revisions"}],"predecessor-version":[{"id":367,"href":"https:\/\/sites.hslu.ch\/spitex\/wp-json\/wp\/v2\/pages\/79\/revisions\/367"}],"up":[{"embeddable":true,"href":"https:\/\/sites.hslu.ch\/spitex\/wp-json\/wp\/v2\/pages\/75"}],"wp:attachment":[{"href":"https:\/\/sites.hslu.ch\/spitex\/wp-json\/wp\/v2\/media?parent=79"}],"curies":[{"name":"wp","href":"https:\/\/api.w.org\/{rel}","templated":true}]}}