{"id":77,"date":"2020-11-12T13:27:45","date_gmt":"2020-11-12T13:27:45","guid":{"rendered":"https:\/\/sites.hslu.ch\/spitex\/?page_id=77"},"modified":"2021-11-29T08:49:15","modified_gmt":"2021-11-29T07:49:15","slug":"benchmark","status":"publish","type":"page","link":"https:\/\/sites.hslu.ch\/spitex\/spitex-benchmark\/benchmark\/","title":{"rendered":"Spitex Benchmark"},"content":{"rendered":"\n<p>Die Aufzeichnung und die Folien des&nbsp;<strong>Webinars<\/strong>&nbsp;von&nbsp;<strong>Okt\/Nov 2021<\/strong>&nbsp;finden Sie wie folgt:<\/p>\n\n\n\n<p><strong>Folien<\/strong>:&nbsp;<a href=\"https:\/\/sites.hslu.ch\/spitex\/wp-content\/uploads\/sites\/10\/2021\/11\/Webinar_Benchmark_20211103.pdf\" target=\"_blank\" rel=\"noreferrer noopener\">hier<\/a><\/p>\n\n\n\n<p><strong>Aufzeichnung Webinar:&nbsp;<\/strong><a href=\"https:\/\/hslu.zoom.us\/rec\/play\/VUn_-DUr3mSoOOWXkxfrp_0Yzg3chZ5BVZ_nHBN4re5WR3aD_OifN7rmwmQCBNV_8EaVYUv3e9zUj_og.T3TEZmI9rpNhuyKX\" target=\"_blank\" rel=\"noreferrer noopener\">hier&nbsp;<\/a><\/p>\n\n\n\n<p><strong>Zeitliche Orientierung zur Webinar Aufzeichnung<\/strong><\/p>\n\n\n\n<ul class=\"wp-block-list\"><li>00:00 R\u00fcckblick und aktueller Stand (Folie 3)<\/li><li>04:23 Benchmark \u2013 Struktur Plattform (Folie 8)<\/li><li>11:10 Benchmark \u2013 Einblick Inhalt (Folie 13)<\/li><li>38:40 Preismodell (ab Folie 33)<\/li><li>45:55 Ausblick Innosuisse Projekt (Folie 41)<\/li><li>48:47 Fragen &amp; Antworten (Folie 43)<\/li><\/ul>\n\n\n\n<p><strong>Bei Interesse einer Teilnahme am Benchmark <\/strong>k\u00f6nnen Sie sich bei Polynomics registrieren:\u00a0<\/p>\n\n\n\n<p><span class=\"has-inline-color has-black-color\"><a href=\"https:\/\/www.polynomics.ch\/de\/aktuell\/spitex-benchmarking-plattform-205.html\" target=\"_blank\" rel=\"noreferrer noopener\">https:\/\/www.polynomics.ch\/de\/aktuell\/spitex-benchmarking-plattform-205.html<\/a><\/span><\/p>\n\n\n\n<p><span class=\"has-inline-color has-vivid-cyan-blue-color\">L&#8217;enregistrement et les diapositives du webinaire d&#8217;octobre\/novembre 2021 sont disponibles \u00e0 l&#8217;adresse suivante :<\/span><\/p>\n\n\n\n<p><span class=\"has-inline-color has-vivid-cyan-blue-color\"><strong>Diapositives<\/strong>: <a href=\"https:\/\/sites.hslu.ch\/spitex\/wp-content\/uploads\/sites\/10\/2021\/11\/Webinaire_Benchmark_FR_20211109.pdf\" target=\"_blank\" rel=\"noreferrer noopener\">ici<\/a><\/span><\/p>\n\n\n\n<p><span class=\"has-inline-color has-vivid-cyan-blue-color\"><strong>Enregistrement du webinaire<\/strong>: <a href=\"https:\/\/hslu.zoom.us\/rec\/play\/uxE3p20oBK7LrTun91kchPaAtyZ_W_24QxV8O3Gy7fwqPv8E4YbgUPa-6UeLihzU6yo6CRcwlHG0oxzS.cJiv2yPXaH94vmCS\" target=\"_blank\" rel=\"noreferrer noopener\">ici<\/a><\/span><\/p>\n\n\n\n<p>\u2014\u2014\u2014\u2014\u2014\u2014\u2014\u2014\u2014\u2014\u2014\u2014\u2014\u2014\u2014\u2014\u2014\u2014\u2014\u2014\u2014\u2014\u2014\u2014\u2014\u2014\u2014\u2014\u2014\u2014\u2014\u2014\u2014\u2014\u2014\u2014\u2014\u2014\u2014\u2014\u2014\u2013<\/p>\n\n\n\n<p><strong>Die Spitex-Benchmarking-Plattform schafft die Datengrundlagen f\u00fcr eine bedarfsgerechte Versorgung, unterst\u00fctzt die betriebliche F\u00fchrung mit intuitiven Kennzahlen und st\u00e4rkt auf Basis einer besseren Kostentransparenz die Verhandlungsposition gegen\u00fcber den Sozialversicherungen und Restfinanzierungspartnern.<\/strong><\/p>\n\n\n\n<p>Auf der Spitex-Benchmarking-Plattform stellen die teilnehmenden Organisationen ihre harmonisiert erfassten Daten f\u00fcr betriebs\u00fcbergreifende Vergleiche zur Verf\u00fcgung. Sowohl der Datenumfang als auch das Ausmass der Analysen wird durch die teilnehmenden Organisationen bestimmt. Die Vertraulichkeit der Daten der einzelnen Organisationen ist jederzeit garantiert. Bei den Analysen sind Kennzahlen- und Effizienzauswertungen im Vergleich zum Gesamtmarkt, zu Untergruppen oder innerhalb von Regionen denkbar. \u00dcberdies k\u00f6nnen Gruppen von Organisationen in einem von ihnen selbst definierten, gesch\u00fctzten Rahmen Kennzahlen in hoher Aufl\u00f6sung untereinander vergleichen und auf dieser Basis voneinander lernen. Die Plattform richtet sich an alle Spitex-Organisationen, unabh\u00e4ngig von ihrer Gr\u00f6sse, Tr\u00e4gerschaft und Rechtsform, wie auch an selbst\u00e4ndige Pflegefachpersonen.<\/p>\n\n\n\n<figure class=\"wp-block-gallery columns-2 is-cropped wp-block-gallery-1 is-layout-flex wp-block-gallery-is-layout-flex\"><ul class=\"blocks-gallery-grid\"><li class=\"blocks-gallery-item\"><figure><img loading=\"lazy\" decoding=\"async\" width=\"1024\" height=\"558\" src=\"https:\/\/sites.hslu.ch\/spitex\/wp-content\/uploads\/sites\/10\/2020\/11\/Benchmark-1-1024x558.png\" alt=\"\" data-id=\"251\" data-full-url=\"https:\/\/sites.hslu.ch\/spitex\/wp-content\/uploads\/sites\/10\/2020\/11\/Benchmark-1.png\" data-link=\"https:\/\/sites.hslu.ch\/spitex\/?attachment_id=251&amp;lang=de\" class=\"wp-image-251\" srcset=\"https:\/\/sites.hslu.ch\/spitex\/wp-content\/uploads\/sites\/10\/2020\/11\/Benchmark-1-1024x558.png 1024w, https:\/\/sites.hslu.ch\/spitex\/wp-content\/uploads\/sites\/10\/2020\/11\/Benchmark-1-300x164.png 300w, https:\/\/sites.hslu.ch\/spitex\/wp-content\/uploads\/sites\/10\/2020\/11\/Benchmark-1-768x419.png 768w, https:\/\/sites.hslu.ch\/spitex\/wp-content\/uploads\/sites\/10\/2020\/11\/Benchmark-1-1536x837.png 1536w, https:\/\/sites.hslu.ch\/spitex\/wp-content\/uploads\/sites\/10\/2020\/11\/Benchmark-1-2048x1116.png 2048w, https:\/\/sites.hslu.ch\/spitex\/wp-content\/uploads\/sites\/10\/2020\/11\/Benchmark-1-928x506.png 928w\" sizes=\"auto, (max-width: 1024px) 100vw, 1024px\" \/><\/figure><\/li><li class=\"blocks-gallery-item\"><figure><img loading=\"lazy\" decoding=\"async\" width=\"1024\" height=\"682\" src=\"https:\/\/sites.hslu.ch\/spitex\/wp-content\/uploads\/sites\/10\/2020\/11\/Benchmark-2-1024x682.png\" alt=\"\" data-id=\"252\" data-full-url=\"https:\/\/sites.hslu.ch\/spitex\/wp-content\/uploads\/sites\/10\/2020\/11\/Benchmark-2.png\" data-link=\"https:\/\/sites.hslu.ch\/spitex\/?attachment_id=252&amp;lang=de\" class=\"wp-image-252\" srcset=\"https:\/\/sites.hslu.ch\/spitex\/wp-content\/uploads\/sites\/10\/2020\/11\/Benchmark-2-1024x682.png 1024w, https:\/\/sites.hslu.ch\/spitex\/wp-content\/uploads\/sites\/10\/2020\/11\/Benchmark-2-300x200.png 300w, https:\/\/sites.hslu.ch\/spitex\/wp-content\/uploads\/sites\/10\/2020\/11\/Benchmark-2-768x512.png 768w, https:\/\/sites.hslu.ch\/spitex\/wp-content\/uploads\/sites\/10\/2020\/11\/Benchmark-2-391x260.png 391w, https:\/\/sites.hslu.ch\/spitex\/wp-content\/uploads\/sites\/10\/2020\/11\/Benchmark-2-1536x1023.png 1536w, https:\/\/sites.hslu.ch\/spitex\/wp-content\/uploads\/sites\/10\/2020\/11\/Benchmark-2-928x618.png 928w, https:\/\/sites.hslu.ch\/spitex\/wp-content\/uploads\/sites\/10\/2020\/11\/Benchmark-2.png 1801w\" sizes=\"auto, (max-width: 1024px) 100vw, 1024px\" \/><\/figure><\/li><li class=\"blocks-gallery-item\"><figure><img loading=\"lazy\" decoding=\"async\" width=\"1024\" height=\"558\" src=\"https:\/\/sites.hslu.ch\/spitex\/wp-content\/uploads\/sites\/10\/2020\/11\/Benchmark-3-1024x558.png\" alt=\"\" data-id=\"256\" data-full-url=\"https:\/\/sites.hslu.ch\/spitex\/wp-content\/uploads\/sites\/10\/2020\/11\/Benchmark-3.png\" data-link=\"https:\/\/sites.hslu.ch\/spitex\/?attachment_id=256&amp;lang=de\" class=\"wp-image-256\" srcset=\"https:\/\/sites.hslu.ch\/spitex\/wp-content\/uploads\/sites\/10\/2020\/11\/Benchmark-3-1024x558.png 1024w, https:\/\/sites.hslu.ch\/spitex\/wp-content\/uploads\/sites\/10\/2020\/11\/Benchmark-3-300x164.png 300w, https:\/\/sites.hslu.ch\/spitex\/wp-content\/uploads\/sites\/10\/2020\/11\/Benchmark-3-768x419.png 768w, https:\/\/sites.hslu.ch\/spitex\/wp-content\/uploads\/sites\/10\/2020\/11\/Benchmark-3-1536x837.png 1536w, https:\/\/sites.hslu.ch\/spitex\/wp-content\/uploads\/sites\/10\/2020\/11\/Benchmark-3-2048x1116.png 2048w, https:\/\/sites.hslu.ch\/spitex\/wp-content\/uploads\/sites\/10\/2020\/11\/Benchmark-3-928x506.png 928w\" sizes=\"auto, (max-width: 1024px) 100vw, 1024px\" \/><\/figure><\/li><\/ul><figcaption class=\"blocks-gallery-caption\">Beispielauswertung Benchmark<\/figcaption><\/figure>\n\n\n\n<p><\/p>\n\n\n\n<p><strong>Grundstruktur der Spitex-Benchmarking-Plattform<\/strong><br>Klare Vertr\u00e4ge zwischen den teilnehmenden Organisationen und Polynomics definieren den Umfang der verwendeten Daten und die m\u00f6glichen Auswertungen. Vergleiche sind auf mehreren Ebenen in unterschiedlichem Detailierungsgrad m\u00f6glich:<br>(1) Gesamtmarkt<br>(2) Untergruppe von vergleichbaren Organisationen<br>(3) Innerhalb sich selber konstituierenden Benchmarkgruppen.<br><\/p>\n\n\n\n<p>Die Teilnehmer erhalten regelm\u00e4ssig standardisierte Analysen sowie Auswertungen zu durch sie festgelegten Spezialthemen. Sie k\u00f6nnen \u00fcberdies im gemeinsam vereinbarten Rahmen individuelle Auswertungen beauftragen.<br><\/p>\n\n\n\n<p>Deskriptive Vergleiche sowie Anwendung statistischer Verfahren zur \u00dcberpr\u00fcfung des Einflusses<\/p>\n\n\n\n<ul class=\"wp-block-list\"><li>von Struktur- und Betriebskennzahlen wie z. B. Bev\u00f6lkerungsstruktur, Einzugsgebiet, \u00abMarktdichte\u00bb, Betriebsgr\u00f6sse und Funktion in der Gesundheitsversorgung, Regulierungsvorgaben und weitere regionale Einfl\u00fcsse<\/li><li>von Kennzahlen zur Leistungsstruktur und Qualit\u00e4tsanforderungen (RAI-HC-Daten) wie z. B. unterschiedliche \u00abSchwere\/Komplexit\u00e4t\u00bb von Pflegef\u00e4llen; Frequenz, Dauer und Qualifikationsanforderungen von Eins\u00e4tzen; Leistungsmix von RAI-HC-T\u00e4tigkeiten; 24h-Abdeckung auf die Kostenstruktur.<\/li><\/ul>\n\n\n\n<p><strong>Vorteile durch Benchmarking<\/strong><\/p>\n\n\n\n<ul class=\"wp-block-list\"><li>Intern: Prozessverbesserungen und Effizienzgewinne<\/li><li>Extern: Sachliche Diskussion von Spitex-Kostendaten und weiteren Kennzahlen, Transparenz der wichtigsten Daten<\/li><li>Nutzung der betriebs\u00fcbergreifenden Daten sowie Einbezug von Referenzdaten aus \u00f6ffentlichen Statistiken<\/li><li>R\u00fcckspiegelung von Datenfehlern dank weit entwickelten statistischen Analysen<\/li><li>Einfacher Zugang durch Sicherstellung der Schnittstellen<\/li><li>Validierung innerhalb des Projekts anhand einer grossen Anzahl unterschiedlicher Organisationen<\/li><li>Fortlaufende Weiterentwicklung<\/li><\/ul>\n\n\n\n<p>Weitere Informationen finden Sie unter <a href=\"https:\/\/sites.hslu.ch\/spitex\/dokumente\/\">Dokumente<\/a>.<\/p>\n","protected":false},"excerpt":{"rendered":"<p>Die Aufzeichnung und die Folien des&nbsp;Webinars&nbsp;von&nbsp;Okt\/Nov 2021&nbsp;finden Sie wie folgt: Folien:&nbsp;hier Aufzeichnung Webinar:&nbsp;hier&nbsp; Zeitliche Orientierung zur Webinar Aufzeichnung 00:00 R\u00fcckblick und aktueller Stand (Folie 3) 04:23 Benchmark \u2013 Struktur Plattform (Folie 8) 11:10 Benchmark \u2013 Einblick Inhalt (Folie 13) 38:40 Preismodell (ab Folie 33) 45:55 Ausblick Innosuisse Projekt (Folie 41) 48:47 Fragen &amp; Antworten (Folie<\/p>\n","protected":false},"author":94,"featured_media":0,"parent":75,"menu_order":0,"comment_status":"closed","ping_status":"closed","template":"","meta":{"_acf_changed":false,"footnotes":""},"class_list":["post-77","page","type-page","status-publish","hentry"],"acf":[],"_links":{"self":[{"href":"https:\/\/sites.hslu.ch\/spitex\/wp-json\/wp\/v2\/pages\/77","targetHints":{"allow":["GET"]}}],"collection":[{"href":"https:\/\/sites.hslu.ch\/spitex\/wp-json\/wp\/v2\/pages"}],"about":[{"href":"https:\/\/sites.hslu.ch\/spitex\/wp-json\/wp\/v2\/types\/page"}],"author":[{"embeddable":true,"href":"https:\/\/sites.hslu.ch\/spitex\/wp-json\/wp\/v2\/users\/94"}],"replies":[{"embeddable":true,"href":"https:\/\/sites.hslu.ch\/spitex\/wp-json\/wp\/v2\/comments?post=77"}],"version-history":[{"count":22,"href":"https:\/\/sites.hslu.ch\/spitex\/wp-json\/wp\/v2\/pages\/77\/revisions"}],"predecessor-version":[{"id":674,"href":"https:\/\/sites.hslu.ch\/spitex\/wp-json\/wp\/v2\/pages\/77\/revisions\/674"}],"up":[{"embeddable":true,"href":"https:\/\/sites.hslu.ch\/spitex\/wp-json\/wp\/v2\/pages\/75"}],"wp:attachment":[{"href":"https:\/\/sites.hslu.ch\/spitex\/wp-json\/wp\/v2\/media?parent=77"}],"curies":[{"name":"wp","href":"https:\/\/api.w.org\/{rel}","templated":true}]}}