{"id":69,"date":"2020-11-12T13:26:18","date_gmt":"2020-11-12T13:26:18","guid":{"rendered":"https:\/\/sites.hslu.ch\/spitex\/?page_id=69"},"modified":"2020-12-01T14:11:46","modified_gmt":"2020-12-01T13:11:46","slug":"heyde","status":"publish","type":"page","link":"https:\/\/sites.hslu.ch\/spitex\/spitex-cockpit\/heyde\/","title":{"rendered":"Heyde AG"},"content":{"rendered":"\n<p><strong>Heyde entwickelt in Zusammenarbeit mit der Hochschule Luzern und ausgew\u00e4hlten Spitex-Organisationen das Spitex Cockpit. Anfang 2022 steht das Tool auf der Basis der  renommierten Business-Analytics-Software Qlik\u00ae zur Verf\u00fcgung.<\/strong><\/p>\n\n\n\n<p>Als Spezialistin f\u00fcr die Systemintegration von Software-L\u00f6sungen in den Bereichen&nbsp;Data Analytics,&nbsp;Planungsprozesse&nbsp;und&nbsp;Forecasting&nbsp;erlebet Heyde die aktuellen Herausforderungen t\u00e4glich bei seinen Kundinnen und Kunden im realen Business-Umfeld.<\/p>\n\n\n\n<p>Heyde betrachtet jede Organisation v\u00f6llig neu und bringen deren spezielle Anforderungen und W\u00fcnsche \u00fcberein mit bew\u00e4hrten Applikationen. So entstehen innerhalb kurzer Zeit leistungsstarke L\u00f6sungen, mit denen Spitex-Organisationen Ihre Daten mit Leichtigkeit in Zusammenh\u00e4nge und gewinnbringende Erkenntnisse wandeln, die die Gesch\u00e4ftsentwicklung voranbringen.<\/p>\n\n\n\n<p> Weitere Informationen finden Sie unter der Homepage von <a href=\"https:\/\/www.heyde.ch\/spitex?utm_source=HSL&amp;utm_medium=Textlink&amp;utm_campaign=spitex\" target=\"_blank\" rel=\"noreferrer noopener\">Heyde<\/a>.<\/p>\n\n\n\n<p><strong>Kontakt<\/strong><\/p>\n\n\n\n<div class=\"wp-block-image is-style-default\"><figure class=\"alignleft size-large is-resized\"><img loading=\"lazy\" decoding=\"async\" src=\"https:\/\/sites.hslu.ch\/spitex\/wp-content\/uploads\/sites\/10\/2020\/12\/Marc-Kaiser.jpg\" alt=\"\" class=\"wp-image-407\" width=\"141\" height=\"188\" \/><\/figure><\/div>\n\n\n\n<figure class=\"wp-block-table is-style-stripes\"><table><tbody><tr><td>\u00a0<\/td><\/tr><tr><td>Marc Kaiser<br>Gesch\u00e4ftsf\u00fchrer<br>Heyde (Schweiz) AG<br>Telefon +41 44 405 60 50<br>&#x6d;&#97;r&#x63;&#46;&#107;&#x61;&#x69;&#115;e&#x72;&#64;h&#x65;&#x79;&#100;e&#x2e;&#99;h<\/td><\/tr><\/tbody><\/table><\/figure>\n","protected":false},"excerpt":{"rendered":"<p>Heyde entwickelt in Zusammenarbeit mit der Hochschule Luzern und ausgew\u00e4hlten Spitex-Organisationen das Spitex Cockpit. Anfang 2022 steht das Tool auf der Basis der renommierten Business-Analytics-Software Qlik\u00ae zur Verf\u00fcgung. Als Spezialistin f\u00fcr die Systemintegration von Software-L\u00f6sungen in den Bereichen&nbsp;Data Analytics,&nbsp;Planungsprozesse&nbsp;und&nbsp;Forecasting&nbsp;erlebet Heyde die aktuellen Herausforderungen t\u00e4glich bei seinen Kundinnen und Kunden im realen Business-Umfeld. Heyde betrachtet jede<\/p>\n","protected":false},"author":94,"featured_media":0,"parent":65,"menu_order":0,"comment_status":"closed","ping_status":"closed","template":"","meta":{"_acf_changed":false,"footnotes":""},"class_list":["post-69","page","type-page","status-publish","hentry"],"acf":[],"_links":{"self":[{"href":"https:\/\/sites.hslu.ch\/spitex\/wp-json\/wp\/v2\/pages\/69","targetHints":{"allow":["GET"]}}],"collection":[{"href":"https:\/\/sites.hslu.ch\/spitex\/wp-json\/wp\/v2\/pages"}],"about":[{"href":"https:\/\/sites.hslu.ch\/spitex\/wp-json\/wp\/v2\/types\/page"}],"author":[{"embeddable":true,"href":"https:\/\/sites.hslu.ch\/spitex\/wp-json\/wp\/v2\/users\/94"}],"replies":[{"embeddable":true,"href":"https:\/\/sites.hslu.ch\/spitex\/wp-json\/wp\/v2\/comments?post=69"}],"version-history":[{"count":13,"href":"https:\/\/sites.hslu.ch\/spitex\/wp-json\/wp\/v2\/pages\/69\/revisions"}],"predecessor-version":[{"id":409,"href":"https:\/\/sites.hslu.ch\/spitex\/wp-json\/wp\/v2\/pages\/69\/revisions\/409"}],"up":[{"embeddable":true,"href":"https:\/\/sites.hslu.ch\/spitex\/wp-json\/wp\/v2\/pages\/65"}],"wp:attachment":[{"href":"https:\/\/sites.hslu.ch\/spitex\/wp-json\/wp\/v2\/media?parent=69"}],"curies":[{"name":"wp","href":"https:\/\/api.w.org\/{rel}","templated":true}]}}