{"id":67,"date":"2020-11-12T13:26:04","date_gmt":"2020-11-12T13:26:04","guid":{"rendered":"https:\/\/sites.hslu.ch\/spitex\/?page_id=67"},"modified":"2021-11-04T09:14:49","modified_gmt":"2021-11-04T08:14:49","slug":"cockpit","status":"publish","type":"page","link":"https:\/\/sites.hslu.ch\/spitex\/spitex-cockpit\/cockpit\/","title":{"rendered":"Spitex Kostenrechnung und Cockpit"},"content":{"rendered":"\n<p>Die Aufzeichnung und die Folien des <strong>Webinars<\/strong> von <strong>Sep\/Okt 2021<\/strong> finden Sie wie folgt:<\/p>\n\n\n\n<ul class=\"wp-block-list\"><li><strong>Pr\u00e4sentationsfolien<\/strong>:\u00a0<a href=\"https:\/\/sites.hslu.ch\/spitex\/wp-content\/uploads\/sites\/10\/2021\/10\/Praesentationsfolien_08102021.pdf\" target=\"_blank\" rel=\"noreferrer noopener\">hier<\/a><\/li><li><strong>Aufzeichnung Webinar:\u00a0<a href=\"https:\/\/hslu.zoom.us\/rec\/play\/X87TVoU_QaOEXYTC5XR5l09OEcH95QHaXJd9ffVMknTDTlq3iSthv4s0C2kMrbySoAqvMg6VBkUV61Lw.X8pu1k_OCHxezDsL\" target=\"_blank\" rel=\"noreferrer noopener\">hier\u00a0<\/a><\/strong> (zeitliche Orientierung finden Sie <a href=\"https:\/\/sites.hslu.ch\/spitex\/fortfuehrung-webinar-kostenrechnung-und-cockpit-vom-0910-2021\/\" target=\"_blank\" rel=\"noreferrer noopener\">hier<\/a>)<\/li><\/ul>\n\n\n\n<p><strong>Bei Interesse f\u00fcr das Onboarding <\/strong>k\u00f6nnen Sie sich bei Heyde registrieren: <a href=\"https:\/\/www.heyde.ch\/spitex\">https:\/\/www.heyde.ch\/spitex<\/a><\/p>\n\n\n\n<p><\/p>\n\n\n\n<p><span class=\"has-inline-color has-pale-cyan-blue-color\"><strong>Webinaire Octobre 2021<\/strong><\/span><\/p>\n\n\n\n<p><span class=\"has-inline-color has-pale-cyan-blue-color\">L&#8217;enregistrement et les diapositives du webinaire d&#8217;octobre 2021 sont disponibles comme suit:<\/span><\/p>\n\n\n\n<ul class=\"wp-block-list\"><li><span class=\"has-inline-color has-pale-cyan-blue-color\"><strong>Diapositives<\/strong>: <a href=\"https:\/\/sites.hslu.ch\/spitex\/wp-content\/uploads\/sites\/10\/2021\/10\/Slides-de-presentation_08102021-FR-1.pdf\" target=\"_blank\" rel=\"noreferrer noopener\">ici<\/a><\/span><\/li><li><span class=\"has-inline-color has-pale-cyan-blue-color\"><strong>Enregistrement <\/strong>du webinaire: <a href=\"https:\/\/hslu.zoom.us\/rec\/play\/InXraXpGsZePwRdUn_ndJG8d5IWJUsk7FmbZi_Mnl5P98AcJPRhIUrvZl8yoA8uxx2sJGj5wEZ1O0szN.3AEOYUhzh7b8DaUr\" target=\"_blank\" rel=\"noreferrer noopener\">ici<\/a> (vous pouvez trouver l&#8217;orientation du temps <a href=\"https:\/\/sites.hslu.ch\/spitex\/suite-du-webinaire-comptabilite-analytique-et-cockpit-du-octobre-2021\/\" target=\"_blank\" rel=\"noreferrer noopener\">ici<\/a>)<\/span>.<\/li><\/ul>\n\n\n\n<p><span class=\"has-inline-color has-pale-cyan-blue-color\">Si vous \u00eates int\u00e9ress\u00e9 par l&#8217;onboarding, vous pouvez vous inscrire sur Heyde : https:\/\/www.heyde.ch\/spitex.<\/span><\/p>\n\n\n\n<hr class=\"wp-block-separator\" \/>\n\n\n\n<p>&#8212;&#8212;&#8212;&#8212;&#8212;&#8212;&#8212;&#8212;&#8212;&#8212;&#8212;&#8212;&#8212;&#8212;&#8212;&#8212;&#8212;&#8212;&#8212;&#8212;&#8212;&#8212;&#8212;&#8212;&#8212;&#8212;&#8212;&#8212;&#8212;&#8212;&#8212;&#8212;&#8212;&#8212;&#8212;&#8212;&#8212;&#8212;&#8212;&#8212;&#8212;&#8211;<\/p>\n\n\n\n<p>Hier finden Sie die Informationen zum <strong>Webinar <\/strong>von <strong>April 2021<\/strong> mit dem Thema Stand der Entwicklungen im Spitex Cockpit und der Kostenrechnung:<\/p>\n\n\n\n<ul class=\"wp-block-list\"><li>Pr\u00e4sentationsfolien:&nbsp;<a href=\"https:\/\/sites.hslu.ch\/spitex\/wp-content\/uploads\/sites\/10\/2021\/04\/Praesentationsfolien.pdf\" target=\"_blank\" rel=\"noreferrer noopener\">hier<\/a><\/li><li>Aufzeichnung Webinar:&nbsp;<a href=\"https:\/\/hslu.zoom.us\/webinar\/register\/WN_jSzgVR0LQH6-uDRl43u7JQ\" target=\"_blank\" rel=\"noreferrer noopener\">hier&nbsp;<\/a>-&gt; mit Registration -&gt; zeitliche Orientierung siehe <a href=\"https:\/\/sites.hslu.ch\/spitex\/aktuelle-informationen-zum-cockpit-und-kostenrechnung\/\" target=\"_blank\" rel=\"noreferrer noopener\">hier<\/a><\/li><li>Fragen &amp; Antworten:&nbsp;<a href=\"https:\/\/sites.hslu.ch\/spitex\/spitex-cockpit\/faq\/\" target=\"_blank\" rel=\"noreferrer noopener\">hier<\/a><\/li><\/ul>\n\n\n\n<p><span class=\"has-inline-color has-pale-cyan-blue-color\"><strong>Syst\u00e8me de comptabilit\u00e9 analytique dans Qlik\u00ae<\/strong><\/span><\/p>\n\n\n\n<p><span class=\"has-inline-color has-pale-cyan-blue-color\">L&#8217;\u00e9tat actuel des d\u00e9veloppements du Cockpit Spitex et de la comptabilit\u00e9 analytique a \u00e9t\u00e9 mis en \u00e9vidence lors d&#8217;un webinaire en juin 2021. Vous pouvez trouver les informations \u00e0 ce sujet comme suit:<\/span><\/p>\n\n\n\n<ul class=\"wp-block-list\"><li><span class=\"has-inline-color has-pale-cyan-blue-color\">Slides de pr\u00e9sentation:&nbsp;<a href=\"https:\/\/sites.hslu.ch\/spitex\/wp-content\/uploads\/sites\/10\/2021\/06\/Slides-de-presentation.pdf\" target=\"_blank\" rel=\"noreferrer noopener\">ici<\/a><\/span><\/li><li><span class=\"has-inline-color has-pale-cyan-blue-color\">Enregistrement du webinaire:&nbsp;<a href=\"https:\/\/hslu.zoom.us\/rec\/play\/-PzJTYYyK48k_fidMlwE9Z0ajs99GvvLI5HtODmaqWYnHdsJAMCS9kTD9T_7xl-0h9m7ncU2fMO-ta9T.VM2r8ui7jG9Ob7ZT?startTime=1623156369000\" target=\"_blank\" rel=\"noreferrer noopener\">inscrivez-vous ici<\/a><\/span><\/li><\/ul>\n\n\n\n<p>&#8212;&#8212;&#8212;&#8212;&#8212;&#8212;&#8212;&#8212;&#8212;&#8212;&#8212;&#8212;&#8212;&#8212;&#8212;&#8212;&#8212;&#8212;&#8212;&#8212;&#8212;&#8212;&#8212;&#8212;&#8212;&#8212;&#8212;&#8212;&#8212;&#8212;&#8212;&#8212;&#8212;&#8212;&#8212;&#8212;&#8212;&#8212;&#8212;&#8212;&#8212;&#8212;<\/p>\n\n\n\n<p><strong>Kostenrechnung und Kennzahlensystem in Qlik\u00ae<\/strong><\/p>\n\n\n\n<p>Das Spitex Cockpit erlaubt den Spitex Organisationen &#8211; unabh\u00e4ngig von ihrer Gr\u00f6sse, Tr\u00e4gerschaft und Rechtsform &#8211; die einfache Erstellung und Auswertung einer hochaufl\u00f6senden, standardisierten Kostenrechnung und erm\u00f6glicht einen raschen Zugriff auf zentrale betriebliche F\u00fchrungskennzahlen. Ein Beispiel bildet die unten aufgef\u00fchrte Grafik. Das Spitex Cockpit kann sowohl betriebsintern installiert als auch webbasiert angewendet werden. Mit Qlik\u00ae k\u00f6nnen Daten aus unterschiedlichen Prim\u00e4rsystemen (Spitexsoftware, Finanz- und Lohnbuchhaltungssysteme, Excel und andere Datenbankformate) zusammengef\u00fchrt werden. Manuelle Aufbereitungsschritte entfallen.<\/p>\n\n\n\n<p>Die Kostenrechnung und weiterf\u00fchrende Auswertungen wichtiger Kennzahlen stehen den Spitex-Organisationen in einer von ihnen autorisierten Aufl\u00f6sung und in einem von den Restfinanzierungstr\u00e4gern anerkannten Format zur Verf\u00fcgung.<\/p>\n\n\n\n<figure class=\"wp-block-image size-full is-resized\"><a href=\"https:\/\/sites.hslu.ch\/spitex\/wp-content\/uploads\/sites\/10\/2020\/11\/Cockpit-Darstellungen.png\" target=\"_blank\" rel=\"noopener noreferrer\"><img loading=\"lazy\" decoding=\"async\" src=\"https:\/\/sites.hslu.ch\/spitex\/wp-content\/uploads\/sites\/10\/2020\/11\/Cockpit-Darstellungen.png\" alt=\"\" class=\"wp-image-234\" width=\"950\" height=\"392\" srcset=\"https:\/\/sites.hslu.ch\/spitex\/wp-content\/uploads\/sites\/10\/2020\/11\/Cockpit-Darstellungen.png 1899w, https:\/\/sites.hslu.ch\/spitex\/wp-content\/uploads\/sites\/10\/2020\/11\/Cockpit-Darstellungen-300x124.png 300w, https:\/\/sites.hslu.ch\/spitex\/wp-content\/uploads\/sites\/10\/2020\/11\/Cockpit-Darstellungen-1024x423.png 1024w, https:\/\/sites.hslu.ch\/spitex\/wp-content\/uploads\/sites\/10\/2020\/11\/Cockpit-Darstellungen-768x317.png 768w, https:\/\/sites.hslu.ch\/spitex\/wp-content\/uploads\/sites\/10\/2020\/11\/Cockpit-Darstellungen-1536x634.png 1536w, https:\/\/sites.hslu.ch\/spitex\/wp-content\/uploads\/sites\/10\/2020\/11\/Cockpit-Darstellungen-928x383.png 928w\" sizes=\"auto, (max-width: 950px) 100vw, 950px\" \/><\/a><figcaption>Beispiel Spitex Cockpit mit Qlik\u00ae<\/figcaption><\/figure>\n\n\n\n<p><\/p>\n\n\n\n<p><strong>Funktionen<\/strong><\/p>\n\n\n\n<p>Das Spitex-Cockpit beinhaltet folgende Funktionen:<\/p>\n\n\n\n<ul class=\"wp-block-list\"><li>Automatisierte Zusammenf\u00fchrung von Daten aus verschiedenen Quellsystemen (via Schnittstelle oder standardisiertem Datenexport aus den in der Schweiz g\u00e4ngigen Systemen).<\/li><li>Erstellung einer hochaufgel\u00f6sten Kostenrechnung, aufbauend auf dem Finanzmanual 2020.<\/li><li>Wissenschaftlich erarbeitetes und in der Praxis getestetes Kennzahlensystem &#8211; als F\u00fchrungsinstrument und Basis f\u00fcr einen betriebs\u00fcbergreifenden Benchmark.<\/li><li>Anbindung von interRAI-HC Daten.<\/li><li>Hohe Aufl\u00f6sung der Analysen: einzelne Kostenarten, Aktivit\u00e4ten, Leistungen und Kostenstellen, einzelner Fall, spezifische Klientengruppen, ein spezielles Team\/Abteilung (inkl. Skill-Grade), uvm.<\/li><li>Unterschiede in kantonalen Regulierungsvorgaben und den<br>Sozialversicherungszweigen sind ber\u00fccksichtigt.<\/li><li>Hohe Anforderungen an Datenschutz sichergestellt.<\/li><li>Standardisierter Export von aufbereiteten Daten f\u00fcr Gesundheitsstatistiken und kantonales Reporting.<\/li><li>Validierungsroutinen beim Import von Daten.<\/li><li>Erweiterung um individuelle Analysen und Auswertungen nach Bedarf m\u00f6glich.<\/li><li>Rhythmus der Erstellung wird von den Anwendern bestimmt (webbasiert: Monats-, Quartals- oder Jahresabschl\u00fcsse; bei betriebsinterner Installation: t\u00e4gliche Aktualisierung).<\/li><\/ul>\n\n\n\n<p>Weitere Informationen finden Sie unter <a href=\"https:\/\/sites.hslu.ch\/spitex\/dokumente\/\">Dokumente<\/a>.<\/p>\n","protected":false},"excerpt":{"rendered":"<p>Die Aufzeichnung und die Folien des Webinars von Sep\/Okt 2021 finden Sie wie folgt: Pr\u00e4sentationsfolien:\u00a0hier Aufzeichnung Webinar:\u00a0hier\u00a0 (zeitliche Orientierung finden Sie hier) Bei Interesse f\u00fcr das Onboarding k\u00f6nnen Sie sich bei Heyde registrieren: https:\/\/www.heyde.ch\/spitex Webinaire Octobre 2021 L&#8217;enregistrement et les diapositives du webinaire d&#8217;octobre 2021 sont disponibles comme suit: Diapositives: ici Enregistrement du webinaire: ici<\/p>\n","protected":false},"author":94,"featured_media":0,"parent":65,"menu_order":0,"comment_status":"closed","ping_status":"closed","template":"","meta":{"_acf_changed":false,"footnotes":""},"class_list":["post-67","page","type-page","status-publish","hentry"],"acf":[],"_links":{"self":[{"href":"https:\/\/sites.hslu.ch\/spitex\/wp-json\/wp\/v2\/pages\/67","targetHints":{"allow":["GET"]}}],"collection":[{"href":"https:\/\/sites.hslu.ch\/spitex\/wp-json\/wp\/v2\/pages"}],"about":[{"href":"https:\/\/sites.hslu.ch\/spitex\/wp-json\/wp\/v2\/types\/page"}],"author":[{"embeddable":true,"href":"https:\/\/sites.hslu.ch\/spitex\/wp-json\/wp\/v2\/users\/94"}],"replies":[{"embeddable":true,"href":"https:\/\/sites.hslu.ch\/spitex\/wp-json\/wp\/v2\/comments?post=67"}],"version-history":[{"count":41,"href":"https:\/\/sites.hslu.ch\/spitex\/wp-json\/wp\/v2\/pages\/67\/revisions"}],"predecessor-version":[{"id":658,"href":"https:\/\/sites.hslu.ch\/spitex\/wp-json\/wp\/v2\/pages\/67\/revisions\/658"}],"up":[{"embeddable":true,"href":"https:\/\/sites.hslu.ch\/spitex\/wp-json\/wp\/v2\/pages\/65"}],"wp:attachment":[{"href":"https:\/\/sites.hslu.ch\/spitex\/wp-json\/wp\/v2\/media?parent=67"}],"curies":[{"name":"wp","href":"https:\/\/api.w.org\/{rel}","templated":true}]}}