{"id":489,"date":"2021-04-09T16:08:46","date_gmt":"2021-04-09T14:08:46","guid":{"rendered":"https:\/\/sites.hslu.ch\/spitex\/?page_id=489"},"modified":"2021-04-23T15:26:35","modified_gmt":"2021-04-23T13:26:35","slug":"faq","status":"publish","type":"page","link":"https:\/\/sites.hslu.ch\/spitex\/spitex-cockpit\/faq\/","title":{"rendered":"FAQ"},"content":{"rendered":"\n<p><strong>H\u00e4ufig gestellte Fragen zum Spitex Cockpit<\/strong><\/p>\n\n\n\n<p><a href=\"https:\/\/sites.hslu.ch\/spitex\/wp-content\/uploads\/sites\/10\/2021\/04\/Fragenreport_22042021.xlsx\" target=\"_blank\" rel=\"noreferrer noopener\"><strong>Hier <\/strong><\/a>erhalten Sie Antworten auf die h\u00e4ufigsten Fragen (Excel zum Download, Version 23.04.2021). Die FAQ werden laufend erg\u00e4nzt.<\/p>\n\n\n\n<p><\/p>\n\n\n\n<p>Weitere Fragen melden Sie bitte an: &#x73;&#x74;&#x65;&#112;&#104;&#97;ni&#x65;&#x2e;&#x62;&#x6c;&#97;&#101;tt&#x6c;&#x65;&#x72;&#x40;&#104;&#115;lu&#x2e;&#x63;&#x68;<\/p>\n","protected":false},"excerpt":{"rendered":"<p>H\u00e4ufig gestellte Fragen zum Spitex Cockpit Hier erhalten Sie Antworten auf die h\u00e4ufigsten Fragen (Excel zum Download, Version 23.04.2021). Die FAQ werden laufend erg\u00e4nzt. Weitere Fragen melden Sie bitte an: &#115;&#x74;e&#x70;h&#97;&#x6e;&#105;&#x65;&#46;&#98;&#x6c;&#97;&#x65;t&#x74;&#x6c;&#101;&#x72;&#64;&#x68;s&#108;&#x75;&#46;&#x63;h<\/p>\n","protected":false},"author":35,"featured_media":0,"parent":65,"menu_order":0,"comment_status":"closed","ping_status":"closed","template":"","meta":{"_acf_changed":false,"footnotes":""},"class_list":["post-489","page","type-page","status-publish","hentry"],"acf":[],"_links":{"self":[{"href":"https:\/\/sites.hslu.ch\/spitex\/wp-json\/wp\/v2\/pages\/489","targetHints":{"allow":["GET"]}}],"collection":[{"href":"https:\/\/sites.hslu.ch\/spitex\/wp-json\/wp\/v2\/pages"}],"about":[{"href":"https:\/\/sites.hslu.ch\/spitex\/wp-json\/wp\/v2\/types\/page"}],"author":[{"embeddable":true,"href":"https:\/\/sites.hslu.ch\/spitex\/wp-json\/wp\/v2\/users\/35"}],"replies":[{"embeddable":true,"href":"https:\/\/sites.hslu.ch\/spitex\/wp-json\/wp\/v2\/comments?post=489"}],"version-history":[{"count":7,"href":"https:\/\/sites.hslu.ch\/spitex\/wp-json\/wp\/v2\/pages\/489\/revisions"}],"predecessor-version":[{"id":524,"href":"https:\/\/sites.hslu.ch\/spitex\/wp-json\/wp\/v2\/pages\/489\/revisions\/524"}],"up":[{"embeddable":true,"href":"https:\/\/sites.hslu.ch\/spitex\/wp-json\/wp\/v2\/pages\/65"}],"wp:attachment":[{"href":"https:\/\/sites.hslu.ch\/spitex\/wp-json\/wp\/v2\/media?parent=489"}],"curies":[{"name":"wp","href":"https:\/\/api.w.org\/{rel}","templated":true}]}}