{"id":284,"date":"2020-11-24T13:20:55","date_gmt":"2020-11-24T12:20:55","guid":{"rendered":"https:\/\/sites.hslu.ch\/spitex\/?page_id=284"},"modified":"2020-11-27T10:01:43","modified_gmt":"2020-11-27T09:01:43","slug":"zeitplan","status":"publish","type":"page","link":"https:\/\/sites.hslu.ch\/spitex\/innosuisse-projekt\/zeitplan\/","title":{"rendered":"Zeitplan"},"content":{"rendered":"\n<p>Das Innosuisse Projekt startete im Februar 2020 und wird im August 2022 abgeschlossen. Anfang 2022 stehen das Cockpit und der Benchmark allen Spitex-Organisationen und Pflegefachpersonen zur Verf\u00fcgung.<\/p>\n\n\n\n<figure class=\"wp-block-image size-large is-style-default\"><img loading=\"lazy\" decoding=\"async\" width=\"1024\" height=\"441\" src=\"https:\/\/sites.hslu.ch\/spitex\/wp-content\/uploads\/sites\/10\/2020\/11\/Zeitplan_n-1024x441.png\" alt=\"\" class=\"wp-image-377\" srcset=\"https:\/\/sites.hslu.ch\/spitex\/wp-content\/uploads\/sites\/10\/2020\/11\/Zeitplan_n-1024x441.png 1024w, https:\/\/sites.hslu.ch\/spitex\/wp-content\/uploads\/sites\/10\/2020\/11\/Zeitplan_n-300x129.png 300w, https:\/\/sites.hslu.ch\/spitex\/wp-content\/uploads\/sites\/10\/2020\/11\/Zeitplan_n-768x331.png 768w, https:\/\/sites.hslu.ch\/spitex\/wp-content\/uploads\/sites\/10\/2020\/11\/Zeitplan_n-928x400.png 928w, https:\/\/sites.hslu.ch\/spitex\/wp-content\/uploads\/sites\/10\/2020\/11\/Zeitplan_n.png 1511w\" sizes=\"auto, (max-width: 1024px) 100vw, 1024px\" \/><\/figure>\n\n\n<p><!-- \/wp:post-content --><!-- wp:paragraph --><\/p>\n<p><!-- wp:paragraph --><\/p>\n<p><!-- \/wp:paragraph --><\/p>\n<p><!-- [if gte mso 9]&gt;--><\/p>\n<p><!-- [if gte mso 9]&gt;--><\/p>\n<p><!-- [if gte mso 9]&gt;--><\/p>\n<p><!-- \/wp:paragraph --><\/p>\n<p><!-- wp:paragraph --><\/p>\n<p><strong>Meilenstein I \u00abDatengrundlagen schaffen\u00bb (02\/2020 \u2013 12\/2020)<\/strong><\/p>\n<p>In den ersten 11 Monaten widmeten sich die Projektpartner dem Meilenstein: \u00abDatengrundlagen schaffen\u00bb. Auf der Basis des Finanzmanuals 2020 wurden die Grundlagen f\u00fcr eine harmonisierte Datenerfassung und die Bereitstellung der Daten f\u00fcr die Kostenrechnung und das F\u00fchrungscockpit erarbeitet. Im Austausch mit den Anbietern der prim\u00e4ren EDV-Systeme entstehen Schnittstellen, die eine automatisierte Bereitstellung und Weiterverarbeitung der Daten in der Kostenrechnung unterst\u00fctzen.<\/p>\n<p><strong>Meilenstein II \u00abKostenrechnungsmodell und Umsetzung Prototyp\u00bb (08\/2020 \u2013 laufend)<\/strong><\/p>\n<p>Auf der Basis eines hochaufl\u00f6senden Kostenrechnungsmodells der Hochschule Luzern wird aktuell ein erster Prototyp der Kostenrechnung im Qlik erstellt. Dieser wird ab Januar 2021 bereitstehen, um das Potenzial des Ansatzes aufzuzeigen und im Austausch mit den Projektpartnern weiterzuentwickeln.<\/p>\n<p><strong>Informationsveranstaltungen<\/strong><\/p>\n<p>Ab Fr\u00fchjahr 2021 finden Informationsveranstaltungen zum Projekt, zum Cockpit und zum Benchmark statt. Daten und Art der Durchf\u00fchrung werden ab Januar 2021 fortlaufend bekannt gegeben. Die Kommunikation und Anmeldung erfolgt \u00fcber die Projekt-Webseite und den Newsletter.<\/p>\n<p><strong>Ausf\u00fchrliche Tests \u2013 Anfragen an Spitex-Organisationen (Dez. 20 und Jan. 21)<\/strong><\/p>\n<p>Die Prototypen des F\u00fchrungscockpits und der Benchmarking-Plattform werden praxisnah mit Daten von rund 50 Leistungserbringern aus allen Landesteilen, unterschiedlicher Gr\u00f6sse und Tr\u00e4gerschaft (mit und ohne Versorgungspflicht) getestet. Im Dezember 2020 und Januar 2021 erfolgen Anfragen an Organisationen aus verschiedenen Kantonen, die eine repr\u00e4sentative Auswahl sicherzustellen. Die Daten werden anonymisiert und nur projektintern zur Weiterentwicklung und Validierung der Instrumente eingesetzt. Umgekehrt erhalten die Organisationen ihre Daten in Form einer hochaufl\u00f6senden Kostenrechnung und gespiegelt in einem anonymisierten Benchmark.<\/p>\n<p><!-- \/wp:paragraph --><\/p>\n<p><!-- wp:paragraph --><\/p>\n<p><!-- \/wp:paragraph --><\/p>\n<p><!-- wp:paragraph --><\/p>\n<p><!-- \/wp:paragraph --><\/p>","protected":false},"excerpt":{"rendered":"<p>Das Innosuisse Projekt startete im Februar 2020 und wird im August 2022 abgeschlossen. Anfang 2022 stehen das Cockpit und der Benchmark allen Spitex-Organisationen und Pflegefachpersonen zur Verf\u00fcgung. Meilenstein I \u00abDatengrundlagen schaffen\u00bb (02\/2020 \u2013 12\/2020) In den ersten 11 Monaten widmeten sich die Projektpartner dem Meilenstein: \u00abDatengrundlagen schaffen\u00bb. Auf der Basis des Finanzmanuals 2020 wurden die<\/p>\n","protected":false},"author":35,"featured_media":0,"parent":83,"menu_order":0,"comment_status":"closed","ping_status":"closed","template":"","meta":{"_acf_changed":false,"footnotes":""},"class_list":["post-284","page","type-page","status-publish","hentry"],"acf":[],"_links":{"self":[{"href":"https:\/\/sites.hslu.ch\/spitex\/wp-json\/wp\/v2\/pages\/284","targetHints":{"allow":["GET"]}}],"collection":[{"href":"https:\/\/sites.hslu.ch\/spitex\/wp-json\/wp\/v2\/pages"}],"about":[{"href":"https:\/\/sites.hslu.ch\/spitex\/wp-json\/wp\/v2\/types\/page"}],"author":[{"embeddable":true,"href":"https:\/\/sites.hslu.ch\/spitex\/wp-json\/wp\/v2\/users\/35"}],"replies":[{"embeddable":true,"href":"https:\/\/sites.hslu.ch\/spitex\/wp-json\/wp\/v2\/comments?post=284"}],"version-history":[{"count":29,"href":"https:\/\/sites.hslu.ch\/spitex\/wp-json\/wp\/v2\/pages\/284\/revisions"}],"predecessor-version":[{"id":389,"href":"https:\/\/sites.hslu.ch\/spitex\/wp-json\/wp\/v2\/pages\/284\/revisions\/389"}],"up":[{"embeddable":true,"href":"https:\/\/sites.hslu.ch\/spitex\/wp-json\/wp\/v2\/pages\/83"}],"wp:attachment":[{"href":"https:\/\/sites.hslu.ch\/spitex\/wp-json\/wp\/v2\/media?parent=284"}],"curies":[{"name":"wp","href":"https:\/\/api.w.org\/{rel}","templated":true}]}}