{"id":111,"date":"2020-11-12T14:00:43","date_gmt":"2020-11-12T13:00:43","guid":{"rendered":"https:\/\/sites.hslu.ch\/spitex\/?page_id=111"},"modified":"2021-11-09T20:34:04","modified_gmt":"2021-11-09T19:34:04","slug":"startseite","status":"publish","type":"page","link":"https:\/\/sites.hslu.ch\/spitex\/","title":{"rendered":""},"content":{"rendered":"\n<p><\/p>\n\n\n\n<p><span class=\"has-inline-color has-vivid-red-color\">News du 09.11.2021: L&#8217;enregistrement et la pr\u00e9sentation du webinar sur le Spitex Benchmark du 9.11. sont maintenant en ligne sous &#171;<a rel=\"noreferrer noopener\" href=\"https:\/\/sites.hslu.ch\/spitex\/dokumente\/\" target=\"_blank\">Dokumente<\/a>&#171;<\/span>.<\/p>\n\n\n\n<p><span class=\"has-inline-color has-vivid-red-color\">News vom 04.11.2021: Die Aufzeichnung und die Pr\u00e4sentation des Webinars zum Spitex Benchmark vom 26.10.+03.11. sind jetzt online unter <a href=\"https:\/\/sites.hslu.ch\/spitex\/webinar-benchmark-vom-26-10-und-3-11-2021\/\">News<\/a>.<\/span><\/p>\n\n\n\n<p><\/p>\n\n\n\n<h1 class=\"wp-block-heading\">Kennzahlensysteme und Kostenmanagement der Spitex<\/h1>\n\n\n\n<p><strong>Herzlich Willkommen auf der Webseite zum Innosuisse Projekt &#171;Kennzahlensysteme und Kostenmanagement der Spitex&#187;.<\/strong><\/p>\n\n\n\n<p><strong>Im Rahmen eines 2 1\/2 j\u00e4hrigen praxisnahen Forschungsprojekts erarbeitet die Hochschule Luzern in Kooperation mit den Wirtschaftspartnern <a href=\"https:\/\/www.heyde.ch\/spitex?utm_source=HSL&amp;utm_medium=Textlink&amp;utm_campaign=spitex\" target=\"_blank\" rel=\"noreferrer noopener\">Heyde <\/a>und <a href=\"https:\/\/www.polynomics.ch\/\" target=\"_blank\" rel=\"noreferrer noopener\">Polynomics <\/a>sowie einer repr\u00e4sentativen Auswahl von Spitexorganisationen und Spitex Schweiz als Praxispartner Konzepte und Instrumente f\u00fcr ein ausgereiftes Kennzahlensystem und eine hochaufl\u00f6sende Kostenrechnung f\u00fcr Spitex-Organisationen. Das Projekt wird von der Schweizerischen Agentur f\u00fcr Innovationsf\u00f6rderung Innosuisse unterst\u00fctzt.<\/strong><\/p>\n\n\n\n<p><\/p>\n\n\n\n<p>Die Spitex-Organisationen ben\u00f6tigen f\u00fcr die operative und strategische F\u00fchrung aussagekr\u00e4ftige Kennzahlen und routinem\u00e4ssig aufbereitete Kosten- und Leistungsdaten. Diese Daten bieten zugleich die Grundlage f\u00fcr die Verhandlungen \u00fcber Restfinanzierungsbeitr\u00e4ge oder Tarife und eine transparente Abbildung ihrer Leistungs- und Kostenstrukturen in Betriebsvergleichen und Statistiken.<\/p>\n\n\n\n<p>Das Projekt \u00abKennzahlensysteme und Kostenmanagement der Spitex\u00bb erarbeitet entsprechende Konzepte und Instrumente, um die erforderlichen Daten einfach und in hoher Qualit\u00e4t bereitstellen und analysieren zu k\u00f6nnen.<\/p>\n\n\n\n<p>Ziel des Projektes ist die Entwicklung eines F\u00fchrungscockpits mit hochaufl\u00f6sender Kostenrechnung und einer Spitex Benchmarking-Plattform. Diese Instrumente unterst\u00fctzen die Spitex-Organisationen und selbst\u00e4ndigen Pflegefachpersonen bei der Umsetzung des Finanzmanuals 2020 und erm\u00f6glichen es, ihre harmonisierten Daten einfach, intuitiv und nachvollziehbar auszuwerten.<\/p>\n\n\n\n<p>Auf  dieser Webseite erfahren Sie \u00fcber die neusten Entwicklungen im Projekt, \u00fcber den Stand der Produktentwicklung und weitere Neuigkeiten. Melden Sie sich f\u00fcr den Newsletter an, um \u00fcber den neusten Stand informiert zu werden.<\/p>\n\n\n\n<p>&#8212;&#8212;&#8212;&#8212;&#8212;&#8212;&#8212;&#8212;&#8212;&#8212;&#8212;&#8212;&#8212;&#8212;&#8212;&#8212;&#8212;&#8212;&#8212;&#8212;&#8212;&#8212;&#8212;&#8212;&#8212;&#8212;&#8212;&#8212;&#8212;&#8212;&#8212;&#8212;&#8212;&#8212;&#8212;&#8212;&#8212;-<\/p>\n\n\n\n<h1 class=\"wp-block-heading\">Syst\u00e8mes d\u2019indicateurs et gestion des co\u00fbts des organisations d\u2019aide et de soins \u00e0 domicile<\/h1>\n\n\n\n<p><\/p>\n\n\n\n<p>Bienvenue sur le site du projet Innosuisse &#171;Syst\u00e8mes d\u2019indicateurs et gestion des co\u00fbts des organisations d\u2019aide et de soins \u00e0 domicile&#187;.<\/p>\n\n\n\n<p>Dans le cadre d&#8217;un projet de recherche de 2 ans et demi ax\u00e9 sur la pratique,<br>&#8211; la Haute \u00c9cole de Lucerne, en coop\u00e9ration avec les partenaires \u00e9conomiques<br>&#8211; Heyde et<br>&#8211; Polynomics ainsi qu&#8217;avec<br>&#8211; une s\u00e9lection repr\u00e9sentative d\u2019aide et de soins \u00e0 domicile et<br>&#8211; Aide et soins \u00e0 domicile Suisse<br>en tant que partenaire de pratique, d\u00e9veloppe des concepts et des instruments pour une syst\u00e8mes d\u2019indicateurs et une comptabilit\u00e9 analytique \u00e0 haute r\u00e9solution pour les organisations d\u2019aide et de soins \u00e0 domicile. Le projet est subventionn\u00e9 par l\u2019Agence suisse pour l\u2019encouragement de l\u2019innovation Innosuisse.<\/p>\n\n\n\n<p>L\u2019objectif du projet est de d\u00e9velopper un cockpit de gestion avec une comptabilit\u00e9 analytique haute r\u00e9solution et une plateforme de benchmarking Aide et soins \u00e0 domicile. Ces instruments visent \u00e0 aider les organisations d\u2019aide et soins \u00e0 domicile et les personnels soignants ind\u00e9pendants \u00e0 mettre en application le Manuel Finances 2020 et \u00e0 leur permettre d\u2019\u00e9valuer leurs donn\u00e9es harmonis\u00e9es de mani\u00e8re simple, intuitive et tra\u00e7able.<\/p>\n\n\n\n<p><strong>Ce site web est principalement maintenu en allemand. Cependant, des organisations de Suisse romande et italienne sont \u00e9galement int\u00e9gr\u00e9es au projet. Il est important pour nous de prendre en compte les besoins de tous les cantons et de toutes les langues nationales. Les produits finaux, le Cockpit de gestion et le Benchmarking Aide et soins \u00e0 domicile, seront \u00e9galement disponibles en fran\u00e7ais et en italien en janvier 2022. D&#8217;ici l\u00e0, seuls les r\u00e9sultats interm\u00e9diaires les plus importants peuvent \u00eatre traduits. Une traduction fran\u00e7aise des informations centrales sur le projet Innosuisse, le Cockpit de gestion et le Benchmarking se trouve sur les fiches dans le menu <a href=\"https:\/\/sites.hslu.ch\/spitex\/dokumente\/\">Documents<\/a>.<\/strong><\/p>\n","protected":false},"excerpt":{"rendered":"<p>News du 09.11.2021: L&#8217;enregistrement et la pr\u00e9sentation du webinar sur le Spitex Benchmark du 9.11. sont maintenant en ligne sous &#171;Dokumente&#171;. News vom 04.11.2021: Die Aufzeichnung und die Pr\u00e4sentation des Webinars zum Spitex Benchmark vom 26.10.+03.11. sind jetzt online unter News. Kennzahlensysteme und Kostenmanagement der Spitex Herzlich Willkommen auf der Webseite zum Innosuisse Projekt &#171;Kennzahlensysteme<\/p>\n","protected":false},"author":94,"featured_media":154,"parent":0,"menu_order":0,"comment_status":"closed","ping_status":"closed","template":"home-default.php","meta":{"_acf_changed":false,"footnotes":""},"class_list":["post-111","page","type-page","status-publish","has-post-thumbnail","hentry"],"acf":[],"_links":{"self":[{"href":"https:\/\/sites.hslu.ch\/spitex\/wp-json\/wp\/v2\/pages\/111","targetHints":{"allow":["GET"]}}],"collection":[{"href":"https:\/\/sites.hslu.ch\/spitex\/wp-json\/wp\/v2\/pages"}],"about":[{"href":"https:\/\/sites.hslu.ch\/spitex\/wp-json\/wp\/v2\/types\/page"}],"author":[{"embeddable":true,"href":"https:\/\/sites.hslu.ch\/spitex\/wp-json\/wp\/v2\/users\/94"}],"replies":[{"embeddable":true,"href":"https:\/\/sites.hslu.ch\/spitex\/wp-json\/wp\/v2\/comments?post=111"}],"version-history":[{"count":52,"href":"https:\/\/sites.hslu.ch\/spitex\/wp-json\/wp\/v2\/pages\/111\/revisions"}],"predecessor-version":[{"id":667,"href":"https:\/\/sites.hslu.ch\/spitex\/wp-json\/wp\/v2\/pages\/111\/revisions\/667"}],"wp:featuredmedia":[{"embeddable":true,"href":"https:\/\/sites.hslu.ch\/spitex\/wp-json\/wp\/v2\/media\/154"}],"wp:attachment":[{"href":"https:\/\/sites.hslu.ch\/spitex\/wp-json\/wp\/v2\/media?parent=111"}],"curies":[{"name":"wp","href":"https:\/\/api.w.org\/{rel}","templated":true}]}}