{"id":2977,"date":"2023-12-22T19:36:06","date_gmt":"2023-12-22T19:36:06","guid":{"rendered":"https:\/\/sites.hslu.ch\/itc\/?page_id=2977"},"modified":"2024-01-11T11:18:35","modified_gmt":"2024-01-11T11:18:35","slug":"bauberatung-in-gemeinden","status":"publish","type":"page","link":"https:\/\/sites.hslu.ch\/itc\/raum-gesellschaft\/fokusthema-baukultur-in-der-gemeinde-stadt-und-regionalentwicklung\/bauberatung-in-gemeinden\/","title":{"rendered":"Bauberatung in Gemeinden"},"content":{"rendered":"\n<p>Eine hohe Siedlungs- und Landschaftsqualit\u00e4t tr\u00e4gt wesentlich zur Lebensqualit\u00e4t der Bewohner:innen einer Gemeinde bei und ist daher ein wichtiger Faktor der Wohnortattraktivit\u00e4t. Zugleich bildet sie verschiedenenorts die Grundlage f\u00fcr das touristische Angebot einer Region und ist dadurch auch f\u00fcr die regionale Wirtschaft von Bedeutung.<br>Mit dem revidierten Raumplanungsgesetz sind Gemeinden aufgefordert, auf eine Siedlungsentwicklung nach innen zu fokussieren. Daneben sorgt der Strukturwandel in der Landwirtschaft f\u00fcr Herausforderungen ausserhalb des Siedlungsgebietes. Es gilt f\u00fcr die Zukunft, den Bestand zu respektieren, jedoch die Orts- und Landschaftsbilder nicht einzufrieren, sondern an neue Bed\u00fcrfnisse anzupassen und qualit\u00e4tsvoll weiterzuentwickeln. Dies ist f\u00fcr die Gemeinden eine Herausforderung.<br>Eine ad\u00e4quate Bauberatung ist ein wirkungsvolles Instrument, um eine hohe Siedlungs- und Landschaftsqualit\u00e4t zu gew\u00e4hrleisten. Sind die Rollen und Zust\u00e4ndigkeiten sowie der Prozess gekl\u00e4rt und transparent, tr\u00e4gt sie bei Bauvorhaben mit erh\u00f6hten Anforderungen bez\u00fcglich Gestaltung und Eingliederung dazu bei, Ressourcen einzusparen sowie Konflikte zu kanalisieren und gegebenenfalls zu vermeiden.<\/p>\n\n\n\n<figure class=\"wp-block-gallery has-nested-images columns-default is-cropped wp-block-gallery-1 is-layout-flex wp-block-gallery-is-layout-flex\">\n<figure class=\"wp-block-image size-large is-style-default\"><img loading=\"lazy\" decoding=\"async\" width=\"430\" height=\"518\" data-id=\"2978\" src=\"https:\/\/sites.hslu.ch\/itc\/wp-content\/uploads\/sites\/2\/2023\/12\/Bauberatung-1.jpg\" alt=\"\" class=\"wp-image-2978\" srcset=\"https:\/\/sites.hslu.ch\/itc\/wp-content\/uploads\/sites\/2\/2023\/12\/Bauberatung-1.jpg 430w, https:\/\/sites.hslu.ch\/itc\/wp-content\/uploads\/sites\/2\/2023\/12\/Bauberatung-1-249x300.jpg 249w\" sizes=\"auto, (max-width: 430px) 100vw, 430px\" \/><\/figure>\n<\/figure>\n\n\n\n<h2 class=\"wp-block-heading\">Weiterf\u00fchrende Informationen<\/h2>\n\n\n\n<ul class=\"wp-block-list\">\n<li>Zur <a href=\"https:\/\/www.hslu.ch\/de-ch\/hochschule-luzern\/forschung\/projekte\/detail\/?pid=6037\" data-type=\"link\" data-id=\"https:\/\/www.hslu.ch\/de-ch\/hochschule-luzern\/forschung\/projekte\/detail\/?pid=6037\" target=\"_blank\" rel=\"noreferrer noopener\">Projektdatenbank<\/a><\/li>\n\n\n\n<li>Zur Brosch\u00fcre (<a rel=\"noreferrer noopener\" href=\"https:\/\/www.hslu.ch\/de-ch\/hochschule-luzern\/forschung\/projekte\/detail\/?pid=6037\" data-type=\"link\" data-id=\"https:\/\/www.hslu.ch\/de-ch\/hochschule-luzern\/forschung\/projekte\/detail\/?pid=6037\" target=\"_blank\">Deutsch<\/a>, <a href=\"https:\/\/www.hslu.ch\/de-ch\/hochschule-luzern\/forschung\/projekte\/detail\/?pid=6037\" data-type=\"link\" data-id=\"https:\/\/www.hslu.ch\/de-ch\/hochschule-luzern\/forschung\/projekte\/detail\/?pid=6037\">Franz\u00f6sisch<\/a>)<\/li>\n<\/ul>\n\n\n<div class=\"default__content__list-block\">\n        \t\t    <h2 class=\"default--content--list-block--title\">Beteiligte Forschende der HSLU<\/h2>\n        <ul>\n\t                        <li>Departement Wirtschaft: Stephan K\u00e4ppeli, Silke Z\u00f6llner<\/li>\n\t                        <li>Departement Technik &amp; Architektur: Stefan Kunz, Timo J. Walker<\/li>\n\t                <\/ul>\n\t\t    <h2 class=\"default--content--list-block--title\"><\/h2>\n        <ul>\n\t                <\/ul>\n\t\t    <h2 class=\"default--content--list-block--title\">Externe Partner<\/h2>\n        <ul>\n\t                        <li>Fachhochschule Graub\u00fcnden, Bundesamt f\u00fcr Kultur<\/li>\n\t                <\/ul>\n\t    <\/div>\n\n\n\n<ul class=\"wp-block-list\">\n<li>Zur\u00fcck zur Fokusseite <a href=\"https:\/\/sites.hslu.ch\/itc\/raum-gesellschaft\/fokusthema-baukultur-in-der-gemeinde-stadt-und-regionalentwicklung\/\" data-type=\"page\" data-id=\"1650\">B<\/a><a href=\"https:\/\/sites.hslu.ch\/itc\/raum-gesellschaft\/fokusthema-baukultur-in-der-gemeinde-stadt-und-regionalentwicklung\/\" data-type=\"page\" data-id=\"1650\" target=\"_blank\" rel=\"noreferrer noopener\">aukultur in Gemeinde-, Stadt- und Regionalentwicklung<\/a><\/li>\n<\/ul>\n","protected":false},"excerpt":{"rendered":"<p>Eine hohe Siedlungs- und Landschaftsqualit\u00e4t tr\u00e4gt wesentlich zur Lebensqualit\u00e4t der Bewohner:innen einer Gemeinde bei und ist daher ein wichtiger Faktor der Wohnortattraktivit\u00e4t. Zugleich bildet sie verschiedenenorts die Grundlage f\u00fcr das touristische Angebot einer Region und ist dadurch auch f\u00fcr die regionale Wirtschaft von Bedeutung.Mit dem revidierten Raumplanungsgesetz sind Gemeinden aufgefordert, auf eine Siedlungsentwicklung nach innen [&hellip;]<\/p>\n","protected":false},"author":110,"featured_media":0,"parent":1650,"menu_order":0,"comment_status":"closed","ping_status":"closed","template":"","meta":{"_acf_changed":false,"footnotes":""},"class_list":["post-2977","page","type-page","status-publish","hentry"],"acf":[],"_links":{"self":[{"href":"https:\/\/sites.hslu.ch\/itc\/wp-json\/wp\/v2\/pages\/2977","targetHints":{"allow":["GET"]}}],"collection":[{"href":"https:\/\/sites.hslu.ch\/itc\/wp-json\/wp\/v2\/pages"}],"about":[{"href":"https:\/\/sites.hslu.ch\/itc\/wp-json\/wp\/v2\/types\/page"}],"author":[{"embeddable":true,"href":"https:\/\/sites.hslu.ch\/itc\/wp-json\/wp\/v2\/users\/110"}],"replies":[{"embeddable":true,"href":"https:\/\/sites.hslu.ch\/itc\/wp-json\/wp\/v2\/comments?post=2977"}],"version-history":[{"count":11,"href":"https:\/\/sites.hslu.ch\/itc\/wp-json\/wp\/v2\/pages\/2977\/revisions"}],"predecessor-version":[{"id":2993,"href":"https:\/\/sites.hslu.ch\/itc\/wp-json\/wp\/v2\/pages\/2977\/revisions\/2993"}],"up":[{"embeddable":true,"href":"https:\/\/sites.hslu.ch\/itc\/wp-json\/wp\/v2\/pages\/1650"}],"wp:attachment":[{"href":"https:\/\/sites.hslu.ch\/itc\/wp-json\/wp\/v2\/media?parent=2977"}],"curies":[{"name":"wp","href":"https:\/\/api.w.org\/{rel}","templated":true}]}}