{"id":2920,"date":"2023-12-07T08:32:50","date_gmt":"2023-12-07T08:32:50","guid":{"rendered":"https:\/\/sites.hslu.ch\/itc\/?page_id=2920"},"modified":"2023-12-22T19:13:23","modified_gmt":"2023-12-22T19:13:23","slug":"bedingungen-fuer-hohe-baukultur-50-jahre-wakkerpreis","status":"publish","type":"page","link":"https:\/\/sites.hslu.ch\/itc\/raum-gesellschaft\/fokusthema-baukultur-in-der-gemeinde-stadt-und-regionalentwicklung\/bedingungen-fuer-hohe-baukultur-50-jahre-wakkerpreis\/","title":{"rendered":"Bedingungen f\u00fcr hohe Baukultur &#8211; 50 Jahre Wakkerpreis"},"content":{"rendered":"\n<p>In manchen Gemeinden und St\u00e4dten leben die Menschen einfach gern. Das liegt unter anderem an der hohen Baukultur. Was ist das eigentlich? Zwei Forscherinnen der Sozialen Arbeit haben \u00fcber 50 Gemeinden analysiert, die mit dem Wakkerpreis ausgezeichnet worden sind \u2013 dem Preis des Schweizer Heimatschutzes f\u00fcr besonders gelungene Ortschaften. Ihr neuer Leitfaden zeigt Gemeinden und St\u00e4dten Wege auf, sich im Sinne hoher Baukultur und damit in ihrer Lebensqualit\u00e4t weiterzuentwickeln.<\/p>\n\n\n\n<p>Das Projekt wurde u. a. mit dem Schweizer Heimatschutz umgesetzt und vom Bundesamt f\u00fcr Kultur finanziert.<\/p>\n\n\n\n<p><\/p>\n\n\n\n<figure class=\"wp-block-gallery has-nested-images columns-default is-cropped wp-block-gallery-1 is-layout-flex wp-block-gallery-is-layout-flex\">\n<figure class=\"wp-block-image size-large is-style-hitc-full-width\"><img loading=\"lazy\" decoding=\"async\" width=\"1024\" height=\"490\" data-id=\"2939\" src=\"https:\/\/sites.hslu.ch\/itc\/wp-content\/uploads\/sites\/2\/2023\/12\/230704_sa_ban_baukultur_1614x772_1-1024x490.jpg\" alt=\"\" class=\"wp-image-2939\" style=\"aspect-ratio:2.089795918367347\" srcset=\"https:\/\/sites.hslu.ch\/itc\/wp-content\/uploads\/sites\/2\/2023\/12\/230704_sa_ban_baukultur_1614x772_1-1024x490.jpg 1024w, https:\/\/sites.hslu.ch\/itc\/wp-content\/uploads\/sites\/2\/2023\/12\/230704_sa_ban_baukultur_1614x772_1-300x143.jpg 300w, https:\/\/sites.hslu.ch\/itc\/wp-content\/uploads\/sites\/2\/2023\/12\/230704_sa_ban_baukultur_1614x772_1-768x367.jpg 768w, https:\/\/sites.hslu.ch\/itc\/wp-content\/uploads\/sites\/2\/2023\/12\/230704_sa_ban_baukultur_1614x772_1-1536x735.jpg 1536w, https:\/\/sites.hslu.ch\/itc\/wp-content\/uploads\/sites\/2\/2023\/12\/230704_sa_ban_baukultur_1614x772_1.jpg 1614w\" sizes=\"auto, (max-width: 1024px) 100vw, 1024px\" \/><\/figure>\n<\/figure>\n\n\n\n<h2 class=\"wp-block-heading\">Weiterf\u00fchrende Informationen<\/h2>\n\n\n\n<ul class=\"wp-block-list\">\n<li>Zur <a href=\"https:\/\/www.hslu.ch\/de-ch\/hochschule-luzern\/forschung\/projekte\/detail\/?pid=5677\" data-type=\"link\" data-id=\"https:\/\/www.hslu.ch\/de-ch\/hochschule-luzern\/forschung\/projekte\/detail\/?pid=5677\">Projektdatenbank<\/a><\/li>\n\n\n\n<li>Zum <a href=\"https:\/\/hub.hslu.ch\/soziale-arbeit\/hohe-baukultur-in-gemeinden-und-staedten-davon-profitieren-alle\/\" data-type=\"link\" data-id=\"https:\/\/hub.hslu.ch\/soziale-arbeit\/hohe-baukultur-in-gemeinden-und-staedten-davon-profitieren-alle\/\">Blogbeitrag<\/a><\/li>\n\n\n\n<li>Zur <a href=\"https:\/\/interact-verlag.ch\/collections\/neuerscheinungen\/products\/staedte-und-gemeinden-bauen-bedingungen-fuer-hohe-baukultur\" data-type=\"link\" data-id=\"https:\/\/interact-verlag.ch\/collections\/neuerscheinungen\/products\/staedte-und-gemeinden-bauen-bedingungen-fuer-hohe-baukultur\">Brosch\u00fcre<\/a> (Print- und Open Access-Exemplar)<\/li>\n<\/ul>\n\n\n<div class=\"default__content__list-block\">\n        \t\t    <h2 class=\"default--content--list-block--title\">Beteiligte Forschende der HSLU<\/h2>\n        <ul>\n\t                        <li>Departement Soziale Arbeit: Alexa Bodammer, Caroline N\u00e4ther<\/li>\n\t                <\/ul>\n\t\t    <h2 class=\"default--content--list-block--title\"><\/h2>\n        <ul>\n\t                <\/ul>\n\t\t    <h2 class=\"default--content--list-block--title\">Externe Partner<\/h2>\n        <ul>\n\t                        <li>Schweizer Heimatschutz, Bundesamt f\u00fcr Kultur<\/li>\n\t                <\/ul>\n\t    <\/div>\n\n\n\n<ul class=\"wp-block-list\">\n<li>Zur\u00fcck zum Fokusthema <a href=\"https:\/\/sites.hslu.ch\/itc\/raum-gesellschaft\/fokusthema-baukultur-in-der-gemeinde-stadt-und-regionalentwicklung\/\" data-type=\"page\" data-id=\"1650\">Baukultur in der Gemeinde-, Stadt- &amp; Regionalentwicklung<\/a>.<\/li>\n<\/ul>\n","protected":false},"excerpt":{"rendered":"<p>In manchen Gemeinden und St\u00e4dten leben die Menschen einfach gern. Das liegt unter anderem an der hohen Baukultur. Was ist das eigentlich? Zwei Forscherinnen der Sozialen Arbeit haben \u00fcber 50 Gemeinden analysiert, die mit dem Wakkerpreis ausgezeichnet worden sind \u2013 dem Preis des Schweizer Heimatschutzes f\u00fcr besonders gelungene Ortschaften. Ihr neuer Leitfaden zeigt Gemeinden und [&hellip;]<\/p>\n","protected":false},"author":110,"featured_media":0,"parent":1650,"menu_order":0,"comment_status":"closed","ping_status":"closed","template":"","meta":{"_acf_changed":false,"footnotes":""},"class_list":["post-2920","page","type-page","status-publish","hentry"],"acf":[],"_links":{"self":[{"href":"https:\/\/sites.hslu.ch\/itc\/wp-json\/wp\/v2\/pages\/2920","targetHints":{"allow":["GET"]}}],"collection":[{"href":"https:\/\/sites.hslu.ch\/itc\/wp-json\/wp\/v2\/pages"}],"about":[{"href":"https:\/\/sites.hslu.ch\/itc\/wp-json\/wp\/v2\/types\/page"}],"author":[{"embeddable":true,"href":"https:\/\/sites.hslu.ch\/itc\/wp-json\/wp\/v2\/users\/110"}],"replies":[{"embeddable":true,"href":"https:\/\/sites.hslu.ch\/itc\/wp-json\/wp\/v2\/comments?post=2920"}],"version-history":[{"count":15,"href":"https:\/\/sites.hslu.ch\/itc\/wp-json\/wp\/v2\/pages\/2920\/revisions"}],"predecessor-version":[{"id":2969,"href":"https:\/\/sites.hslu.ch\/itc\/wp-json\/wp\/v2\/pages\/2920\/revisions\/2969"}],"up":[{"embeddable":true,"href":"https:\/\/sites.hslu.ch\/itc\/wp-json\/wp\/v2\/pages\/1650"}],"wp:attachment":[{"href":"https:\/\/sites.hslu.ch\/itc\/wp-json\/wp\/v2\/media?parent=2920"}],"curies":[{"name":"wp","href":"https:\/\/api.w.org\/{rel}","templated":true}]}}