{"id":2875,"date":"2023-12-07T08:31:32","date_gmt":"2023-12-07T08:31:32","guid":{"rendered":"https:\/\/sites.hslu.ch\/itc\/?page_id=2875"},"modified":"2024-04-25T21:18:27","modified_gmt":"2024-04-25T21:18:27","slug":"virtual-kids","status":"publish","type":"page","link":"https:\/\/sites.hslu.ch\/itc\/digitale-transformation-der-arbeitswelt\/praediktive-und-gebrauchsorientierte-technologie\/virtual-kids\/","title":{"rendered":"Virtual Kids"},"content":{"rendered":"\n<p>Strafrechtlich relevante Befragungen von Kindern stellen besonders hohe Anforderungen an die Befragungsqualit\u00e4t und an die Qualifikation Befragender, da die Aussage in diesen F\u00e4llen in der Regel alleiniges Beweismittel ist. Befragungspersonen mangelt es jedoch an \u00dcbungsm\u00f6glichkeiten, in der Folge sind Kinder in der Praxis oft mit Unerfahrenen konfrontiert. Dies kann die Kinder benachteiligen, insbesondere diejenigen mit schwierigen Sozialisationsbedingungen oder kognitiven Beeintr\u00e4chtigungen. <\/p>\n\n\n\n<p>Das vom Schweizerischen Nationalfonds gef\u00f6rderte interdisziplin\u00e4re Projekt zielt in einem ersten Schritt darauf, virtuelle Charaktere (\u00abAvatare\u00bb) zu entwickeln, die eine lebensnahe und zugleich standardisierte Simulation schwieriger Befragungssituationen erlauben. Mit dieser Simulation sowie mit Serious Gaming wird die Befragung trainiert. Im zweiten Schritt er\u00f6ffnet die Standardisierung der sozialen Interaktion breite Forschungsperspektiven: So k\u00f6nnen etwa erstmals personale Erfolgsbedingungen von Trainingsmassnahmen systematisch erforscht werden, um zu sehen, welche Elemente unter welchen Voraussetzungen erfolgversprechend sind. <\/p>\n\n\n\n<blockquote class=\"wp-block-quote is-layout-flow wp-block-quote-is-layout-flow\">\n<p>\u00abBefragungen von Kindern in Strafverfahren betreffen klassischerweise schwere Delikte, in welchen die Aussagen der Opfer das einzige Beweismittel darstellen. Deshalb sind kompetente Befragende ungeheuer wichtig. Das Forschungsprojekt leistet einen Beitrag zur Verbesserung der Teilhabe besonders vulnerabler Gruppen, und die avisierte Verbesserung der Befragungspraxis entspricht zudem der internationalen Forderung nach einer <em>child-friendly justice<\/em>. Die individuelle Trainingsm\u00f6glichkeit erschliesst f\u00fcr die Befragenden in den Kantonen neue Lernbereiche. Die Pandemieerfahrung der vergangenen Jahre hat zudem in der Verwaltung zu einem bedeutenden \u00d6ffnungsschub gegen\u00fcber digitalen M\u00f6glichkeiten gef\u00fchrt. Mit den virtuellen Trainings trifft das Projekt deshalb einen Nerv, der Innovation auch \u00fcber das Projekt hinaus erm\u00f6glicht.\u00bb<\/p>\n<cite>Linda Sutter, Staatsanw\u00e4ltin des Kantons St. Gallen<\/cite><\/blockquote>\n\n\n\n<figure class=\"wp-block-image size-large\"><img loading=\"lazy\" decoding=\"async\" width=\"881\" height=\"951\" src=\"https:\/\/sites.hslu.ch\/itc\/wp-content\/uploads\/sites\/2\/2023\/12\/avisierte-Version-1.png\" alt=\"\" class=\"wp-image-2892\" srcset=\"https:\/\/sites.hslu.ch\/itc\/wp-content\/uploads\/sites\/2\/2023\/12\/avisierte-Version-1.png 881w, https:\/\/sites.hslu.ch\/itc\/wp-content\/uploads\/sites\/2\/2023\/12\/avisierte-Version-1-278x300.png 278w, https:\/\/sites.hslu.ch\/itc\/wp-content\/uploads\/sites\/2\/2023\/12\/avisierte-Version-1-768x829.png 768w\" sizes=\"auto, (max-width: 881px) 100vw, 881px\" \/><figcaption class=\"wp-element-caption\">Interviewer:innen trainineren mit digitalen Avataren, bevor sie reale Kinder befragen.<\/figcaption><\/figure>\n\n\n\n<blockquote class=\"wp-block-quote is-layout-flow wp-block-quote-is-layout-flow\">\n<p>\u00abWir erkennen grosses Potenzial f\u00fcr Kooperationen und Vernetzungen auch \u00fcber die Landesgrenze hinaus. In der polizeilichen Aus-und Weiterbildung gewinnt Reflexionskompetenz zunehmend an Bedeutung. Projekte wie \u00abVirtual Kids\u00bb helfen mit, Kollaborationen zwischen Akteuren der \u00f6ffentlichen Sicherheit und Sozialer Arbeit zu vertiefen. Polizeiarbeit ist immer interdisziplin\u00e4r und befasst sich permanent mit Themen, die gesellschaftliche Antworten verlangen, beispielsweise im Umgang mit <em>hate speech<\/em>. Das SPI fungiert hier als Koordinationsplattform, das polizeiliche, akademische sowie bildungspolitische Interessen synchronisiert.\u00bb<\/p>\n<cite>Stefan Aegerter, Direktor des Schweizerischen Polizeiinstitutes (SPI)<\/cite><\/blockquote>\n\n\n\n<h2 class=\"wp-block-heading\">Weiterf\u00fchrende Informationen<\/h2>\n\n\n\n<ul class=\"wp-block-list\">\n<li>Zur <a href=\"https:\/\/www.hslu.ch\/de-ch\/hochschule-luzern\/forschung\/projekte\/detail\/?pid=5467\" data-type=\"link\" data-id=\"https:\/\/www.hslu.ch\/de-ch\/hochschule-luzern\/forschung\/projekte\/detail\/?pid=5467\">Projektdatenbank<\/a><\/li>\n\n\n\n<li>Zum <a href=\"https:\/\/www.srf.ch\/play\/tv\/10-vor-10\/video\/die-idee-mit-avatar-heikle-kindesbefragungen-ueben?urn=urn:srf:video:2ffa1608-08a4-47d7-9cf9-b506640d4c74\" data-type=\"link\" data-id=\"https:\/\/www.srf.ch\/play\/tv\/10-vor-10\/video\/die-idee-mit-avatar-heikle-kindesbefragungen-ueben?urn=urn:srf:video:2ffa1608-08a4-47d7-9cf9-b506640d4c74\" target=\"_blank\" rel=\"noreferrer noopener\">SRF-Beitrag<\/a> vom 23. Februar 2024<\/li>\n<\/ul>\n\n\n<div class=\"default__content__list-block\">\n        \t\t    <h2 class=\"default--content--list-block--title\">Beteiligte Forschende der HSLU<\/h2>\n        <ul>\n\t                        <li>Departement Soziale Arbeit: Susanna Niehaus, Tanja Mitrovic <\/li>\n\t                        <li>Departement Informatik: Ariana Huwiler, Tobias Kreienb\u00fchl, Simon Hischier, Richard Wetzel<\/li>\n\t                        <li>Departement Design &amp; Kunst: J\u00fcrgen Haas<\/li>\n\t                <\/ul>\n\t\t    <h2 class=\"default--content--list-block--title\"><\/h2>\n        <ul>\n\t                <\/ul>\n\t\t    <h2 class=\"default--content--list-block--title\">Externe Partner<\/h2>\n        <ul>\n\t                        <li>Kantonspolizei Bern, Kantonspolizei St. Gallen, Schweizerisches Polizeiinstitut (SPI), Verein CCFW der Staatsanwaltsakademie, ZHAW, New York University Shanghai<\/li>\n\t                <\/ul>\n\t    <\/div>\n\n\n\n<ul class=\"wp-block-list\">\n<li>Zur\u00fcck zu den Fokusthemen <a href=\"https:\/\/sites.hslu.ch\/itc\/digitale-transformation-der-arbeitswelt\/praediktive-und-gebrauchsorientierte-technologie\/\" data-type=\"link\" data-id=\"https:\/\/sites.hslu.ch\/itc\/digitale-transformation-der-arbeitswelt\/praediktive-und-gebrauchsorientierte-technologie\/\">pr\u00e4diktive und gebrauchsorientierte Technologie<\/a> sowie <a href=\"https:\/\/sites.hslu.ch\/itc\/digitale-transformation-der-arbeitswelt\/wettbewerbsfaehige-und-lernfaehige-arbeitende\/\" data-type=\"page\" data-id=\"1937\">wettbewerbsf\u00e4hige und lernf\u00e4hige Arbeitende<\/a><\/li>\n<\/ul>\n","protected":false},"excerpt":{"rendered":"<p>Strafrechtlich relevante Befragungen von Kindern stellen besonders hohe Anforderungen an die Befragungsqualit\u00e4t und an die Qualifikation Befragender, da die Aussage in diesen F\u00e4llen in der Regel alleiniges Beweismittel ist. Befragungspersonen mangelt es jedoch an \u00dcbungsm\u00f6glichkeiten, in der Folge sind Kinder in der Praxis oft mit Unerfahrenen konfrontiert. Dies kann die Kinder benachteiligen, insbesondere diejenigen mit [&hellip;]<\/p>\n","protected":false},"author":110,"featured_media":0,"parent":1933,"menu_order":0,"comment_status":"closed","ping_status":"closed","template":"","meta":{"_acf_changed":false,"footnotes":""},"class_list":["post-2875","page","type-page","status-publish","hentry"],"acf":[],"_links":{"self":[{"href":"https:\/\/sites.hslu.ch\/itc\/wp-json\/wp\/v2\/pages\/2875","targetHints":{"allow":["GET"]}}],"collection":[{"href":"https:\/\/sites.hslu.ch\/itc\/wp-json\/wp\/v2\/pages"}],"about":[{"href":"https:\/\/sites.hslu.ch\/itc\/wp-json\/wp\/v2\/types\/page"}],"author":[{"embeddable":true,"href":"https:\/\/sites.hslu.ch\/itc\/wp-json\/wp\/v2\/users\/110"}],"replies":[{"embeddable":true,"href":"https:\/\/sites.hslu.ch\/itc\/wp-json\/wp\/v2\/comments?post=2875"}],"version-history":[{"count":29,"href":"https:\/\/sites.hslu.ch\/itc\/wp-json\/wp\/v2\/pages\/2875\/revisions"}],"predecessor-version":[{"id":3026,"href":"https:\/\/sites.hslu.ch\/itc\/wp-json\/wp\/v2\/pages\/2875\/revisions\/3026"}],"up":[{"embeddable":true,"href":"https:\/\/sites.hslu.ch\/itc\/wp-json\/wp\/v2\/pages\/1933"}],"wp:attachment":[{"href":"https:\/\/sites.hslu.ch\/itc\/wp-json\/wp\/v2\/media?parent=2875"}],"curies":[{"name":"wp","href":"https:\/\/api.w.org\/{rel}","templated":true}]}}