{"id":2016,"date":"2023-02-23T16:52:22","date_gmt":"2023-02-23T16:52:22","guid":{"rendered":"https:\/\/sites.hslu.ch\/itc\/?page_id=2016"},"modified":"2024-05-23T10:50:17","modified_gmt":"2024-05-23T10:50:17","slug":"fokusthema-smarte-soziale-infrastrukturen","status":"publish","type":"page","link":"https:\/\/sites.hslu.ch\/itc\/raum-gesellschaft\/fokusthema-smarte-soziale-infrastrukturen\/","title":{"rendered":"Fokusthema Smarte Soziale Infrastrukturen"},"content":{"rendered":"\n<p>Das Fokusthema f\u00f6rdert die Entwicklung von smarten L\u00f6sungen f\u00fcr bestehende und zuk\u00fcnftige Herausforderungen von sozialen Infrastrukturen in Gemeinden, den Kantonen und beim Bund im Spannungsfeld von Wandlungstreibern wie der Digitalisierung, des demographischen Wandels und der Individualisierung. Im Rahmen dieses Fokusthemas entstand z. B. das Projekt <a href=\"https:\/\/sites.hslu.ch\/itc\/smarte-sozialhilfeinformationen\/\" data-type=\"page\" data-id=\"1597\">Smarte Sozialhilfeinformationen<\/a>.<\/p>\n\n\n\n<blockquote class=\"wp-block-quote is-layout-flow wp-block-quote-is-layout-flow\">\n<p><em>\u00abSoziale Infrastrukturen entlasten die Menschen in ihrem Alltagsleben. Der kontinuierliche gesellschaftliche Wandel fordert allerdings fortlaufend eine Anpassung der sozialen Infrastrukturen: Beispielsweise w\u00e4chst im Kontext der demographischen Alterung der Bev\u00f6lkerung der Bedarf an Betreuungs- und Unterst\u00fctzungsangeboten. Im Fokusthema \u00abSmarte Soziale Infrastrukturen\u00bb erarbeitet die HSLU, wie solchen Herausforderungen begegnet werden kann. Es werden digitale L\u00f6sungen entwickelt, die einfach handhabbar, barrierefrei zug\u00e4nglich und nutzungsfreundlich sind. Damit wird der Mehrwert der Entlastung f\u00fcr das 21. Jahrhundert weiterentwickelt.\u00bb<\/em><\/p>\n<cite>Prof. Dr. Dr. Herbert Schubert, Inhaber von Sozial \u2022 Raum \u2022 Management \u2013 B\u00fcro f\u00fcr Forschung und Beratung<\/cite><\/blockquote>\n\n\n\n<h6 class=\"wp-block-heading\">Themenbereiche des Fokusthemas<\/h6>\n\n\n\n<ul class=\"wp-block-list\">\n<li>Entwicklung und Infrastruktur in peripheren R\u00e4umen<\/li>\n\n\n\n<li>Teilen von Ressourcen in sozialen Netzwerken<\/li>\n\n\n\n<li>Zug\u00e4nge zu sozialen Dienstleistungen<\/li>\n\n\n\n<li>Soziale Teilhabe durch Technologie<\/li>\n\n\n\n<li>Smartes Gemeindemanagement<\/li>\n\n\n\n<li>Datenvisualisierung f\u00fcr die politische Planung<\/li>\n<\/ul>\n\n\n\n<p><\/p>\n\n\n\n<h6 class=\"wp-block-heading\">Alle Projekte im \u00dcberblick<\/h6>\n\n\n<div class=\"row\">\n    <div class=\"col-12 col-sm-12 col-md-12 col-lg-10 offset-lg-2 default__slider\">\n        <div class=\"fade-slider\">\n            <div class=\"project-slider dt-projects\">\n                                \n                    <div>\n                        <div>\n                            <div>\n                                <div class=\"project-slider__imgwrap\">\n                                    <h2>CAS Digital Smart Living<\/h2>\n                                <\/div>\n                                <div class=\"project-slider__text\">\n                                    <!-- wp:paragraph -->\n<p><a href=\"https:\/\/www.hslu.ch\/de-ch\/informatik\/weiterbildung\/digital-transformation\/cas-digital-smart-living\/\" data-type=\"URL\" data-id=\"https:\/\/www.hslu.ch\/de-ch\/informatik\/weiterbildung\/digital-transformation\/cas-digital-smart-living\/\">Home-Office, das heisst Wohnen und Arbeiten an einem Ort, ist f\u00fcr viele allt\u00e4glich geworden. Die M<\/a><a rel=\"noreferrer noopener\" href=\"https:\/\/www.hslu.ch\/de-ch\/informatik\/weiterbildung\/digital-transformation\/cas-digital-smart-living\/\" data-type=\"URL\" data-id=\"https:\/\/www.hslu.ch\/de-ch\/informatik\/weiterbildung\/digital-transformation\/cas-digital-smart-living\/\" target=\"_blank\">\u00f6glichkeiten der Digitalisierung im Bereich Wohnen und Arbeiten bringen Komfort. F\u00fcr Menschen mit Beeintr\u00e4chtigung sind sie sogar h\u00e4ufig lebenswichtig, damit sie l\u00e4nger in ihrem gewohnten Umfeld leb<\/a><a href=\"https:\/\/www.hslu.ch\/de-ch\/informatik\/weiterbildung\/digital-transformation\/cas-digital-smart-living\/\" data-type=\"URL\" data-id=\"https:\/\/www.hslu.ch\/de-ch\/informatik\/weiterbildung\/digital-transformation\/cas-digital-smart-living\/\">en k\u00f6nnen.<\/a>\u00a0<\/p>\n<!-- \/wp:paragraph -->\n\n<!-- wp:paragraph -->\n<p><\/p>\n<!-- \/wp:paragraph -->                                <\/div>\n                            <\/div>\n                        <\/div>\n                    <\/div>\n                                    \n                    <div>\n                        <div>\n                            <div>\n                                <div class=\"project-slider__imgwrap\">\n                                    <h2>Chancengleichheit in der Sozialhilfe in verschiedenen Regionen der Schweiz<\/h2>\n                                <\/div>\n                                <div class=\"project-slider__text\">\n                                    <!-- wp:paragraph -->\n<p><a href=\"https:\/\/www.hslu.ch\/de-ch\/hochschule-luzern\/forschung\/projekte\/detail\/?pid=5960\" target=\"_blank\" rel=\"noreferrer noopener\">Dieses ITC-Vorprojekt dient der Ausarbeitung eines SNF-Projektes zu Chancengleichheit in der Sozialhilfe.<\/a><\/p>\n<!-- \/wp:paragraph -->                                <\/div>\n                            <\/div>\n                        <\/div>\n                    <\/div>\n                                    \n                    <div>\n                        <div>\n                            <div>\n                                <div class=\"project-slider__imgwrap\">\n                                    <h2>Cockpit \u00f6ffentliche Planung<\/h2>\n                                <\/div>\n                                <div class=\"project-slider__text\">\n                                    <!-- wp:paragraph -->\n<p><a href=\"https:\/\/www.hslu.ch\/de-ch\/hochschule-luzern\/forschung\/projekte\/detail\/?pid=6449\" data-type=\"link\" data-id=\"https:\/\/www.hslu.ch\/de-ch\/hochschule-luzern\/forschung\/projekte\/detail\/?pid=6449\" target=\"_blank\" rel=\"noreferrer noopener\">Nebst dem Wohnkalkulator (www.hslu.ch\/wohnkalkulator) ist das \u00abCockpit \u00f6ffentliche Planung\u00bb ein weiteres praxisrelevantes Analyse- und Beratungsangebot der Hochschule Luzern f\u00fcr Gemeinden, Regionen und Kantone.<\/a><\/p>\n<!-- \/wp:paragraph -->                                <\/div>\n                            <\/div>\n                        <\/div>\n                    <\/div>\n                                    \n                    <div>\n                        <div>\n                            <div>\n                                <div class=\"project-slider__imgwrap\">\n                                    <h2>CUI goes AAL<\/h2>\n                                <\/div>\n                                <div class=\"project-slider__text\">\n                                    <!-- wp:paragraph -->\n<p><a href=\"https:\/\/www.hslu.ch\/de-ch\/hochschule-luzern\/forschung\/projekte\/detail\/?pid=5825\" target=\"_blank\" rel=\"noreferrer noopener\">Conversational User Interfaces CUI erm\u00f6glichen Menschen den barrierefreien Umgang mit Technologie. Das ITC-Projekt untersucht entsprechende psychoakustische L\u00f6sungen f\u00fcr Wohnprogramme im Kontext Active Assisted Living AAL.<\/a><\/p>\n<!-- \/wp:paragraph -->                                <\/div>\n                            <\/div>\n                        <\/div>\n                    <\/div>\n                                    \n                    <div>\n                        <div>\n                            <div>\n                                <div class=\"project-slider__imgwrap\">\n                                    <h2>DISK \u2013 Digitale Inklusion von Senioren im la\u0308ndlichen Raum durch Kollaborationsplattformen<\/h2>\n                                <\/div>\n                                <div class=\"project-slider__text\">\n                                    <!-- wp:paragraph -->\n<p><a href=\"https:\/\/www.hslu.ch\/de-ch\/hochschule-luzern\/forschung\/projekte\/detail\/?pid=5745\" target=\"_blank\" rel=\"noreferrer noopener\">Das Projekt zielt als Machbarkeitsstudie darauf ab, eine Entscheidungsgrundlage \u00fcber die Durchf\u00fchrbarkeit eines Projektes im Themenfeld \u00abDigitale Inklusion und sozial-\u00f6konomische Partizipation von \u00e4lteren Personen (digitale Kompetenzentwicklung) im l\u00e4ndlichen Raum zu generieren.<\/a><\/p>\n<!-- \/wp:paragraph -->                                <\/div>\n                            <\/div>\n                        <\/div>\n                    <\/div>\n                                    \n                    <div>\n                        <div>\n                            <div>\n                                <div class=\"project-slider__imgwrap\">\n                                    <h2>Entwicklung dank Schrumpfung<\/h2>\n                                <\/div>\n                                <div class=\"project-slider__text\">\n                                    <!-- wp:paragraph -->\n<p><a href=\"https:\/\/www.hslu.ch\/de-ch\/hochschule-luzern\/forschung\/projekte\/detail\/?pid=4122\" target=\"_blank\" rel=\"noreferrer noopener\" aria-label=\" (\u00f6ffnet in neuem Tab)\">Das ITC-Projekt erforscht Schrumpfungsprozesse in l\u00e4ndlichen peripheren R\u00e4umen und Destinationen. Es thematisiert dabei den wirtschaftlichen, touristischen und sozio-demografischen R\u00fcckgang als Entwicklungsm\u00f6glichkeit.<\/a><\/p>\n<!-- \/wp:paragraph -->                                <\/div>\n                            <\/div>\n                        <\/div>\n                    <\/div>\n                                    \n                    <div>\n                        <div>\n                            <div>\n                                <div class=\"project-slider__imgwrap\">\n                                    <h2>Innovations-Booster \u00abTechnology &amp; Special Needs\u00bb<\/h2>\n                                <\/div>\n                                <div class=\"project-slider__text\">\n                                    <!-- wp:paragraph -->\n<p><a href=\"https:\/\/www.hslu.ch\/en\/lucerne-university-of-applied-sciences-and-arts\/research\/projects\/detail\/?pid=5791\" data-type=\"URL\" data-id=\"https:\/\/www.hslu.ch\/en\/lucerne-university-of-applied-sciences-and-arts\/research\/projects\/detail\/?pid=5791\">Unterst\u00fctzt werden Pro<\/a><a href=\"https:\/\/www.hslu.ch\/en\/lucerne-university-of-applied-sciences-and-arts\/research\/projects\/detail\/?pid=5791\" data-type=\"URL\" data-id=\"https:\/\/www.hslu.ch\/en\/lucerne-university-of-applied-sciences-and-arts\/research\/projects\/detail\/?pid=5791\" target=\"_blank\" rel=\"noreferrer noopener\">jektideen, die auf die Bed\u00fcrfnisse von Menschen mit Behinderung abgestimmt sind und technologische Entwicklungen nutzen, um deren Autonomie und Inklusion in die Gesellschaft zu f\u00f6rdern.<\/a><\/p>\n<!-- \/wp:paragraph -->                                <\/div>\n                            <\/div>\n                        <\/div>\n                    <\/div>\n                                    \n                    <div>\n                        <div>\n                            <div>\n                                <div class=\"project-slider__imgwrap\">\n                                    <h2>Integrierte Gesundheitsversorgung in l\u00e4ndlichen Gebieten<\/h2>\n                                <\/div>\n                                <div class=\"project-slider__text\">\n                                    <!-- wp:paragraph -->\n<p><a href=\"https:\/\/www.hslu.ch\/de-ch\/hochschule-luzern\/forschung\/projekte\/detail\/?pid=5479\" data-type=\"URL\" data-id=\"https:\/\/www.hslu.ch\/de-ch\/hochschule-luzern\/forschung\/projekte\/detail\/?pid=5479\">Das Projekt geht der Frage nach, wie in ausgew\u00e4hlten l\u00e4ndlichen Regionen der Schweiz die Synergien zwischen der Vielzahl an dezentralen Angeboten im Bereich der Gesundheitsversorgung und des Gesundheitstourismus besser genutzt werden k\u00f6nnen.  <\/a><\/p>\n<!-- \/wp:paragraph -->                                <\/div>\n                            <\/div>\n                        <\/div>\n                    <\/div>\n                                    \n                    <div>\n                        <div>\n                            <div>\n                                <div class=\"project-slider__imgwrap\">\n                                    <h2>Milizsystem in peripheren Gemeinden<\/h2>\n                                <\/div>\n                                <div class=\"project-slider__text\">\n                                    <!-- wp:paragraph -->\n<p><a href=\"https:\/\/www.hslu.ch\/de-ch\/hochschule-luzern\/forschung\/projekte\/detail\/?pid=4106\" target=\"_blank\" rel=\"noreferrer noopener\" aria-label=\" (\u00f6ffnet in neuem Tab)\">Das ITC-Projekt fokussiert auf spezifische kommunale Herausforderungen und L\u00f6sungsans\u00e4tze des Milizsystems in peripheren R\u00e4umen.<\/a><\/p>\n<!-- \/wp:paragraph -->                                <\/div>\n                            <\/div>\n                        <\/div>\n                    <\/div>\n                                    \n                    <div>\n                        <div>\n                            <div>\n                                <div class=\"project-slider__imgwrap\">\n                                    <h2>Modelle der Gemeindef\u00fchrung in der Deutschschweiz<\/h2>\n                                <\/div>\n                                <div class=\"project-slider__text\">\n                                    <!-- wp:paragraph -->\n<p><a href=\"https:\/\/www.hslu.ch\/de-ch\/hochschule-luzern\/forschung\/projekte\/detail\/?pid=6071\" data-type=\"URL\" data-id=\"https:\/\/www.hslu.ch\/de-ch\/hochschule-luzern\/forschung\/projekte\/detail\/?pid=6071\">Ein systematischer \u00dcberblick \u00fcber die Eigenhei<\/a><a href=\"https:\/\/www.hslu.ch\/de-ch\/hochschule-luzern\/forschung\/projekte\/detail\/?pid=6071\" data-type=\"URL\" data-id=\"https:\/\/www.hslu.ch\/de-ch\/hochschule-luzern\/forschung\/projekte\/detail\/?pid=6071\" target=\"_blank\" rel=\"noreferrer noopener\">ten und regionale Verteilung von Gemeindef\u00fchrungsmodellen in der Deutschschwei<\/a><a href=\"https:\/\/www.hslu.ch\/de-ch\/hochschule-luzern\/forschung\/projekte\/detail\/?pid=6071\" data-type=\"URL\" data-id=\"https:\/\/www.hslu.ch\/de-ch\/hochschule-luzern\/forschung\/projekte\/detail\/?pid=6071\">z.<\/a><\/p>\n<!-- \/wp:paragraph -->                                <\/div>\n                            <\/div>\n                        <\/div>\n                    <\/div>\n                                    \n                    <div>\n                        <div>\n                            <div>\n                                <div class=\"project-slider__imgwrap\">\n                                    <h2>Neue Praktiken des Teilens in st\u00e4dtischen Quartieren<\/h2>\n                                <\/div>\n                                <div class=\"project-slider__text\">\n                                    <!-- wp:paragraph -->\n<p><a href=\"https:\/\/www.hslu.ch\/de-ch\/hochschule-luzern\/forschung\/projekte\/detail\/?pid=5952\" target=\"_blank\" rel=\"noreferrer noopener\">Die Idee, Ressourcen und Zeit zu teilen, gewinnt zunehmend an Bedeutung. Vor allem in st\u00e4dtischen Quartieren entstehen gemeinschaftliche Initiativen, die sich daran orientieren. Solche gilt es im Projekt zu untersuchen.<\/a><\/p>\n<!-- \/wp:paragraph -->                                <\/div>\n                            <\/div>\n                        <\/div>\n                    <\/div>\n                                    \n                    <div>\n                        <div>\n                            <div>\n                                <div class=\"project-slider__imgwrap\">\n                                    <h2>Potenziale von Coworking Spaces in l\u00e4ndlichen Raum<\/h2>\n                                <\/div>\n                                <div class=\"project-slider__text\">\n                                    <!-- wp:paragraph -->\n<p><a href=\"https:\/\/www.hslu.ch\/en\/lucerne-university-of-applied-sciences-and-arts\/research\/projects\/detail\/?pid=4356\">D<\/a><a href=\"https:\/\/www.hslu.ch\/en\/lucerne-university-of-applied-sciences-and-arts\/research\/projects\/detail\/?pid=4356\" target=\"_blank\" rel=\"noreferrer noopener\" aria-label=\"as Projekt untersucht, ob Coworking Spaces in l\u00e4ndlichen Regionen Vermittlungsaufgaben f\u00fcr soziale Dienstleistungen und Unterst\u00fctzungsangebote \u00fcbernehmen und zu einer Verbesserung der Lebensqualit\u00e4t beitragen k\u00f6nnen. (\u00f6ffnet in neuem Tab)\">as Projekt untersucht, ob Coworking Spaces in l\u00e4ndlichen Regionen Vermittlungsaufgaben f\u00fcr soziale Dienstleistungen und Unterst\u00fctzungsangebote \u00fcbernehmen und zu einer Verbesserung der Lebensqualit\u00e4t beitragen k\u00f6nnen.<\/a><\/p>\n<!-- \/wp:paragraph -->                                <\/div>\n                            <\/div>\n                        <\/div>\n                    <\/div>\n                                    \n                    <div>\n                        <div>\n                            <div>\n                                <div class=\"project-slider__imgwrap\">\n                                    <h2>Professionalisierung der Sozialplanung<\/h2>\n                                <\/div>\n                                <div class=\"project-slider__text\">\n                                    <!-- wp:paragraph -->\n<p><a href=\"https:\/\/www.hslu.ch\/de-ch\/hochschule-luzern\/forschung\/projekte\/detail\/?pid=6363\" data-type=\"link\" data-id=\"https:\/\/www.hslu.ch\/de-ch\/hochschule-luzern\/forschung\/projekte\/detail\/?pid=6363\" target=\"_blank\" rel=\"noreferrer noopener\">Die Gestaltung sozialpolitischer Handlungsfelder verlangt eine hohe Professionalit\u00e4t der Verantwortlichen bei Bund, Kantonen, Gemeinden und privaten Organisationen. Ein Entwicklungsprojekt mit der Praxis kreiert passende Weiterbildungsideen.<\/a><\/p>\n<!-- \/wp:paragraph -->                                <\/div>\n                            <\/div>\n                        <\/div>\n                    <\/div>\n                                    \n                    <div>\n                        <div>\n                            <div>\n                                <div class=\"project-slider__imgwrap\">\n                                    <h2>Smarte Sozialhilfeinformationen<\/h2>\n                                <\/div>\n                                <div class=\"project-slider__text\">\n                                    <!-- wp:paragraph -->\n<p><a href=\"https:\/\/www.hslu.ch\/de-ch\/hochschule-luzern\/forschung\/projekte\/detail\/?pid=5968\" target=\"_blank\" rel=\"noreferrer noopener\">Informationen zur Sozialhilfe sind in der Schweiz oft nicht einfach verf\u00fcgbar. Das Projekt untersucht, wie der Zugang und die Informationen verbessert werden k\u00f6nnen.<\/a><\/p>\n<!-- \/wp:paragraph -->                                <\/div>\n                            <\/div>\n                        <\/div>\n                    <\/div>\n                                    \n                    <div>\n                        <div>\n                            <div>\n                                <div class=\"project-slider__imgwrap\">\n                                    <h2>Social Equity in Welfare-to-work<\/h2>\n                                <\/div>\n                                <div class=\"project-slider__text\">\n                                    <!-- wp:paragraph -->\n<p><a href=\"https:\/\/www.hslu.ch\/de-ch\/hochschule-luzern\/forschung\/projekte\/detail\/?pid=5686\" data-type=\"URL\" data-id=\"https:\/\/www.hslu.ch\/de-ch\/hochschule-luzern\/forschung\/projekte\/detail\/?pid=5686\">Diese Studie besch\u00e4ftigt sich mit der Frage von sozialen Ungleichheiten, aber auch Vorstellungen und Praktiken von Chancengleichheit und Gleichstellung in Sozialhilfeprogrammen in Kalifornien auf verschiedenen Ebenen.<\/a><\/p>\n<!-- \/wp:paragraph -->                                <\/div>\n                            <\/div>\n                        <\/div>\n                    <\/div>\n                                    \n                    <div>\n                        <div>\n                            <div>\n                                <div class=\"project-slider__imgwrap\">\n                                    <h2>Time Banks als Element der Altersvorsorge in der Schweiz<\/h2>\n                                <\/div>\n                                <div class=\"project-slider__text\">\n                                    <!-- wp:paragraph -->\n<p><a href=\"https:\/\/www.hslu.ch\/de-ch\/hochschule-luzern\/forschung\/projekte\/detail\/?pid=6244\" data-type=\"URL\" data-id=\"https:\/\/www.hslu.ch\/de-ch\/hochschule-luzern\/forschung\/projekte\/detail\/?pid=6244\">Bestandsaufnahm<\/a><a href=\"https:\/\/www.hslu.ch\/de-ch\/hochschule-luzern\/forschung\/projekte\/detail\/?pid=6244\" data-type=\"URL\" data-id=\"https:\/\/www.hslu.ch\/de-ch\/hochschule-luzern\/forschung\/projekte\/detail\/?pid=6244\" target=\"_blank\" rel=\"noreferrer noopener\">e zu \u00abTime Banks als Element der Altersvorsorge in der Schweiz\u00bb, insbesondere im Hinblick auf die Einstellung und Bed\u00fcrfnisse bei den Anspruchsgruppen und dem Einsatz digitaler L\u00f6sungen.<\/a><\/p>\n<!-- \/wp:paragraph -->                                <\/div>\n                            <\/div>\n                        <\/div>\n                    <\/div>\n                                    \n                    <div>\n                        <div>\n                            <div>\n                                <div class=\"project-slider__imgwrap\">\n                                    <h2>Verbesserte sozialr\u00e4umliche Vernetzung im Quartier mittels digitalisierter Unterst\u00fctzung<\/h2>\n                                <\/div>\n                                <div class=\"project-slider__text\">\n                                    <!-- wp:paragraph -->\n<p><a href=\"https:\/\/www.hslu.ch\/de-ch\/hochschule-luzern\/forschung\/projekte\/detail\/?pid=6056\" target=\"_blank\" rel=\"noreferrer noopener\">Mittels einer App soll perspektivisch eine verbesserte sozialr\u00e4umliche Vernetzung im Quartier f\u00fcr Menschen mit erh\u00f6htem Unterst\u00fctzungsbedarf erwirkt werden.<\/a><\/p>\n<!-- \/wp:paragraph -->                                <\/div>\n                            <\/div>\n                        <\/div>\n                    <\/div>\n                                    \n                    <div>\n                        <div>\n                            <div>\n                                <div class=\"project-slider__imgwrap\">\n                                    <h2>Vergleich Soziale Sicherheit<\/h2>\n                                <\/div>\n                                <div class=\"project-slider__text\">\n                                    <!-- wp:paragraph -->\n<p><a href=\"https:\/\/www.hslu.ch\/de-ch\/hochschule-luzern\/forschung\/projekte\/detail\/?pid=6366\" data-type=\"link\" data-id=\"https:\/\/www.hslu.ch\/de-ch\/hochschule-luzern\/forschung\/projekte\/detail\/?pid=6366\" target=\"_blank\" rel=\"noreferrer noopener\">In welchen Regionen der Schweiz wird man von mehr oder weniger engmaschigen sozialen Auffangnetzen getragen? In diesem Projekt werden Grundlagen zur Bildung von Indikatoren der sozialen Sicherheit f\u00fcr den kantonalen und evtl. kommunalen Vergleich erarbeitet.<\/a><\/p>\n<!-- \/wp:paragraph -->                                <\/div>\n                            <\/div>\n                        <\/div>\n                    <\/div>\n                                <\/div>\n        <\/div>\n    <\/div>\n<\/div>\n\n\n<ul class=\"wp-block-list\">\n<li>Zur\u00fcck zum <a href=\"https:\/\/sites.hslu.ch\/itc\/raum-gesellschaft\/\">ITC \u00abRaum &amp; Gesellschaft\u00bb<\/a><\/li>\n<\/ul>\n","protected":false},"excerpt":{"rendered":"<p>Das Fokusthema f\u00f6rdert die Entwicklung von smarten L\u00f6sungen f\u00fcr bestehende und zuk\u00fcnftige Herausforderungen von sozialen Infrastrukturen in Gemeinden, den Kantonen und beim Bund im Spannungsfeld von Wandlungstreibern wie der Digitalisierung, des demographischen Wandels und der Individualisierung. Im Rahmen dieses Fokusthemas entstand z. B. das Projekt Smarte Sozialhilfeinformationen. \u00abSoziale Infrastrukturen entlasten die Menschen in ihrem Alltagsleben. [&hellip;]<\/p>\n","protected":false},"author":110,"featured_media":0,"parent":1510,"menu_order":0,"comment_status":"closed","ping_status":"closed","template":"","meta":{"_acf_changed":false,"footnotes":""},"class_list":["post-2016","page","type-page","status-publish","hentry"],"acf":[],"_links":{"self":[{"href":"https:\/\/sites.hslu.ch\/itc\/wp-json\/wp\/v2\/pages\/2016","targetHints":{"allow":["GET"]}}],"collection":[{"href":"https:\/\/sites.hslu.ch\/itc\/wp-json\/wp\/v2\/pages"}],"about":[{"href":"https:\/\/sites.hslu.ch\/itc\/wp-json\/wp\/v2\/types\/page"}],"author":[{"embeddable":true,"href":"https:\/\/sites.hslu.ch\/itc\/wp-json\/wp\/v2\/users\/110"}],"replies":[{"embeddable":true,"href":"https:\/\/sites.hslu.ch\/itc\/wp-json\/wp\/v2\/comments?post=2016"}],"version-history":[{"count":8,"href":"https:\/\/sites.hslu.ch\/itc\/wp-json\/wp\/v2\/pages\/2016\/revisions"}],"predecessor-version":[{"id":3066,"href":"https:\/\/sites.hslu.ch\/itc\/wp-json\/wp\/v2\/pages\/2016\/revisions\/3066"}],"up":[{"embeddable":true,"href":"https:\/\/sites.hslu.ch\/itc\/wp-json\/wp\/v2\/pages\/1510"}],"wp:attachment":[{"href":"https:\/\/sites.hslu.ch\/itc\/wp-json\/wp\/v2\/media?parent=2016"}],"curies":[{"name":"wp","href":"https:\/\/api.w.org\/{rel}","templated":true}]}}