{"id":1988,"date":"2023-02-23T22:17:50","date_gmt":"2023-02-23T22:17:50","guid":{"rendered":"https:\/\/sites.hslu.ch\/itc\/?page_id=1988"},"modified":"2024-04-25T22:39:59","modified_gmt":"2024-04-25T22:39:59","slug":"digitale-transformation-der-arbeitswelt","status":"publish","type":"page","link":"https:\/\/sites.hslu.ch\/itc\/digitale-transformation-der-arbeitswelt\/","title":{"rendered":"Digitale Transformation der Arbeitswelt"},"content":{"rendered":"\n<h4 class=\"wp-block-heading\">Die digitale Transformation ist ein fundamentales, tiefgreifendendes Ph\u00e4nomen, mit Auswirkungen in alle Bereiche der Gesellschaft. F\u00fcr viele sind die Umbr\u00fcche mit jenen der ersten industriellen Revolution vergleichbar.<\/h4>\n\n\n\n<p>Insbesondere betroffen ist auch die Schweizer Arbeits- und Berufswelt, die sich schnell und radikal ver\u00e4ndert. Welche Rolle spielt der Mensch in der digitalisierten Welt? Welche Kompetenzen z\u00e4hlen in der digitalen Gesellschaft? Wie ver\u00e4ndern neue Technologien die Arbeits- und F\u00fchrungsprozesse? Diesem Themenfeld widmete sich der Interdisziplin\u00e4re Themencluster (ITC) \u00abDigitale Transformation der Arbeitswelt\u00bb im Zeitraum von 2018 bis 2023.<\/p>\n\n\n\n<p>Die Hochschule Luzern investierte damit in die Entwicklung und Umsetzung von interdisziplin\u00e4r angelegten Projekten, die den digitalen Wandel in der Arbeitswelt, das Zusammenspiel von Technik und Managementmodellen sowie die Auswirkungen der Digitalisierung auf die Gesellschaft und den einzelnen Menschen ins Zentrum stellten. Das Thema wurde aus einer \u00fcbergreifenden Perspektive heraus betrachtet, um nachhaltige L\u00f6sungen f\u00fcr die Industrie, f\u00fcr Gesellschaft und Politik zu entwickeln. Entsprechend arbeiteten Fachteams \u00fcber Departements- und Disziplinen-Grenzen hinweg zusammen: Der ITC wurde vom Ingenieur Lukas M\u00fcller (Departement Technik &amp; Architektur) und der Sozialanthropologin Prof. Simone Gretler Heusser (Departement Soziale Arbeit) gemeinsam geleitet. Sie wurden in ihrer Arbeit unterst\u00fctzt von Expertinnen und Experten aus den Departementen Technik &amp; Architektur, Wirtschaft, Informatik, Soziale Arbeit, Design Film Kunst und Musik.<\/p>\n\n\n\n<blockquote class=\"wp-block-quote is-layout-flow wp-block-quote-is-layout-flow\">\n<p>\u00abAus Sicht der Verwaltung liefert der ITC Digitale Transformation der Arbeitswelt einen bedeutenden Mehrwert, da er die Vielfalt des digitalen Wandels aufzeigt und bisher voneinander losgel\u00f6st betrachtete Erkenntnisse aus unterschiedlichen Fachdisziplinen zusammenf\u00fchrt und nutzt.\u00bb<\/p>\n<cite>Edith Lang, Dienststellenleiterin Dienststelle Soziales und Gesellschaft, Kanton Luzern<\/cite><\/blockquote>\n\n\n\n<p>Der ITC zeigte Wege zur Gestaltung einer ebenso zukunftsorientierten wie sozial verantwortlichen und integrierenden Arbeitswelt auf. Er koordinierte die disziplinen\u00fcbergreifende Zusammenarbeit zahlreicher Expertinnen und Experten aller Departemente der Hochschule Luzern mit einem klaren Fokus und Auftrag, generierte dabei neue Arbeitsschwerpunkte und Kompetenzfelder und trug dazu bei, die Hochschule als starke Partnerin im nationalen und internationalen Kontext zu positionieren. <\/p>\n\n\n\n<p>Im Rahmen des Themenclusters wurden f\u00fcnf Fokusthemen bearbeitet, die alle miteinander verbunden waren. Einzelne Forschungsprojekte fokussierten auf Fragestellungen aus mehreren Fokusthemen:<\/p>\n\n\n<div class=\"default__content__list-block\">\n        \t\t    <h2 class=\"default--content--list-block--title\">Die Fokusthemen<\/h2>\n        <ul>\n\t                        <li>Wettbewerbsf\u00e4hige und lernf\u00e4hige Arbeitende<\/li>\n\t                        <li>Resiliente und innovative Organisation<\/li>\n\t                        <li>Pr\u00e4diktive und gebrauchsorientierte Technologie<\/li>\n\t                        <li>Digitalisierte und individualisierte Bildung<\/li>\n\t                        <li>Datengest\u00fctzte und menschenzentrierte Gesundheit<\/li>\n\t                <\/ul>\n\t    <\/div>\n\n\n\n<blockquote class=\"wp-block-quote is-layout-flow wp-block-quote-is-layout-flow\">\n<p>\u00abDas im ITC Digitale Transformation der Arbeitswelt generierte interdisziplin\u00e4re und interprofessionelle Wissen erlaubt, den digitalen Wandel und seine Folgen sozial, \u00f6kologisch und wirtschaftlich nachhaltig zu gestalten. Die \u00f6ffentliche Hand nutzt diese Kenntnisse, um Rahmenbedingungen und Infrastruktur im Sinne einer fl\u00e4chendeckenden Grundversorgung bereitzustellen, damit der Zugang zu digitalen Dienstleistungen f\u00fcr die Bev\u00f6lkerung und die Wirtschaft auch in Zukunft sichergestellt ist.\u00bb<\/p>\n<cite>Edith Lang, Dienststellenleiterin Dienststelle Soziales und Gesellschaft, Kanton Luzern<\/cite><\/blockquote>\n\n\n\n<h2 class=\"wp-block-heading\">Wettbewerbsf\u00e4hige und lernf\u00e4hige Arbeitende <\/h2>\n\n\n\n<p>In diesem Fokusthema wurden die Auswirkungen der Digitalisierung auf Wirtschaft, Gesellschaft und Sozialstaat, auf Arbeits- und Werkpl\u00e4tze, Berufe, Kompetenzen und Karrieren sowie auf Individuen untersucht. <a href=\"https:\/\/sites.hslu.ch\/itc\/wettbewerbsfaehige-und-lernfaehige-arbeitende\/\" data-type=\"page\" data-id=\"1937\">Hier<\/a> mehr erfahren.<\/p>\n\n\n\n<h2 class=\"wp-block-heading\">Resiliente und innovative Organisation<\/h2>\n\n\n\n<p>Dieses Fokusthema handelte von F\u00fchrungs- und Managementans\u00e4tzen zur Gestaltung von Ver\u00e4nderungen in Organisationen, die in Zusammenhang mit den digitalen Transformationen entstehen. <a href=\"https:\/\/sites.hslu.ch\/itc\/resiliente-und-innovative-organisation\/\" data-type=\"page\" data-id=\"1935\">Hier<\/a> mehr erfahren.<\/p>\n\n\n\n<h2 class=\"wp-block-heading\">Pr\u00e4diktive und gebrauchsorientierte Technologie<\/h2>\n\n\n\n<p>Dieses Fokusthema konzentrierte sich auf die treibenden Technologien der Digitalisierung wie Sensorik, Robotik, Automation, K\u00fcnstliche Intelligenz und Servitisation. Dies in Verbindung mit Aspekten der Wirtschaftlichkeit, des Managements und des HRM sowie k\u00fcnstlerischen und sozialen Sichtweisen. <a href=\"https:\/\/sites.hslu.ch\/itc\/praediktive-und-gebrauchsorientierte-technologie\/\" data-type=\"page\" data-id=\"1933\">Hier<\/a> mehr erfahren.<\/p>\n\n\n\n<h2 class=\"wp-block-heading\">Digitalisierte und individualisierte Bildung<\/h2>\n\n\n\n<p>Dieses Fokusthema zielte auf transdisziplin\u00e4re Projekte, welche die Auswirkungen und das Potenzial von Daten und der Digitalisierung im Bildungsbereich erforschten und L\u00f6sungen f\u00fcr individualisierte Bildungen entwickelten. <a href=\"https:\/\/sites.hslu.ch\/itc\/digitalisierte-und-individualisierte-bildung\/\" data-type=\"page\" data-id=\"1925\">Hier<\/a> mehr erfahren.<\/p>\n\n\n\n<h2 class=\"wp-block-heading\">Datengest\u00fctzte und menschenzentrierte Gesundheit<\/h2>\n\n\n\n<p>Dieses Fokusthema fokussierte auf transdisziplin\u00e4re Projekte, welche die Auswirkungen und das Potenzial von Daten und der Digitalisierung im Gesundheitsbereich erforschten und zukunftsf\u00e4hige, menschenzentrierte und personalisierte L\u00f6sungen entwickelten. <a href=\"https:\/\/sites.hslu.ch\/itc\/fokusthema-datengestuetzte-und-menschenzentrierte-gesundheit\/\" data-type=\"page\" data-id=\"1917\">Hier<\/a> mehr erfahren.<\/p>\n\n\n\n<blockquote class=\"wp-block-quote is-layout-flow wp-block-quote-is-layout-flow\">\n<p>\u00abZum Erfolg trugen sicherlich die bereits bestehenden, innerhalb und zwischen den Departementen gepflegten Netzwerke der Hochschule Luzern bei. Auch die Agilit\u00e4t der Hochschule Luzern, mit interdisziplin\u00e4ren Ans\u00e4tzen die Auswirkungen wichtiger Ereignisse wie die COVID-19-Pandemie im Kontext der digitalen Transformation der Arbeitswelt zu analysieren, zeigte sich im ITC Digitale Transformation der Arbeitswelt.\u00bb<\/p>\n<cite>Edith Lang, Dienststellenleiterin Dienststelle Soziales und Gesellschaft, Kanton Luzern<\/cite><\/blockquote>\n\n\n\n<h2 class=\"wp-block-heading\">Kernteam<\/h2>\n\n\n\n<p>Das ITC-Kernteam setzte sich aus Vertreter:innen der sechs Departemente der Hochschule Luzern zusammen. Sie begleiteten die inhaltliche Weiterentwicklung des ITC und halfen bei der internen Vernetzung.<\/p>\n\n\n\n<ul class=\"wp-block-list\">\n<li><a rel=\"noreferrer noopener\" href=\"https:\/\/www.hslu.ch\/de-ch\/hochschule-luzern\/ueber-uns\/personensuche\/profile\/?pid=859\" target=\"_blank\">Prof. Dr. Antonio Baldassarre<\/a>, Leiter Forschung &amp; Entwicklung sowie Vizedirektor, Departement Musik<\/li>\n\n\n\n<li><a rel=\"noreferrer noopener\" href=\"https:\/\/www.hslu.ch\/de-ch\/hochschule-luzern\/ueber-uns\/personensuche\/profile\/?pid=222\" target=\"_blank\">Prof. Dr. Christoph Hauser<\/a>, Leiter CC Management &amp; Law, Departement Wirtschaft<\/li>\n\n\n\n<li><a href=\"https:\/\/www.hslu.ch\/de-ch\/hochschule-luzern\/ueber-uns\/personensuche\/profile\/?pid=3616\" target=\"_blank\" rel=\"noreferrer noopener\">Prof. Dr. Sabine Junginger<\/a>, Leiterin CC Design &amp; Management, Departement Design Film Kunst, <br>(ab 2024: Northumbria University)<\/li>\n\n\n\n<li><a rel=\"noreferrer noopener\" href=\"https:\/\/www.hslu.ch\/de-ch\/hochschule-luzern\/ueber-uns\/personensuche\/profile\/?pid=1835\" target=\"_blank\">Prof. Dr. Peter Kels<\/a>, Dozent, Departement Wirtschaft<\/li>\n\n\n\n<li><a rel=\"noreferrer noopener\" href=\"https:\/\/www.hslu.ch\/de-ch\/hochschule-luzern\/ueber-uns\/personensuche\/profile\/?pid=228\" target=\"_blank\">Prof. Ute Klotz<\/a>, Dozentin, Departement Informatik<\/li>\n\n\n\n<li><a rel=\"noreferrer noopener\" href=\"https:\/\/www.hslu.ch\/de-ch\/hochschule-luzern\/ueber-uns\/personensuche\/profile\/?pid=2991\" target=\"_blank\">Prof. Dr. Gerhard Sz\u00e9kely<\/a>, Weiterbildungsleiter Institut f\u00fcr Maschinen- und Energietechnik, Departement Technik &amp; Architektur<\/li>\n\n\n\n<li><a rel=\"noreferrer noopener\" href=\"https:\/\/www.hslu.ch\/de-ch\/hochschule-luzern\/ueber-uns\/personensuche\/profile\/?pid=4053\" target=\"_blank\">Prof. Dr. Marc Zimmermann<\/a>, Dozent und Projektleiter, Departement Soziale Arbeit<\/li>\n<\/ul>\n\n\n\n<h2 class=\"wp-block-heading\">Fachbeirat<\/h2>\n\n\n\n<p>Im ITC-Fachbeirat waren externe Fachpersonen mit unterschiedlichen Perspektiven auf die digitale Transformation vertreten. Ihre Aufgabe war es, die inhaltliche Entwicklung des ITC kritisch zu pr\u00fcfen und bei der externen Vernetzung zu unterst\u00fctzen.<\/p>\n\n\n\n<ul class=\"wp-block-list\">\n<li><strong>Prof. Dr. Christoph Igel, <\/strong>Mitglied der Institutsleitung des FKIE Frauenhofer-Institut f\u00fcr Kommunikation, Informationsverarbeitung und Ergonomie <\/li>\n\n\n\n<li><strong>Edith Lang, <\/strong>Dienststellenleiterin Dienststelle Soziales und Gesellschaft im Kanton Luzern<\/li>\n\n\n\n<li><strong>Irmgard N\u00fcbler<\/strong>, Senior Economist at Interrnational Labour Organization Research Department<\/li>\n\n\n\n<li><strong>Barbara R\u00fcttimann<\/strong>, Pr\u00e4sidentin Netzwerk Unternehmen Verantwortung<\/li>\n\n\n\n<li><strong>Prof. Dr. Lothar Thiele<\/strong>, ETH Z\u00fcrich, Department of Information Technology and Electrical Engineering, Institute Computer Engineering and Networks Laboratory<\/li>\n<\/ul>\n\n\n\n<p><\/p>\n\n\n\n<p><a id=\"_msocom_1\"><\/a><\/p>\n","protected":false},"excerpt":{"rendered":"<p>Die digitale Transformation ist ein fundamentales, tiefgreifendendes Ph\u00e4nomen, mit Auswirkungen in alle Bereiche der Gesellschaft. F\u00fcr viele sind die Umbr\u00fcche mit jenen der ersten industriellen Revolution vergleichbar. Insbesondere betroffen ist auch die Schweizer Arbeits- und Berufswelt, die sich schnell und radikal ver\u00e4ndert. Welche Rolle spielt der Mensch in der digitalisierten Welt? Welche Kompetenzen z\u00e4hlen in [&hellip;]<\/p>\n","protected":false},"author":110,"featured_media":1345,"parent":0,"menu_order":0,"comment_status":"closed","ping_status":"closed","template":"digital_tranformation_der_arbeitswelt.php","meta":{"_acf_changed":false,"footnotes":""},"class_list":["post-1988","page","type-page","status-publish","has-post-thumbnail","hentry"],"acf":[],"_links":{"self":[{"href":"https:\/\/sites.hslu.ch\/itc\/wp-json\/wp\/v2\/pages\/1988","targetHints":{"allow":["GET"]}}],"collection":[{"href":"https:\/\/sites.hslu.ch\/itc\/wp-json\/wp\/v2\/pages"}],"about":[{"href":"https:\/\/sites.hslu.ch\/itc\/wp-json\/wp\/v2\/types\/page"}],"author":[{"embeddable":true,"href":"https:\/\/sites.hslu.ch\/itc\/wp-json\/wp\/v2\/users\/110"}],"replies":[{"embeddable":true,"href":"https:\/\/sites.hslu.ch\/itc\/wp-json\/wp\/v2\/comments?post=1988"}],"version-history":[{"count":30,"href":"https:\/\/sites.hslu.ch\/itc\/wp-json\/wp\/v2\/pages\/1988\/revisions"}],"predecessor-version":[{"id":3042,"href":"https:\/\/sites.hslu.ch\/itc\/wp-json\/wp\/v2\/pages\/1988\/revisions\/3042"}],"wp:featuredmedia":[{"embeddable":true,"href":"https:\/\/sites.hslu.ch\/itc\/wp-json\/wp\/v2\/media\/1345"}],"wp:attachment":[{"href":"https:\/\/sites.hslu.ch\/itc\/wp-json\/wp\/v2\/media?parent=1988"}],"curies":[{"name":"wp","href":"https:\/\/api.w.org\/{rel}","templated":true}]}}