{"id":1917,"date":"2023-02-23T11:00:11","date_gmt":"2023-02-23T11:00:11","guid":{"rendered":"https:\/\/sites.hslu.ch\/itc\/?page_id=1917"},"modified":"2024-09-19T14:54:20","modified_gmt":"2024-09-19T14:54:20","slug":"fokusthema-datengestuetzte-und-menschenzentrierte-gesundheit","status":"publish","type":"page","link":"https:\/\/sites.hslu.ch\/itc\/digitale-transformation-der-arbeitswelt\/fokusthema-datengestuetzte-und-menschenzentrierte-gesundheit\/","title":{"rendered":"Fokusthema Datengest\u00fctzte und menschen-zentrierte Gesundheit"},"content":{"rendered":"\n<p>In diesem Fokusthema wurden folgende Fragen behandelt:<\/p>\n\n\n\n<ul class=\"is-style-hitc-list-left wp-block-list\">\n<li>Welchen Beitrag k\u00f6nnen \u00abdigital docs\u00bb zu einem niederschwelligen, effizienten und effektiven Gesundheitssystem leisten?<\/li>\n\n\n\n<li>Welches Potenzial haben digitale Mittel zur \u00dcberwindung von Bias in der Medizin?<\/li>\n\n\n\n<li>Wie k\u00f6nnen Umweltdaten (Wasser, Luft, L\u00e4rm, Partikel etc.) im Sinne von Public Health zur Gesundheitsf\u00f6rderung der Bev\u00f6lkerung eingesetzt werden?<\/li>\n\n\n\n<li>Welchen Beitrag k\u00f6nnen k\u00fcnstlerische Forschung und Praktiken (k\u00fcnstlerisch im weitesten Sinne des Wortes) zur Gesundheitsf\u00f6rderung der Bev\u00f6lkerung beitragen?<\/li>\n\n\n\n<li>Welchen Beitrag k\u00f6nnen Robotik\/KI unterst\u00fctzende Systeme im Bereich der Gesundheit\/Pr\u00e4vention leisten?<\/li>\n<\/ul>\n\n\n\n<p>Im Rahmen dieses Fokusthemas entstanden z. B. die Projekte <a href=\"https:\/\/sites.hslu.ch\/itc\/virtuelles-gehen\/\">Virtuelles Gehen<\/a> und <a href=\"https:\/\/www.hslu.ch\/de-ch\/hochschule-luzern\/forschung\/projekte\/detail\/?pid=6226\" data-type=\"link\" data-id=\"https:\/\/www.hslu.ch\/de-ch\/hochschule-luzern\/forschung\/projekte\/detail\/?pid=6226\" target=\"_blank\" rel=\"noreferrer noopener\">Let me help you!<\/a><\/p>\n\n\n\n<h6 class=\"wp-block-heading\">Alle Projekte im \u00dcberblick<\/h6>\n\n\n<div class=\"row\">\n    <div class=\"col-12 col-sm-12 col-md-12 col-lg-10 offset-lg-2 default__slider\">\n        <div class=\"fade-slider\">\n            <div class=\"project-slider dt-projects\">\n                                \n                    <div>\n                        <div>\n                            <div>\n                                <div class=\"project-slider__imgwrap\">\n                                    <h2>Arbeit und Studium in Zeiten der Corona-Pandemie \u2013 eine Befragung der HSLU<\/h2>\n                                <\/div>\n                                <div class=\"project-slider__text\">\n                                    <!-- wp:paragraph -->\n<p>Im Rahmen einer schriftlichen Online-Befragungen die Mitarbeitenden und die Studierenden der Hochschule Luzern danach gefragt, wie sie die Zeit w\u00e4hrend des Lockdowns meisterten. Die Ergebnisse legen nahe, dass sie die Zeit im Homeoffice gut bew\u00e4ltigten.<\/p>\n<!-- \/wp:paragraph -->                                <\/div>\n                            <\/div>\n                        <\/div>\n                    <\/div>\n                                    \n                    <div>\n                        <div>\n                            <div>\n                                <div class=\"project-slider__imgwrap\">\n                                    <h2>Auswertung von Tigerm\u00fcckenfallen<\/h2>\n                                <\/div>\n                                <div class=\"project-slider__text\">\n                                    <!-- wp:paragraph -->\n<p>Mit diesem Projekt soll ein weitgehend automatisiertes Auswertesystem entwickelt und getestet werden, um das Monitoring der zunehmenden Ausbreitung zu vereinfachen und damit Massnahmen f\u00fcr die Bek\u00e4mpfung ableiten zu k\u00f6nnen.<\/p>\n<!-- \/wp:paragraph -->\n\n<!-- wp:paragraph -->\n<p><\/p>\n<!-- \/wp:paragraph -->                                <\/div>\n                            <\/div>\n                        <\/div>\n                    <\/div>\n                                    \n                    <div>\n                        <div>\n                            <div>\n                                <div class=\"project-slider__imgwrap\">\n                                    <h2>Autonome \u00abLow-Cost\u00bb Emissions\u00fcberwachung von Holzfeuerungen<\/h2>\n                                <\/div>\n                                <div class=\"project-slider__text\">\n                                    <!-- wp:paragraph -->\n<p><a href=\"https:\/\/www.hslu.ch\/de-ch\/hochschule-luzern\/forschung\/projekte\/detail\/?pid=4185\" target=\"_blank\" rel=\"noreferrer noopener\" aria-label=\" (\u00f6ffnet in neuem Tab)\">Im Rahmen dieses ITC-Projekts soll ein g\u00fcnstiges Messsystem zur kontinuierlichen Emissions\u00fcberwachung und Regelung von Holzfeuerungen entwickelt werden.<\/a><\/p>\n<!-- \/wp:paragraph -->                                <\/div>\n                            <\/div>\n                        <\/div>\n                    <\/div>\n                                    \n                    <div>\n                        <div>\n                            <div>\n                                <div class=\"project-slider__imgwrap\">\n                                    <h2>Digitale Kooperations-Plattform zur F\u00f6rderung der Nachhaltigkeit<\/h2>\n                                <\/div>\n                                <div class=\"project-slider__text\">\n                                                                    <\/div>\n                            <\/div>\n                        <\/div>\n                    <\/div>\n                                    \n                    <div>\n                        <div>\n                            <div>\n                                <div class=\"project-slider__imgwrap\">\n                                    <h2>Digitale Sch\u00e4dlingsbek\u00e4mpfung in der Landwirtschaft<\/h2>\n                                <\/div>\n                                <div class=\"project-slider__text\">\n                                    <!-- wp:paragraph -->\n<p><a href=\"https:\/\/www.hslu.ch\/de-ch\/hochschule-luzern\/forschung\/projekte\/detail\/?pid=4236\" target=\"_blank\" rel=\"noreferrer noopener\" aria-label=\" (\u00f6ffnet in neuem Tab)\">Bei diesem Vorprojekt werden Partner f\u00fcr ein Folgeprojekt gesucht, bei dem es um die Entwicklung von digitalen Techniken und Ger\u00e4ten geht, um Sporen in Echtzeit zu messen.<\/a><\/p>\n<!-- \/wp:paragraph -->                                <\/div>\n                            <\/div>\n                        <\/div>\n                    <\/div>\n                                    \n                    <div>\n                        <div>\n                            <div>\n                                <div class=\"project-slider__imgwrap\">\n                                    <h2>Digitalisierung in der station\u00e4ren Kinder- und Jugendhilfe \u00fcber die Covid19-Krise hinaus<\/h2>\n                                <\/div>\n                                <div class=\"project-slider__text\">\n                                                                    <\/div>\n                            <\/div>\n                        <\/div>\n                    <\/div>\n                                    \n                    <div>\n                        <div>\n                            <div>\n                                <div class=\"project-slider__imgwrap\">\n                                    <h2>Entwicklung von integrierten, hybriden Gesundheitsregionen in der Schweiz<\/h2>\n                                <\/div>\n                                <div class=\"project-slider__text\">\n                                    <!-- wp:paragraph -->\n<p><a href=\"https:\/\/www.hslu.ch\/de-ch\/hochschule-luzern\/forschung\/projekte\/detail\/?pid=6425\" data-type=\"link\" data-id=\"https:\/\/www.hslu.ch\/de-ch\/hochschule-luzern\/forschung\/projekte\/detail\/?pid=6425\">Der Fachkr\u00e4ftemangel bei den medizinischen und pflegerischen Berufsgruppen spitzt sich zu, w\u00e4hrend gleichzeitig die Nachfrage nach Gesundheitsleistungen aus demografischen und epidemiologischen Gr\u00fcnden zunehmen wird.<\/a><\/p>\n<!-- \/wp:paragraph -->                                <\/div>\n                            <\/div>\n                        <\/div>\n                    <\/div>\n                                    \n                    <div>\n                        <div>\n                            <div>\n                                <div class=\"project-slider__imgwrap\">\n                                    <h2>Give me your hand<\/h2>\n                                <\/div>\n                                <div class=\"project-slider__text\">\n                                    <!-- wp:paragraph -->\n<p><a href=\"https:\/\/www.hslu.ch\/de-ch\/hochschule-luzern\/forschung\/projekte\/detail\/?pid=6596\" data-type=\"link\" data-id=\"https:\/\/www.hslu.ch\/de-ch\/hochschule-luzern\/forschung\/projekte\/detail\/?pid=6596\" target=\"_blank\" rel=\"noreferrer noopener\">&#8222;Give me your Hand&#8220; ist ein Karriere-Interventionsprogramm f\u00fcr Studenten beim \u00dcbergang von der Universit\u00e4t ins Berufsleben.<\/a><\/p>\n<!-- \/wp:paragraph -->                                <\/div>\n                            <\/div>\n                        <\/div>\n                    <\/div>\n                                    \n                    <div>\n                        <div>\n                            <div>\n                                <div class=\"project-slider__imgwrap\">\n                                    <h2>Herzfroh 2.0<\/h2>\n                                <\/div>\n                                <div class=\"project-slider__text\">\n                                    <!-- wp:paragraph -->\n<p><a href=\"https:\/\/www.hslu.ch\/de-ch\/hochschule-luzern\/forschung\/projekte\/detail\/?pid=4138\">Das Projekt aktualisiert und digitalisiert die bew\u00e4hrte sexualp\u00e4dagogische Materialsammlung \u00abHerzfroh\u00bb. Diese Weiterentwicklung mit dem Titel Herzfroh 2.0 richtet sie sich neu an Jugendliche und junge Erwachsende mit kognitiven Beeintr\u00e4chtigungen sowie Fachpersonen in Bildung und Betreuung.<\/a><\/p>\n<!-- \/wp:paragraph -->                                <\/div>\n                            <\/div>\n                        <\/div>\n                    <\/div>\n                                    \n                    <div>\n                        <div>\n                            <div>\n                                <div class=\"project-slider__imgwrap\">\n                                    <h2>In Richtung familienfreundlicher Arbeitsbedingungen: Lehren der Pandemie<\/h2>\n                                <\/div>\n                                <div class=\"project-slider__text\">\n                                    <!-- wp:paragraph -->\n<p><a href=\"https:\/\/www.hslu.ch\/de-ch\/hochschule-luzern\/forschung\/projekte\/detail\/?pid=6225\" data-type=\"URL\" data-id=\"https:\/\/www.hslu.ch\/de-ch\/hochschule-luzern\/forschung\/projekte\/detail\/?pid=6225\" target=\"_blank\" rel=\"noreferrer noopener\">Die Covid-19-Pandemie hat die Digitale Transformation der Arbeitswelt in einem unvorhersehbaren Tempo vorangetrieben.<\/a><\/p>\n<!-- \/wp:paragraph -->                                <\/div>\n                            <\/div>\n                        <\/div>\n                    <\/div>\n                                    \n                    <div>\n                        <div>\n                            <div>\n                                <div class=\"project-slider__imgwrap\">\n                                    <h2>Let me help you!<\/h2>\n                                <\/div>\n                                <div class=\"project-slider__text\">\n                                    <!-- wp:paragraph -->\n<p><a rel=\"noreferrer noopener\" href=\"https:\/\/www.hslu.ch\/de-ch\/hochschule-luzern\/forschung\/projekte\/detail\/?pid=6226\" data-type=\"URL\" data-id=\"https:\/\/www.hslu.ch\/de-ch\/hochschule-luzern\/forschung\/projekte\/detail\/?pid=6226\" target=\"_blank\">German-language chatbot system for emotional support of older people in the fight against loneliness<\/a>.<\/p>\n<!-- \/wp:paragraph -->                                <\/div>\n                            <\/div>\n                        <\/div>\n                    <\/div>\n                                    \n                    <div>\n                        <div>\n                            <div>\n                                <div class=\"project-slider__imgwrap\">\n                                    <h2>Nach der Pandemie \u2013 Weiterentwicklung von familienfreundlichen Arbeitsbedingungen?<\/h2>\n                                <\/div>\n                                <div class=\"project-slider__text\">\n                                    <!-- wp:paragraph -->\n<p><a href=\"https:\/\/www.hslu.ch\/de-ch\/hochschule-luzern\/forschung\/projekte\/detail\/?pid=6405\" data-type=\"link\" data-id=\"https:\/\/www.hslu.ch\/de-ch\/hochschule-luzern\/forschung\/projekte\/detail\/?pid=6405\" target=\"_blank\" rel=\"noreferrer noopener\">Das Projekt zielt darauf ab, innovative und familienfreundliche Formen der Arbeitsorganisation sowie deren Auswirkungen auf die Vereinbarkeit und das individuelle Wohlbefinden von Mitarbeitenden und Angeh\u00f6rigen vertiefend zu beleuchten.<\/a><\/p>\n<!-- \/wp:paragraph -->                                <\/div>\n                            <\/div>\n                        <\/div>\n                    <\/div>\n                                    \n                    <div>\n                        <div>\n                            <div>\n                                <div class=\"project-slider__imgwrap\">\n                                    <h2>Personalisierte kardinale Reha-Profile<\/h2>\n                                <\/div>\n                                <div class=\"project-slider__text\">\n                                    <!-- wp:paragraph -->\n<p><a href=\"https:\/\/www.hslu.ch\/de-ch\/hochschule-luzern\/forschung\/projekte\/detail\/?pid=6142\" data-type=\"URL\" data-id=\"https:\/\/www.hslu.ch\/de-ch\/hochschule-luzern\/forschung\/projekte\/detail\/?pid=6142\" target=\"_blank\" rel=\"noreferrer noopener\">Erstellen von personalisierten, kardialen REHA Profilen f\u00fcr herzchirugrische Patienten.<\/a><\/p>\n<!-- \/wp:paragraph -->                                <\/div>\n                            <\/div>\n                        <\/div>\n                    <\/div>\n                                    \n                    <div>\n                        <div>\n                            <div>\n                                <div class=\"project-slider__imgwrap\">\n                                    <h2>Sensorbasiertes \u00abArbeitsplatz-Controlling\u00bb f\u00fcr nachhaltige B\u00fcronutzung<\/h2>\n                                <\/div>\n                                <div class=\"project-slider__text\">\n                                    <!-- wp:paragraph -->\n<p><a href=\"https:\/\/www.hslu.ch\/de-ch\/hochschule-luzern\/forschung\/projekte\/detail\/?pid=6253\" data-type=\"URL\" data-id=\"https:\/\/www.hslu.ch\/de-ch\/hochschule-luzern\/forschung\/projekte\/detail\/?pid=6253\" target=\"_blank\" rel=\"noreferrer noopener\">Das Corporate Office wird sich mit dem Digitalisierungsschub durch die Corona-Pandemie und der M\u00f6glichkeit zum Homeoffice weiter in Richtung Activity-Based Office entwickeln. Wie kann das aus Sicht von Unternehmen und Nutzer:innen bed\u00fcrfnisgerecht gelingen?<\/a><\/p>\n<!-- \/wp:paragraph -->                                <\/div>\n                            <\/div>\n                        <\/div>\n                    <\/div>\n                                    \n                    <div>\n                        <div>\n                            <div>\n                                <div class=\"project-slider__imgwrap\">\n                                    <h2>Social Blockchain &#8211; Blockchain-Technologie f\u00fcr das Sozialwesen<\/h2>\n                                <\/div>\n                                <div class=\"project-slider__text\">\n                                    <!-- wp:paragraph -->\n<p><a rel=\"noreferrer noopener\" href=\"https:\/\/www.hslu.ch\/de-ch\/hochschule-luzern\/forschung\/projekte\/detail\/?pid=4286\" target=\"_blank\">Welchen Nutzen kann die Blockchain-Technologie f\u00fcr soziale Problemstellungen bieten? Das interdisziplin\u00e4re Projekt untersucht das Potenzial und die Problemfelder der Blockchain-Technologie f\u00fcr das Sozialwesen.<\/a><\/p>\n<!-- \/wp:paragraph -->                                <\/div>\n                            <\/div>\n                        <\/div>\n                    <\/div>\n                                    \n                    <div>\n                        <div>\n                            <div>\n                                <div class=\"project-slider__imgwrap\">\n                                    <h2>Vergr\u00f6sserung der Wahlfreiheit f\u00fcr Menschen mit kognitiven Beeintr\u00e4chtigungen<\/h2>\n                                <\/div>\n                                <div class=\"project-slider__text\">\n                                    <!-- wp:paragraph -->\n<p><a href=\"https:\/\/www.hslu.ch\/en\/lucerne-university-of-applied-sciences-and-arts\/research\/projects\/detail\/?pid=5965\" target=\"_blank\" rel=\"noreferrer noopener\">Im Projekt werden Erkenntnisse \u00fcber den Stand von bestehenden Softwareprodukten, Serviceangeboten und digitalen Plattformen f\u00fcr Menschen mit kognitiven Beeintr\u00e4chtigungen und zu Unterst\u00fctzungsangeboten erarbeitet.<\/a><\/p>\n<!-- \/wp:paragraph -->                                <\/div>\n                            <\/div>\n                        <\/div>\n                    <\/div>\n                                    \n                    <div>\n                        <div>\n                            <div>\n                                <div class=\"project-slider__imgwrap\">\n                                    <h2>Virtuelles Gehen<\/h2>\n                                <\/div>\n                                <div class=\"project-slider__text\">\n                                    <!-- wp:paragraph -->\n<p><a href=\"https:\/\/www.hslu.ch\/de-ch\/hochschule-luzern\/forschung\/projekte\/detail\/?pid=5948\" data-type=\"URL\" data-id=\"https:\/\/www.hslu.ch\/de-ch\/hochschule-luzern\/forschung\/projekte\/detail\/?pid=5948\" target=\"_blank\" rel=\"noreferrer noopener\">Reduktion der neuropatischen, chronischen Schmerzen bei Querschnittgel\u00e4hmten mit Hilfe von digitalen Zwillings (&#8222;digital twins&#8220;), welchen in einem virtuellen Raum laufen.<\/a><\/p>\n<!-- \/wp:paragraph -->                                <\/div>\n                            <\/div>\n                        <\/div>\n                    <\/div>\n                                    \n                    <div>\n                        <div>\n                            <div>\n                                <div class=\"project-slider__imgwrap\">\n                                    <h2>Visuelle Analyse und Exploration ungesunder Arbeitsmuster<\/h2>\n                                <\/div>\n                                <div class=\"project-slider__text\">\n                                    <!-- wp:paragraph -->\n<p>Ungesunde Zeiteinteilungen und Arbeitsmuster sollen aufgedeckt und kommuniziert werden. Dabei unterst\u00fctzt ein entwickelter Stress-Health Index die transparente Kommunikation der detektierten Arbeitsmuster.<\/p>\n<!-- \/wp:paragraph -->\n\n<!-- wp:paragraph -->\n<p><\/p>\n<!-- \/wp:paragraph -->                                <\/div>\n                            <\/div>\n                        <\/div>\n                    <\/div>\n                                    \n                    <div>\n                        <div>\n                            <div>\n                                <div class=\"project-slider__imgwrap\">\n                                    <h2>vLRC \u2013 virtual Lucerne Robotics Center<\/h2>\n                                <\/div>\n                                <div class=\"project-slider__text\">\n                                    <!-- wp:paragraph -->\n<p><a href=\"https:\/\/www.hslu.ch\/de-ch\/hochschule-luzern\/forschung\/projekte\/detail\/?pid=6235\" data-type=\"link\" data-id=\"https:\/\/www.hslu.ch\/de-ch\/hochschule-luzern\/forschung\/projekte\/detail\/?pid=6235\" target=\"_blank\" rel=\"noreferrer noopener\">Dieses Projekt b\u00fcndelt die Kompetenzen der Departemente Technik &amp; Architektur und Informatik im Bereich der Robotik. Der gemeinsame Webauftritt macht die Expertise, umgesetzte und laufende Projekte sowie Aus- und Weiterbildungsm\u00f6glichkeiten sichtbarer.<\/a><\/p>\n<!-- \/wp:paragraph -->                                <\/div>\n                            <\/div>\n                        <\/div>\n                    <\/div>\n                                    \n                    <div>\n                        <div>\n                            <div>\n                                <div class=\"project-slider__imgwrap\">\n                                    <h2>Vorhersage-Modell zur Fr\u00fcherkennung von Risikoverhalten im Online-Gl\u00fccksspiel<\/h2>\n                                <\/div>\n                                <div class=\"project-slider__text\">\n                                    <!-- wp:paragraph -->\n<p><a href=\"https:\/\/www.hslu.ch\/de-ch\/hochschule-luzern\/forschung\/projekte\/detail\/?pid=5918\" data-type=\"URL\" data-id=\"https:\/\/www.hslu.ch\/de-ch\/hochschule-luzern\/forschung\/projekte\/detail\/?pid=5918\" target=\"_blank\" rel=\"noreferrer noopener\">Im Zuge der \u00d6ffnung des Online-Gl\u00fccksspielmarktes m\u00fcssen pr\u00e4ventive Massnahmen entwickelt werden. Anhand von Spielverhaltensdaten wird ein Vorhersage-Modell entwickelt, welches das fr\u00fchzeitige Erkennen von Personen mit einem problematischen Spielverhalten erm\u00f6glicht.<\/a><\/p>\n<!-- \/wp:paragraph -->                                <\/div>\n                            <\/div>\n                        <\/div>\n                    <\/div>\n                                <\/div>\n        <\/div>\n    <\/div>\n<\/div>\n\n\n<ul class=\"wp-block-list\">\n<li>Zur\u00fcck zum ITC <a href=\"https:\/\/sites.hslu.ch\/itc\/digitale-transformation-der-arbeitswelt\/\" data-type=\"URL\" data-id=\"https:\/\/sites.hslu.ch\/itc\/digitale-transformation-der-arbeitswelt\/\">\u00abDigitale Transformation der Arbeitswelt\u00bb<\/a><\/li>\n<\/ul>\n","protected":false},"excerpt":{"rendered":"<p>In diesem Fokusthema wurden folgende Fragen behandelt: Im Rahmen dieses Fokusthemas entstanden z. B. die Projekte Virtuelles Gehen und Let me help you! Alle Projekte im \u00dcberblick<\/p>\n","protected":false},"author":110,"featured_media":0,"parent":1988,"menu_order":0,"comment_status":"closed","ping_status":"closed","template":"","meta":{"_acf_changed":false,"footnotes":""},"class_list":["post-1917","page","type-page","status-publish","hentry"],"acf":[],"_links":{"self":[{"href":"https:\/\/sites.hslu.ch\/itc\/wp-json\/wp\/v2\/pages\/1917","targetHints":{"allow":["GET"]}}],"collection":[{"href":"https:\/\/sites.hslu.ch\/itc\/wp-json\/wp\/v2\/pages"}],"about":[{"href":"https:\/\/sites.hslu.ch\/itc\/wp-json\/wp\/v2\/types\/page"}],"author":[{"embeddable":true,"href":"https:\/\/sites.hslu.ch\/itc\/wp-json\/wp\/v2\/users\/110"}],"replies":[{"embeddable":true,"href":"https:\/\/sites.hslu.ch\/itc\/wp-json\/wp\/v2\/comments?post=1917"}],"version-history":[{"count":26,"href":"https:\/\/sites.hslu.ch\/itc\/wp-json\/wp\/v2\/pages\/1917\/revisions"}],"predecessor-version":[{"id":3085,"href":"https:\/\/sites.hslu.ch\/itc\/wp-json\/wp\/v2\/pages\/1917\/revisions\/3085"}],"up":[{"embeddable":true,"href":"https:\/\/sites.hslu.ch\/itc\/wp-json\/wp\/v2\/pages\/1988"}],"wp:attachment":[{"href":"https:\/\/sites.hslu.ch\/itc\/wp-json\/wp\/v2\/media?parent=1917"}],"curies":[{"name":"wp","href":"https:\/\/api.w.org\/{rel}","templated":true}]}}