{"id":1642,"date":"2023-02-17T20:28:15","date_gmt":"2023-02-17T20:28:15","guid":{"rendered":"https:\/\/sites.hslu.ch\/itc\/?page_id=1642"},"modified":"2023-04-14T13:08:46","modified_gmt":"2023-04-14T13:08:46","slug":"virtuelles-gehen","status":"publish","type":"page","link":"https:\/\/sites.hslu.ch\/itc\/digitale-transformation-der-arbeitswelt\/fokusthema-datengestuetzte-und-menschenzentrierte-gesundheit\/virtuelles-gehen\/","title":{"rendered":"Virtuelles Gehen"},"content":{"rendered":"\n<p>Beim Projekt Virtuelles Gehen sollen chronische neuropathische Schmerzen, die durch die Querschnittl\u00e4hmung verursacht werden, reduziert werden. <\/p>\n\n\n\n<p>Dazu entwickelt das interdisziplin\u00e4re Team der Hochschule Luzern digitale Zwillinge bzw. \u00abAvatare\u00bb der Patient:innen, die im virtuellen Raum laufen. Die Bewegungen der Avatare werden auf eine Leinwand projiziert, sodass die Patient:innen den Eindruck haben, sich laufen zu sehen. Durch diese lllusion kann das Gehirn die paradoxe Situation von visueller Wahrnehmung und gef\u00fchlt tauber Bewegungen (da die Beine nicht sp\u00fcrbar sind) umlernen. Dadurch lassen die Deafferenzierungsschmerzen nach, die durch widerspr\u00fcchliche Informationen im Gehirn verursacht werden. <\/p>\n\n\n\n<p>Das Ger\u00e4t dazu baute die Hochschule Luzern zusammen mit dem SPZ Nottwil. Der Studienprototyp mit ersten Patient:innen ist klinisch so erfolgreich, dass nun ein Folgeger\u00e4t wissenschaftlich entwickelt werden soll.<\/p>\n\n\n\n<figure class=\"wp-block-gallery has-nested-images columns-default is-cropped wp-block-gallery-1 is-layout-flex wp-block-gallery-is-layout-flex\">\n<figure class=\"wp-block-image size-large is-style-hitc-full-width\"><img loading=\"lazy\" decoding=\"async\" width=\"1024\" height=\"682\" data-id=\"1643\" src=\"https:\/\/sites.hslu.ch\/itc\/wp-content\/uploads\/sites\/2\/2023\/02\/Virtual_Walk-1024x682.jpg\" alt=\"\" class=\"wp-image-1643\" srcset=\"https:\/\/sites.hslu.ch\/itc\/wp-content\/uploads\/sites\/2\/2023\/02\/Virtual_Walk-1024x682.jpg 1024w, https:\/\/sites.hslu.ch\/itc\/wp-content\/uploads\/sites\/2\/2023\/02\/Virtual_Walk-300x200.jpg 300w, https:\/\/sites.hslu.ch\/itc\/wp-content\/uploads\/sites\/2\/2023\/02\/Virtual_Walk-768x512.jpg 768w, https:\/\/sites.hslu.ch\/itc\/wp-content\/uploads\/sites\/2\/2023\/02\/Virtual_Walk-1536x1024.jpg 1536w, https:\/\/sites.hslu.ch\/itc\/wp-content\/uploads\/sites\/2\/2023\/02\/Virtual_Walk.jpg 1748w\" sizes=\"auto, (max-width: 1024px) 100vw, 1024px\" \/><\/figure>\n<\/figure>\n\n\n\n<h2 class=\"wp-block-heading\">Weitere Informationen<\/h2>\n\n\n\n<ul class=\"wp-block-list\">\n<li>Zur <a href=\"https:\/\/www.hslu.ch\/de-ch\/hochschule-luzern\/forschung\/projekte\/detail\/?pid=5948\" data-type=\"URL\" data-id=\"https:\/\/www.hslu.ch\/de-ch\/hochschule-luzern\/forschung\/projekte\/detail\/?pid=5948\" target=\"_blank\" rel=\"noreferrer noopener\">Projektdatenbank<\/a><\/li>\n\n\n\n<li>Zum Beitrag <a href=\"https:\/\/news.hslu.ch\/interview-virtuelles-gehen-gegen-chronische-schmerzen\/\" data-type=\"URL\" data-id=\"https:\/\/news.hslu.ch\/interview-virtuelles-gehen-gegen-chronische-schmerzen\/\" target=\"_blank\" rel=\"noreferrer noopener\">Virtuelles Gehen gegen chronische Schmerzen<\/a><\/li>\n\n\n\n<li>Zur <a rel=\"noreferrer noopener\" href=\"https:\/\/www.paraplegie.ch\/de\/uns-unterstuetzen\/spenden\/spendenprojekte\/spendenprojekt-virtual-walking\/\" data-type=\"URL\" data-id=\"https:\/\/www.paraplegie.ch\/de\/uns-unterstuetzen\/spenden\/spendenprojekte\/spendenprojekt-virtual-walking\/\" target=\"_blank\">Projektseite des Paraplegikerzentrums Nottwil<\/a><\/li>\n<\/ul>\n\n\n<div class=\"default__content__list-block\">\n        \t\t    <h2 class=\"default--content--list-block--title\">Beteiligte Forschende der HSLU <\/h2>\n        <ul>\n\t                        <li>Department Technik &amp; Architektur: Roger Ab\u00e4cherli, Klaus Zahn, Patrick Stadelmann, Viola Clematide, Christoph Hofmann, Jonas Hofstetter, Corsin Obrist, Joshua Lanter, Jonas D\u00fcggeli<\/li>\n\t                        <li>Department Musik: Oliver Senn, Rafael Jerjen<\/li>\n\t                        <li>Departement Informatik: Marcel Uhr <\/li>\n\t                <\/ul>\n\t\t    <h2 class=\"default--content--list-block--title\"><\/h2>\n        <ul>\n\t                <\/ul>\n\t\t    <h2 class=\"default--content--list-block--title\">Externe Partner<\/h2>\n        <ul>\n\t                        <li>Schweizerisches Paraplegiker-Zentrum <\/li>\n\t                <\/ul>\n\t    <\/div>\n\n\n\n<ul class=\"wp-block-list\">\n<li>Zur\u00fcck zu den Fokusthemen <a href=\"https:\/\/sites.hslu.ch\/itc\/fokusthema-datengestuetzte-und-menschenzentrierte-gesundheit\/\" data-type=\"page\" data-id=\"1917\">Datengest\u00fctzte und Menschenzentrierte Gesundheit<\/a> und <a href=\"https:\/\/sites.hslu.ch\/itc\/praediktive-und-gebrauchsorientierte-technologie\/\" data-type=\"page\" data-id=\"1933\">Pr\u00e4diktive und Gebrauchsorientierte Technologie<\/a><\/li>\n<\/ul>\n","protected":false},"excerpt":{"rendered":"<p>Beim Projekt Virtuelles Gehen sollen chronische neuropathische Schmerzen, die durch die Querschnittl\u00e4hmung verursacht werden, reduziert werden. Dazu entwickelt das interdisziplin\u00e4re Team der Hochschule Luzern digitale Zwillinge bzw. \u00abAvatare\u00bb der Patient:innen, die im virtuellen Raum laufen. Die Bewegungen der Avatare werden auf eine Leinwand projiziert, sodass die Patient:innen den Eindruck haben, sich laufen zu sehen. Durch [&hellip;]<\/p>\n","protected":false},"author":110,"featured_media":0,"parent":1917,"menu_order":0,"comment_status":"closed","ping_status":"closed","template":"","meta":{"_acf_changed":false,"footnotes":""},"class_list":["post-1642","page","type-page","status-publish","hentry"],"acf":[],"_links":{"self":[{"href":"https:\/\/sites.hslu.ch\/itc\/wp-json\/wp\/v2\/pages\/1642","targetHints":{"allow":["GET"]}}],"collection":[{"href":"https:\/\/sites.hslu.ch\/itc\/wp-json\/wp\/v2\/pages"}],"about":[{"href":"https:\/\/sites.hslu.ch\/itc\/wp-json\/wp\/v2\/types\/page"}],"author":[{"embeddable":true,"href":"https:\/\/sites.hslu.ch\/itc\/wp-json\/wp\/v2\/users\/110"}],"replies":[{"embeddable":true,"href":"https:\/\/sites.hslu.ch\/itc\/wp-json\/wp\/v2\/comments?post=1642"}],"version-history":[{"count":18,"href":"https:\/\/sites.hslu.ch\/itc\/wp-json\/wp\/v2\/pages\/1642\/revisions"}],"predecessor-version":[{"id":2578,"href":"https:\/\/sites.hslu.ch\/itc\/wp-json\/wp\/v2\/pages\/1642\/revisions\/2578"}],"up":[{"embeddable":true,"href":"https:\/\/sites.hslu.ch\/itc\/wp-json\/wp\/v2\/pages\/1917"}],"wp:attachment":[{"href":"https:\/\/sites.hslu.ch\/itc\/wp-json\/wp\/v2\/media?parent=1642"}],"curies":[{"name":"wp","href":"https:\/\/api.w.org\/{rel}","templated":true}]}}