{"id":1628,"date":"2023-02-17T20:30:49","date_gmt":"2023-02-17T20:30:49","guid":{"rendered":"https:\/\/sites.hslu.ch\/itc\/?page_id=1628"},"modified":"2023-04-14T13:14:50","modified_gmt":"2023-04-14T13:14:50","slug":"vr-bees","status":"publish","type":"page","link":"https:\/\/sites.hslu.ch\/itc\/digitale-transformation-der-arbeitswelt\/praediktive-und-gebrauchsorientierte-technologie\/vr-bees\/","title":{"rendered":"VR Bees"},"content":{"rendered":"\n<p>Bienen und damit die Imkerei sind auf der ganzen Welt von gr\u00f6sster Bedeutung. Und zwar aus \u00f6kologischen, aber auch aus wirtschaftlichen Gr\u00fcnden. Aufgrund der Tatsache, dass Bienenv\u00f6lker sensible Organismen sind, lassen sich aber nicht alle Anforderungen der Imker\/innen-Ausbildung wunschgem\u00e4ss durchf\u00fchren. Obschon sie bereits durch digitale Medien wie Fotos, Videos, Apps oder Kurse unterst\u00fctzt wird, besteht immer noch grosses Potenzial im Bereich der digitalen Transformation. Zusammen mit dem Imkerverband der deutschen und r\u00e4toromanischen Schweiz BienenSchweiz wurde als Proof-of-Concept ein Prototyp f\u00fcr ein Serious Virtual Reality Game erstellt. Auf diese Weise k\u00f6nnen Lerninhalte in einer immersiven Simulation realit\u00e4tsnah und interaktiv vermittelt und vielf\u00e4ltige Erfahrungen gesammelt werden, ohne ein Bienenvolk unn\u00f6tig zu st\u00f6ren. Anhand des Games wird eine Nutzer\/innen-Studie durchgef\u00fchrt, um weitere Anforderungen zu definieren.<\/p>\n\n\n\n<figure class=\"wp-block-gallery has-nested-images columns-default is-cropped wp-block-gallery-1 is-layout-flex wp-block-gallery-is-layout-flex\">\n<figure class=\"wp-block-image size-large is-style-hitc-full-width\"><img loading=\"lazy\" decoding=\"async\" width=\"640\" height=\"427\" data-id=\"1647\" src=\"https:\/\/sites.hslu.ch\/itc\/wp-content\/uploads\/sites\/2\/2023\/02\/GettyImages-1194498436.jpg\" alt=\"\" class=\"wp-image-1647\" srcset=\"https:\/\/sites.hslu.ch\/itc\/wp-content\/uploads\/sites\/2\/2023\/02\/GettyImages-1194498436.jpg 640w, https:\/\/sites.hslu.ch\/itc\/wp-content\/uploads\/sites\/2\/2023\/02\/GettyImages-1194498436-300x200.jpg 300w\" sizes=\"auto, (max-width: 640px) 100vw, 640px\" \/><figcaption class=\"wp-element-caption\">Virtuelle Bienen k\u00f6nnten k\u00fcnftig Teil der Imker\/innen-Ausbildung sein.<\/figcaption><\/figure>\n<\/figure>\n\n\n\n<h2 class=\"wp-block-heading\">Weiterf\u00fchrende Informationen<\/h2>\n\n\n\n<ul class=\"wp-block-list\">\n<li>Zur <a href=\"https:\/\/www.hslu.ch\/de-ch\/hochschule-luzern\/forschung\/projekte\/detail\/?pid=4228\" data-type=\"URL\" data-id=\"https:\/\/www.hslu.ch\/de-ch\/hochschule-luzern\/forschung\/projekte\/detail\/?pid=4228\">Projektda<\/a><a href=\"https:\/\/www.hslu.ch\/de-ch\/hochschule-luzern\/forschung\/projekte\/detail\/?pid=4228\" data-type=\"URL\" data-id=\"https:\/\/www.hslu.ch\/de-ch\/hochschule-luzern\/forschung\/projekte\/detail\/?pid=4228\" target=\"_blank\" rel=\"noreferrer noopener\">tenbank<\/a><\/li>\n\n\n\n<li>Zur <a href=\"https:\/\/blog.hslu.ch\/vrbees\/\" data-type=\"URL\" data-id=\"https:\/\/blog.hslu.ch\/vrbees\/\">Web<\/a><a href=\"https:\/\/blog.hslu.ch\/vrbees\/\" data-type=\"URL\" data-id=\"https:\/\/blog.hslu.ch\/vrbees\/\" target=\"_blank\" rel=\"noreferrer noopener\">site VR Bees<\/a><\/li>\n\n\n\n<li>Zum <a href=\"https:\/\/www.youtube.com\/watch?v=yCMMpkB8aJA\" data-type=\"URL\" data-id=\"https:\/\/www.youtube.com\/watch?v=yCMMpkB8aJA\" target=\"_blank\" rel=\"noreferrer noopener\">Video<\/a><\/li>\n<\/ul>\n\n\n<div class=\"default__content__list-block\">\n        \t\t    <h2 class=\"default--content--list-block--title\">Beteiligte Forschende der HSLU <\/h2>\n        <ul>\n\t                        <li>Department Informatik: Richard Wetzel<\/li>\n\t                        <li>Departement Wirtschaft: Ursina Kellerhals<\/li>\n\t                <\/ul>\n\t\t    <h2 class=\"default--content--list-block--title\"><\/h2>\n        <ul>\n\t                <\/ul>\n\t\t    <h2 class=\"default--content--list-block--title\">Externe Partner<\/h2>\n        <ul>\n\t                        <li> BienenSchweiz<\/li>\n\t                <\/ul>\n\t    <\/div>\n\n\n\n<ul class=\"wp-block-list\">\n<li>Zur\u00fcck zum Fokusthema <a href=\"https:\/\/sites.hslu.ch\/itc\/praediktive-und-gebrauchsorientierte-technologie\/\" data-type=\"page\" data-id=\"1933\">Pr\u00e4diktive und Gebrauchsorientierte Technologie<\/a><\/li>\n<\/ul>\n","protected":false},"excerpt":{"rendered":"<p>Bienen und damit die Imkerei sind auf der ganzen Welt von gr\u00f6sster Bedeutung. Und zwar aus \u00f6kologischen, aber auch aus wirtschaftlichen Gr\u00fcnden. Aufgrund der Tatsache, dass Bienenv\u00f6lker sensible Organismen sind, lassen sich aber nicht alle Anforderungen der Imker\/innen-Ausbildung wunschgem\u00e4ss durchf\u00fchren. Obschon sie bereits durch digitale Medien wie Fotos, Videos, Apps oder Kurse unterst\u00fctzt wird, besteht [&hellip;]<\/p>\n","protected":false},"author":110,"featured_media":0,"parent":1933,"menu_order":0,"comment_status":"closed","ping_status":"closed","template":"","meta":{"_acf_changed":false,"footnotes":""},"class_list":["post-1628","page","type-page","status-publish","hentry"],"acf":[],"_links":{"self":[{"href":"https:\/\/sites.hslu.ch\/itc\/wp-json\/wp\/v2\/pages\/1628","targetHints":{"allow":["GET"]}}],"collection":[{"href":"https:\/\/sites.hslu.ch\/itc\/wp-json\/wp\/v2\/pages"}],"about":[{"href":"https:\/\/sites.hslu.ch\/itc\/wp-json\/wp\/v2\/types\/page"}],"author":[{"embeddable":true,"href":"https:\/\/sites.hslu.ch\/itc\/wp-json\/wp\/v2\/users\/110"}],"replies":[{"embeddable":true,"href":"https:\/\/sites.hslu.ch\/itc\/wp-json\/wp\/v2\/comments?post=1628"}],"version-history":[{"count":15,"href":"https:\/\/sites.hslu.ch\/itc\/wp-json\/wp\/v2\/pages\/1628\/revisions"}],"predecessor-version":[{"id":2579,"href":"https:\/\/sites.hslu.ch\/itc\/wp-json\/wp\/v2\/pages\/1628\/revisions\/2579"}],"up":[{"embeddable":true,"href":"https:\/\/sites.hslu.ch\/itc\/wp-json\/wp\/v2\/pages\/1933"}],"wp:attachment":[{"href":"https:\/\/sites.hslu.ch\/itc\/wp-json\/wp\/v2\/media?parent=1628"}],"curies":[{"name":"wp","href":"https:\/\/api.w.org\/{rel}","templated":true}]}}