{"id":1618,"date":"2023-02-17T20:15:01","date_gmt":"2023-02-17T20:15:01","guid":{"rendered":"https:\/\/sites.hslu.ch\/itc\/?page_id=1618"},"modified":"2023-04-14T13:11:30","modified_gmt":"2023-04-14T13:11:30","slug":"virtual-reality-in-kleintheatern","status":"publish","type":"page","link":"https:\/\/sites.hslu.ch\/itc\/digitale-transformation-der-arbeitswelt\/digitalisierte-und-individualisierte-bildung\/virtual-reality-in-kleintheatern\/","title":{"rendered":"Virtual Reality in Kleintheatern"},"content":{"rendered":"\n<p>Forschende der Hochschule Luzern und das Kleintheater Luzern haben in einem gemeinsamen Projekt ausgelotet, wie Virtual Reality und Theater zusammengehen k\u00f6nnen. Diese interdisziplin\u00e4re Zusammenarbeit erm\u00f6glicht es dem Publikum, auf direkte, unmittelbare Weise in neue Lebenswelten einzutauchen.  <\/p>\n\n\n\n<p>Die Theaterschaffenden arbeiteten nah mit Digitalk\u00fcnstlern und IT-Expertinnen der Hochschule Luzern zusammen und lernten, wie sie Virtual Reality in ihre Arbeit integrieren k\u00f6nnen. Die Forschenden f\u00fchrten zu diesem Zweck Workshops sowie VR-Labs durch und bildeten die R\u00e4ume des Kleintheaters als 3D-Modelle nach, die in der virtuellen Realit\u00e4t bespielt werden k\u00f6nnen. Eine zentrale Frage des Projekts war, inwiefern sich bestimmte digitale Kommunikationswege eignen, um Theaterprogramme zu erg\u00e4nzen bzw. zu transformieren. Die erarbeiteten St\u00fccke wurden im April 2022 einer breiten \u00d6ffentlichkeit pr\u00e4sentiert.<\/p>\n\n\n\n<div class=\"row\">\n\t<div class=\"col-12 col-lg-8 ml-190 pr-200\">\n\t\t<div class=\"swiper__responsive-container \">\n\t\t\t<div class=\"swiper__responsive-wrapper\">\n\t\t\t\t<div class=\"swiper mainSwiper\">\n\t\t\t\t\t<div class=\"swiper-wrapper\">\n\t\t\t\t\t\t\t\t\t\t\t\t\t\t\t\t\t\t\t\t<div class=\"swiper-slide\">\n\t\t\t\t\t\t\t\t<figure class=\"slide-figure\">\n\t\t\t\t\t\t\t\t\t<img decoding=\"async\" class=\"slide-image\" src=\"https:\/\/site&#115;&#46;&#104;&#115;&#108;&#117;&#46;&#x63;&#x68;&#x2f;&#x69;&#x74;&#x63;&#x2f;&#x77;&#x70;&#x2d;&#x63;&#x6f;ntent\/&#117;&#112;&#108;&#111;&#97;&#100;&#115;&#x2f;&#x73;&#x69;&#x74;&#x65;&#x73;&#x2f;&#x32;&#x2f;&#x32;&#x30;&#x32;3\/02\/T&#114;&#97;&#105;&#108;&#101;&#114;&#45;&#x53;&#x74;&#x69;&#x6c;&#x6c;&#x2d;&#x32;&#x5f;&#x7a;&#x76;&#x67;&#x40;Kleint&#104;&#101;&#97;&#116;&#101;&#114;&#46;&#x6a;&#x70;&#x67;\" alt=\"Mann mit VR Brille\">\n\t\t\t\t\t\t\t\t\t<figcaption class=\"slide-caption\"><span>Wie l\u00e4sst sich Virtual Reality im Theater nutzen?<\/span><\/figcaption>\n\t\t\t\t\t\t\t\t<\/figure>\n\t\t\t\t\t\t\t\t<div class=\"slide-action-container\">\n\t\t\t\t\t\t\t\t\t<div class=\"slide-action slide-action-zoom\" data-id=\"69f6205d02a22\">\uf188<\/div>\n\t\t\t\t\t\t\t\t\t\t\t\t\t\t\t\t\t<\/div>\n\t\t\t\t\t\t\t<\/div>\n\t\t\t\t\t\t\t\t\t\t\t\t\t\t\t\t\t\t\t\t<div class=\"swiper-slide\">\n\t\t\t\t\t\t\t\t<figure class=\"slide-figure\">\n\t\t\t\t\t\t\t\t\t<img decoding=\"async\" class=\"slide-image\" src=\"https:&#x2f;&#47;&#x73;&#x69;&#116;&#x65;&#115;&#46;&#x68;&#115;l&#x75;&#46;c&#x68;&#47;i&#x74;&#99;&#x2f;&#x77;&#112;&#x2d;&#x63;&#111;&#x6e;&#116;e&#x6e;&#116;\/&#x75;&#112;l&#x6f;&#97;d&#x73;&#47;&#x73;&#x69;&#116;&#x65;&#x73;&#47;&#x32;&#47;2&#x30;&#50;3&#x2f;&#48;2&#x2f;&#84;r&#x61;&#105;&#x6c;&#x65;&#114;&#x2d;&#x53;&#116;&#x69;&#108;l&#x2d;&#52;_&#x7a;&#118;g&#x40;&#75;l&#x65;&#105;&#x6e;&#x74;&#104;&#x65;&#x61;&#116;&#x65;&#114;&#46;&#x6a;&#112;g\" alt=\"Theaterkulisse\">\n\t\t\t\t\t\t\t\t\t<figcaption class=\"slide-caption\"><span>Mit VR wird ein schmuckloses Theater in eine Traumwelt umgewandelt.<\/span><\/figcaption>\n\t\t\t\t\t\t\t\t<\/figure>\n\t\t\t\t\t\t\t\t<div class=\"slide-action-container\">\n\t\t\t\t\t\t\t\t\t<div class=\"slide-action slide-action-zoom\" data-id=\"69f6205d02a22\">\uf188<\/div>\n\t\t\t\t\t\t\t\t\t\t\t\t\t\t\t\t\t<\/div>\n\t\t\t\t\t\t\t<\/div>\n\t\t\t\t\t\t\t\t\t\t\t\t\t\t\t\t\t\t\t\t<div class=\"swiper-slide\">\n\t\t\t\t\t\t\t\t<figure class=\"slide-figure\">\n\t\t\t\t\t\t\t\t\t<img decoding=\"async\" class=\"slide-image\" src=\"https:\/\/sites&#46;hslu&#46;&#99;&#104;&#47;&#105;&#116;&#99;&#47;&#119;&#112;&#45;&#99;&#111;&#110;&#116;&#x65;&#x6e;&#x74;&#x2f;&#x75;&#x70;&#x6c;&#x6f;&#x61;&#x64;&#x73;&#x2f;&#x73;&#x69;&#x74;&#x65;&#x73;&#x2f;&#x32;&#x2f;&#x32;&#x30;&#x32;3\/02\/Trailer&#45;&#83;&#116;&#105;&#108;&#108;&#45;&#51;&#95;&#122;&#118;&#103;&#64;&#75;&#108;&#x65;&#x69;&#x6e;&#x74;&#x68;&#x65;&#x61;&#x74;&#x65;&#x72;&#x2e;&#x6a;&#x70;&#x67;\" alt=\"Theaterkulisse\">\n\t\t\t\t\t\t\t\t\t<figcaption class=\"slide-caption\"><span>Mit VR wird ein schmuckloses Theater in eine Traumwelt umgewandelt.<\/span><\/figcaption>\n\t\t\t\t\t\t\t\t<\/figure>\n\t\t\t\t\t\t\t\t<div class=\"slide-action-container\">\n\t\t\t\t\t\t\t\t\t<div class=\"slide-action slide-action-zoom\" data-id=\"69f6205d02a22\">\uf188<\/div>\n\t\t\t\t\t\t\t\t\t\t\t\t\t\t\t\t\t<\/div>\n\t\t\t\t\t\t\t<\/div>\n\t\t\t\t\t\t\t\t\t\t\t<\/div>\n\t\t\t\t\t<div class=\"swiper-button-prev\"><\/div>\n\t\t\t\t\t<div class=\"swiper-button-next\"><\/div>\n\t\t\t\t<\/div>\n\t\t\t\t<div class=\"swiper-pagination\"><\/div>\n\t\t\t<\/div>\n\t\t<\/div>\n\t<\/div>\n<\/div>\n\n<div class=\"zoom-container\" data-id=\"69f6205d02a22\">\n\t<div class=\"zoom-container-inner\">\n\t\t<div class=\"zoom-responsive-container\">\n\t\t\t<div class=\"zoom-wrapper\">\n\t\t\t\t<div class=\"swiper zoomSwiper\">\n\t\t\t\t\t<div class=\"swiper-wrapper\">\n\t\t\t\t\t\t\t\t\t\t\t\t\t\t\t\t\t\t\t\t<div class=\"swiper-slide\">\n\t\t\t\t\t\t\t\t<figure class=\"slide-figure\">\n\t\t\t\t\t\t\t\t\t<img decoding=\"async\" class=\"slide-image\" src=\"https:\/\/s&#105;&#116;&#101;&#115;&#x2e;&#x68;&#x73;&#x6c;&#x75;&#x2e;&#x63;h\/i&#116;&#99;&#47;&#119;&#112;&#x2d;&#x63;&#x6f;&#x6e;&#x74;&#x65;nt\/u&#112;&#108;&#111;&#97;&#x64;&#x73;&#x2f;&#x73;&#x69;&#x74;es\/2&#47;&#50;&#48;&#50;&#x33;&#x2f;&#x30;&#x32;&#x2f;&#x54;&#x72;ail&#101;&#114;&#45;&#83;&#116;&#x69;&#x6c;&#x6c;&#x2d;&#x32;&#x5f;zvg&#64;&#75;&#108;&#101;&#105;&#x6e;&#x74;&#x68;&#x65;&#x61;&#x74;er&#46;j&#112;&#103;\" alt=\"Mann mit VR Brille\">\n\t\t\t\t\t\t\t\t\t<figcaption class=\"slide-caption\"><span>Wie l\u00e4sst sich Virtual Reality im Theater nutzen?<\/span><\/figcaption>\n\t\t\t\t\t\t\t\t<\/figure>\n\t\t\t\t\t\t\t\t<div class=\"slide-action-container\">\n\t\t\t\t\t\t\t\t\t<div class=\"slide-action zoom-action-close\">\uf189<\/div>\n\t\t\t\t\t\t\t\t\t\t\t\t\t\t\t\t\t<\/div>\n\t\t\t\t\t\t\t<\/div>\n\t\t\t\t\t\t\t\t\t\t\t\t\t\t\t\t\t\t\t\t<div class=\"swiper-slide\">\n\t\t\t\t\t\t\t\t<figure class=\"slide-figure\">\n\t\t\t\t\t\t\t\t\t<img decoding=\"async\" class=\"slide-image\" src=\"https:&#x2f;&#47;s&#x69;&#116;e&#x73;&#46;h&#x73;&#108;u&#x2e;&#99;h&#x2f;&#105;t&#x63;&#47;w&#x70;&#45;c&#x6f;&#110;t&#x65;&#110;t&#x2f;&#117;p&#x6c;&#111;a&#x64;&#115;\/&#x73;&#105;t&#x65;&#115;\/&#x32;&#47;2&#x30;&#50;3&#x2f;&#48;2&#x2f;&#84;r&#x61;&#105;l&#x65;&#114;-&#x53;&#116;i&#x6c;&#x6c;-&#x34;&#x5f;z&#x76;&#x67;&#64;&#x4b;&#x6c;&#101;&#x69;&#x6e;&#116;&#x68;&#x65;&#97;&#x74;&#x65;&#114;&#x2e;&#x6a;&#112;&#x67;\" alt=\"Theaterkulisse\">\n\t\t\t\t\t\t\t\t\t<figcaption class=\"slide-caption\"><span>Mit VR wird ein schmuckloses Theater in eine Traumwelt umgewandelt.<\/span><\/figcaption>\n\t\t\t\t\t\t\t\t<\/figure>\n\t\t\t\t\t\t\t\t<div class=\"slide-action-container\">\n\t\t\t\t\t\t\t\t\t<div class=\"slide-action zoom-action-close\">\uf189<\/div>\n\t\t\t\t\t\t\t\t\t\t\t\t\t\t\t\t\t<\/div>\n\t\t\t\t\t\t\t<\/div>\n\t\t\t\t\t\t\t\t\t\t\t\t\t\t\t\t\t\t\t\t<div class=\"swiper-slide\">\n\t\t\t\t\t\t\t\t<figure class=\"slide-figure\">\n\t\t\t\t\t\t\t\t\t<img decoding=\"async\" class=\"slide-image\" src=\"https:&#x2f;&#x2f;&#x73;&#x69;&#116;&#101;s&#46;h&#x73;&#x6c;&#x75;&#x2e;&#99;&#104;\/it&#x63;&#x2f;&#x77;&#x70;&#45;&#99;&#111;nt&#x65;&#x6e;&#x74;&#x2f;&#117;&#112;&#108;oa&#x64;&#x73;&#x2f;&#x73;&#105;&#116;&#101;s\/&#x32;&#x2f;&#x32;&#x30;&#50;&#51;&#47;02&#x2f;&#x54;&#x72;&#x61;&#105;&#108;&#101;r-&#x53;&#x74;&#x69;&#x6c;&#108;&#45;&#51;_z&#x76;&#x67;&#x40;&#x4b;&#108;&#101;&#105;nt&#x68;&#x65;&#x61;&#x74;&#101;&#114;&#46;jp&#x67;\" alt=\"Theaterkulisse\">\n\t\t\t\t\t\t\t\t\t<figcaption class=\"slide-caption\"><span>Mit VR wird ein schmuckloses Theater in eine Traumwelt umgewandelt.<\/span><\/figcaption>\n\t\t\t\t\t\t\t\t<\/figure>\n\t\t\t\t\t\t\t\t<div class=\"slide-action-container\">\n\t\t\t\t\t\t\t\t\t<div class=\"slide-action zoom-action-close\">\uf189<\/div>\n\t\t\t\t\t\t\t\t\t\t\t\t\t\t\t\t\t<\/div>\n\t\t\t\t\t\t\t<\/div>\n\t\t\t\t\t\t\t\t\t\t\t<\/div>\n\t\t\t\t\t<div class=\"swiper-button-prev\"><\/div>\n\t\t\t\t\t<div class=\"swiper-button-next\"><\/div>\n\t\t\t\t<\/div>\n\t\t\t\t<div class=\"swiper-pagination\"><\/div>\n\t\t\t<\/div>\n\t\t<\/div>\n\t<\/div>\n<\/div>\n\n\n\n<h2 class=\"wp-block-heading\">Weitere Informationen<\/h2>\n\n\n\n<ul class=\"wp-block-list\">\n<li>Zur <a href=\"https:\/\/www.hslu.ch\/de-ch\/hochschule-luzern\/forschung\/projekte\/detail\/?pid=5885\" data-type=\"URL\" data-id=\"https:\/\/www.hslu.ch\/de-ch\/hochschule-luzern\/forschung\/projekte\/detail\/?pid=5885\" target=\"_blank\" rel=\"noreferrer noopener\">Projektdatenbank<\/a><\/li>\n\n\n\n<li>Zum <a href=\"https:\/\/www.youtube.com\/watch?v=_bTR0G__aWo\" data-type=\"URL\" data-id=\"https:\/\/www.youtube.com\/watch?v=_bTR0G__aWo\">V<\/a><a href=\"https:\/\/www.youtube.com\/watch?v=_bTR0G__aWo\" data-type=\"URL\" data-id=\"https:\/\/www.youtube.com\/watch?v=_bTR0G__aWo\" target=\"_blank\" rel=\"noreferrer noopener\">ideo<\/a><\/li>\n\n\n\n<li>Zum Beitrag <a href=\"https:\/\/news.hslu.ch\/vr-kleintheater\/\" data-type=\"URL\" data-id=\"https:\/\/news.hslu.ch\/vr-kleintheater\/\" target=\"_blank\" rel=\"noreferrer noopener\">Grosse digitale Pl\u00e4ne f<\/a><a href=\"https:\/\/news.hslu.ch\/vr-kleintheater\/\" data-type=\"URL\" data-id=\"https:\/\/news.hslu.ch\/vr-kleintheater\/\">\u00fcrs Kleintheater<\/a> <\/li>\n<\/ul>\n\n\n<div class=\"default__content__list-block\">\n        \t\t    <h2 class=\"default--content--list-block--title\">Beteiligte Forschende der HSLU <\/h2>\n        <ul>\n\t                        <li>Department Informatik: Richard Wetzel, Dario Lanfranconi, Thi Anh Ngoc Nguyen, Aljosa Smolic, Janina Woods<\/li>\n\t                        <li>Department Design &amp; Kunst: Axel Vogelsang, Simon de Diesbach <\/li>\n\t                <\/ul>\n\t\t    <h2 class=\"default--content--list-block--title\"><\/h2>\n        <ul>\n\t                <\/ul>\n\t\t    <h2 class=\"default--content--list-block--title\">Externe Partner<\/h2>\n        <ul>\n\t                        <li>Kleintheater Luzern<\/li>\n\t                <\/ul>\n\t    <\/div>\n\n\n\n<ul class=\"wp-block-list\">\n<li>Zur\u00fcck zum Fokusthema <a href=\"https:\/\/sites.hslu.ch\/itc\/digitalisierte-und-individualisierte-bildung\/\" data-type=\"page\" data-id=\"1925\">Digitalisierte und Individualisierte Bildung<\/a><\/li>\n<\/ul>\n","protected":false},"excerpt":{"rendered":"<p>Forschende der Hochschule Luzern und das Kleintheater Luzern haben in einem gemeinsamen Projekt ausgelotet, wie Virtual Reality und Theater zusammengehen k\u00f6nnen. Diese interdisziplin\u00e4re Zusammenarbeit erm\u00f6glicht es dem Publikum, auf direkte, unmittelbare Weise in neue Lebenswelten einzutauchen. Die Theaterschaffenden arbeiteten nah mit Digitalk\u00fcnstlern und IT-Expertinnen der Hochschule Luzern zusammen und lernten, wie sie Virtual Reality in [&hellip;]<\/p>\n","protected":false},"author":110,"featured_media":0,"parent":1925,"menu_order":0,"comment_status":"closed","ping_status":"closed","template":"","meta":{"_acf_changed":false,"footnotes":""},"class_list":["post-1618","page","type-page","status-publish","hentry"],"acf":[],"_links":{"self":[{"href":"https:\/\/sites.hslu.ch\/itc\/wp-json\/wp\/v2\/pages\/1618","targetHints":{"allow":["GET"]}}],"collection":[{"href":"https:\/\/sites.hslu.ch\/itc\/wp-json\/wp\/v2\/pages"}],"about":[{"href":"https:\/\/sites.hslu.ch\/itc\/wp-json\/wp\/v2\/types\/page"}],"author":[{"embeddable":true,"href":"https:\/\/sites.hslu.ch\/itc\/wp-json\/wp\/v2\/users\/110"}],"replies":[{"embeddable":true,"href":"https:\/\/sites.hslu.ch\/itc\/wp-json\/wp\/v2\/comments?post=1618"}],"version-history":[{"count":21,"href":"https:\/\/sites.hslu.ch\/itc\/wp-json\/wp\/v2\/pages\/1618\/revisions"}],"predecessor-version":[{"id":2580,"href":"https:\/\/sites.hslu.ch\/itc\/wp-json\/wp\/v2\/pages\/1618\/revisions\/2580"}],"up":[{"embeddable":true,"href":"https:\/\/sites.hslu.ch\/itc\/wp-json\/wp\/v2\/pages\/1925"}],"wp:attachment":[{"href":"https:\/\/sites.hslu.ch\/itc\/wp-json\/wp\/v2\/media?parent=1618"}],"curies":[{"name":"wp","href":"https:\/\/api.w.org\/{rel}","templated":true}]}}