{"id":1608,"date":"2023-02-23T10:49:12","date_gmt":"2023-02-23T10:49:12","guid":{"rendered":"https:\/\/sites.hslu.ch\/itc\/?page_id=1608"},"modified":"2023-04-14T13:17:53","modified_gmt":"2023-04-14T13:17:53","slug":"digital-female-founders","status":"publish","type":"page","link":"https:\/\/sites.hslu.ch\/itc\/digitale-transformation-der-arbeitswelt\/wettbewerbsfaehige-und-lernfaehige-arbeitende\/digital-female-founders\/","title":{"rendered":"Digital Female Founders"},"content":{"rendered":"\n<p>Die Digitalisierung scheint zumindest vordergr\u00fcndig neue Wege und Chancen f\u00fcr unternehmerisches Handeln zu er\u00f6ffnen. Insbesondere f\u00fcr Gr\u00fcnderinnen. Denn digitale Gesch\u00e4ftsmodelle bieten viel, was weiblichen Arbeitskr\u00e4ften bisher in Teilen fehlte: erh\u00f6hte Flexibilit\u00e4t, bessere Vereinbarkeit, kreative Freiheiten und eine sinnhafte T\u00e4tigkeit.<br>Um diese Vorteile f\u00fcr sich zu nutzen, berufen sich Digital Female Founders sowohl auf hochspezialisierte Kompetenzen als auch auf eigene Erfahrungen und Geschichten aus dem Alltag. <br>Allen Vorteilen zum Trotz ergeben sich aber auch neue Herausforderungen. Es stellt sich insbesondere die Frage, inwiefern diese digitalen Gesch\u00e4ftsmodelle die bestehenden Unterschiede zwischen m\u00e4nnlichem und weiblichem Gr\u00fcndungsverhalten aufl\u00f6sen oder weiter zementieren. Ein interdisziplin\u00e4res Team von Forscherinnen der Hochschule Luzern ging diesen Fragen auf den Grund.<\/p>\n\n\n\n<figure class=\"wp-block-image size-full is-style-default\"><img loading=\"lazy\" decoding=\"async\" width=\"440\" height=\"502\" src=\"https:\/\/sites.hslu.ch\/itc\/wp-content\/uploads\/sites\/2\/2023\/02\/Digital-Female-Founders-1.jpg\" alt=\"\" class=\"wp-image-1610\" srcset=\"https:\/\/sites.hslu.ch\/itc\/wp-content\/uploads\/sites\/2\/2023\/02\/Digital-Female-Founders-1.jpg 440w, https:\/\/sites.hslu.ch\/itc\/wp-content\/uploads\/sites\/2\/2023\/02\/Digital-Female-Founders-1-263x300.jpg 263w\" sizes=\"auto, (max-width: 440px) 100vw, 440px\" \/><\/figure>\n\n\n\n<h2 class=\"wp-block-heading\">Weiterf\u00fchrende Informationen<\/h2>\n\n\n\n<ul class=\"wp-block-list\">\n<li>Zur <a href=\"https:\/\/www.hslu.ch\/de-ch\/hochschule-luzern\/forschung\/projekte\/detail\/?pid=4193\" data-type=\"URL\" data-id=\"https:\/\/www.hslu.ch\/de-ch\/hochschule-luzern\/forschung\/projekte\/detail\/?pid=4193\" target=\"_blank\" rel=\"noreferrer noopener\">Projektdatenbank<\/a><\/li>\n\n\n\n<li>Zur <a href=\"https:\/\/www.hslu.ch\/de-ch\/hochschule-luzern\/ueber-uns\/medien\/medienmitteilungen\/2021\/03\/19\/unternehmerinnen-in-einer-digitalen-welt\/\" data-type=\"URL\" data-id=\"https:\/\/www.hslu.ch\/de-ch\/hochschule-luzern\/ueber-uns\/medien\/medienmitteilungen\/2021\/03\/19\/unternehmerinnen-in-einer-digitalen-welt\/\" target=\"_blank\" rel=\"noreferrer noopener\">Medienmitteilung<\/a><\/li>\n\n\n\n<li>Zum Portr\u00e4t <a href=\"https:\/\/www.hslu.ch\/de-ch\/wirtschaft\/ueber-uns\/news\/2021\/02\/03\/digital-female-founders\/\" data-type=\"URL\" data-id=\"https:\/\/www.hslu.ch\/de-ch\/wirtschaft\/ueber-uns\/news\/2021\/02\/03\/digital-female-founders\/\" target=\"_blank\" rel=\"noreferrer noopener\">Lifehackerin, AI-Kleiderschrank&#8230; per Mausklick<\/a><\/li>\n<\/ul>\n\n\n<div class=\"default__content__list-block\">\n        \t\t    <h2 class=\"default--content--list-block--title\">Beteiligte Forschende der HSLU <\/h2>\n        <ul>\n\t                        <li>Department Wirtschaft: Isabelle Oehri, Sylvie Oldenziel, Valentina Fontana<\/li>\n\t                        <li>Department Soziale Arbeit: Gena Da Rui<\/li>\n\t                <\/ul>\n\t    <\/div>\n\n\n\n<ul class=\"wp-block-list\">\n<li>Zur\u00fcck zum Fokusthema <a href=\"https:\/\/sites.hslu.ch\/itc\/wettbewerbsfaehige-und-lernfaehige-arbeitende\/\" data-type=\"page\" data-id=\"1937\">Wettbewerbsf\u00e4hige und Lernf\u00e4hige Arbeitende<\/a><\/li>\n<\/ul>\n","protected":false},"excerpt":{"rendered":"<p>Die Digitalisierung scheint zumindest vordergr\u00fcndig neue Wege und Chancen f\u00fcr unternehmerisches Handeln zu er\u00f6ffnen. Insbesondere f\u00fcr Gr\u00fcnderinnen. Denn digitale Gesch\u00e4ftsmodelle bieten viel, was weiblichen Arbeitskr\u00e4ften bisher in Teilen fehlte: erh\u00f6hte Flexibilit\u00e4t, bessere Vereinbarkeit, kreative Freiheiten und eine sinnhafte T\u00e4tigkeit.Um diese Vorteile f\u00fcr sich zu nutzen, berufen sich Digital Female Founders sowohl auf hochspezialisierte Kompetenzen als [&hellip;]<\/p>\n","protected":false},"author":110,"featured_media":0,"parent":1937,"menu_order":0,"comment_status":"closed","ping_status":"closed","template":"","meta":{"_acf_changed":false,"footnotes":""},"class_list":["post-1608","page","type-page","status-publish","hentry"],"acf":[],"_links":{"self":[{"href":"https:\/\/sites.hslu.ch\/itc\/wp-json\/wp\/v2\/pages\/1608","targetHints":{"allow":["GET"]}}],"collection":[{"href":"https:\/\/sites.hslu.ch\/itc\/wp-json\/wp\/v2\/pages"}],"about":[{"href":"https:\/\/sites.hslu.ch\/itc\/wp-json\/wp\/v2\/types\/page"}],"author":[{"embeddable":true,"href":"https:\/\/sites.hslu.ch\/itc\/wp-json\/wp\/v2\/users\/110"}],"replies":[{"embeddable":true,"href":"https:\/\/sites.hslu.ch\/itc\/wp-json\/wp\/v2\/comments?post=1608"}],"version-history":[{"count":39,"href":"https:\/\/sites.hslu.ch\/itc\/wp-json\/wp\/v2\/pages\/1608\/revisions"}],"predecessor-version":[{"id":2584,"href":"https:\/\/sites.hslu.ch\/itc\/wp-json\/wp\/v2\/pages\/1608\/revisions\/2584"}],"up":[{"embeddable":true,"href":"https:\/\/sites.hslu.ch\/itc\/wp-json\/wp\/v2\/pages\/1937"}],"wp:attachment":[{"href":"https:\/\/sites.hslu.ch\/itc\/wp-json\/wp\/v2\/media?parent=1608"}],"curies":[{"name":"wp","href":"https:\/\/api.w.org\/{rel}","templated":true}]}}