{"id":1597,"date":"2023-02-17T20:06:21","date_gmt":"2023-02-17T20:06:21","guid":{"rendered":"https:\/\/sites.hslu.ch\/itc\/?page_id=1597"},"modified":"2023-03-28T08:28:34","modified_gmt":"2023-03-28T08:28:34","slug":"smarte-sozialhilfeinformationen","status":"publish","type":"page","link":"https:\/\/sites.hslu.ch\/itc\/raum-gesellschaft\/fokusthema-smarte-soziale-infrastrukturen\/smarte-sozialhilfeinformationen\/","title":{"rendered":"Smarte Sozialhilfeinformationen"},"content":{"rendered":"\n<p>Der Zugang zur Sozialhilfe ist durch kleinr\u00e4umige Organisationen und heterogene Informationspolitik erschwert. Entsprechende Informationen sind oft schwer auffindbar und schwer verst\u00e4ndlich. Dies ist auch ein Grund daf\u00fcr, dass ein grosser Teil der Anspruchsberechtigten keinen Antrag auf Sozialhilfe stellt. Systematische \u00dcberblicke aber fehlen. Das interdisziplin\u00e4re Projekt will helfen, diese L\u00fccke zu schliessen.<\/p>\n\n\n\n<p><strong>Fragestellung<\/strong><br>\u2013 Wie zug\u00e4nglich und verst\u00e4ndlich sind Internetpr\u00e4senzen von Gemeinden?<br>\u2013 Wovon h\u00e4ngen die Zug\u00e4nglichkeit und Verst\u00e4ndlichkeit der Informationen ab (Regionalisierung, Gr\u00f6sse, Professionalisierung, Politik)?<br>\u2013 Wie liesse sich der Zugang zu Informationen verbessern?<br><strong>Vorgehen<\/strong><br>\u2013 Analyse von 51 Webseiten von Gemeinden in Stadt, Land und Agglomeration zu Informationsgehalt, Verst\u00e4ndlichkeit, Usability und Freundlichkeit analysiert, vor allem unter kommunikationswissenschaftlichen und inhaltlichen Gesichtspunkten<br>\u2013 Bildung von Indices zur weiteren Analyse<br>\u2013 Pr\u00fcfung der Verst\u00e4ndlichkeit durch die Zielgruppe Ergebnisse<br>\u2013 Einige Indizes, z. B. Service und Usability ok<br>\u2013 Index Verst\u00e4ndlichkeit mittel<br>\u2013 Geringe Punktzahlen bei Indices Informationsgehalt, Motivation, Unterst\u00fctzung<br>\u2013 Bessere Infos<br>\u2013 Beste Information durch regionale Sozialdienste<br>\u2013 Webseiten f\u00fcr Zielgruppe eher schwer zug\u00e4nglich<br><strong>Anschlussfrage<\/strong><br>Wie wichtig sind Webseiten und andere Infowege? Alternativen?<\/p>\n\n\n\n<figure class=\"wp-block-image size-full\"><img loading=\"lazy\" decoding=\"async\" width=\"704\" height=\"907\" src=\"https:\/\/sites.hslu.ch\/itc\/wp-content\/uploads\/sites\/2\/2023\/02\/Smarte-Soziahlhilfeinformationen.jpg\" alt=\"Hand am Handy vor Computer\" class=\"wp-image-1598\" srcset=\"https:\/\/sites.hslu.ch\/itc\/wp-content\/uploads\/sites\/2\/2023\/02\/Smarte-Soziahlhilfeinformationen.jpg 704w, https:\/\/sites.hslu.ch\/itc\/wp-content\/uploads\/sites\/2\/2023\/02\/Smarte-Soziahlhilfeinformationen-233x300.jpg 233w\" sizes=\"auto, (max-width: 704px) 100vw, 704px\" \/><\/figure>\n\n\n\n<h2 class=\"wp-block-heading\">Weiterf\u00fchrende Informationen<\/h2>\n\n\n\n<ul class=\"wp-block-list\">\n<li>Zur <a href=\"https:\/\/www.hslu.ch\/de-ch\/hochschule-luzern\/forschung\/projekte\/detail\/?pid=5968\" data-type=\"URL\" data-id=\"https:\/\/www.hslu.ch\/de-ch\/hochschule-luzern\/forschung\/projekte\/detail\/?pid=5968\" target=\"_blank\" rel=\"noreferrer noopener\">Projektdatenbank<\/a><\/li>\n<\/ul>\n\n\n<div class=\"default__content__list-block\">\n        \t\t    <h2 class=\"default--content--list-block--title\">Beteiligte Forschende der HSLU<\/h2>\n        <ul>\n\t                        <li>Departement Soziale Arbeit: Gesine Fuchs, Eva Granwehr, Elena M\u00f6ri, Janina Wegner, Melanie Studer<\/li>\n\t                        <li>Department Wirtschaft: Adrian Aebi, Sabine Witt<\/li>\n\t                <\/ul>\n\t    <\/div>\n\n\n\n<ul class=\"wp-block-list\">\n<li>Zur\u00fcck zum <a href=\"https:\/\/sites.hslu.ch\/itc\/fokusthema-smarte-soziale-infrastrukturen\/\" data-type=\"page\" data-id=\"2016\">Fokusthema Smarte Soziale Infrastrukturen<\/a><\/li>\n<\/ul>\n","protected":false},"excerpt":{"rendered":"<p>Der Zugang zur Sozialhilfe ist durch kleinr\u00e4umige Organisationen und heterogene Informationspolitik erschwert. Entsprechende Informationen sind oft schwer auffindbar und schwer verst\u00e4ndlich. Dies ist auch ein Grund daf\u00fcr, dass ein grosser Teil der Anspruchsberechtigten keinen Antrag auf Sozialhilfe stellt. Systematische \u00dcberblicke aber fehlen. Das interdisziplin\u00e4re Projekt will helfen, diese L\u00fccke zu schliessen. Fragestellung\u2013 Wie zug\u00e4nglich und [&hellip;]<\/p>\n","protected":false},"author":110,"featured_media":0,"parent":2016,"menu_order":0,"comment_status":"closed","ping_status":"closed","template":"","meta":{"_acf_changed":false,"footnotes":""},"class_list":["post-1597","page","type-page","status-publish","hentry"],"acf":[],"_links":{"self":[{"href":"https:\/\/sites.hslu.ch\/itc\/wp-json\/wp\/v2\/pages\/1597","targetHints":{"allow":["GET"]}}],"collection":[{"href":"https:\/\/sites.hslu.ch\/itc\/wp-json\/wp\/v2\/pages"}],"about":[{"href":"https:\/\/sites.hslu.ch\/itc\/wp-json\/wp\/v2\/types\/page"}],"author":[{"embeddable":true,"href":"https:\/\/sites.hslu.ch\/itc\/wp-json\/wp\/v2\/users\/110"}],"replies":[{"embeddable":true,"href":"https:\/\/sites.hslu.ch\/itc\/wp-json\/wp\/v2\/comments?post=1597"}],"version-history":[{"count":15,"href":"https:\/\/sites.hslu.ch\/itc\/wp-json\/wp\/v2\/pages\/1597\/revisions"}],"predecessor-version":[{"id":2502,"href":"https:\/\/sites.hslu.ch\/itc\/wp-json\/wp\/v2\/pages\/1597\/revisions\/2502"}],"up":[{"embeddable":true,"href":"https:\/\/sites.hslu.ch\/itc\/wp-json\/wp\/v2\/pages\/2016"}],"wp:attachment":[{"href":"https:\/\/sites.hslu.ch\/itc\/wp-json\/wp\/v2\/media?parent=1597"}],"curies":[{"name":"wp","href":"https:\/\/api.w.org\/{rel}","templated":true}]}}