{"id":1593,"date":"2023-02-23T21:42:52","date_gmt":"2023-02-23T21:42:52","guid":{"rendered":"https:\/\/sites.hslu.ch\/itc\/?page_id=1593"},"modified":"2023-03-27T07:57:10","modified_gmt":"2023-03-27T07:57:10","slug":"seeking-birdscapes","status":"publish","type":"page","link":"https:\/\/sites.hslu.ch\/itc\/raum-gesellschaft\/fokusthema-kulturelle-teilhabe-oeffentlichkeiten\/seeking-birdscapes\/","title":{"rendered":"Seeking Birdscapes"},"content":{"rendered":"\n<p>Das Projekt \u00abSeeking Birdscapes\u00bb stellt die Beziehung zwischen Menschen und ihrer klingenden Umwelt in den Mittelpunkt, insbesondere die auditiven, akustischen und musikalischen Dimensionen von Klangr\u00e4umen, die von V\u00f6geln geschaffen werden (Birdscapes). Aus den Feldforschungen, audio-visuellen Aufnahmen und Interviews sowie dem Ausloten der Grenzbereiche zwischen natur-,  geisteswissenschaftlichen und k\u00fcnstlerischen Zug\u00e4ngen entwickelte das Forschungsteam alternative Ornithologien, H\u00f6rweisen sowie Vermittlungsformate der Forschungsprozesse und -resultate. Dabei brachte das interdisziplin\u00e4re Team unterschiedliche inhaltliche, methodische und fachliche Perspektiven in einen Dialog, der das Bewusstsein f\u00fcr die Komplexit\u00e4t von Sound- und insbesondere Birdscapes respektive das uns umgebende immaterielle Erbe sch\u00e4rfen.<\/p>\n\n\n\n<p>Die Webseite <a rel=\"noreferrer noopener\" href=\"http:\/\/hslu.ch\/birdscapes\" data-type=\"URL\" data-id=\"hslu.ch\/birdscapes\" target=\"_blank\">hslu.ch\/birdscapes<\/a> stellt Beitr\u00e4ge zum Sonic Habitat, zum begrifflichen Dilemma, zur akustischen Mimesis, zum Well-being und zur Art Mediation vor. Die Projekterkenntnisse wurden durch eine Konferenz mit G\u00e4sten aus der wissenschaftlichen und musikalisch-k\u00fcnstlerischen Forschungspraxis sowie durch die Ausstellung \u00abBirdscapes\u00bb im Natur-Museum Luzern erweitert.<\/p>\n\n\n\n<figure class=\"wp-block-gallery has-nested-images columns-default is-cropped wp-block-gallery-1 is-layout-flex wp-block-gallery-is-layout-flex\">\n<figure class=\"wp-block-image size-large is-style-hitc-full-width\"><img loading=\"lazy\" decoding=\"async\" width=\"1024\" height=\"683\" data-id=\"1594\" src=\"https:\/\/sites.hslu.ch\/itc\/wp-content\/uploads\/sites\/2\/2023\/02\/Kulturelle-TeilhabeBirdscapes-1024x683.jpg\" alt=\"\" class=\"wp-image-1594\" srcset=\"https:\/\/sites.hslu.ch\/itc\/wp-content\/uploads\/sites\/2\/2023\/02\/Kulturelle-TeilhabeBirdscapes-1024x683.jpg 1024w, https:\/\/sites.hslu.ch\/itc\/wp-content\/uploads\/sites\/2\/2023\/02\/Kulturelle-TeilhabeBirdscapes-300x200.jpg 300w, https:\/\/sites.hslu.ch\/itc\/wp-content\/uploads\/sites\/2\/2023\/02\/Kulturelle-TeilhabeBirdscapes-768x512.jpg 768w, https:\/\/sites.hslu.ch\/itc\/wp-content\/uploads\/sites\/2\/2023\/02\/Kulturelle-TeilhabeBirdscapes-1536x1024.jpg 1536w, https:\/\/sites.hslu.ch\/itc\/wp-content\/uploads\/sites\/2\/2023\/02\/Kulturelle-TeilhabeBirdscapes-2048x1365.jpg 2048w\" sizes=\"auto, (max-width: 1024px) 100vw, 1024px\" \/><\/figure>\n<\/figure>\n\n\n\n<h2 class=\"wp-block-heading\">Weiterf\u00fchrende Informationen<\/h2>\n\n\n\n<ul class=\"wp-block-list\">\n<li>Zur <a href=\"https:\/\/www.hslu.ch\/de-ch\/hochschule-luzern\/forschung\/projekte\/detail\/?pid=4198\" data-type=\"URL\" data-id=\"https:\/\/www.hslu.ch\/de-ch\/hochschule-luzern\/forschung\/projekte\/detail\/?pid=4198\" target=\"_blank\" rel=\"noreferrer noopener\">Projektdatenbank<\/a><\/li>\n\n\n\n<li>Zum Beitrag <a href=\"https:\/\/news.hslu.ch\/von-zwitschern-bis-pfeifen-wie-wir-vogelstimmen-wahrnehmen\/\" data-type=\"URL\" data-id=\"https:\/\/news.hslu.ch\/von-zwitschern-bis-pfeifen-wie-wir-vogelstimmen-wahrnehmen\/\" target=\"_blank\" rel=\"noreferrer noopener\">Von Zwitschern bis Pfeifen: Wie wir Vogelstimmen wahrnehmen<\/a><\/li>\n\n\n\n<li>Zum <a href=\"https:\/\/soundcloud.com\/hochschuleluzern\/podcast-seeking-birdscapes\/s-30tLAk30vHK\" data-type=\"URL\" data-id=\"https:\/\/soundcloud.com\/hochschuleluzern\/podcast-seeking-birdscapes\/s-30tLAk30vHK\" target=\"_blank\" rel=\"noreferrer noopener\">Podcast<\/a><\/li>\n\n\n\n<li>Zur <a href=\"https:\/\/www.hslu.ch\/de-ch\/hochschule-luzern\/forschung\/ausgewaehlte-projekte\/birdscapes\/?sourceurl=\/birdscapes\" data-type=\"URL\" data-id=\"https:\/\/www.hslu.ch\/de-ch\/hochschule-luzern\/forschung\/ausgewaehlte-projekte\/birdscapes\/?sourceurl=\/birdscapes\" target=\"_blank\" rel=\"noreferrer noopener\">Website<\/a><\/li>\n\n\n\n<li>Zur <a href=\"https:\/\/www.hslu.ch\/de-ch\/hochschule-luzern\/ueber-uns\/medien\/medienmitteilungen\/2022\/08\/30\/medienmitteilung-seeking-birdscapes\/\" data-type=\"URL\" data-id=\"https:\/\/www.hslu.ch\/de-ch\/hochschule-luzern\/ueber-uns\/medien\/medienmitteilungen\/2022\/08\/30\/medienmitteilung-seeking-birdscapes\/\" target=\"_blank\" rel=\"noreferrer noopener\">Medienmitteilung<\/a><\/li>\n<\/ul>\n\n\n<div class=\"default__content__list-block\">\n        \t\t    <h2 class=\"default--content--list-block--title\">Beteiligte Forschende der HSLU<\/h2>\n        <ul>\n\t                        <li>Department Musik: Helena Simonett, Patricia J\u00e4ggi, Marc-Antoine Camp, Natalie Kirschstein, Matthias Lewy <\/li>\n\t                        <li>Departement Design &amp; Kunst: Marie-Louise Nigg, Martina Lussi<\/li>\n\t                <\/ul>\n\t\t    <h2 class=\"default--content--list-block--title\"><\/h2>\n        <ul>\n\t                <\/ul>\n\t\t    <h2 class=\"default--content--list-block--title\">Externe Partner<\/h2>\n        <ul>\n\t                        <li>Schweizerischer Nationalfonds, Schweizerische Vogelwarte Sempach, BirdLife Luzern, Natur-Museum Luzern<\/li>\n\t                <\/ul>\n\t    <\/div>\n\n\n\n<ul class=\"wp-block-list\">\n<li>Zur\u00fcck zum <a href=\"https:\/\/sites.hslu.ch\/itc\/fokusthema-kulturelle-teilhabe-oeffentlichkeiten\/\" data-type=\"page\" data-id=\"2008\">Fokusthema Kulturelle Teilhabe &amp; \u00d6ffentlichkeiten<\/a><\/li>\n<\/ul>\n","protected":false},"excerpt":{"rendered":"<p>Das Projekt \u00abSeeking Birdscapes\u00bb stellt die Beziehung zwischen Menschen und ihrer klingenden Umwelt in den Mittelpunkt, insbesondere die auditiven, akustischen und musikalischen Dimensionen von Klangr\u00e4umen, die von V\u00f6geln geschaffen werden (Birdscapes). Aus den Feldforschungen, audio-visuellen Aufnahmen und Interviews sowie dem Ausloten der Grenzbereiche zwischen natur-, geisteswissenschaftlichen und k\u00fcnstlerischen Zug\u00e4ngen entwickelte das Forschungsteam alternative Ornithologien, H\u00f6rweisen [&hellip;]<\/p>\n","protected":false},"author":110,"featured_media":0,"parent":2008,"menu_order":0,"comment_status":"closed","ping_status":"closed","template":"","meta":{"_acf_changed":false,"footnotes":""},"class_list":["post-1593","page","type-page","status-publish","hentry"],"acf":[],"_links":{"self":[{"href":"https:\/\/sites.hslu.ch\/itc\/wp-json\/wp\/v2\/pages\/1593","targetHints":{"allow":["GET"]}}],"collection":[{"href":"https:\/\/sites.hslu.ch\/itc\/wp-json\/wp\/v2\/pages"}],"about":[{"href":"https:\/\/sites.hslu.ch\/itc\/wp-json\/wp\/v2\/types\/page"}],"author":[{"embeddable":true,"href":"https:\/\/sites.hslu.ch\/itc\/wp-json\/wp\/v2\/users\/110"}],"replies":[{"embeddable":true,"href":"https:\/\/sites.hslu.ch\/itc\/wp-json\/wp\/v2\/comments?post=1593"}],"version-history":[{"count":18,"href":"https:\/\/sites.hslu.ch\/itc\/wp-json\/wp\/v2\/pages\/1593\/revisions"}],"predecessor-version":[{"id":2501,"href":"https:\/\/sites.hslu.ch\/itc\/wp-json\/wp\/v2\/pages\/1593\/revisions\/2501"}],"up":[{"embeddable":true,"href":"https:\/\/sites.hslu.ch\/itc\/wp-json\/wp\/v2\/pages\/2008"}],"wp:attachment":[{"href":"https:\/\/sites.hslu.ch\/itc\/wp-json\/wp\/v2\/media?parent=1593"}],"curies":[{"name":"wp","href":"https:\/\/api.w.org\/{rel}","templated":true}]}}