{"id":1588,"date":"2023-02-15T19:35:50","date_gmt":"2023-02-15T19:35:50","guid":{"rendered":"https:\/\/sites.hslu.ch\/itc\/?page_id=1588"},"modified":"2023-12-22T16:59:00","modified_gmt":"2023-12-22T16:59:00","slug":"kleinwohnformen","status":"publish","type":"page","link":"https:\/\/sites.hslu.ch\/itc\/raum-gesellschaft\/wohnen-und-nachhaltigkeit\/kleinwohnformen\/","title":{"rendered":"Kleinwohnformen"},"content":{"rendered":"\n<p>Die fortw\u00e4hrende Zersiedelung der Landschaft in der Vergangenheit haben Freifl\u00e4chen in der Schweiz zu einem \u00e4usserst raren Gut gemacht &#8211; mit entsprechenden \u00f6kologischen und \u00f6konomischen Folgen. Mit den verbleibenden Landreserven muss daher klug und nachhaltig umgegangen werden. Um dieser grossen Herausforderung im Spannungsfeld von Verdichtung und Individualisierung gerecht zu werden, liefern innovative L\u00f6sungen gute Impulse. K\u00f6nnen etwa Tiny Houses, Micro-Appartments oder Mobilheime hierzu einen Beitrag leisten? Ein interdisziplin\u00e4res Forschungsprojekt untersucht das Potenzial der sogenannten Kleinwohnformen.<\/p>\n\n\n\n<figure class=\"wp-block-gallery has-nested-images columns-default is-cropped wp-block-gallery-1 is-layout-flex wp-block-gallery-is-layout-flex\">\n<figure class=\"wp-block-image size-large is-style-hitc-full-width\"><img loading=\"lazy\" decoding=\"async\" width=\"1017\" height=\"380\" data-id=\"1589\" src=\"https:\/\/sites.hslu.ch\/itc\/wp-content\/uploads\/sites\/2\/2023\/02\/Kleinwohnformen.jpg\" alt=\"\" class=\"wp-image-1589\" srcset=\"https:\/\/sites.hslu.ch\/itc\/wp-content\/uploads\/sites\/2\/2023\/02\/Kleinwohnformen.jpg 1017w, https:\/\/sites.hslu.ch\/itc\/wp-content\/uploads\/sites\/2\/2023\/02\/Kleinwohnformen-300x112.jpg 300w, https:\/\/sites.hslu.ch\/itc\/wp-content\/uploads\/sites\/2\/2023\/02\/Kleinwohnformen-768x287.jpg 768w\" sizes=\"auto, (max-width: 1017px) 100vw, 1017px\" \/><\/figure>\n<\/figure>\n\n\n\n<h2 class=\"wp-block-heading\">Weiterf\u00fchrende Informationen<\/h2>\n\n\n\n<ul class=\"wp-block-list\">\n<li>Zur <a rel=\"noreferrer noopener\" href=\"https:\/\/www.hslu.ch\/de-ch\/hochschule-luzern\/forschung\/projekte\/detail\/?pid=5992\" target=\"_blank\">Projektdatenbank<\/a><\/li>\n\n\n\n<li>Zur <a rel=\"noreferrer noopener\" href=\"https:\/\/www.hslu.ch\/de-ch\/hochschule-luzern\/forschung\/ausgewaehlte-projekte\/kleinwohnformen\/\" target=\"_blank\">Website<\/a><\/li>\n\n\n\n<li>Zum <a href=\"https:\/\/www.hslu.ch\/de-ch\/hochschule-luzern\/forschung\/ausgewaehlte-projekte\/kleinwohnformen\/\" data-type=\"link\" data-id=\"https:\/\/www.hslu.ch\/de-ch\/hochschule-luzern\/forschung\/ausgewaehlte-projekte\/kleinwohnformen\/\" target=\"_blank\" rel=\"noreferrer noopener\">Schlussbericht<\/a><\/li>\n\n\n\n<li>Zum Beitrag <a rel=\"noreferrer noopener\" href=\"https:\/\/news.hslu.ch\/kleinwohnformen\/\" target=\"_blank\">Die Wohnqualit\u00e4t h\u00e4ngt nicht von den Quadratmetern ab<\/a><\/li>\n\n\n\n<li>Zum Beitrag <a rel=\"noreferrer noopener\" href=\"https:\/\/www.hslu.ch\/de-ch\/hochschule-luzern\/forschung\/ausgewaehlte-projekte\/kleinwohnformen\/\" data-type=\"link\" data-id=\"https:\/\/www.hslu.ch\/de-ch\/hochschule-luzern\/forschung\/ausgewaehlte-projekte\/kleinwohnformen\/\" target=\"_blank\">&#8222;Man darf nicht kompliziert sein&#8220;<\/a> (NZZ, 14. Oktober 2023)<\/li>\n\n\n\n<li>Zum Projekt <a href=\"https:\/\/sites.hslu.ch\/architektur\/rebuild-ukraine\/?utm_source=wb-ia&amp;utm_campaign=t-a_blog-notif\" data-type=\"link\" data-id=\"https:\/\/sites.hslu.ch\/architektur\/rebuild-ukraine\/?utm_source=wb-ia&amp;utm_campaign=t-a_blog-notif\" target=\"_blank\" rel=\"noreferrer noopener\">&#8222;Rebuild Ukraine&#8220;<\/a><\/li>\n<\/ul>\n\n\n<div class=\"default__content__list-block\">\n        \t\t    <h2 class=\"default--content--list-block--title\">Beteiligte Forschende der HSLU<\/h2>\n        <ul>\n\t                        <li>Department Technik &amp; Architektur: Felix Bucher, Selina Lutz, Julian Franke, Alfred Heller, Fabienne Keller, Marco Kunz, Tanaka Mandy Mbavarira <\/li>\n\t                        <li>Department Soziale Arbeit: Stephanie Weiss, Kathrin Leitner<\/li>\n\t                        <li>Department Wirtschaft: Yvonne Seiler Zimmermann, Ersilia Adele Perpignano<\/li>\n\t                <\/ul>\n\t\t    <h2 class=\"default--content--list-block--title\"><\/h2>\n        <ul>\n\t                <\/ul>\n\t\t    <h2 class=\"default--content--list-block--title\">Externe Partner<\/h2>\n        <ul>\n\t                        <li>Hawa Sliding Solutions AG (Hauptwirtschaftspartnerin),  Verein Kleinwohnformen Schweiz, Bundesamt fu\u0308r Wohnungswesen, Stadt Zu\u0308rich Stadtentwicklung, Genossenschaft Kalkbreite Bau- und Wohngenossenschaft, Kraftwerk 1, Maria und Heinrich Th. Uster-Stiftung,  Basellandschaftliche Kantonalbank,  Uster AG, Planer Architekten,  Metron Architektur AG,  Acht Grad Ost AG,  Marion Burkhardt Architektin + Baubiologin,  Ren\u00e9 Hodel (Landeigent\u00fcmer, Gemeinde Buttisholz)<\/li>\n\t                <\/ul>\n\t    <\/div>\n\n\n\n<ul class=\"wp-block-list\">\n<li>Zur\u00fcck zum <a href=\"https:\/\/sites.hslu.ch\/itc\/wohnen-und-nachhaltigkeit\/\" data-type=\"page\" data-id=\"1491\">Fokusthema Wohnen &amp; Nachhaltigkeit<\/a><\/li>\n<\/ul>\n","protected":false},"excerpt":{"rendered":"<p>Die fortw\u00e4hrende Zersiedelung der Landschaft in der Vergangenheit haben Freifl\u00e4chen in der Schweiz zu einem \u00e4usserst raren Gut gemacht &#8211; mit entsprechenden \u00f6kologischen und \u00f6konomischen Folgen. Mit den verbleibenden Landreserven muss daher klug und nachhaltig umgegangen werden. Um dieser grossen Herausforderung im Spannungsfeld von Verdichtung und Individualisierung gerecht zu werden, liefern innovative L\u00f6sungen gute Impulse. [&hellip;]<\/p>\n","protected":false},"author":110,"featured_media":0,"parent":1491,"menu_order":0,"comment_status":"closed","ping_status":"closed","template":"","meta":{"_acf_changed":false,"footnotes":""},"class_list":["post-1588","page","type-page","status-publish","hentry"],"acf":[],"_links":{"self":[{"href":"https:\/\/sites.hslu.ch\/itc\/wp-json\/wp\/v2\/pages\/1588","targetHints":{"allow":["GET"]}}],"collection":[{"href":"https:\/\/sites.hslu.ch\/itc\/wp-json\/wp\/v2\/pages"}],"about":[{"href":"https:\/\/sites.hslu.ch\/itc\/wp-json\/wp\/v2\/types\/page"}],"author":[{"embeddable":true,"href":"https:\/\/sites.hslu.ch\/itc\/wp-json\/wp\/v2\/users\/110"}],"replies":[{"embeddable":true,"href":"https:\/\/sites.hslu.ch\/itc\/wp-json\/wp\/v2\/comments?post=1588"}],"version-history":[{"count":53,"href":"https:\/\/sites.hslu.ch\/itc\/wp-json\/wp\/v2\/pages\/1588\/revisions"}],"predecessor-version":[{"id":2947,"href":"https:\/\/sites.hslu.ch\/itc\/wp-json\/wp\/v2\/pages\/1588\/revisions\/2947"}],"up":[{"embeddable":true,"href":"https:\/\/sites.hslu.ch\/itc\/wp-json\/wp\/v2\/pages\/1491"}],"wp:attachment":[{"href":"https:\/\/sites.hslu.ch\/itc\/wp-json\/wp\/v2\/media?parent=1588"}],"curies":[{"name":"wp","href":"https:\/\/api.w.org\/{rel}","templated":true}]}}