{"id":1579,"date":"2023-02-15T18:56:48","date_gmt":"2023-02-15T18:56:48","guid":{"rendered":"https:\/\/sites.hslu.ch\/itc\/?page_id=1579"},"modified":"2023-03-27T07:56:09","modified_gmt":"2023-03-27T07:56:09","slug":"sozial-nachhaltiges-wohnhochhaus","status":"publish","type":"page","link":"https:\/\/sites.hslu.ch\/itc\/raum-gesellschaft\/wohnen-und-nachhaltigkeit\/sozial-nachhaltiges-wohnhochhaus\/","title":{"rendered":"Sozial nachhaltiges Wohnhochhaus?"},"content":{"rendered":"\n<p>Im Forschungsprojekt wurden Planungs- und Handlungsempfehlungen<br>f\u00fcr St\u00e4dte, Investorinnen sowie Fachpersonen aus Planung und Immobilienwirtschaft f\u00fcr die soziale Dimension der Nachhaltigkeit von Wohnhochh\u00e4usern erarbeitet. Im Fokus der Untersuchung stand, verschiedene Aspekte sozialer Nachhaltigkeit zu Umfeld, Geb\u00e4ude, Zusammenleben, Organisation und Wirtschaftlichkeit zu beleuchten. Diese ganzheitliche Betrachtungsweise des Themas wurde durch das interdisziplin\u00e4r zusammengesetzte Forschungsteam und die Reflexion mit verschiedenen Praxispartnerinnen aus Wirtschaft und Gesellschaft sichergestellt. F\u00fcr den Forschungsprozess richtungsweisend war folgende Definition: Das Ziel der sozialen Nachhaltigkeit beim Wohnhochhaus ist dann erf\u00fcllt, wenn das Geb\u00e4ude \u00fcber seine gesamte Lebensdauer f\u00fcr m\u00f6glichst viele Menschen von Nutzen ist, ihren sozialen Zusammenhalt f\u00f6rdert, einen gesellschaftlichen und baukulturellen Mehrwert f\u00fcr das st\u00e4dtische Umfeld erbringt, wirtschaftlich tragbar ist und auch Lebensraum f\u00fcr k\u00fcnftige Generationen bietet. Die Erkenntnisse sind als Beitrag zum aktuellen Diskurs um die Bedeutung, Aufgaben und Herausforderungen der Typologie Hochhaus zu lesen. Sie f\u00f6rdern ein vertieftes Verst\u00e4ndnis der sozialr\u00e4umlichen Zusammenh\u00e4nge und Qualit\u00e4ten von Wohnhochh\u00e4usern.<\/p>\n\n\n\n<figure class=\"wp-block-gallery has-nested-images columns-default is-cropped wp-block-gallery-1 is-layout-flex wp-block-gallery-is-layout-flex\">\n<figure class=\"wp-block-image size-large is-style-hitc-full-width\"><img loading=\"lazy\" decoding=\"async\" width=\"1024\" height=\"523\" data-id=\"1582\" src=\"https:\/\/sites.hslu.ch\/itc\/wp-content\/uploads\/sites\/2\/2023\/02\/grafik_soho_weiss_mit_icons-1024x523.jpg\" alt=\"\" class=\"wp-image-1582\" srcset=\"https:\/\/sites.hslu.ch\/itc\/wp-content\/uploads\/sites\/2\/2023\/02\/grafik_soho_weiss_mit_icons-1024x523.jpg 1024w, https:\/\/sites.hslu.ch\/itc\/wp-content\/uploads\/sites\/2\/2023\/02\/grafik_soho_weiss_mit_icons-300x153.jpg 300w, https:\/\/sites.hslu.ch\/itc\/wp-content\/uploads\/sites\/2\/2023\/02\/grafik_soho_weiss_mit_icons-768x392.jpg 768w, https:\/\/sites.hslu.ch\/itc\/wp-content\/uploads\/sites\/2\/2023\/02\/grafik_soho_weiss_mit_icons-1536x784.jpg 1536w, https:\/\/sites.hslu.ch\/itc\/wp-content\/uploads\/sites\/2\/2023\/02\/grafik_soho_weiss_mit_icons-2048x1045.jpg 2048w\" sizes=\"auto, (max-width: 1024px) 100vw, 1024px\" \/><\/figure>\n<\/figure>\n\n\n\n<h2 class=\"wp-block-heading\">Weiterf\u00fchrende Informationen<\/h2>\n\n\n\n<ul class=\"wp-block-list\">\n<li>Zur <a href=\"https:\/\/www.hslu.ch\/de-ch\/hochschule-luzern\/forschung\/projekte\/detail\/?pid=4117\" data-type=\"URL\" data-id=\"https:\/\/www.hslu.ch\/de-ch\/hochschule-luzern\/forschung\/projekte\/detail\/?pid=4117\" target=\"_blank\" rel=\"noreferrer noopener\">Projektdatenbank<\/a><\/li>\n\n\n\n<li>Zum Beitrag <a href=\"https:\/\/news.hslu.ch\/was-macht-ein-gutes-hochhaus-aus\/\" data-type=\"URL\" data-id=\"https:\/\/news.hslu.ch\/was-macht-ein-gutes-hochhaus-aus\/\" target=\"_blank\" rel=\"noreferrer noopener\">Was macht ein gutes Hochhaus aus?<\/a><\/li>\n\n\n\n<li>Zur <a href=\"https:\/\/zenodo.org\/record\/5643104#.Y-02EnbMKUk\" data-type=\"URL\" data-id=\"https:\/\/zenodo.org\/record\/5643104#.Y-02EnbMKUk\" target=\"_blank\" rel=\"noreferrer noopener\">Brosch\u00fcre Planungs- und Handlungsempfehlungen<\/a><\/li>\n\n\n\n<li>Zum <a href=\"https:\/\/interact-verlag.ch\/products\/soziale-nachhaltigkeit-im-wohnhochhaus-schlussbericht\" data-type=\"URL\" data-id=\"https:\/\/interact-verlag.ch\/products\/soziale-nachhaltigkeit-im-wohnhochhaus-schlussbericht\">S<\/a><a href=\"https:\/\/zenodo.org\/record\/5643079#.Y-02anbMKUk\" data-type=\"URL\" data-id=\"https:\/\/zenodo.org\/record\/5643079#.Y-02anbMKUk\" target=\"_blank\" rel=\"noreferrer noopener\">chlussbericht<\/a><\/li>\n\n\n\n<li>Zur <a href=\"https:\/\/interact-verlag.ch\/collections\/neuerscheinungen\/products\/kopie-von-soziale-nachhaltigkeit-im-wohnhochhaus-kurzuebersicht\" data-type=\"URL\" data-id=\"https:\/\/interact-verlag.ch\/collections\/neuerscheinungen\/products\/kopie-von-soziale-nachhaltigkeit-im-wohnhochhaus-kurzuebersicht\" target=\"_blank\" rel=\"noreferrer noopener\">Kurz\u00fcbersicht<\/a><\/li>\n<\/ul>\n\n\n<div class=\"default__content__list-block\">\n        \t\t    <h2 class=\"default--content--list-block--title\">Beteiligte Departemente und Personen der HSLU<\/h2>\n        <ul>\n\t                        <li>Soziale Arbeit: Meike M\u00fcller, Alex Willener, Alexa Bodammer, Franziska St\u00e4dler<\/li>\n\t                        <li>Technik &amp; Architektur: Frank Keikut, Selina Lutz<\/li>\n\t                        <li>Wirtschaft: Christian Kraft, Larissa Nilles, Daniel Steffen <\/li>\n\t                <\/ul>\n\t\t    <h2 class=\"default--content--list-block--title\"><\/h2>\n        <ul>\n\t                <\/ul>\n\t\t    <h2 class=\"default--content--list-block--title\">Externe Partner<\/h2>\n        <ul>\n\t                        <li>Innosuisse, allgemeine baugenossenschaft luzern abl, Asga Pensionskasse, Christoph Merian Stiftung, Fahrl\u00e4nder Partner Raumentwicklung, Stadtentwicklung Z\u00fcrich, Losinger Marazzi AG<\/li>\n\t                <\/ul>\n\t    <\/div>\n\n\n\n<ul class=\"wp-block-list\">\n<li>Zur\u00fcck zum <a href=\"https:\/\/sites.hslu.ch\/itc\/wohnen-und-nachhaltigkeit\/\" data-type=\"page\" data-id=\"1491\">Fokusthema Wohnen &amp; Nachhaltigkeit<\/a><\/li>\n<\/ul>\n","protected":false},"excerpt":{"rendered":"<p>Im Forschungsprojekt wurden Planungs- und Handlungsempfehlungenf\u00fcr St\u00e4dte, Investorinnen sowie Fachpersonen aus Planung und Immobilienwirtschaft f\u00fcr die soziale Dimension der Nachhaltigkeit von Wohnhochh\u00e4usern erarbeitet. Im Fokus der Untersuchung stand, verschiedene Aspekte sozialer Nachhaltigkeit zu Umfeld, Geb\u00e4ude, Zusammenleben, Organisation und Wirtschaftlichkeit zu beleuchten. Diese ganzheitliche Betrachtungsweise des Themas wurde durch das interdisziplin\u00e4r zusammengesetzte Forschungsteam und die Reflexion [&hellip;]<\/p>\n","protected":false},"author":110,"featured_media":0,"parent":1491,"menu_order":0,"comment_status":"closed","ping_status":"closed","template":"","meta":{"_acf_changed":false,"footnotes":""},"class_list":["post-1579","page","type-page","status-publish","hentry"],"acf":[],"_links":{"self":[{"href":"https:\/\/sites.hslu.ch\/itc\/wp-json\/wp\/v2\/pages\/1579","targetHints":{"allow":["GET"]}}],"collection":[{"href":"https:\/\/sites.hslu.ch\/itc\/wp-json\/wp\/v2\/pages"}],"about":[{"href":"https:\/\/sites.hslu.ch\/itc\/wp-json\/wp\/v2\/types\/page"}],"author":[{"embeddable":true,"href":"https:\/\/sites.hslu.ch\/itc\/wp-json\/wp\/v2\/users\/110"}],"replies":[{"embeddable":true,"href":"https:\/\/sites.hslu.ch\/itc\/wp-json\/wp\/v2\/comments?post=1579"}],"version-history":[{"count":20,"href":"https:\/\/sites.hslu.ch\/itc\/wp-json\/wp\/v2\/pages\/1579\/revisions"}],"predecessor-version":[{"id":2499,"href":"https:\/\/sites.hslu.ch\/itc\/wp-json\/wp\/v2\/pages\/1579\/revisions\/2499"}],"up":[{"embeddable":true,"href":"https:\/\/sites.hslu.ch\/itc\/wp-json\/wp\/v2\/pages\/1491"}],"wp:attachment":[{"href":"https:\/\/sites.hslu.ch\/itc\/wp-json\/wp\/v2\/media?parent=1579"}],"curies":[{"name":"wp","href":"https:\/\/api.w.org\/{rel}","templated":true}]}}