{"id":1570,"date":"2023-02-17T18:18:12","date_gmt":"2023-02-17T18:18:12","guid":{"rendered":"https:\/\/sites.hslu.ch\/itc\/?page_id=1570"},"modified":"2023-03-27T07:55:36","modified_gmt":"2023-03-27T07:55:36","slug":"hslu-game-sarnetz","status":"publish","type":"page","link":"https:\/\/sites.hslu.ch\/itc\/raum-gesellschaft\/fokusthema-energiewende-sozialraum\/hslu-game-sarnetz\/","title":{"rendered":"HSLU Game Sarnetz"},"content":{"rendered":"\n<p>Wie kann die Energieversorgung einer Gemeinde nachhaltiger werden und dennoch bezahlbar? Wer das Computerspiel \u00abSarnetz\u00bb spielt, findet es heraus! <\/p>\n\n\n\n<p>Ziel des Games: Die gesamte Energieproduktion der kleinen Engadiner Gemeinde Zernez nach den Vorgaben der Energiestrategie 2050 des Bundes umbauen. Es gewinnt, wer die CO2-Emissionen in einer bestimmten Zeit auf null reduziert, dank m\u00f6glichst viel erneuerbarer Energie aus lokalen Quellen und m\u00f6glichst tiefen Investitionen. Umgesetzt wurde das Spiel von einem interdisziplin\u00e4ren Forschungsteam der Hochschule Luzern, das es 2021 damit sogar an die Weltausstellung in Dubai schaffte.<\/p>\n\n\n\n<figure class=\"wp-block-gallery has-nested-images columns-default is-cropped wp-block-gallery-1 is-layout-flex wp-block-gallery-is-layout-flex\">\n<figure class=\"wp-block-image size-large is-style-hitc-full-width\"><img loading=\"lazy\" decoding=\"async\" width=\"1024\" height=\"575\" data-id=\"1571\" src=\"https:\/\/sites.hslu.ch\/itc\/wp-content\/uploads\/sites\/2\/2023\/02\/Sarnetz-1024x575.jpg\" alt=\"Screenshot vom Game Sarnetz\" class=\"wp-image-1571\" srcset=\"https:\/\/sites.hslu.ch\/itc\/wp-content\/uploads\/sites\/2\/2023\/02\/Sarnetz-1024x575.jpg 1024w, https:\/\/sites.hslu.ch\/itc\/wp-content\/uploads\/sites\/2\/2023\/02\/Sarnetz-300x169.jpg 300w, https:\/\/sites.hslu.ch\/itc\/wp-content\/uploads\/sites\/2\/2023\/02\/Sarnetz-768x431.jpg 768w, https:\/\/sites.hslu.ch\/itc\/wp-content\/uploads\/sites\/2\/2023\/02\/Sarnetz-1536x863.jpg 1536w, https:\/\/sites.hslu.ch\/itc\/wp-content\/uploads\/sites\/2\/2023\/02\/Sarnetz.jpg 1561w\" sizes=\"auto, (max-width: 1024px) 100vw, 1024px\" \/><\/figure>\n<\/figure>\n\n\n\n<h2 class=\"wp-block-heading\">Weiterf\u00fchrende Informationen<\/h2>\n\n\n\n<ul class=\"wp-block-list\">\n<li>Zur <a href=\"https:\/\/www.hslu.ch\/de-ch\/hochschule-luzern\/forschung\/projekte\/detail\/?pid=5818\" data-type=\"URL\" data-id=\"https:\/\/www.hslu.ch\/de-ch\/hochschule-luzern\/forschung\/projekte\/detail\/?pid=5818\" target=\"_blank\" rel=\"noreferrer noopener\">Projektdatenbank<\/a><\/li>\n\n\n\n<li>Zur <a href=\"https:\/\/sarnetz.ch\/\" data-type=\"URL\" data-id=\"https:\/\/sarnetz.ch\/\" target=\"_blank\" rel=\"noreferrer noopener\">Website und zum Spiel<\/a><\/li>\n\n\n\n<li>Zum <a href=\"https:\/\/www.youtube.com\/watch?v=0BqQ0NLO3B0\" data-type=\"URL\" data-id=\"https:\/\/www.youtube.com\/watch?v=0BqQ0NLO3B0\" target=\"_blank\" rel=\"noreferrer noopener\">Film<\/a><\/li>\n\n\n\n<li>Zur <a href=\"https:\/\/www.hslu.ch\/de-ch\/hochschule-luzern\/ueber-uns\/medien\/medienmitteilungen\/2021\/12\/10\/sarnetz\/\" data-type=\"URL\" data-id=\"https:\/\/www.hslu.ch\/de-ch\/hochschule-luzern\/ueber-uns\/medien\/medienmitteilungen\/2021\/12\/10\/sarnetz\/\" target=\"_blank\" rel=\"noreferrer noopener\">Medienmitteilung<\/a><\/li>\n\n\n\n<li>Zum <a href=\"https:\/\/www.20min.ch\/story\/in-diesem-online-game-musst-du-ein-co2-neutrales-dorf-errichten-310405304920\" data-type=\"URL\" data-id=\"https:\/\/www.20min.ch\/story\/in-diesem-online-game-musst-du-ein-co2-neutrales-dorf-errichten-310405304920\" target=\"_blank\" rel=\"noreferrer noopener\">Artikel in 20 Minuten<\/a><\/li>\n<\/ul>\n\n\n<div class=\"default__content__list-block\">\n        \t\t    <h2 class=\"default--content--list-block--title\">Beteiligte Forschende der HSLU<\/h2>\n        <ul>\n\t                        <li>Department Informatik: Richard Wetzel, Melissa Beck, Naomi Burgess, Tobias Kreienb\u00fchl, Marcel Uhr, Janina Woods<\/li>\n\t                        <li>Department Technik &amp; Architektur: Uwe W. Schulz<\/li>\n\t                <\/ul>\n\t\t    <h2 class=\"default--content--list-block--title\"><\/h2>\n        <ul>\n\t                <\/ul>\n\t\t    <h2 class=\"default--content--list-block--title\">Externe Partner<\/h2>\n        <ul>\n\t                        <li>Schweizerischen Botschaft in Japan <\/li>\n\t                        <li>Staatssekretariat f\u00fcr Bildung, Forschung und Innovation SBFI<\/li>\n\t                <\/ul>\n\t    <\/div>\n\n\n\n<ul class=\"wp-block-list\">\n<li>Zur\u00fcck zum <a href=\"https:\/\/sites.hslu.ch\/itc\/fokusthema-energiewende-sozialraum\/\" data-type=\"page\" data-id=\"2031\">Fokusthema Energiewende &amp; Sozialraum<\/a><\/li>\n<\/ul>\n","protected":false},"excerpt":{"rendered":"<p>Wie kann die Energieversorgung einer Gemeinde nachhaltiger werden und dennoch bezahlbar? Wer das Computerspiel \u00abSarnetz\u00bb spielt, findet es heraus! Ziel des Games: Die gesamte Energieproduktion der kleinen Engadiner Gemeinde Zernez nach den Vorgaben der Energiestrategie 2050 des Bundes umbauen. Es gewinnt, wer die CO2-Emissionen in einer bestimmten Zeit auf null reduziert, dank m\u00f6glichst viel erneuerbarer [&hellip;]<\/p>\n","protected":false},"author":110,"featured_media":0,"parent":2031,"menu_order":0,"comment_status":"closed","ping_status":"closed","template":"","meta":{"_acf_changed":false,"footnotes":""},"class_list":["post-1570","page","type-page","status-publish","hentry"],"acf":[],"_links":{"self":[{"href":"https:\/\/sites.hslu.ch\/itc\/wp-json\/wp\/v2\/pages\/1570","targetHints":{"allow":["GET"]}}],"collection":[{"href":"https:\/\/sites.hslu.ch\/itc\/wp-json\/wp\/v2\/pages"}],"about":[{"href":"https:\/\/sites.hslu.ch\/itc\/wp-json\/wp\/v2\/types\/page"}],"author":[{"embeddable":true,"href":"https:\/\/sites.hslu.ch\/itc\/wp-json\/wp\/v2\/users\/110"}],"replies":[{"embeddable":true,"href":"https:\/\/sites.hslu.ch\/itc\/wp-json\/wp\/v2\/comments?post=1570"}],"version-history":[{"count":31,"href":"https:\/\/sites.hslu.ch\/itc\/wp-json\/wp\/v2\/pages\/1570\/revisions"}],"predecessor-version":[{"id":2498,"href":"https:\/\/sites.hslu.ch\/itc\/wp-json\/wp\/v2\/pages\/1570\/revisions\/2498"}],"up":[{"embeddable":true,"href":"https:\/\/sites.hslu.ch\/itc\/wp-json\/wp\/v2\/pages\/2031"}],"wp:attachment":[{"href":"https:\/\/sites.hslu.ch\/itc\/wp-json\/wp\/v2\/media?parent=1570"}],"curies":[{"name":"wp","href":"https:\/\/api.w.org\/{rel}","templated":true}]}}