{"id":1549,"date":"2023-02-15T21:08:38","date_gmt":"2023-02-15T21:08:38","guid":{"rendered":"https:\/\/sites.hslu.ch\/itc\/?page_id=1549"},"modified":"2023-04-19T12:39:06","modified_gmt":"2023-04-19T12:39:06","slug":"quartierbezogene-erneuerbare-energien","status":"publish","type":"page","link":"https:\/\/sites.hslu.ch\/itc\/raum-gesellschaft\/fokusthema-energiewende-sozialraum\/quartierbezogene-erneuerbare-energien\/","title":{"rendered":"Quartierbezogene erneuerbare Energien QUBE"},"content":{"rendered":"\n<p>Das dringliche Ziel, den CO2-Ausstoss zu reduzieren, erfordert Anstrengungen auf allen Ebenen in Staat, Wirtschaft und Gesellschaft. <\/p>\n\n\n\n<p>Zu den zentralen Handlungsfeldern z\u00e4hlt der Geb\u00e4udepark, der schweizweit rund 45 Prozent zum Endenergieverbrauch und einen Drittel zum CO2-Ausstoss beitr\u00e4gt. Jedoch sind die H\u00fcrden f\u00fcr wirkungsvolle L\u00f6sungen f\u00fcr die einzelnen Besitzenden von Geb\u00e4uden hoch. Das Projekt f\u00f6rdert in f\u00fcnf Teilprojekten die kooperative Energieproduktion auf Quartierebene. Mit den Eigent\u00fcmer:innen in verschiedenen, perimeterbezogenen Konstellationen konnten kooperative Energiel\u00f6sungen in den Teilprojekten gefunden werden. Das Commitment der Einzelnen und die Umsetzung der Vorhaben sind die n\u00e4chsten Schritte. Aus der soziokulturellen Vorgehensweise im Quartier werden sozio-technische Bausteine erarbeitet, die in einem Vorgehensmodell f\u00fcr weitere Quartiere zug\u00e4nglich gemacht werden. Die Realisierung des Pilotprojektes in einem Luzerner Quartier soll die Anwendbarkeit und Skalierbarkeit auf andere Quartiere, Gemeinden oder St\u00e4dte erm\u00f6glichen.<\/p>\n\n\n\n<figure class=\"wp-block-image size-large\"><img loading=\"lazy\" decoding=\"async\" width=\"1024\" height=\"1024\" src=\"https:\/\/sites.hslu.ch\/itc\/wp-content\/uploads\/sites\/2\/2023\/02\/Energiewende-und-Sozialraum-Qube-1024x1024.jpg\" alt=\"Bild von quartierbezogenen erneuerbaren Energien\" class=\"wp-image-1555\" srcset=\"https:\/\/sites.hslu.ch\/itc\/wp-content\/uploads\/sites\/2\/2023\/02\/Energiewende-und-Sozialraum-Qube-1024x1024.jpg 1024w, https:\/\/sites.hslu.ch\/itc\/wp-content\/uploads\/sites\/2\/2023\/02\/Energiewende-und-Sozialraum-Qube-300x300.jpg 300w, https:\/\/sites.hslu.ch\/itc\/wp-content\/uploads\/sites\/2\/2023\/02\/Energiewende-und-Sozialraum-Qube-150x150.jpg 150w, https:\/\/sites.hslu.ch\/itc\/wp-content\/uploads\/sites\/2\/2023\/02\/Energiewende-und-Sozialraum-Qube-768x768.jpg 768w, https:\/\/sites.hslu.ch\/itc\/wp-content\/uploads\/sites\/2\/2023\/02\/Energiewende-und-Sozialraum-Qube-1536x1536.jpg 1536w, https:\/\/sites.hslu.ch\/itc\/wp-content\/uploads\/sites\/2\/2023\/02\/Energiewende-und-Sozialraum-Qube-2048x2048.jpg 2048w\" sizes=\"auto, (max-width: 1024px) 100vw, 1024px\" \/><\/figure>\n\n\n\n<h2 class=\"wp-block-heading\" id=\"2\">Weiterf\u00fchrende Informationen<\/h2>\n\n\n\n<ul class=\"wp-block-list\">\n<li>Zur&nbsp;<a href=\"https:\/\/www.hslu.ch\/de-ch\/hochschule-luzern\/forschung\/projekte\/detail\/?pid=4387\" data-type=\"URL\" data-id=\"https:\/\/www.hslu.ch\/de-ch\/hochschule-luzern\/forschung\/projekte\/detail\/?pid=4387\" target=\"_blank\" rel=\"noreferrer noopener\">Projektdatenban<\/a><a href=\"https:\/\/www.hslu.ch\/de-ch\/hochschule-luzern\/forschung\/projekte\/detail\/?pid=4130\">k<\/a><\/li>\n\n\n\n<li>Zum Beitrag <a rel=\"noreferrer noopener\" href=\"https:\/\/www.hslu.ch\/de-ch\/soziale-arbeit\/ueber-uns\/aktuell\/2021\/06\/21\/impulse-fuer-die-energiewende-entstehen-bottom-up\/\" data-type=\"URL\" data-id=\"https:\/\/www.hslu.ch\/de-ch\/soziale-arbeit\/ueber-uns\/aktuell\/2021\/06\/21\/impulse-fuer-die-energiewende-entstehen-bottom-up\/\" target=\"_blank\">Impulse f\u00fcr die Energiewende<\/a> <\/li>\n<\/ul>\n\n\n<div class=\"default__content__list-block\">\n        \t\t    <h2 class=\"default--content--list-block--title\">Beteiligte Forschende der HSLU<\/h2>\n        <ul>\n\t                        <li>Department Soziale Arbeit: Alexa Bodammer, Ulrike Sturm, Alina Schmuziger, Christopher Young, Stefanie M\u00fcller, Alex Willener<\/li>\n\t                        <li>Department Technik &amp; Architektur: Thomas Schluck, Stefan Mennel, Roger Buser, Willy Villasmil, J\u00f6rg Worlitschek, Daniel Bolliger, Luca Brauchli, Artem Sotnikov, N\u00faria Duran Adroher, Richard L\u00fcchinger, Matthias Niffeler, Ernst Sandmeier, Timo Walker<\/li>\n\t                        <li>Department Wirtschaft: Constantin Kempf<\/li>\n\t                <\/ul>\n\t\t    <h2 class=\"default--content--list-block--title\"><\/h2>\n        <ul>\n\t                <\/ul>\n\t\t    <h2 class=\"default--content--list-block--title\">Externe Partner<\/h2>\n        <ul>\n\t                        <li>Innosuisse, Kanton Luzern, Stadt Luzern, ewl, Zurfluh Lottenbach GmbH, BE | Netz AG, OekoWatt, Energiegenossenschaft Luzern, Quartierverein Wesemlin-Dreilinden, IG QUBE Klima Friedberg, IG Gartenheim<\/li>\n\t                <\/ul>\n\t    <\/div>\n\n\n\n<ul class=\"wp-block-list\">\n<li>Zur\u00fcck zum <a href=\"https:\/\/sites.hslu.ch\/itc\/fokusthema-energiewende-sozialraum\/\" data-type=\"page\" data-id=\"2031\">Fokusthema Energiewende &amp; Sozialraum<\/a><\/li>\n<\/ul>\n","protected":false},"excerpt":{"rendered":"<p>Das dringliche Ziel, den CO2-Ausstoss zu reduzieren, erfordert Anstrengungen auf allen Ebenen in Staat, Wirtschaft und Gesellschaft. Zu den zentralen Handlungsfeldern z\u00e4hlt der Geb\u00e4udepark, der schweizweit rund 45 Prozent zum Endenergieverbrauch und einen Drittel zum CO2-Ausstoss beitr\u00e4gt. Jedoch sind die H\u00fcrden f\u00fcr wirkungsvolle L\u00f6sungen f\u00fcr die einzelnen Besitzenden von Geb\u00e4uden hoch. Das Projekt f\u00f6rdert in [&hellip;]<\/p>\n","protected":false},"author":110,"featured_media":0,"parent":2031,"menu_order":0,"comment_status":"closed","ping_status":"closed","template":"","meta":{"_acf_changed":false,"footnotes":""},"class_list":["post-1549","page","type-page","status-publish","hentry"],"acf":[],"_links":{"self":[{"href":"https:\/\/sites.hslu.ch\/itc\/wp-json\/wp\/v2\/pages\/1549","targetHints":{"allow":["GET"]}}],"collection":[{"href":"https:\/\/sites.hslu.ch\/itc\/wp-json\/wp\/v2\/pages"}],"about":[{"href":"https:\/\/sites.hslu.ch\/itc\/wp-json\/wp\/v2\/types\/page"}],"author":[{"embeddable":true,"href":"https:\/\/sites.hslu.ch\/itc\/wp-json\/wp\/v2\/users\/110"}],"replies":[{"embeddable":true,"href":"https:\/\/sites.hslu.ch\/itc\/wp-json\/wp\/v2\/comments?post=1549"}],"version-history":[{"count":41,"href":"https:\/\/sites.hslu.ch\/itc\/wp-json\/wp\/v2\/pages\/1549\/revisions"}],"predecessor-version":[{"id":2695,"href":"https:\/\/sites.hslu.ch\/itc\/wp-json\/wp\/v2\/pages\/1549\/revisions\/2695"}],"up":[{"embeddable":true,"href":"https:\/\/sites.hslu.ch\/itc\/wp-json\/wp\/v2\/pages\/2031"}],"wp:attachment":[{"href":"https:\/\/sites.hslu.ch\/itc\/wp-json\/wp\/v2\/media?parent=1549"}],"curies":[{"name":"wp","href":"https:\/\/api.w.org\/{rel}","templated":true}]}}