{"id":1510,"date":"2023-02-15T20:54:56","date_gmt":"2023-02-15T20:54:56","guid":{"rendered":"https:\/\/sites.hslu.ch\/itc\/?page_id=1510"},"modified":"2024-09-27T13:50:44","modified_gmt":"2024-09-27T13:50:44","slug":"raum-gesellschaft","status":"publish","type":"page","link":"https:\/\/sites.hslu.ch\/itc\/raum-gesellschaft\/","title":{"rendered":"Raum &amp; Gesellschaft"},"content":{"rendered":"\n<h4 class=\"wp-block-heading\">Im Interdisziplin\u00e4ren Themencluster (ITC) \u00abRaum &amp; Gesellschaft\u00bb wurde seit 2018 untersucht, wie den r\u00e4umlichen Herausforderungen des 21. Jahrhunderts durch interdisziplin\u00e4re Zusammenarbeit in der Raumentwicklung begegnet werden kann.\u00a0<br><br>Im Rahmen der Strategieperiode 2024-2027 der Hochschule Luzern wurde der ITC in das <a href=\"https:\/\/www.hslu.ch\/de-ch\/hochschule-luzern\/ueber-uns\/interdisziplinaere-netzwerke-idn\/idn-raum-und-gesellschaft\/\" data-type=\"link\" data-id=\"https:\/\/www.hslu.ch\/de-ch\/hochschule-luzern\/ueber-uns\/interdisziplinaere-netzwerke-idn\/idn-raum-und-gesellschaft\/\">Interdisziplin\u00e4re Netzwerk (IDN) \u00abRaum &amp; Gesellschaft\u00bb<\/a> \u00fcberf\u00fchrt.<\/h4>\n\n\n\n<p>Der gesellschaftliche Wandel hat grosse Auswirkungen auf unser Zusammenleben. Daraus ergeben sich Herausforderungen wie Nutzungskonflikte, ein verst\u00e4rkter Standortwettbewerb, dauerhafte Benachteiligung bestimmter Regionen, Versorgungsdefizite oder die Gef\u00e4hrdung des gesellschaftlichen Zusammenhalts. Um diesen begegnen zu k\u00f6nnen, braucht es technische, architektonische und wirtschaftliche Ans\u00e4tze, aber auch sozialwissenschaftliche, kulturelle und digitale L\u00f6sungen. Diese lassen sich nur mit interdisziplin\u00e4ren Ans\u00e4tzen finden. Hier setzt der interdisziplin\u00e4re Themencluster ITC \u00abRaum &amp; Gesellschaft\u00bb an. Er verfolgt seit 2018 das Ziel einer integralen Raumentwicklung mit L\u00f6sungen, welche die Lebensqualit\u00e4t verbessern und das Zusammenleben st\u00e4rken. Ein schonender Umgang mit den nat\u00fcrlichen Ressourcen und der Umwelt ist dabei zentral. <\/p>\n\n\n\n<blockquote class=\"wp-block-quote is-layout-flow wp-block-quote-is-layout-flow\">\n<p>\u00abDie Fokusthemen des ITC \u00abRaum &amp; Gesellschaft\u00bb bewegen sich an der Schnittstelle zwischen Gesellschaft und Wirtschaft. In beiden Feldern ver\u00e4ndern sich die Bed\u00fcrfnisse rasch. Um aktuelle Herausforderungen in der Raumentwicklung zu meistern, entwickelt die HSLU massgeschneiderte Forschungsprojekte und innovative Aus- und Weiterbildungsformate.\u00bb<\/p>\n<cite>Dr. Anita Grams, SBB Unternehmensentwicklung, Expertin integrierte Mobilit\u00e4ts- und Raumplanung<\/cite><\/blockquote>\n\n\n\n<p>Im Fokus steht eine umfassende sozialr\u00e4umliche Betrachtung, basierend auf den gesellschaftlichen, gebauten Strukturen und den Menschen und ihren allt\u00e4glichen Handlungen. Dieses Raumverst\u00e4ndnis er\u00f6ffnet ein erhebliches Innovationspotenzial f\u00fcr die bestehenden Herausforderungen in der Raumentwicklung. Dabei bildet die materielle Dimension von Raum die physische Seite r\u00e4umlicher Praktiken ab. Die symbolische Dimension von Raum umfasst historische, \u00f6konomische, kulturelle Zuschreibungen und Bedeutungen. Die dritte Dimension ist der erlebte und gelebte Raum, wie er von Menschen allt\u00e4glich wahrgenommen und realisiert wird. Mithilfe dieses Raumverst\u00e4ndnisses ist es m\u00f6glich, Theorien und Methoden verschiedener Disziplinen aufeinander zu beziehen, zu reflektieren und in Austausch zu bringen.<\/p>\n\n\n\n<p>Die interdisziplin\u00e4re Kompetenz der Hochschule Luzern in diesen Bereichen liess sich durch den ITC entscheidend f\u00f6rdern. Die Fachpersonen arbeiten eng mit der Praxis zusammen und sind national wie international gut vernetzt. Der Themencluster generiert innovative L\u00f6sungen, um die Herausforderungen des gesellschaftlichen Wandels zu meistern. Das entsprechende Aus- und Weiterbildungsangebot wird kontinuierlich weiterentwickelt.&nbsp;<a id=\"_msocom_1\"><\/a><\/p>\n\n\n\n<p><strong>Im Rahmen des Themenclusters werden f\u00fcnf Fokusthemen bearbeitet. <\/strong><\/p>\n\n\n<div class=\"default__content__list-block\">\n        \t\t    <h2 class=\"default--content--list-block--title\">Fokusthemen<\/h2>\n        <ul>\n\t                        <li>Baukultur in der Gemeinde-, Stadt- &amp; Regionalentwicklung<\/li>\n\t                        <li>Energiewende &amp; Sozialraum<\/li>\n\t                        <li>Wohnen &amp; Nachhaltigkeit<\/li>\n\t                        <li>Kulturelle Teilhabe &amp; \u00d6ffentlichkeiten<\/li>\n\t                        <li>Smarte Soziale Infrastrukturen<\/li>\n\t                <\/ul>\n\t    <\/div>\n\n\n\n<h2 class=\"wp-block-heading\">Baukultur in der Gemeinde-, Stadt- &amp; Regionalentwicklung <\/h2>\n\n\n\n<p>Das Fokusthema leistet einen Beitrag zur Verankerung einer qualit\u00e4tsvollen Gestaltung unserer gebauten Lebensr\u00e4ume in der Praxis der Gemeinde-, Stadt- und Regionalentwicklung, indem ad\u00e4quate L\u00f6sungen f\u00fcr die zahlreichen Zielkonflikte zwischen individuellen Bed\u00fcrfnissen und \u00f6ffentlichen Interessen bei baulichen Transformationsprozessen transdisziplin\u00e4r erarbeitet werden. <a href=\"https:\/\/sites.hslu.ch\/itc\/raum-gesellschaft\/fokusthema-baukultur-in-der-gemeinde-stadt-und-regionalentwicklung\/\" data-type=\"page\" data-id=\"1650\">Hier<\/a> mehr erfahren.<\/p>\n\n\n\n<h2 class=\"wp-block-heading\">Energiewende &amp; Sozialraum<\/h2>\n\n\n\n<p>Das Fokusthema unterst\u00fctzt die Umsetzung der Energiestrategie 2050, indem sozialr\u00e4umliche Aspekte als wesentliches Element zur Verwirklichung der Energiewende mit verschiedenen Stakeholdern eingebracht und mit der Umsetzung von technischen L\u00f6sungen gezielt verbunden werden. <a href=\"https:\/\/sites.hslu.ch\/itc\/fokusthema-energiewende-sozialraum\/\" data-type=\"page\" data-id=\"2031\">Hier<\/a> mehr erfahren.<\/p>\n\n\n\n<h2 class=\"wp-block-heading\">Wohnen &amp; Nachhaltigkeit<\/h2>\n\n\n\n<p>Das Fokusthema hilft bei der Realisierung eines nachhaltigen Wohnungswesens und eines diversen Angebots an innovativen Wohnformen, indem Bed\u00fcrfnisse und Trends analysiert, zeitgem\u00e4sse Konzepte entwickelt und die notwendigen Grundlagen sowie Handlungsempfehlungen f\u00fcr \u00f6ffentliche und private Entscheidungstr\u00e4ger:innen erarbeitet werden. <a href=\"https:\/\/sites.hslu.ch\/itc\/wohnen-und-nachhaltigkeit\/\" data-type=\"page\" data-id=\"1491\">Hier<\/a> mehr erfahren.<\/p>\n\n\n\n<h2 class=\"wp-block-heading\">Kulturelle Teilhabe &amp; \u00d6ffentlichkeiten<\/h2>\n\n\n\n<p>Das Fokusthema tr\u00e4gt zur H\u00f6r- und Sichtbarmachung sowie Anerkennung kultureller Vielfalt, zu Debatten \u00fcber Werthaltungen und zur Verbesserung des Zusammenlebens bei, indem soziokulturelle Praktiken und k\u00fcnstlerische Gestaltungsprozesse unter dem Aspekt gesellschaftlicher Partizipation entwickelt und erforscht werden. <a href=\"https:\/\/sites.hslu.ch\/itc\/fokusthema-kulturelle-teilhabe-oeffentlichkeiten\/\" data-type=\"page\" data-id=\"2008\">Hier<\/a> mehr erfahren.<\/p>\n\n\n\n<h2 class=\"wp-block-heading\">Smarte Soziale Infrastrukturen<\/h2>\n\n\n\n<p>Das Fokusthema f\u00f6rdert die Entwicklung von smarten L\u00f6sungen f\u00fcr bestehende und zuk\u00fcnftige Herausforderungen von sozialen Infrastrukturen in Gemeinden, den Kantonen und beim Bund im Spannungsfeld von Wandlungstreibern wie der Digitalisierung, des demographischen Wandels und der Individualisierung. <a href=\"https:\/\/sites.hslu.ch\/itc\/fokusthema-smarte-soziale-infrastrukturen\/\" data-type=\"page\" data-id=\"2016\">Hier<\/a> mehr erfahren.<\/p>\n\n\n\n<h2 class=\"wp-block-heading\">Partnerschaften<\/h2>\n\n\n\n<figure class=\"wp-block-table pl-144\"><table class=\"has-text-color\" style=\"color:#415e6c\"><tbody><tr><td class=\"has-text-align-center\" data-align=\"center\"><a href=\"https:\/\/www.stiftung-baukultur-schweiz.ch\/\" target=\"_blank\" rel=\"noreferrer noopener\"><img loading=\"lazy\" decoding=\"async\" width=\"433\" height=\"243\" class=\"wp-image-1078\" style=\"width: 150px\" src=\"https:\/\/sites.hslu.ch\/itc\/wp-content\/uploads\/sites\/2\/2021\/08\/StiftungBaukultur.png\" alt=\"\" srcset=\"https:\/\/sites.hslu.ch\/itc\/wp-content\/uploads\/sites\/2\/2021\/08\/StiftungBaukultur.png 433w, https:\/\/sites.hslu.ch\/itc\/wp-content\/uploads\/sites\/2\/2021\/08\/StiftungBaukultur-300x168.png 300w\" sizes=\"auto, (max-width: 433px) 100vw, 433px\" \/><\/a><\/td><td class=\"has-text-align-center\" data-align=\"center\"><a href=\"https:\/\/transdisciplinarity.ch\/de\" target=\"_blank\" rel=\"noreferrer noopener\"><img loading=\"lazy\" decoding=\"async\" width=\"591\" height=\"332\" class=\"wp-image-1072\" style=\"width: 150px\" src=\"https:\/\/sites.hslu.ch\/itc\/wp-content\/uploads\/sites\/2\/2021\/08\/a_logo_ACADEMIES_DE_RGB.png\" alt=\"\" srcset=\"https:\/\/sites.hslu.ch\/itc\/wp-content\/uploads\/sites\/2\/2021\/08\/a_logo_ACADEMIES_DE_RGB.png 591w, https:\/\/sites.hslu.ch\/itc\/wp-content\/uploads\/sites\/2\/2021\/08\/a_logo_ACADEMIES_DE_RGB-300x169.png 300w\" sizes=\"auto, (max-width: 591px) 100vw, 591px\" \/><\/a><\/td><td class=\"has-text-align-center\" data-align=\"center\"><a href=\"https:\/\/www.arl-net.de\/de\/projekte\/gender-and-climate-just-cities-and-urban-regions\" target=\"_blank\" rel=\"noreferrer noopener\"><img loading=\"lazy\" decoding=\"async\" width=\"433\" height=\"243\" class=\"wp-image-1074\" style=\"width: 150px\" src=\"https:\/\/sites.hslu.ch\/itc\/wp-content\/uploads\/sites\/2\/2021\/08\/ARL.jpg\" alt=\"\" srcset=\"https:\/\/sites.hslu.ch\/itc\/wp-content\/uploads\/sites\/2\/2021\/08\/ARL.jpg 433w, https:\/\/sites.hslu.ch\/itc\/wp-content\/uploads\/sites\/2\/2021\/08\/ARL-300x168.jpg 300w\" sizes=\"auto, (max-width: 433px) 100vw, 433px\" \/><\/a><\/td><td class=\"has-text-align-center\" data-align=\"center\"><a href=\"http:\/\/www.gender-archland.de\" target=\"_blank\" rel=\"noreferrer noopener\"><img loading=\"lazy\" decoding=\"async\" width=\"433\" height=\"243\" class=\"wp-image-1076\" style=\"width: 150px\" src=\"https:\/\/sites.hslu.ch\/itc\/wp-content\/uploads\/sites\/2\/2021\/08\/Genderarchland.jpg\" alt=\"\" srcset=\"https:\/\/sites.hslu.ch\/itc\/wp-content\/uploads\/sites\/2\/2021\/08\/Genderarchland.jpg 433w, https:\/\/sites.hslu.ch\/itc\/wp-content\/uploads\/sites\/2\/2021\/08\/Genderarchland-300x168.jpg 300w\" sizes=\"auto, (max-width: 433px) 100vw, 433px\" \/><\/a><\/td><\/tr><\/tbody><\/table><\/figure>\n\n\n\n<p><a rel=\"noreferrer noopener\" href=\"https:\/\/www.stiftung-baukultur-schweiz.ch\/\" target=\"_blank\"><strong>Stiftung Baukultur Schweiz<\/strong><\/a><br>Seit Anfang 2021 besteht eine Partnerschaft zwischen dem ITC Raum &amp; Gesellschaft und der Stiftung Baukultur Schweiz. Insbesondere im Bereich der Forschung und Weiterbildung wird eine Kooperation angestrebt, die dem Ziel der Verankerung einer hohen Baukultur in der Gemeinde-, Stadt- und Regionalentwicklung dient. Stefan Kunz (Hochschule Luzern, ITC Raum &amp; Gesellschaft) hat Einsitz im Beirat der Stiftung.<a rel=\"noreferrer noopener\" href=\"https:\/\/www.stiftung-baukultur-schweiz.ch\/\" target=\"_blank\"><br><\/a><\/p>\n\n\n\n<p><a rel=\"noreferrer noopener\" href=\"https:\/\/transdisciplinarity.ch\/de\" target=\"_blank\"><strong>Network for Transdisciplinary Research (td-net) &#8211; Akademie der Wissenschaften Schweiz<\/strong><br><\/a>Mit dem Network for Transdisciplinary Research (td-net) betreiben die Akademien der Wissenschaften Schweiz eine Drehscheibe zur F\u00f6rderung von Transdisziplinarit\u00e4t in Forschung und Lehre in der Schweiz und weltweit. Die langj\u00e4hrige Co-Leiterin des ITC Ulrike Sturm wurde als erste Vertreterin einer Schweizer Fachhochschule in den Beirat des Network for Transdisciplinary Research gew\u00e4hlt.<\/p>\n\n\n\n<p><strong><a rel=\"noreferrer noopener\" href=\"https:\/\/www.arl-net.de\/de\/projekte\/gender-and-climate-just-cities-and-urban-regions\" target=\"_blank\">Internationaler Arbeitskreis \u00abGender- and Climate-just Cities and Urban Regions\u00bb der Akademie f\u00fcr Raumentwicklung in der Leibnitz-Gemeinschaft<\/a><\/strong><br>Der internationale Arbeitskreis der Akademie f\u00fcr Raumentwicklung in der Leibniz-Gemeinschaft vernetzt Fachpersonen aus verschiedensten Disziplinen und Praxisfeldern, die sich aus einer gendersensiblen Planungsperspektive mit den Herausforderungen des Klimawandels besch\u00e4ftigen, mit denen St\u00e4dten und urbanen Gebieten konfrontiert sind. Geleitet wird der Arbeitskreis von der langj\u00e4hrigen Co-Leiterin des ITC Ulrike Sturm und Doris Damyanovic (Universit\u00e4t f\u00fcr Bodenkultur Wien).<\/p>\n\n\n\n<p><strong><a rel=\"noreferrer noopener\" href=\"http:\/\/www.gender-archland.de\" target=\"_blank\">Netzwerk GenderArchland \u2013 Netzwerk f\u00fcr GenderKompetenz in Architektur Landschaft Planung<\/a><\/strong><br>Der ITC Raum &amp; Gesellschaft beteiligt sich an der Forschungs- und Vernetzungsplattform \u00abGenderkompetenz in Architektur, Landschaft und Planung \u2013 GenderArchland\u00bb welche eine genderorientierte r\u00e4umliche Planung betreibt und sich dem Aufbau ebensolcher Kompetenzen in den verschiedenen mit der r\u00e4umlichen Planung betrauten Disziplinen verschreibt. Zusammen mit der Fachhochschule Kiel, der Universit\u00e4t f\u00fcr Bodenkultur Wien und der Universit\u00e4t Lichtenstein ist der ITC Tr\u00e4ger des Netzwerks. Ulrike Sturm ist Mitglied des Netzwerks und Mitherausgeberin der Publikation <em><a rel=\"noreferrer noopener\" href=\"https:\/\/www.routledge.com\/Gendered-Approaches-to-Spatial-Development-in-Europe-Perspectives-Similarities\/Zibell-Damyanovic-Sturm\/p\/book\/9780367730796\" target=\"_blank\">\u00abGendered Approaches to Spatial Development in Europe: Perspectives, Similarities, Differences\u00bb<\/a><\/em><\/p>\n\n\n\n<h2 class=\"wp-block-heading\">Kernteam<\/h2>\n\n\n\n<p>Das ITC-Kernteam setzt sich aus Vertreter:innen der sechs Departemente der Hochschule Luzern zusammen. Sie begleiten die inhaltliche Weiterentwicklung des ITC und helfen bei der internen Vernetzung.<\/p>\n\n\n\n<ul class=\"wp-block-list\">\n<li><a rel=\"noreferrer noopener\" href=\"https:\/\/www.hslu.ch\/de-ch\/hochschule-luzern\/ueber-uns\/personensuche\/profile\/?pid=859\" target=\"_blank\">Prof. Dr. Antonio Baldassarre<\/a>, Leiter Forschung &amp; Entwicklung sowie Vizedirektor, Departement Musik&nbsp;&nbsp;&nbsp;&nbsp;&nbsp;&nbsp;&nbsp;&nbsp;&nbsp;&nbsp;&nbsp;<\/li>\n\n\n\n<li><a href=\"https:\/\/www.hslu.ch\/de-ch\/hochschule-luzern\/ueber-uns\/personensuche\/profile\/?pid=1245\" data-type=\"URL\" data-id=\"https:\/\/www.hslu.ch\/de-ch\/hochschule-luzern\/ueber-uns\/personensuche\/profile\/?pid=1245\" target=\"_blank\" rel=\"noreferrer noopener\">Prof. Dr. Ulrike Sturm<\/a>, Leiterin Forschung &amp; Entwicklung, Departement Soziale Arbeit<\/li>\n\n\n\n<li><a rel=\"noreferrer noopener\" href=\"https:\/\/www.hslu.ch\/de-ch\/hochschule-luzern\/ueber-uns\/personensuche\/profile\/?pid=3133\" target=\"_blank\">Dr. Anna Amacher Hoppler<\/a>, Dozentin und Projektleiterin, Departement Wirtschaft<\/li>\n\n\n\n<li><a rel=\"noreferrer noopener\" href=\"https:\/\/www.hslu.ch\/de-ch\/hochschule-luzern\/ueber-uns\/personensuche\/profile\/?pid=226\" target=\"_blank\">Prof. Stephan K\u00e4ppeli<\/a>, Dozent und Projektleiter, Departement Wirtschaft &nbsp;&nbsp;&nbsp;&nbsp;&nbsp;&nbsp;&nbsp;&nbsp;&nbsp;&nbsp;&nbsp;&nbsp;&nbsp;&nbsp;&nbsp;&nbsp;&nbsp;&nbsp;&nbsp;&nbsp;&nbsp;&nbsp;&nbsp;&nbsp;&nbsp;&nbsp;&nbsp;&nbsp;&nbsp;&nbsp;<\/li>\n\n\n\n<li><a rel=\"noreferrer noopener\" href=\"https:\/\/www.hslu.ch\/de-ch\/hochschule-luzern\/ueber-uns\/personensuche\/profile\/?pid=1299\" target=\"_blank\">Marvin King<\/a>, Senior wissenschaftlicher Mitarbeiter, Departement Technik &amp; Architektur&nbsp;&nbsp;&nbsp;&nbsp;&nbsp;&nbsp;&nbsp;&nbsp;&nbsp;&nbsp;<\/li>\n\n\n\n<li><a rel=\"noreferrer noopener\" href=\"https:\/\/www.hslu.ch\/de-ch\/hochschule-luzern\/ueber-uns\/personensuche\/profile\/?pid=579\" target=\"_blank\">Prof. Urs-Peter Menti<\/a>, Co-Institutsleiter Geb\u00e4udetechnik und Energie, Departement Technik &amp; Architektur<\/li>\n\n\n\n<li><a rel=\"noreferrer noopener\" href=\"https:\/\/www.hslu.ch\/de-ch\/hochschule-luzern\/ueber-uns\/personensuche\/profile\/?pid=1956\" target=\"_blank\">Prof. Dr. Rachel Mader<\/a>, Leiterin CC Kunst, Design &amp; \u00d6ffentlichkeit, Departement Design &amp; Kunst&nbsp;&nbsp;&nbsp;&nbsp;&nbsp;&nbsp;&nbsp;<\/li>\n<\/ul>\n\n\n\n<h2 class=\"wp-block-heading\">Fachbeirat<\/h2>\n\n\n\n<p>Der ITC-Fachbeirat ist best\u00fcckt mit externen Fachpersonen aus unterschiedlichen Bereichen der Raumentwicklung. Ihre Aufgabe ist es, die inhaltliche Entwicklung des ITC kritisch zu pr\u00fcfen und bei der externen Vernetzung zu unterst\u00fctzen.<\/p>\n\n\n\n<ul class=\"wp-block-list\">\n<li>Dr. Anita Grams, SBB Unternehmensentwicklung, Expertin integrierte Mobilit\u00e4ts- und Raumplanung<\/li>\n\n\n\n<li>Dr. Maria Lezzi, Direktorin des Bundesamts f\u00fcr Raumentwicklung ARE<\/li>\n\n\n\n<li>Dominik Matter, Partner bei Fahrl\u00e4nder Partner Raumentwicklung<\/li>\n\n\n\n<li>Prof. Dr. Herbert Schubert, Inhaber von Sozial \u2022 Raum \u2022 Management \u2013 B\u00fcro f\u00fcr Forschung und Beratung<\/li>\n\n\n\n<li>Samuel Summermatter, Experte Photovoltaik Engineering und Co-GL Plan-E AG<\/li>\n<\/ul>\n\n\n\n<h2 class=\"wp-block-heading\">Ab 2024: IDN Raum &amp; Gesellschaft<\/h2>\n\n\n\n<blockquote class=\"wp-block-quote is-layout-flow wp-block-quote-is-layout-flow\">\n<p>Auch in der aktuellen Strategieperiode der Hochschule Luzern geniesst das Ziel einer integralen Raumentwicklung zur St\u00e4rkung des Zusammenlebens und der Lebensqualit\u00e4t hohe Priorit\u00e4t. Der ITC wurde daher 2024 in das <a href=\"https:\/\/www.hslu.ch\/de-ch\/hochschule-luzern\/ueber-uns\/interdisziplinaere-netzwerke-idn\/idn-raum-und-gesellschaft\/\" data-type=\"link\" data-id=\"https:\/\/www.hslu.ch\/de-ch\/hochschule-luzern\/ueber-uns\/interdisziplinaere-netzwerke-idn\/idn-raum-und-gesellschaft\/\" target=\"_blank\" rel=\"noreferrer noopener\">Interdisziplin\u00e4re Netzwerk (IDN) \u00abRaum &amp; Gesellschaft\u00bb<\/a> \u00fcberf\u00fchrt, um das bisher Erreichte f\u00fcr die Zukunft sicherzustellen und weiterzuentwickeln. <a href=\"https:\/\/www.hslu.ch\/de-ch\/hochschule-luzern\/ueber-uns\/interdisziplinaere-netzwerke-idn\/idn-raum-und-gesellschaft\/\" data-type=\"link\" data-id=\"https:\/\/www.hslu.ch\/de-ch\/hochschule-luzern\/ueber-uns\/interdisziplinaere-netzwerke-idn\/idn-raum-und-gesellschaft\/\">Hier<\/a> mehr erfahren.<\/p>\n<\/blockquote>\n","protected":false},"excerpt":{"rendered":"<p>Im Interdisziplin\u00e4ren Themencluster (ITC) \u00abRaum &amp; Gesellschaft\u00bb wurde seit 2018 untersucht, wie den r\u00e4umlichen Herausforderungen des 21. Jahrhunderts durch interdisziplin\u00e4re Zusammenarbeit in der Raumentwicklung begegnet werden kann.\u00a0 Im Rahmen der Strategieperiode 2024-2027 der Hochschule Luzern wurde der ITC in das Interdisziplin\u00e4re Netzwerk (IDN) \u00abRaum &amp; Gesellschaft\u00bb \u00fcberf\u00fchrt. Der gesellschaftliche Wandel hat grosse Auswirkungen auf unser [&hellip;]<\/p>\n","protected":false},"author":110,"featured_media":1345,"parent":0,"menu_order":0,"comment_status":"closed","ping_status":"closed","template":"raum_and_gesellshaft.php","meta":{"_acf_changed":false,"footnotes":""},"class_list":["post-1510","page","type-page","status-publish","has-post-thumbnail","hentry"],"acf":[],"_links":{"self":[{"href":"https:\/\/sites.hslu.ch\/itc\/wp-json\/wp\/v2\/pages\/1510","targetHints":{"allow":["GET"]}}],"collection":[{"href":"https:\/\/sites.hslu.ch\/itc\/wp-json\/wp\/v2\/pages"}],"about":[{"href":"https:\/\/sites.hslu.ch\/itc\/wp-json\/wp\/v2\/types\/page"}],"author":[{"embeddable":true,"href":"https:\/\/sites.hslu.ch\/itc\/wp-json\/wp\/v2\/users\/110"}],"replies":[{"embeddable":true,"href":"https:\/\/sites.hslu.ch\/itc\/wp-json\/wp\/v2\/comments?post=1510"}],"version-history":[{"count":54,"href":"https:\/\/sites.hslu.ch\/itc\/wp-json\/wp\/v2\/pages\/1510\/revisions"}],"predecessor-version":[{"id":3129,"href":"https:\/\/sites.hslu.ch\/itc\/wp-json\/wp\/v2\/pages\/1510\/revisions\/3129"}],"wp:featuredmedia":[{"embeddable":true,"href":"https:\/\/sites.hslu.ch\/itc\/wp-json\/wp\/v2\/media\/1345"}],"wp:attachment":[{"href":"https:\/\/sites.hslu.ch\/itc\/wp-json\/wp\/v2\/media?parent=1510"}],"curies":[{"name":"wp","href":"https:\/\/api.w.org\/{rel}","templated":true}]}}