{"id":1491,"date":"2023-02-09T14:50:52","date_gmt":"2023-02-09T14:50:52","guid":{"rendered":"https:\/\/sites.hslu.ch\/itc\/?page_id=1491"},"modified":"2024-05-23T10:55:38","modified_gmt":"2024-05-23T10:55:38","slug":"wohnen-und-nachhaltigkeit","status":"publish","type":"page","link":"https:\/\/sites.hslu.ch\/itc\/raum-gesellschaft\/wohnen-und-nachhaltigkeit\/","title":{"rendered":"Fokusthema Wohnen &amp; Nachhaltigkeit"},"content":{"rendered":"\n<p>Dieses Fokusthema hilft bei der Realisierung eines nachhaltigen Wohnungswesens und eines diversen Angebots an innovativen Wohnformen, indem Bed\u00fcrfnisse und Trends analysiert, zeitgem\u00e4sse Konzepte entwickelt und die notwendigen Grundlagen sowie Handlungsempfehlungen f\u00fcr \u00f6ffentliche und private Entscheidungstr\u00e4ger:innen erarbeitet werden. Im Rahmen dieses Fokusthemas entstanden z. B. die Projekte <a href=\"https:\/\/sites.hslu.ch\/itc\/sozial-nachhaltiges-wohnhochhaus\/\" data-type=\"URL\" data-id=\"https:\/\/sites.hslu.ch\/itc\/sozial-nachhaltiges-wohnhochhaus\/\">Sozial nachhaltiges Wohnhochhaus<\/a> und <a href=\"https:\/\/sites.hslu.ch\/itc\/kleinwohnformen\/\" data-type=\"page\" data-id=\"1588\">Kleinwohnformen<\/a><a>.<\/a><\/p>\n\n\n\n<blockquote class=\"wp-block-quote is-layout-flow wp-block-quote-is-layout-flow\">\n<p><em>\u00abNachdem sich die Immobilienwirtschaft jahrzehntelang beinahe ausschliesslich mit der \u00f6konomischen Nachhaltigkeit befasst hat, haben die \u00f6kologische und soziale Nachhaltigkeit in den vergangenen Jahren massiv an Bedeutung gewonnen. Der ITC Raum &amp; Gesellschaft tr\u00e4gt mit seinem interdisziplin\u00e4ren, holistischen Ansatz dazu bei, die Diskussion auf ein solides Fundament zu stellen. Dazu z\u00e4hlt insbesondere die Forschung zu neuen Wohnformen und den Auswirkungen der gebauten Umgebung auf die soziale Nachhaltigkeit.\u00bb<\/em><\/p>\n<cite>Dominik Matter, Partner bei Fahrl\u00e4nder Partner Raumentwicklung<\/cite><\/blockquote>\n\n\n\n<h6 class=\"wp-block-heading\"><strong>Themenbereiche des Fokusthemas<\/strong><\/h6>\n\n\n\n<ul class=\"wp-block-list\">\n<li>Massnahmen und Empfehlungen zur Klimaadaption<\/li>\n\n\n\n<li>Datengest\u00fctzte Forschung zum Wohnungsmarkt<\/li>\n\n\n\n<li>Bed\u00fcrfnisorientierte Wohnkonzepte<\/li>\n\n\n\n<li>Fl\u00e4chenverbrauch und Verdichtung<\/li>\n\n\n\n<li>Sharing im Wohnbereich<\/li>\n<\/ul>\n\n\n\n<p><\/p>\n\n\n\n<h6 class=\"wp-block-heading\"><strong>Alle Projekte im \u00dcberblick<\/strong><\/h6>\n\n\n<div class=\"row\">\n    <div class=\"col-12 col-sm-12 col-md-12 col-lg-10 offset-lg-2 default__slider\">\n        <div class=\"fade-slider\">\n            <div class=\"project-slider dt-projects\">\n                                \n                    <div>\n                        <div>\n                            <div>\n                                <div class=\"project-slider__imgwrap\">\n                                    <h2>Bauliche Verdichtung und Nutzungsdichte<\/h2>\n                                <\/div>\n                                <div class=\"project-slider__text\">\n                                    <!-- wp:paragraph -->\n<p><a href=\"https:\/\/www.hslu.ch\/de-ch\/hochschule-luzern\/forschung\/projekte\/detail\/?pid=4105\" target=\"_blank\" rel=\"noreferrer noopener\" aria-label=\" (\u00f6ffnet in neuem Tab)\">Das ITC-Projekt untersucht auf qualitativer und quantitativer Ebene den Zusammenhang zwischen baulicher Verdichtung und Nutzungsdichte in der Schweiz unter Ber\u00fccksichtigung verschiedener Faktoren.<\/a><\/p>\n<!-- \/wp:paragraph -->                                <\/div>\n                            <\/div>\n                        <\/div>\n                    <\/div>\n                                    \n                    <div>\n                        <div>\n                            <div>\n                                <div class=\"project-slider__imgwrap\">\n                                    <h2>Begr\u00fcnung und Stadtklima<\/h2>\n                                <\/div>\n                                <div class=\"project-slider__text\">\n                                    <!-- wp:paragraph -->\n<p><a href=\"https:\/\/www.hslu.ch\/de-ch\/hochschule-luzern\/forschung\/projekte\/detail\/?pid=4428\" target=\"_blank\" rel=\"noreferrer noopener\">Durch die Begr\u00fcnung von Stadtteilen k\u00f6nnen nicht nur positive Auswirkungen auf Klima und Umwelt, sondern auch auf soziale und wirtschaftliche Aspekte erzielt werden. Im Projekt werden Grundlagen f\u00fcr eine Beschreibung der Effekte von Begr\u00fcnungen erarbeitet.<\/a><\/p>\n<!-- \/wp:paragraph -->                                <\/div>\n                            <\/div>\n                        <\/div>\n                    <\/div>\n                                    \n                    <div>\n                        <div>\n                            <div>\n                                <div class=\"project-slider__imgwrap\">\n                                    <h2>Generationenwohnen Hasliberg<\/h2>\n                                <\/div>\n                                <div class=\"project-slider__text\">\n                                    <!-- wp:paragraph -->\n<p><a href=\"https:\/\/www.hslu.ch\/de-ch\/hochschule-luzern\/forschung\/projekte\/detail\/?pid=3527\" data-type=\"URL\" data-id=\"https:\/\/www.hslu.ch\/de-ch\/hochschule-luzern\/forschung\/projekte\/detail\/?pid=3527\">Das Projekt hat sich zum Zi<\/a><a href=\"https:\/\/www.hslu.ch\/de-ch\/hochschule-luzern\/forschung\/projekte\/detail\/?pid=3527\" data-type=\"URL\" data-id=\"https:\/\/www.hslu.ch\/de-ch\/hochschule-luzern\/forschung\/projekte\/detail\/?pid=3527\" target=\"_blank\" rel=\"noreferrer noopener\">el gesetzt, bed\u00fcrfnisgerechte Wohn- und Lebensformen f\u00fcr \u00e4ltere Menschen in Hasliberg zu schaffen, die bis anhin in ausw\u00e4rtige Gemeinden umziehen m\u00fcssen, wenn sie nicht mehr selbst\u00e4ndig leben k\u00f6nnen.<\/a><\/p>\n<!-- \/wp:paragraph -->                                <\/div>\n                            <\/div>\n                        <\/div>\n                    <\/div>\n                                    \n                    <div>\n                        <div>\n                            <div>\n                                <div class=\"project-slider__imgwrap\">\n                                    <h2>GReaTS \u2013 Get Ready To Share<\/h2>\n                                <\/div>\n                                <div class=\"project-slider__text\">\n                                    <!-- wp:paragraph -->\n<p><a href=\"https:\/\/www.hslu.ch\/de-ch\/hochschule-luzern\/forschung\/projekte\/detail\/?pid=5828\" target=\"_blank\" rel=\"noreferrer noopener\">Sharing Economy neu gedacht: erst durch einen integrativen Ansatz kann ihr grosses Potential entfaltet werden. Ausgehend vom Wohnumfeld werden Raum-, Mobilit\u00e4ts-, Food-Sharing etc. integriert betrachtet.<\/a><\/p>\n<!-- \/wp:paragraph -->                                <\/div>\n                            <\/div>\n                        <\/div>\n                    <\/div>\n                                    \n                    <div>\n                        <div>\n                            <div>\n                                <div class=\"project-slider__imgwrap\">\n                                    <h2>Home4Staff \u2013 Wohnkonzepte f\u00fcr Mitarbeitende des Gastgewerbes<\/h2>\n                                <\/div>\n                                <div class=\"project-slider__text\">\n                                    <!-- wp:paragraph -->\n<p><a href=\"https:\/\/www.hslu.ch\/de-ch\/hochschule-luzern\/forschung\/projekte\/detail\/?pid=4301\" target=\"_blank\" rel=\"noreferrer noopener\" aria-label=\"Das Projekt \u00abHome4Staff\u00bb untersucht im Kontext des Gastgewerbes, ob ein auf die Bed\u00fcrfnisse der Mitarbeitenden zugeschnittenes firmeneigenes Wohnungsangebot die Gewinnung von Arbeitskr\u00e4ften erleichtert. (\u00f6ffnet in neuem Tab)\">Das Projekt \u00abHome4Staff\u00bb untersucht im Kontext des Gastgewerbes, ob ein auf die Bed\u00fcrfnisse der Mitarbeitenden zugeschnittenes firmeneigenes Wohnungsangebot die Gewinnung von Arbeitskr\u00e4ften erleichtert.<\/a><\/p>\n<!-- \/wp:paragraph -->                                <\/div>\n                            <\/div>\n                        <\/div>\n                    <\/div>\n                                    \n                    <div>\n                        <div>\n                            <div>\n                                <div class=\"project-slider__imgwrap\">\n                                    <h2>Kleinwohnformen &#8211; Wohn- und Lebensraum mit Potenzial?<\/h2>\n                                <\/div>\n                                <div class=\"project-slider__text\">\n                                    <!-- wp:paragraph -->\n<p><a href=\"https:\/\/www.hslu.ch\/de-ch\/hochschule-luzern\/forschung\/projekte\/detail\/?pid=5992\" target=\"_blank\" rel=\"noreferrer noopener\">Das Projekt untersucht das Potenzial von Kleinwohnformen im Spannungsfeld der Individualisierung und Verdichtung insbesondere im Kontext der Nachhaltigkeit.<\/a><\/p>\n<!-- \/wp:paragraph -->                                <\/div>\n                            <\/div>\n                        <\/div>\n                    <\/div>\n                                    \n                    <div>\n                        <div>\n                            <div>\n                                <div class=\"project-slider__imgwrap\">\n                                    <h2>Konferenz nachhaltige Wohnungswirtschaft<\/h2>\n                                <\/div>\n                                <div class=\"project-slider__text\">\n                                    <!-- wp:paragraph -->\n<p><a rel=\"noreferrer noopener\" href=\"https:\/\/www.hslu.ch\/de-ch\/hochschule-luzern\/forschung\/projekte\/detail\/?pid=4095\" data-type=\"URL\" data-id=\"https:\/\/www.hslu.ch\/de-ch\/hochschule-luzern\/forschung\/projekte\/detail\/?pid=4095\" target=\"_blank\">Die Konferenz erm\u00f6glicht eine ganzheitliche Sicht auf nachhaltige Immobilieninvestitionen: Ist das Plus-Energiehaus auf dem Land etwa nachhaltiger als die unsanierte st\u00e4dtische Liegenschaft mit hoher Nutzungsdichte, bester Erreichbarkeit und attraktiven Mieten?<\/a><\/p>\n<!-- \/wp:paragraph -->                                <\/div>\n                            <\/div>\n                        <\/div>\n                    <\/div>\n                                    \n                    <div>\n                        <div>\n                            <div>\n                                <div class=\"project-slider__imgwrap\">\n                                    <h2>Learning from Superblock<\/h2>\n                                <\/div>\n                                <div class=\"project-slider__text\">\n                                    <!-- wp:paragraph -->\n<p><a href=\"https:\/\/www.hslu.ch\/de-ch\/hochschule-luzern\/forschung\/projekte\/detail\/?pid=6441\" data-type=\"link\" data-id=\"https:\/\/www.hslu.ch\/de-ch\/hochschule-luzern\/forschung\/projekte\/detail\/?pid=6441\" target=\"_blank\" rel=\"noreferrer noopener\">Urbaner Raum steht unter Druck. Er soll zur Verdichtung beitragen und gleichzeitig langfristig qualit\u00e4tsvollen Lebensraum bieten. Dazu bedarf es einer Neuverhandlung der Stadtfunktionen und ihrer betreffenden Fl\u00e4chen.<\/a><\/p>\n<!-- \/wp:paragraph -->                                <\/div>\n                            <\/div>\n                        <\/div>\n                    <\/div>\n                                    \n                    <div>\n                        <div>\n                            <div>\n                                <div class=\"project-slider__imgwrap\">\n                                    <h2>Nachfragemonitor Mietwohnungen<\/h2>\n                                <\/div>\n                                <div class=\"project-slider__text\">\n                                    <!-- wp:paragraph -->\n<p><a href=\"https:\/\/www.hslu.ch\/de-ch\/hochschule-luzern\/forschung\/projekte\/detail\/?pid=6218\" data-type=\"URL\" data-id=\"https:\/\/www.hslu.ch\/de-ch\/hochschule-luzern\/forschung\/projekte\/detail\/?pid=6218\">In diesem Proj<\/a><a href=\"https:\/\/www.hslu.ch\/de-ch\/hochschule-luzern\/forschung\/projekte\/detail\/?pid=6218\" data-type=\"URL\" data-id=\"https:\/\/www.hslu.ch\/de-ch\/hochschule-luzern\/forschung\/projekte\/detail\/?pid=6218\" target=\"_blank\" rel=\"noreferrer noopener\">ekt wird ein neuartiger Nachfragemonitor entwickelt, der Wohnraumbed\u00fcrfnisse nach soziodemografischen Merkmalen zuverl\u00e4ssig und in Echtzeit beobachtet und damit Leerst\u00e4nde minimiert<\/a><a href=\"https:\/\/www.hslu.ch\/de-ch\/hochschule-luzern\/forschung\/projekte\/detail\/?pid=6218\" data-type=\"URL\" data-id=\"https:\/\/www.hslu.ch\/de-ch\/hochschule-luzern\/forschung\/projekte\/detail\/?pid=6218\">.<\/a><\/p>\n<!-- \/wp:paragraph -->                                <\/div>\n                            <\/div>\n                        <\/div>\n                    <\/div>\n                                    \n                    <div>\n                        <div>\n                            <div>\n                                <div class=\"project-slider__imgwrap\">\n                                    <h2>Nachhaltige Schweizer Wohnungswirtschaft<\/h2>\n                                <\/div>\n                                <div class=\"project-slider__text\">\n                                    <!-- wp:paragraph -->\n<p><a href=\"https:\/\/www.hslu.ch\/de-ch\/hochschule-luzern\/forschung\/projekte\/detail\/?pid=4095\" data-type=\"URL\" data-id=\"https:\/\/www.hslu.ch\/de-ch\/hochschule-luzern\/forschung\/projekte\/detail\/?pid=4095\">Das Projekt erarbeitet pragma<\/a><a href=\"https:\/\/www.hslu.ch\/de-ch\/hochschule-luzern\/forschung\/projekte\/detail\/?pid=4095\" data-type=\"URL\" data-id=\"https:\/\/www.hslu.ch\/de-ch\/hochschule-luzern\/forschung\/projekte\/detail\/?pid=4095\" target=\"_blank\" rel=\"noreferrer noopener\">tische Empfehlungen zur F\u00f6rderung einer nachhaltigen Wohnungswirtschaft im Spannungsfeld von Wirtschaftlichkeit, Energie, Verdichtung und Wohnqualit\u00e4ten.<\/a><\/p>\n<!-- \/wp:paragraph -->                                <\/div>\n                            <\/div>\n                        <\/div>\n                    <\/div>\n                                    \n                    <div>\n                        <div>\n                            <div>\n                                <div class=\"project-slider__imgwrap\">\n                                    <h2>Quartierklima: Sozio\u00f6konomische Implikationen von Hitzeinseln<\/h2>\n                                <\/div>\n                                <div class=\"project-slider__text\">\n                                    <!-- wp:paragraph -->\n<p><a href=\"https:\/\/www.hslu.ch\/de-ch\/hochschule-luzern\/forschung\/projekte\/detail\/?pid=5809\" target=\"_blank\" rel=\"noreferrer noopener\">Das Projekt erforscht die sozio\u00f6konomischen Folgen lokaler Hitzebildung f\u00fcr Bewohnende betroffener Areale und Quartiere. Es entstehen Szenarien f\u00fcr Einfl\u00fcsse von Hitzebildung auf Wohnqualit\u00e4ten und langfristige Immobilienwerte.<\/a><\/p>\n<!-- \/wp:paragraph -->                                <\/div>\n                            <\/div>\n                        <\/div>\n                    <\/div>\n                                    \n                    <div>\n                        <div>\n                            <div>\n                                <div class=\"project-slider__imgwrap\">\n                                    <h2>Smart Komfort \u2013 Attraktive Mietwohnungen mit weniger Wohnfl\u00e4chenverbrauch<\/h2>\n                                <\/div>\n                                <div class=\"project-slider__text\">\n                                    <!-- wp:paragraph -->\n<p><a href=\"https:\/\/www.hslu.ch\/de-ch\/hochschule-luzern\/forschung\/projekte\/detail\/?pid=5684\" target=\"_blank\" rel=\"noreferrer noopener\">Der Wohnfl\u00e4chenkonsum in der Schweiz steigt \u00fcberproportional zum Bev\u00f6lkerungswachstum. Das Forschungsprojektes entwickelt deshalb Planungsinstrumente f\u00fcr kompakte Mietwohnungen mit gleicher Attraktivit\u00e4t und Wohnqualit\u00e4t wie fl\u00e4chenm\u00e4ssig gr\u00f6ssere Wohnungen.<\/a><\/p>\n<!-- \/wp:paragraph -->                                <\/div>\n                            <\/div>\n                        <\/div>\n                    <\/div>\n                                    \n                    <div>\n                        <div>\n                            <div>\n                                <div class=\"project-slider__imgwrap\">\n                                    <h2>Sozial nachhaltiges Wohnhochhaus<\/h2>\n                                <\/div>\n                                <div class=\"project-slider__text\">\n                                    <!-- wp:paragraph -->\n<p><a href=\"https:\/\/www.hslu.ch\/de-ch\/hochschule-luzern\/forschung\/projekte\/detail\/?pid=4117\" target=\"_blank\" rel=\"noreferrer noopener\">Das Wissen um die sozialen Aspekte von Wohnhochh\u00e4usern ist gering.&nbsp; Das Innosuisse Projekt soll diese L\u00fccke schliessen und hat das Ziel, Empfehlungen zur sozialen Nachhaltigkeit k\u00fcnftiger Wohnhochh\u00e4user zu erarbeiten.<\/a><\/p>\n<!-- \/wp:paragraph -->                                <\/div>\n                            <\/div>\n                        <\/div>\n                    <\/div>\n                                    \n                    <div>\n                        <div>\n                            <div>\n                                <div class=\"project-slider__imgwrap\">\n                                    <h2>Soziales Wohnen in der Schweiz<\/h2>\n                                <\/div>\n                                <div class=\"project-slider__text\">\n                                    <!-- wp:paragraph -->\n<p><a href=\"https:\/\/www.hslu.ch\/de-ch\/hochschule-luzern\/forschung\/projekte\/detail\/?pid=6430\" data-type=\"link\" data-id=\"https:\/\/www.hslu.ch\/de-ch\/hochschule-luzern\/forschung\/projekte\/detail\/?pid=6430\" target=\"_blank\" rel=\"noreferrer noopener\">Kernfrage des Projekts lautet: Welche Form der Zurverf\u00fcgungstellung von Wohnraum f\u00fcr sozial Benachteiligte ist am effektivsten?<\/a><\/p>\n<!-- \/wp:paragraph -->                                <\/div>\n                            <\/div>\n                        <\/div>\n                    <\/div>\n                                    \n                    <div>\n                        <div>\n                            <div>\n                                <div class=\"project-slider__imgwrap\">\n                                    <h2>WOFL 2.0 Pr\u00e4ferenzabh\u00e4ngige Wohnfl\u00e4chenplanung<\/h2>\n                                <\/div>\n                                <div class=\"project-slider__text\">\n                                    <!-- wp:paragraph -->\n<p>Das Projekt beabsichtigt die Entwicklung eines Planungs- und Beurteilungstool unter Ber\u00fccksichtigung der Wohnqualit\u00e4t in Abh\u00e4ngigkeit zum Wohnfl\u00e4chenverbrauch sowie den Wohnpr\u00e4ferenzen der potentiellen Bewohnerinnen und Bewohner.<\/p>\n<!-- \/wp:paragraph -->                                <\/div>\n                            <\/div>\n                        <\/div>\n                    <\/div>\n                                    \n                    <div>\n                        <div>\n                            <div>\n                                <div class=\"project-slider__imgwrap\">\n                                    <h2>Wohnen statt Unterbringung<\/h2>\n                                <\/div>\n                                <div class=\"project-slider__text\">\n                                    <!-- wp:paragraph -->\n<p><a href=\"https:\/\/www.hslu.ch\/de-ch\/hochschule-luzern\/forschung\/projekte\/detail\/?pid=6167\" target=\"_blank\" rel=\"noreferrer noopener\">Kann die private Unterbringung von Gefl\u00fcchteten ihr Ankommen erleichtern und die soziale Integration f\u00f6rdern? Welche Bedeutung hat die private Unterbringung insgesamt f\u00fcr die \u00f6ffentlichen Versorgungssysteme f\u00fcr Kriegsfl\u00fcchtlinge?<\/a><\/p>\n<!-- \/wp:paragraph -->                                <\/div>\n                            <\/div>\n                        <\/div>\n                    <\/div>\n                                <\/div>\n        <\/div>\n    <\/div>\n<\/div>\n\n\n<ul class=\"wp-block-list\">\n<li>Zur\u00fcck zum <a href=\"https:\/\/sites.hslu.ch\/itc\/raum-gesellschaft\/\">ITC \u00abRaum &amp; Gesellschaft\u00bb<\/a><\/li>\n<\/ul>\n","protected":false},"excerpt":{"rendered":"<p>Dieses Fokusthema hilft bei der Realisierung eines nachhaltigen Wohnungswesens und eines diversen Angebots an innovativen Wohnformen, indem Bed\u00fcrfnisse und Trends analysiert, zeitgem\u00e4sse Konzepte entwickelt und die notwendigen Grundlagen sowie Handlungsempfehlungen f\u00fcr \u00f6ffentliche und private Entscheidungstr\u00e4ger:innen erarbeitet werden. Im Rahmen dieses Fokusthemas entstanden z. B. die Projekte Sozial nachhaltiges Wohnhochhaus und Kleinwohnformen. \u00abNachdem sich die Immobilienwirtschaft [&hellip;]<\/p>\n","protected":false},"author":110,"featured_media":0,"parent":1510,"menu_order":0,"comment_status":"closed","ping_status":"closed","template":"","meta":{"_acf_changed":false,"footnotes":""},"class_list":["post-1491","page","type-page","status-publish","hentry"],"acf":[],"_links":{"self":[{"href":"https:\/\/sites.hslu.ch\/itc\/wp-json\/wp\/v2\/pages\/1491","targetHints":{"allow":["GET"]}}],"collection":[{"href":"https:\/\/sites.hslu.ch\/itc\/wp-json\/wp\/v2\/pages"}],"about":[{"href":"https:\/\/sites.hslu.ch\/itc\/wp-json\/wp\/v2\/types\/page"}],"author":[{"embeddable":true,"href":"https:\/\/sites.hslu.ch\/itc\/wp-json\/wp\/v2\/users\/110"}],"replies":[{"embeddable":true,"href":"https:\/\/sites.hslu.ch\/itc\/wp-json\/wp\/v2\/comments?post=1491"}],"version-history":[{"count":40,"href":"https:\/\/sites.hslu.ch\/itc\/wp-json\/wp\/v2\/pages\/1491\/revisions"}],"predecessor-version":[{"id":3068,"href":"https:\/\/sites.hslu.ch\/itc\/wp-json\/wp\/v2\/pages\/1491\/revisions\/3068"}],"up":[{"embeddable":true,"href":"https:\/\/sites.hslu.ch\/itc\/wp-json\/wp\/v2\/pages\/1510"}],"wp:attachment":[{"href":"https:\/\/sites.hslu.ch\/itc\/wp-json\/wp\/v2\/media?parent=1491"}],"curies":[{"name":"wp","href":"https:\/\/api.w.org\/{rel}","templated":true}]}}