{"id":1384,"date":"2023-02-01T09:20:54","date_gmt":"2023-02-01T09:20:54","guid":{"rendered":"https:\/\/sites.hslu.ch\/itc\/?page_id=1384"},"modified":"2023-03-27T07:54:22","modified_gmt":"2023-03-27T07:54:22","slug":"augmented-planning","status":"publish","type":"page","link":"https:\/\/sites.hslu.ch\/itc\/raum-gesellschaft\/fokusthema-baukultur-in-der-gemeinde-stadt-und-regionalentwicklung\/augmented-planning\/","title":{"rendered":"Augmented Planning"},"content":{"rendered":"\n<p><br>Bei \u00f6ffentlichen Planungs- und Bauvorhaben ist ein breites Spektrum von Stakeholdern aus unterschiedlichen Bereichen beteiligt. Um zu breit abgest\u00fctzten L\u00f6sungen zu kommen, m\u00fcssen alle Beteiligten die M\u00f6glichkeit erhalten, sich aktiv an einer solchen Planung beteiligen zu k\u00f6nnen. Der Einsatz von Augmented Reality er\u00f6ffnet hierzu vielversprechende neue Mehrwerte in der Raumentwicklung und Stadtplanung: Die Anwendungen haben das Potenzial, die Abstraktionsl\u00fccke zwischen Planung und der Realisierung anschaulich zu schliessen. Bisher fehlen dazu mehrheitlich das ganzheitliche methodische Fachwissen wie auch kollaborative AR-Tools f\u00fcr einen qualitativen Einsatz in der Planungspraxis. In diesem Innovationsprojekt wird erstmalig die visuelle und akustische Planungsebene mittels AR anwendungsorientiert erforscht und entwickelt. In einem interdisziplin\u00e4ren Cluster werden die drei Fach- und T\u00e4tigkeitsbereiche 3D- &amp; 4D-Planung, L\u00e4rmschutz &amp; Umweltakustik und die Planung \u00f6ffentlicher R\u00e4ume mit der Methodenerweiterung durch AR zusammengebracht. Ziel ist die Entwicklung eines modularen AR-Toolkits, um die Planung im Raum innovativ zu erweitern.<\/p>\n\n\n\n<div class=\"row\">\n\t<div class=\"col-12 col-lg-8 ml-190 pl-100 pr-100\">\n\t\t<div class=\"swiper__responsive-container \">\n\t\t\t<div class=\"swiper__responsive-wrapper\">\n\t\t\t\t<div class=\"swiper mainSwiper\">\n\t\t\t\t\t<div class=\"swiper-wrapper\">\n\t\t\t\t\t\t\t\t\t\t\t\t\t\t\t\t\t\t\t\t<div class=\"swiper-slide\">\n\t\t\t\t\t\t\t\t<figure class=\"slide-figure\">\n\t\t\t\t\t\t\t\t\t<img decoding=\"async\" class=\"slide-image\" src=\"https:\/\/sites.hslu.ch\/itc\/wp-content\/uploads\/sites\/2\/2023\/02\/Augmented-Planning.jpg\" alt=\"AR in der Stadtplanung\">\n\t\t\t\t\t\t\t\t\t<figcaption class=\"slide-caption\"><span>Augmented Planning macht raumplanerische Ver\u00e4nderungen direkt wahrnehmbar.<\/span><\/figcaption>\n\t\t\t\t\t\t\t\t<\/figure>\n\t\t\t\t\t\t\t\t<div class=\"slide-action-container\">\n\t\t\t\t\t\t\t\t\t<div class=\"slide-action slide-action-zoom\" data-id=\"69e376dec1e2f\">\uf188<\/div>\n\t\t\t\t\t\t\t\t\t\t\t\t\t\t\t\t\t<\/div>\n\t\t\t\t\t\t\t<\/div>\n\t\t\t\t\t\t\t\t\t\t\t\t\t\t\t\t\t\t\t\t<div class=\"swiper-slide\">\n\t\t\t\t\t\t\t\t<figure class=\"slide-figure\">\n\t\t\t\t\t\t\t\t\t<img decoding=\"async\" class=\"slide-image\" src=\"https:\/\/sites.hslu.ch\/itc\/wp-content\/uploads\/sites\/2\/2023\/02\/HSLU_Stadt-Luzern_AR-Bahnhofstrasse_Baumreihe-01.jpg\" alt=\"Bilder B\u00e4ume in der Stadt Luzern\">\n\t\t\t\t\t\t\t\t\t<figcaption class=\"slide-caption\"><span>Impressionen aus der Stadt Luzern<\/span><\/figcaption>\n\t\t\t\t\t\t\t\t<\/figure>\n\t\t\t\t\t\t\t\t<div class=\"slide-action-container\">\n\t\t\t\t\t\t\t\t\t<div class=\"slide-action slide-action-zoom\" data-id=\"69e376dec1e2f\">\uf188<\/div>\n\t\t\t\t\t\t\t\t\t\t\t\t\t\t\t\t\t<\/div>\n\t\t\t\t\t\t\t<\/div>\n\t\t\t\t\t\t\t\t\t\t\t\t\t\t\t\t\t\t\t\t<div class=\"swiper-slide\">\n\t\t\t\t\t\t\t\t<figure class=\"slide-figure\">\n\t\t\t\t\t\t\t\t\t<img decoding=\"async\" class=\"slide-image\" src=\"https:\/\/sites.hslu.ch\/itc\/wp-content\/uploads\/sites\/2\/2023\/02\/Glarus_Linthsteg.jpg\" alt=\"Linthsteg im Kanton Glaurs\">\n\t\t\t\t\t\t\t\t\t<figcaption class=\"slide-caption\"><span>Impressionen vom Kanton Glarus<\/span><\/figcaption>\n\t\t\t\t\t\t\t\t<\/figure>\n\t\t\t\t\t\t\t\t<div class=\"slide-action-container\">\n\t\t\t\t\t\t\t\t\t<div class=\"slide-action slide-action-zoom\" data-id=\"69e376dec1e2f\">\uf188<\/div>\n\t\t\t\t\t\t\t\t\t\t\t\t\t\t\t\t\t<\/div>\n\t\t\t\t\t\t\t<\/div>\n\t\t\t\t\t\t\t\t\t\t\t<\/div>\n\t\t\t\t\t<div class=\"swiper-button-prev\"><\/div>\n\t\t\t\t\t<div class=\"swiper-button-next\"><\/div>\n\t\t\t\t<\/div>\n\t\t\t\t<div class=\"swiper-pagination\"><\/div>\n\t\t\t<\/div>\n\t\t<\/div>\n\t<\/div>\n<\/div>\n\n<div class=\"zoom-container\" data-id=\"69e376dec1e2f\">\n\t<div class=\"zoom-container-inner\">\n\t\t<div class=\"zoom-responsive-container\">\n\t\t\t<div class=\"zoom-wrapper\">\n\t\t\t\t<div class=\"swiper zoomSwiper\">\n\t\t\t\t\t<div class=\"swiper-wrapper\">\n\t\t\t\t\t\t\t\t\t\t\t\t\t\t\t\t\t\t\t\t<div class=\"swiper-slide\">\n\t\t\t\t\t\t\t\t<figure class=\"slide-figure\">\n\t\t\t\t\t\t\t\t\t<img decoding=\"async\" class=\"slide-image\" src=\"https:\/\/sites.hslu.ch\/itc\/wp-content\/uploads\/sites\/2\/2023\/02\/Augmented-Planning.jpg\" alt=\"AR in der Stadtplanung\">\n\t\t\t\t\t\t\t\t\t<figcaption class=\"slide-caption\"><span>Augmented Planning macht raumplanerische Ver\u00e4nderungen direkt wahrnehmbar.<\/span><\/figcaption>\n\t\t\t\t\t\t\t\t<\/figure>\n\t\t\t\t\t\t\t\t<div class=\"slide-action-container\">\n\t\t\t\t\t\t\t\t\t<div class=\"slide-action zoom-action-close\">\uf189<\/div>\n\t\t\t\t\t\t\t\t\t\t\t\t\t\t\t\t\t<\/div>\n\t\t\t\t\t\t\t<\/div>\n\t\t\t\t\t\t\t\t\t\t\t\t\t\t\t\t\t\t\t\t<div class=\"swiper-slide\">\n\t\t\t\t\t\t\t\t<figure class=\"slide-figure\">\n\t\t\t\t\t\t\t\t\t<img decoding=\"async\" class=\"slide-image\" src=\"https:\/\/sites.hslu.ch\/itc\/wp-content\/uploads\/sites\/2\/2023\/02\/HSLU_Stadt-Luzern_AR-Bahnhofstrasse_Baumreihe-01.jpg\" alt=\"Bilder B\u00e4ume in der Stadt Luzern\">\n\t\t\t\t\t\t\t\t\t<figcaption class=\"slide-caption\"><span>Impressionen aus der Stadt Luzern<\/span><\/figcaption>\n\t\t\t\t\t\t\t\t<\/figure>\n\t\t\t\t\t\t\t\t<div class=\"slide-action-container\">\n\t\t\t\t\t\t\t\t\t<div class=\"slide-action zoom-action-close\">\uf189<\/div>\n\t\t\t\t\t\t\t\t\t\t\t\t\t\t\t\t\t<\/div>\n\t\t\t\t\t\t\t<\/div>\n\t\t\t\t\t\t\t\t\t\t\t\t\t\t\t\t\t\t\t\t<div class=\"swiper-slide\">\n\t\t\t\t\t\t\t\t<figure class=\"slide-figure\">\n\t\t\t\t\t\t\t\t\t<img decoding=\"async\" class=\"slide-image\" src=\"https:\/\/sites.hslu.ch\/itc\/wp-content\/uploads\/sites\/2\/2023\/02\/Glarus_Linthsteg.jpg\" alt=\"Linthsteg im Kanton Glaurs\">\n\t\t\t\t\t\t\t\t\t<figcaption class=\"slide-caption\"><span>Impressionen vom Kanton Glarus<\/span><\/figcaption>\n\t\t\t\t\t\t\t\t<\/figure>\n\t\t\t\t\t\t\t\t<div class=\"slide-action-container\">\n\t\t\t\t\t\t\t\t\t<div class=\"slide-action zoom-action-close\">\uf189<\/div>\n\t\t\t\t\t\t\t\t\t\t\t\t\t\t\t\t\t<\/div>\n\t\t\t\t\t\t\t<\/div>\n\t\t\t\t\t\t\t\t\t\t\t<\/div>\n\t\t\t\t\t<div class=\"swiper-button-prev\"><\/div>\n\t\t\t\t\t<div class=\"swiper-button-next\"><\/div>\n\t\t\t\t<\/div>\n\t\t\t\t<div class=\"swiper-pagination\"><\/div>\n\t\t\t<\/div>\n\t\t<\/div>\n\t<\/div>\n<\/div>\n\n\n\n<h2 class=\"wp-block-heading\">Weiterf\u00fchrende Informationen<\/h2>\n\n\n\n<ul class=\"wp-block-list\">\n<li>Zur <a href=\"https:\/\/www.hslu.ch\/en\/lucerne-university-of-applied-sciences-and-arts\/research\/projects\/detail\/?pid=6239\" target=\"_blank\" rel=\"noreferrer noopener\">Projektdatenbank<\/a><\/li>\n\n\n\n<li>Zum Beitrag <a href=\"https:\/\/news.hslu.ch\/augmented-reality-raumplanung\/\" data-type=\"URL\" data-id=\"https:\/\/news.hslu.ch\/augmented-reality-raumplanung\/\" target=\"_blank\" rel=\"noreferrer noopener\">Revolution f\u00fcr die Raumplanung<\/a><\/li>\n\n\n\n<li>Zum <a href=\"https:\/\/youtu.be\/sqCou0VnOmc\" data-type=\"URL\" data-id=\"https:\/\/youtu.be\/sqCou0VnOmc\" target=\"_blank\" rel=\"noreferrer noopener\">Video<\/a><\/li>\n\n\n\n<li>Zur <a href=\"https:\/\/www.hslu.ch\/de-ch\/hochschule-luzern\/ueber-uns\/medien\/medienmitteilungen\/2022\/09\/15\/digitale-revolution-raumplanung\" target=\"_blank\" rel=\"noreferrer noopener\">Medienmitteilung<\/a><\/li>\n<\/ul>\n\n\n<div class=\"default__content__list-block\">\n        \t\t    <h2 class=\"default--content--list-block--title\">Beteiligte Forschende der HSLU<\/h2>\n        <ul>\n\t                        <li>Department Design &amp; Kunst: Tobias Matter, Christian Schnellmann, Christoph Schneider, Samuel Frei<\/li>\n\t                        <li>Department Informatik: Dario Lanfranconi, Richard Wetzel<\/li>\n\t                        <li>Department Soziale Arbeit: Stefanie M\u00fcller<\/li>\n\t                <\/ul>\n\t\t    <h2 class=\"default--content--list-block--title\"><\/h2>\n        <ul>\n\t                <\/ul>\n\t\t    <h2 class=\"default--content--list-block--title\">Externe Partner<\/h2>\n        <ul>\n\t                        <li>Innosuisse, Planteam S AG, SINUS AG, Stadt Luzern<\/li>\n\t                <\/ul>\n\t    <\/div>\n\n\n\n<ul class=\"wp-block-list\">\n<li>Zur\u00fcck zum  <a href=\"https:\/\/sites.hslu.ch\/itc\/raum-gesellschaft\/fokusthema-baukultur-in-der-gemeinde-stadt-und-regionalentwicklung\/\" data-type=\"page\" data-id=\"1650\">Fokusthema Baukultur in der Gemeinde-, Stadt- &amp; Regionalentwicklung<\/a><\/li>\n<\/ul>\n","protected":false},"excerpt":{"rendered":"<p>Bei \u00f6ffentlichen Planungs- und Bauvorhaben ist ein breites Spektrum von Stakeholdern aus unterschiedlichen Bereichen beteiligt. Um zu breit abgest\u00fctzten L\u00f6sungen zu kommen, m\u00fcssen alle Beteiligten die M\u00f6glichkeit erhalten, sich aktiv an einer solchen Planung beteiligen zu k\u00f6nnen. Der Einsatz von Augmented Reality er\u00f6ffnet hierzu vielversprechende neue Mehrwerte in der Raumentwicklung und Stadtplanung: Die Anwendungen haben [&hellip;]<\/p>\n","protected":false},"author":110,"featured_media":1394,"parent":1650,"menu_order":0,"comment_status":"closed","ping_status":"closed","template":"","meta":{"_acf_changed":false,"footnotes":""},"class_list":["post-1384","page","type-page","status-publish","has-post-thumbnail","hentry"],"acf":[],"_links":{"self":[{"href":"https:\/\/sites.hslu.ch\/itc\/wp-json\/wp\/v2\/pages\/1384","targetHints":{"allow":["GET"]}}],"collection":[{"href":"https:\/\/sites.hslu.ch\/itc\/wp-json\/wp\/v2\/pages"}],"about":[{"href":"https:\/\/sites.hslu.ch\/itc\/wp-json\/wp\/v2\/types\/page"}],"author":[{"embeddable":true,"href":"https:\/\/sites.hslu.ch\/itc\/wp-json\/wp\/v2\/users\/110"}],"replies":[{"embeddable":true,"href":"https:\/\/sites.hslu.ch\/itc\/wp-json\/wp\/v2\/comments?post=1384"}],"version-history":[{"count":40,"href":"https:\/\/sites.hslu.ch\/itc\/wp-json\/wp\/v2\/pages\/1384\/revisions"}],"predecessor-version":[{"id":2402,"href":"https:\/\/sites.hslu.ch\/itc\/wp-json\/wp\/v2\/pages\/1384\/revisions\/2402"}],"up":[{"embeddable":true,"href":"https:\/\/sites.hslu.ch\/itc\/wp-json\/wp\/v2\/pages\/1650"}],"wp:featuredmedia":[{"embeddable":true,"href":"https:\/\/sites.hslu.ch\/itc\/wp-json\/wp\/v2\/media\/1394"}],"wp:attachment":[{"href":"https:\/\/sites.hslu.ch\/itc\/wp-json\/wp\/v2\/media?parent=1384"}],"curies":[{"name":"wp","href":"https:\/\/api.w.org\/{rel}","templated":true}]}}