{"id":6855,"date":"2025-04-23T13:50:40","date_gmt":"2025-04-23T11:50:40","guid":{"rendered":"https:\/\/sites.hslu.ch\/immersive-realities\/?page_id=6855"},"modified":"2025-04-23T13:57:50","modified_gmt":"2025-04-23T11:57:50","slug":"workshop-technologieeinschatzung","status":"publish","type":"page","link":"https:\/\/sites.hslu.ch\/immersive-realities\/workshop-technologieeinschatzung\/","title":{"rendered":"Workshop Technologieeinsch\u00e4tzung"},"content":{"rendered":"\n<div class=\"wp-block-columns is-layout-flex wp-container-core-columns-is-layout-9d6595d7 wp-block-columns-is-layout-flex\">\n<div class=\"wp-block-column is-layout-flow wp-block-column-is-layout-flow\" style=\"flex-basis:80%\">\n<h1 class=\"wp-block-heading has-text-align-center\">XR-Technologie sinnvoll und nutzbringend implementieren<\/h1>\n\n\n\n<p>In unserem Workshop <strong>Technologieeinsch\u00e4tzung<\/strong> evaluieren wir gemeinsam mit Ihnen, ob Ihre Produkt- oder Prozessidee sinnvoll, nutzbringend und umsetzbar ist. So schaffen wir eine fundierte Basis f\u00fcr Ihre Innovationsentscheidung.<\/p>\n\n\n\n<p><strong>Gestaltungsrahmen<\/strong>:<\/p>\n\n\n\n<ul class=\"wp-block-list\">\n<li><strong>Dauer:<\/strong> 2 Halbtage (mit ca. 1 Woche Abstand dazwischen)<\/li>\n\n\n\n<li><strong>Teilnehmerzahl:<\/strong> ca. 5-8 Personen (seitens Kunde)&nbsp;<\/li>\n\n\n\n<li><strong>Zusammensetzung:<\/strong> m\u00f6glichst aus verschiedenen Bereichen der Produkt- oder Prozessentwicklung<\/li>\n\n\n\n<li><strong>Ort:<\/strong> idealerweise am Immersive Realities Center<\/li>\n<\/ul>\n\n\n\n<p>Gerne definieren wir gemeinsam mit Ihnen vorab die Grundlagen und Voraussetzungen f\u00fcr den Gestaltungsrahmen.<\/p>\n\n\n\n<p><strong>Vorbereitung<\/strong>:<\/p>\n\n\n\n<ul class=\"wp-block-list\">\n<li>Kurze Beschreibung der aktuellen Situation (auf Wunsch recherchieren wir f\u00fcr Sie relevante Inhalte)<\/li>\n<\/ul>\n\n\n\n<p><strong>Durchf\u00fchrung\/Programm:<\/strong><\/p>\n\n\n\n<ul class=\"wp-block-list\">\n<li>BAK-Analyse (ca. 2 Stunden)&nbsp;<\/li>\n\n\n\n<li>Beschreibung der aktuellen Situation (IST-Zustand)&nbsp;<\/li>\n\n\n\n<li>Aktueller Einsatz der relevanten Technologie (Insights durch Demo)&nbsp;<\/li>\n\n\n\n<li>Erwarteter zuk\u00fcnftiger Einsatz der Technologie (SOLL-Zustand)&nbsp;<\/li>\n\n\n\n<li>Erste Einsch\u00e4tzung des Aufwands&nbsp;<\/li>\n\n\n\n<li>Konkrete Festlegung der n\u00e4chsten Schritte&nbsp;<\/li>\n<\/ul>\n\n\n\n<p><strong>Zusammenfassung:<\/strong><\/p>\n\n\n\n<ul class=\"wp-block-list\">\n<li>Erstellung Kurzfassung mit pers\u00f6nlichen Einsch\u00e4tzungen der Teilnehmenden<\/li>\n<\/ul>\n\n\n\n<p><strong>Nachbereitung:<\/strong><\/p>\n\n\n\n<ul class=\"wp-block-list\">\n<li>Fotoprotokoll der Ergebnisse<\/li>\n<\/ul>\n\n\n\n<p><strong>Kosten:<\/strong><br><strong>CHF 4&#8217;800.-<\/strong> (zzgl. CHF 150.- f\u00fcr Material und Verpflegung)<\/p>\n\n\n\n<p><strong>Kontakt:<\/strong><br><strong>Markus Zank<\/strong>, <a href=\"tel:+41412282453\">+41 41 228 24 53<\/a>, <a href=\"mailto&#58;&#109;&#97;&#114;&#107;&#117;&#115;&#x2e;&#x7a;&#x61;&#x6e;&#x6b;&#x40;&#x68;&#x73;&#x6c;&#x75;&#x2e;&#x63;h\">E-Mail<\/a><\/p>\n<\/div>\n<\/div>\n","protected":false},"excerpt":{"rendered":"<p>XR-Technologie sinnvoll und nutzbringend implementieren In unserem Workshop Technologieeinsch\u00e4tzung evaluieren wir gemeinsam mit Ihnen, ob Ihre Produkt- oder Prozessidee sinnvoll, nutzbringend und umsetzbar ist. So schaffen wir&hellip;<\/p>\n<p> <a class=\"more-link\" href=\"https:\/\/sites.hslu.ch\/immersive-realities\/workshop-technologieeinschatzung\/\">Weiterlesen<\/a><\/p>\n","protected":false},"author":159,"featured_media":6857,"parent":0,"menu_order":0,"comment_status":"closed","ping_status":"closed","template":"","meta":{"_acf_changed":false,"footnotes":""},"class_list":["post-6855","page","type-page","status-publish","has-post-thumbnail"],"acf":[],"yoast_head":"<!-- This site is optimized with the Yoast SEO plugin v27.3 - https:\/\/yoast.com\/product\/yoast-seo-wordpress\/ -->\n<title>Workshop Technologieeinsch\u00e4tzung - Immersive Realities Center<\/title>\n<meta name=\"description\" content=\"Mit nutzerzentrierten Methoden unterst\u00fctzen wir Projekte, damit Mensch-Maschine Interaktionen m\u00f6glichst einfach und intuitiv gestaltet werden\u00a0\" \/>\n<meta name=\"robots\" content=\"index, follow, max-snippet:-1, max-image-preview:large, max-video-preview:-1\" \/>\n<link rel=\"canonical\" href=\"https:\/\/sites.hslu.ch\/immersive-realities\/workshop-technologieeinschatzung\/\" \/>\n<meta property=\"og:locale\" content=\"de_DE\" \/>\n<meta property=\"og:type\" content=\"article\" \/>\n<meta property=\"og:title\" content=\"Workshop Technologieeinsch\u00e4tzung - Immersive Realities Center\" \/>\n<meta property=\"og:description\" content=\"Mit nutzerzentrierten Methoden unterst\u00fctzen wir Projekte, damit Mensch-Maschine Interaktionen m\u00f6glichst einfach und intuitiv gestaltet werden\u00a0\" \/>\n<meta property=\"og:url\" content=\"https:\/\/sites.hslu.ch\/immersive-realities\/workshop-technologieeinschatzung\/\" \/>\n<meta property=\"og:site_name\" content=\"Immersive Realities Center\" \/>\n<meta property=\"article:modified_time\" content=\"2025-04-23T11:57:50+00:00\" \/>\n<meta property=\"og:image\" content=\"https:\/\/sites.hslu.ch\/immersive-realities\/wp-content\/uploads\/sites\/15\/2025\/04\/IMG_20230915_135135-scaled.jpg\" \/>\n\t<meta property=\"og:image:width\" content=\"2560\" \/>\n\t<meta property=\"og:image:height\" content=\"1920\" \/>\n\t<meta property=\"og:image:type\" content=\"image\/jpeg\" \/>\n<meta name=\"twitter:card\" content=\"summary_large_image\" \/>\n<meta name=\"twitter:label1\" content=\"Gesch\u00e4tzte Lesezeit\" \/>\n\t<meta name=\"twitter:data1\" content=\"2\u00a0Minuten\" \/>\n<script type=\"application\/ld+json\" class=\"yoast-schema-graph\">{\"@context\":\"https:\\\/\\\/schema.org\",\"@graph\":[{\"@type\":\"WebPage\",\"@id\":\"https:\\\/\\\/sites.hslu.ch\\\/immersive-realities\\\/workshop-technologieeinschatzung\\\/\",\"url\":\"https:\\\/\\\/sites.hslu.ch\\\/immersive-realities\\\/workshop-technologieeinschatzung\\\/\",\"name\":\"Workshop Technologieeinsch\u00e4tzung - Immersive Realities Center\",\"isPartOf\":{\"@id\":\"https:\\\/\\\/sites.hslu.ch\\\/immersive-realities\\\/#website\"},\"primaryImageOfPage\":{\"@id\":\"https:\\\/\\\/sites.hslu.ch\\\/immersive-realities\\\/workshop-technologieeinschatzung\\\/#primaryimage\"},\"image\":{\"@id\":\"https:\\\/\\\/sites.hslu.ch\\\/immersive-realities\\\/workshop-technologieeinschatzung\\\/#primaryimage\"},\"thumbnailUrl\":\"https:\\\/\\\/sites.hslu.ch\\\/immersive-realities\\\/wp-content\\\/uploads\\\/sites\\\/15\\\/2025\\\/04\\\/IMG_20230915_135135-scaled.jpg\",\"datePublished\":\"2025-04-23T11:50:40+00:00\",\"dateModified\":\"2025-04-23T11:57:50+00:00\",\"description\":\"Mit nutzerzentrierten Methoden unterst\u00fctzen wir Projekte, damit Mensch-Maschine Interaktionen m\u00f6glichst einfach und intuitiv gestaltet werden\u00a0\",\"breadcrumb\":{\"@id\":\"https:\\\/\\\/sites.hslu.ch\\\/immersive-realities\\\/workshop-technologieeinschatzung\\\/#breadcrumb\"},\"inLanguage\":\"de\",\"potentialAction\":[{\"@type\":\"ReadAction\",\"target\":[\"https:\\\/\\\/sites.hslu.ch\\\/immersive-realities\\\/workshop-technologieeinschatzung\\\/\"]}]},{\"@type\":\"ImageObject\",\"inLanguage\":\"de\",\"@id\":\"https:\\\/\\\/sites.hslu.ch\\\/immersive-realities\\\/workshop-technologieeinschatzung\\\/#primaryimage\",\"url\":\"https:\\\/\\\/sites.hslu.ch\\\/immersive-realities\\\/wp-content\\\/uploads\\\/sites\\\/15\\\/2025\\\/04\\\/IMG_20230915_135135-scaled.jpg\",\"contentUrl\":\"https:\\\/\\\/sites.hslu.ch\\\/immersive-realities\\\/wp-content\\\/uploads\\\/sites\\\/15\\\/2025\\\/04\\\/IMG_20230915_135135-scaled.jpg\",\"width\":2560,\"height\":1920},{\"@type\":\"BreadcrumbList\",\"@id\":\"https:\\\/\\\/sites.hslu.ch\\\/immersive-realities\\\/workshop-technologieeinschatzung\\\/#breadcrumb\",\"itemListElement\":[{\"@type\":\"ListItem\",\"position\":1,\"name\":\"Home\",\"item\":\"https:\\\/\\\/sites.hslu.ch\\\/immersive-realities\\\/\"},{\"@type\":\"ListItem\",\"position\":2,\"name\":\"Workshop Technologieeinsch\u00e4tzung\"}]},{\"@type\":\"WebSite\",\"@id\":\"https:\\\/\\\/sites.hslu.ch\\\/immersive-realities\\\/#website\",\"url\":\"https:\\\/\\\/sites.hslu.ch\\\/immersive-realities\\\/\",\"name\":\"Immersive Realities Center\",\"description\":\"\",\"publisher\":{\"@id\":\"https:\\\/\\\/sites.hslu.ch\\\/immersive-realities\\\/#organization\"},\"potentialAction\":[{\"@type\":\"SearchAction\",\"target\":{\"@type\":\"EntryPoint\",\"urlTemplate\":\"https:\\\/\\\/sites.hslu.ch\\\/immersive-realities\\\/?s={search_term_string}\"},\"query-input\":{\"@type\":\"PropertyValueSpecification\",\"valueRequired\":true,\"valueName\":\"search_term_string\"}}],\"inLanguage\":\"de\"},{\"@type\":\"Organization\",\"@id\":\"https:\\\/\\\/sites.hslu.ch\\\/immersive-realities\\\/#organization\",\"name\":\"Immersive Realities Center\",\"url\":\"https:\\\/\\\/sites.hslu.ch\\\/immersive-realities\\\/\",\"logo\":{\"@type\":\"ImageObject\",\"inLanguage\":\"de\",\"@id\":\"https:\\\/\\\/sites.hslu.ch\\\/immersive-realities\\\/#\\\/schema\\\/logo\\\/image\\\/\",\"url\":\"https:\\\/\\\/sites.hslu.ch\\\/immersive-realities\\\/wp-content\\\/uploads\\\/sites\\\/15\\\/2022\\\/06\\\/cropped-IR_schwarz.png\",\"contentUrl\":\"https:\\\/\\\/sites.hslu.ch\\\/immersive-realities\\\/wp-content\\\/uploads\\\/sites\\\/15\\\/2022\\\/06\\\/cropped-IR_schwarz.png\",\"width\":500,\"height\":166,\"caption\":\"Immersive Realities Center\"},\"image\":{\"@id\":\"https:\\\/\\\/sites.hslu.ch\\\/immersive-realities\\\/#\\\/schema\\\/logo\\\/image\\\/\"}}]}<\/script>\n<!-- \/ Yoast SEO plugin. -->","yoast_head_json":{"title":"Workshop Technologieeinsch\u00e4tzung - Immersive Realities Center","description":"Mit nutzerzentrierten Methoden unterst\u00fctzen wir Projekte, damit Mensch-Maschine Interaktionen m\u00f6glichst einfach und intuitiv gestaltet werden\u00a0","robots":{"index":"index","follow":"follow","max-snippet":"max-snippet:-1","max-image-preview":"max-image-preview:large","max-video-preview":"max-video-preview:-1"},"canonical":"https:\/\/sites.hslu.ch\/immersive-realities\/workshop-technologieeinschatzung\/","og_locale":"de_DE","og_type":"article","og_title":"Workshop Technologieeinsch\u00e4tzung - Immersive Realities Center","og_description":"Mit nutzerzentrierten Methoden unterst\u00fctzen wir Projekte, damit Mensch-Maschine Interaktionen m\u00f6glichst einfach und intuitiv gestaltet werden\u00a0","og_url":"https:\/\/sites.hslu.ch\/immersive-realities\/workshop-technologieeinschatzung\/","og_site_name":"Immersive Realities Center","article_modified_time":"2025-04-23T11:57:50+00:00","og_image":[{"width":2560,"height":1920,"url":"https:\/\/sites.hslu.ch\/immersive-realities\/wp-content\/uploads\/sites\/15\/2025\/04\/IMG_20230915_135135-scaled.jpg","type":"image\/jpeg"}],"twitter_card":"summary_large_image","twitter_misc":{"Gesch\u00e4tzte Lesezeit":"2\u00a0Minuten"},"schema":{"@context":"https:\/\/schema.org","@graph":[{"@type":"WebPage","@id":"https:\/\/sites.hslu.ch\/immersive-realities\/workshop-technologieeinschatzung\/","url":"https:\/\/sites.hslu.ch\/immersive-realities\/workshop-technologieeinschatzung\/","name":"Workshop Technologieeinsch\u00e4tzung - Immersive Realities Center","isPartOf":{"@id":"https:\/\/sites.hslu.ch\/immersive-realities\/#website"},"primaryImageOfPage":{"@id":"https:\/\/sites.hslu.ch\/immersive-realities\/workshop-technologieeinschatzung\/#primaryimage"},"image":{"@id":"https:\/\/sites.hslu.ch\/immersive-realities\/workshop-technologieeinschatzung\/#primaryimage"},"thumbnailUrl":"https:\/\/sites.hslu.ch\/immersive-realities\/wp-content\/uploads\/sites\/15\/2025\/04\/IMG_20230915_135135-scaled.jpg","datePublished":"2025-04-23T11:50:40+00:00","dateModified":"2025-04-23T11:57:50+00:00","description":"Mit nutzerzentrierten Methoden unterst\u00fctzen wir Projekte, damit Mensch-Maschine Interaktionen m\u00f6glichst einfach und intuitiv gestaltet werden\u00a0","breadcrumb":{"@id":"https:\/\/sites.hslu.ch\/immersive-realities\/workshop-technologieeinschatzung\/#breadcrumb"},"inLanguage":"de","potentialAction":[{"@type":"ReadAction","target":["https:\/\/sites.hslu.ch\/immersive-realities\/workshop-technologieeinschatzung\/"]}]},{"@type":"ImageObject","inLanguage":"de","@id":"https:\/\/sites.hslu.ch\/immersive-realities\/workshop-technologieeinschatzung\/#primaryimage","url":"https:\/\/sites.hslu.ch\/immersive-realities\/wp-content\/uploads\/sites\/15\/2025\/04\/IMG_20230915_135135-scaled.jpg","contentUrl":"https:\/\/sites.hslu.ch\/immersive-realities\/wp-content\/uploads\/sites\/15\/2025\/04\/IMG_20230915_135135-scaled.jpg","width":2560,"height":1920},{"@type":"BreadcrumbList","@id":"https:\/\/sites.hslu.ch\/immersive-realities\/workshop-technologieeinschatzung\/#breadcrumb","itemListElement":[{"@type":"ListItem","position":1,"name":"Home","item":"https:\/\/sites.hslu.ch\/immersive-realities\/"},{"@type":"ListItem","position":2,"name":"Workshop Technologieeinsch\u00e4tzung"}]},{"@type":"WebSite","@id":"https:\/\/sites.hslu.ch\/immersive-realities\/#website","url":"https:\/\/sites.hslu.ch\/immersive-realities\/","name":"Immersive Realities Center","description":"","publisher":{"@id":"https:\/\/sites.hslu.ch\/immersive-realities\/#organization"},"potentialAction":[{"@type":"SearchAction","target":{"@type":"EntryPoint","urlTemplate":"https:\/\/sites.hslu.ch\/immersive-realities\/?s={search_term_string}"},"query-input":{"@type":"PropertyValueSpecification","valueRequired":true,"valueName":"search_term_string"}}],"inLanguage":"de"},{"@type":"Organization","@id":"https:\/\/sites.hslu.ch\/immersive-realities\/#organization","name":"Immersive Realities Center","url":"https:\/\/sites.hslu.ch\/immersive-realities\/","logo":{"@type":"ImageObject","inLanguage":"de","@id":"https:\/\/sites.hslu.ch\/immersive-realities\/#\/schema\/logo\/image\/","url":"https:\/\/sites.hslu.ch\/immersive-realities\/wp-content\/uploads\/sites\/15\/2022\/06\/cropped-IR_schwarz.png","contentUrl":"https:\/\/sites.hslu.ch\/immersive-realities\/wp-content\/uploads\/sites\/15\/2022\/06\/cropped-IR_schwarz.png","width":500,"height":166,"caption":"Immersive Realities Center"},"image":{"@id":"https:\/\/sites.hslu.ch\/immersive-realities\/#\/schema\/logo\/image\/"}}]}},"_links":{"self":[{"href":"https:\/\/sites.hslu.ch\/immersive-realities\/wp-json\/wp\/v2\/pages\/6855","targetHints":{"allow":["GET"]}}],"collection":[{"href":"https:\/\/sites.hslu.ch\/immersive-realities\/wp-json\/wp\/v2\/pages"}],"about":[{"href":"https:\/\/sites.hslu.ch\/immersive-realities\/wp-json\/wp\/v2\/types\/page"}],"author":[{"embeddable":true,"href":"https:\/\/sites.hslu.ch\/immersive-realities\/wp-json\/wp\/v2\/users\/159"}],"replies":[{"embeddable":true,"href":"https:\/\/sites.hslu.ch\/immersive-realities\/wp-json\/wp\/v2\/comments?post=6855"}],"version-history":[{"count":5,"href":"https:\/\/sites.hslu.ch\/immersive-realities\/wp-json\/wp\/v2\/pages\/6855\/revisions"}],"predecessor-version":[{"id":6990,"href":"https:\/\/sites.hslu.ch\/immersive-realities\/wp-json\/wp\/v2\/pages\/6855\/revisions\/6990"}],"wp:featuredmedia":[{"embeddable":true,"href":"https:\/\/sites.hslu.ch\/immersive-realities\/wp-json\/wp\/v2\/media\/6857"}],"wp:attachment":[{"href":"https:\/\/sites.hslu.ch\/immersive-realities\/wp-json\/wp\/v2\/media?parent=6855"}],"curies":[{"name":"wp","href":"https:\/\/api.w.org\/{rel}","templated":true}]}}