{"id":4760,"date":"2023-11-03T16:28:09","date_gmt":"2023-11-03T15:28:09","guid":{"rendered":"https:\/\/sites.hslu.ch\/immersive-realities\/?page_id=4760"},"modified":"2024-08-21T16:28:04","modified_gmt":"2024-08-21T14:28:04","slug":"unsere-partner","status":"publish","type":"page","link":"https:\/\/sites.hslu.ch\/immersive-realities\/unsere-partner\/","title":{"rendered":"Unsere Partner"},"content":{"rendered":"\n<div style=\"height:28px\" aria-hidden=\"true\" class=\"wp-block-spacer\"><\/div>\n\n\n\n<h2 class=\"wp-block-heading\">Gute Partnerschaften sind von zentraler Bedeutung f\u00fcr den Erfolg des Immersive Realities Center<\/h2>\n\n\n\n<div style=\"height:42px\" aria-hidden=\"true\" class=\"wp-block-spacer\"><\/div>\n\n\n\n<p>Wir legen grossen Wert auf Kooperationen, denn sie erm\u00f6glichen uns, wertvolle Einblicke,&nbsp;Ressourcen und Expertise zu gewinnen.\u200b Wir sind stolz darauf, mit einer breiten Palette von Industrieunternehmen, Bildungseinrichtungen&nbsp;und staatlichen Institutionen zusammenzuarbeiten.\u200b<\/p>\n\n\n\n<p>Hier finden Sie eine nicht abschliessende Liste unserer Partner, mit welchen wir \u00fcber die Jahre&nbsp;zusammengearbeitet haben.&nbsp;\u200b<\/p>\n\n\n\n<h2 class=\"wp-block-heading\">Partner aus KMU, Vereinen\u200b und privaten Organisationen<\/h2>\n\n\n\n<div style=\"height:23px\" aria-hidden=\"true\" class=\"wp-block-spacer\"><\/div>\n\n\n\n<figure class=\"wp-block-flexible-table-block-table projecttable\"><table class=\"has-fixed-layout\" style=\"width:auto\"><tbody><tr><td style=\"width:33%\"><strong><a href=\"https:\/\/afca.ch\/de\" target=\"_blank\" rel=\"noreferrer noopener\">afca.<\/a><\/strong><\/td><td>afca&nbsp;entwickelt Software und Dienstleistungen im Bereich Extended Reality. Mit adaptierten Cloud-L\u00f6sungen erstellt&nbsp;afca&nbsp;produktionsreife Software f\u00fcr eine nahtlose Integration in KMUs und gr\u00f6ssere&nbsp;Unternehmen, vorwiegend in der Schweiz. Mit \u00fcber 40 XR-Anwendungen positioniert sich&nbsp;afca&nbsp;als&nbsp;kompetenter Partner im Bereich Extended Reality und treibt angewandte Projekte im industriellen Kontext&nbsp;voran.<\/td><\/tr><tr><td style=\"width:33%\"><strong><a href=\"https:\/\/augment-it.com\/\" target=\"_blank\" rel=\"noreferrer noopener\">&nbsp;Augment IT<\/a><\/strong><\/td><td>Augment IT ist ein Schweizer Softwareunternehmen, das auf massgeschneiderte L\u00f6sungen in den Bereichen&nbsp;Virtual-, Augmented- und Mixed Reality spezialisiert ist. Sie entwickeln XR-Anwendungen&nbsp;f\u00fcr die Industrie, den Chemiebereich und das Transportwesen. Zu ihren Referenzen z\u00e4hlen Kunden&nbsp;wie \u00d6BB, Hilti,&nbsp;Arxada&nbsp;und die Schweizer Armee sowie lokale Partner wie die Stadt Z\u00fcrich und&nbsp;Kispi. <\/td><\/tr><tr><td style=\"width:33%\"><strong><a href=\"https:\/\/www.also.com\/ec\/cms5\/de_6110\/6110\/index.jsp\" target=\"_blank\" rel=\"noreferrer noopener\">ALSO Schweiz AG<\/a><\/strong><\/td><td>ALSO ist einer der f\u00fchrenden Technologie-Provider f\u00fcr die ITK-Industrie.<\/td><\/tr><tr><td style=\"width:33%\"><strong><a href=\"https:\/\/bienen.ch\/\" target=\"_blank\" rel=\"noreferrer noopener\">Bienen.ch<\/a><\/strong><\/td><td>bienen.ch ist die Webseite der Bienenorganisationen unter dem Dach von apisuisse, dem nationalen Dachverband der Schweizerischen Bienenz\u00fcchtervereine.<\/td><\/tr><tr><td style=\"width:33%\"><strong><a href=\"https:\/\/hegias.com\/\" target=\"_blank\" rel=\"noreferrer noopener\">HEGIAS AG<\/a><\/strong><\/td><td>Eine Plattform f\u00fcr die Erstellung und Pr\u00e4sentation von Immobilien- und Einrichtungsprojekten in der Virtual Reality.  HEGIAS erm\u00f6glicht die nahtlose Entwicklung von Prototypen und die Zusammenarbeit in virtuellen BIM-Meetings. Materialien, Gr\u00f6ssen und Farben k\u00f6nnen in VR getestet werden, was Zeit und Ressourcen spart. Sowohl Fachleute als auch Laien k\u00f6nnen Projekte immersiv erleben.<\/td><\/tr><tr><td style=\"width:33%\"><strong><a href=\"https:\/\/www.diekinderphysiotherapie.ch\/\" target=\"_blank\" rel=\"noreferrer noopener\">Kinderphysiotherapie&nbsp; Thomas Schumacher\u200b<\/a><\/strong><\/td><td>Physiotherapiepraxis f\u00fcr S\u00e4uglinge, Kinder und Jugendliche<\/td><\/tr><tr><td><a href=\"https:\/\/www.thesma.ch\/\" target=\"_blank\" rel=\"noreferrer noopener\"><strong>Thesma<\/strong><\/a><\/td><td><\/td><\/tr><tr><td style=\"width:33%\"><strong><a href=\"https:\/\/www.luks.ch\/\" target=\"_blank\" rel=\"noreferrer noopener\">Luzerner Kantonspital&nbsp;\u200b<\/a><\/strong><\/td><td>Abteilung Nuklearmedizin.<\/td><\/tr><tr><td style=\"width:33%\"><strong><a href=\"https:\/\/www.gryps.ch\/\" target=\"_blank\" rel=\"noreferrer noopener\">GRYPS<\/a><\/strong><\/td><td>Das Online-Portal f\u00fcr KMU mit Ratgeber, Beratung und Offertenvergleich.<\/td><\/tr><tr><td style=\"width:33%\"><strong><a href=\"https:\/\/www.building-excellence.ch\/de\/\" target=\"_blank\" rel=\"noreferrer noopener\">Switzerland&nbsp;Innovation\u200b<\/a><\/strong><\/td><td>Switzerland Innovation Park Central mit Fokus auf den Geb\u00e4ude- und Energiesektor.<\/td><\/tr><tr><td><strong><a href=\"https:\/\/metassociation.ch\/\" target=\"_blank\" rel=\"noreferrer noopener\">Swiss Metaverse Association<\/a><\/strong><\/td><td>Die Swiss Metaverse Association will ein breit abgest\u00fctztes Metaverse-\u00d6kosystem schaffen und setzt sich f\u00fcr g\u00fcnstige Rahmenbedingungen ein. Als Verein vernetzen wir die relevanten Akteure aus Wirtschaft, Gesellschaft, Wissenschaft und Politik, initiieren Projekte und f\u00f6rdern den Dialog und die Aufkl\u00e4rung. Die Schweiz soll als Zukunftsstandort einen bedeutenden Vorteil erlangen, so dass neue Gesch\u00e4ftsmodelle, Firmen und Arbeitspl\u00e4tze entstehen. Die HSLU ist Gr\u00fcndungsmitglied. <\/td><\/tr><tr><td><a href=\"http:\/\/www.braendi.ch\/\" target=\"_blank\" rel=\"noreferrer noopener\"><strong>Stiftung Br\u00e4ndi<\/strong><\/a><\/td><td>Eine als Stiftung gef\u00fchrte Non-Profit-Organisation. Die F\u00f6rderung der beruflichen, gesellschaftlichen und kulturellen Integration von Menschen mit Behinderungen steht im Zentrum ihrer T\u00e4tigkeit. <\/td><\/tr><\/tbody><\/table><\/figure>\n\n\n\n<div style=\"height:46px\" aria-hidden=\"true\" class=\"wp-block-spacer\"><\/div>\n\n\n\n<h2 class=\"wp-block-heading\">Partner aus Kunst &amp; Kultur\u200b<\/h2>\n\n\n\n<figure class=\"wp-block-flexible-table-block-table projecttable\"><table class=\"has-fixed-layout\"><tbody><tr><td style=\"width:33%\"><strong><a href=\"https:\/\/www.kleintheater.ch\/de\" target=\"_blank\" rel=\"noreferrer noopener\">Kleintheater Luzern<\/a><\/strong><\/td><td>Ein Kulturort in der Zentralschweiz mit einem breiten Spektrum von Sprech-, Musik- und Tanztheater \u00fcber Kabarett bis hin zu Kindertheater, Musik und Literatur.  Es ist offen f\u00fcr neue Tendenzen und Experimente, die auf der B\u00fchne pr\u00e4sentiert und diskutiert werden. Als Erg\u00e4nzung zum regul\u00e4ren Spielplan lancierte das Kleintheater das Format \u00abDigitale B\u00fchne\u00bb.<\/td><\/tr><tr><td><a href=\"https:\/\/www.kathluzern.ch\/meine-kirche\/pfarreien-standorte\/peterskapelle\" target=\"_blank\" rel=\"noreferrer noopener\"><strong>Peterskapelle<\/strong><\/a><\/td><td>Die \u00e4lteste Luzerner Kirche.<\/td><\/tr><tr><td><a href=\"https:\/\/www.hexenmuseum.ch\/\" target=\"_blank\" rel=\"noreferrer noopener\"><strong>Hexenmuseum<\/strong><\/a><\/td><td>Das Hexenmuseum Schweiz in Gr\u00e4nichen AG ist ein Museum, in welchem die Hexenprozesse in der Schweiz und in Europa und deren Auswirkungen auf die heutige Zeit gezeigt werden.<\/td><\/tr><tr><td><a href=\"https:\/\/www.aargauerkunsthaus.ch\/\" target=\"_blank\" rel=\"noreferrer noopener\"><strong>Aargauer Kunsthaus<\/strong><\/a><\/td><td>Das Aargauer Kunsthaus ist ein Kunstmuseum in der Schweiz.<\/td><\/tr><\/tbody><\/table><\/figure>\n\n\n\n<h2 class=\"wp-block-heading\">Bildungseinrichtungen\u200b<\/h2>\n\n\n\n<figure class=\"wp-block-flexible-table-block-table projecttable\"><table class=\"has-fixed-layout\"><tbody><tr><td style=\"width:33%\"><strong><a href=\"https:\/\/beruf.lu.ch\/Berufslehre\/Berufslehre_im_Betrieb\/Berufsfachschule\/berufsbildungszentren\/bbzb\" target=\"_blank\" rel=\"noreferrer noopener\">BBZB<\/a><\/strong><\/td><td>Berufsbildungszentrum Bau und Gewerbe &#8211; Luzern<\/td><\/tr><tr><td style=\"width:33%\"><strong><a href=\"https:\/\/www.zg.ch\/behoerden\/volkswirtschaftsdirektion\/gibz\" target=\"_blank\" rel=\"noreferrer noopener\">GIBZ<\/a><\/strong><\/td><td>Am Gewerblich-\u200bindustriellen Bildungszentrum Zug<\/td><\/tr><tr><td style=\"width:33%\"><strong><a href=\"https:\/\/www.phlu.ch\/\" target=\"_blank\" rel=\"noreferrer noopener\">PH Luzern\u200b<\/a><\/strong><\/td><td>P\u00e4dagogische Hochschule Luzern<\/td><\/tr><tr><td style=\"width:33%\"><strong>Schulhaus&nbsp;Moosmatt\u200b<\/strong><\/td><td>Schule in der Stadt Luzern<\/td><\/tr><tr><td style=\"width:33%\"><strong><a href=\"https:\/\/www.zhaw.ch\/de\/hochschule\/\" target=\"_blank\" rel=\"noreferrer noopener\">ZHAW<\/a><\/strong><\/td><td>Z\u00fcrcher Hochschule f\u00fcr Angewandte Wissenschaften<\/td><\/tr><\/tbody><\/table><\/figure>\n\n\n\n<h2 class=\"wp-block-heading\">Staatliche Institutionen\u200b<\/h2>\n\n\n\n<figure class=\"wp-block-flexible-table-block-table projecttable\"><table class=\"has-fixed-layout\"><tbody><tr><td style=\"width:33%\"><strong><a href=\"https:\/\/www.bzga.de\/\" target=\"_blank\" rel=\"noreferrer noopener\">Bundeszentrale f\u00fcr Gesundheit und Aufkl\u00e4rung<\/a>\u200b<\/strong><\/td><td>Die&nbsp;Bundeszentrale&nbsp;f\u00fcr gesundheitliche&nbsp;Aufkl\u00e4rung&nbsp;ist eine Fachbeh\u00f6rde im Gesch\u00e4ftsbereich des Bundesministeriums f\u00fcr&nbsp;Gesundheit. <\/td><\/tr><tr><td style=\"width:33%\"><strong><a href=\"https:\/\/www.stadtluzern.ch\/\" target=\"_blank\" rel=\"noreferrer noopener\">Stadt Luzern\u200b<\/a><\/strong><\/td><td><\/td><\/tr><\/tbody><\/table><\/figure>\n\n\n\n<p><\/p>\n\n\n\n<p><\/p>\n","protected":false},"excerpt":{"rendered":"<p>Gute Partnerschaften sind von zentraler Bedeutung f\u00fcr den Erfolg des Immersive Realities Center Wir legen grossen Wert auf Kooperationen, denn sie erm\u00f6glichen uns, wertvolle Einblicke,&nbsp;Ressourcen und Expertise&hellip;<\/p>\n<p> <a class=\"more-link\" href=\"https:\/\/sites.hslu.ch\/immersive-realities\/unsere-partner\/\">Weiterlesen<\/a><\/p>\n","protected":false},"author":101,"featured_media":4880,"parent":0,"menu_order":1,"comment_status":"closed","ping_status":"closed","template":"","meta":{"_acf_changed":false,"footnotes":""},"class_list":["post-4760","page","type-page","status-publish","has-post-thumbnail"],"acf":[],"yoast_head":"<!-- This site is optimized with the Yoast SEO plugin v27.4 - https:\/\/yoast.com\/product\/yoast-seo-wordpress\/ -->\n<title>Unsere Partner - Immersive Realities Center<\/title>\n<meta name=\"description\" content=\"Erforschung innovativer Interaktionen und Bewegungsm\u00f6glichkeiten von Nutzenden in einer virtuellen Umgebungen.\" \/>\n<meta name=\"robots\" content=\"index, follow, max-snippet:-1, max-image-preview:large, max-video-preview:-1\" \/>\n<link rel=\"canonical\" href=\"https:\/\/sites.hslu.ch\/immersive-realities\/unsere-partner\/\" \/>\n<meta property=\"og:locale\" content=\"de_DE\" \/>\n<meta property=\"og:type\" content=\"article\" \/>\n<meta property=\"og:title\" content=\"Unsere Partner - Immersive Realities Center\" \/>\n<meta property=\"og:description\" content=\"Erforschung innovativer Interaktionen und Bewegungsm\u00f6glichkeiten von Nutzenden in einer virtuellen Umgebungen.\" \/>\n<meta property=\"og:url\" content=\"https:\/\/sites.hslu.ch\/immersive-realities\/unsere-partner\/\" \/>\n<meta property=\"og:site_name\" content=\"Immersive Realities Center\" \/>\n<meta property=\"article:modified_time\" content=\"2024-08-21T14:28:04+00:00\" \/>\n<meta property=\"og:image\" content=\"https:\/\/sites.hslu.ch\/immersive-realities\/wp-content\/uploads\/sites\/15\/2023\/11\/HSLU_Leitung_Immersive_Realities_Center_04.jpg\" \/>\n\t<meta property=\"og:image:width\" content=\"1280\" \/>\n\t<meta property=\"og:image:height\" content=\"852\" \/>\n\t<meta property=\"og:image:type\" content=\"image\/jpeg\" \/>\n<meta name=\"twitter:card\" content=\"summary_large_image\" \/>\n<meta name=\"twitter:label1\" content=\"Gesch\u00e4tzte Lesezeit\" \/>\n\t<meta name=\"twitter:data1\" content=\"4\u00a0Minuten\" \/>\n<script type=\"application\/ld+json\" class=\"yoast-schema-graph\">{\"@context\":\"https:\\\/\\\/schema.org\",\"@graph\":[{\"@type\":\"WebPage\",\"@id\":\"https:\\\/\\\/sites.hslu.ch\\\/immersive-realities\\\/unsere-partner\\\/\",\"url\":\"https:\\\/\\\/sites.hslu.ch\\\/immersive-realities\\\/unsere-partner\\\/\",\"name\":\"Unsere Partner - Immersive Realities Center\",\"isPartOf\":{\"@id\":\"https:\\\/\\\/sites.hslu.ch\\\/immersive-realities\\\/#website\"},\"primaryImageOfPage\":{\"@id\":\"https:\\\/\\\/sites.hslu.ch\\\/immersive-realities\\\/unsere-partner\\\/#primaryimage\"},\"image\":{\"@id\":\"https:\\\/\\\/sites.hslu.ch\\\/immersive-realities\\\/unsere-partner\\\/#primaryimage\"},\"thumbnailUrl\":\"https:\\\/\\\/sites.hslu.ch\\\/immersive-realities\\\/wp-content\\\/uploads\\\/sites\\\/15\\\/2023\\\/11\\\/HSLU_Leitung_Immersive_Realities_Center_04.jpg\",\"datePublished\":\"2023-11-03T15:28:09+00:00\",\"dateModified\":\"2024-08-21T14:28:04+00:00\",\"description\":\"Erforschung innovativer Interaktionen und Bewegungsm\u00f6glichkeiten von Nutzenden in einer virtuellen Umgebungen.\",\"breadcrumb\":{\"@id\":\"https:\\\/\\\/sites.hslu.ch\\\/immersive-realities\\\/unsere-partner\\\/#breadcrumb\"},\"inLanguage\":\"de\",\"potentialAction\":[{\"@type\":\"ReadAction\",\"target\":[\"https:\\\/\\\/sites.hslu.ch\\\/immersive-realities\\\/unsere-partner\\\/\"]}]},{\"@type\":\"ImageObject\",\"inLanguage\":\"de\",\"@id\":\"https:\\\/\\\/sites.hslu.ch\\\/immersive-realities\\\/unsere-partner\\\/#primaryimage\",\"url\":\"https:\\\/\\\/sites.hslu.ch\\\/immersive-realities\\\/wp-content\\\/uploads\\\/sites\\\/15\\\/2023\\\/11\\\/HSLU_Leitung_Immersive_Realities_Center_04.jpg\",\"contentUrl\":\"https:\\\/\\\/sites.hslu.ch\\\/immersive-realities\\\/wp-content\\\/uploads\\\/sites\\\/15\\\/2023\\\/11\\\/HSLU_Leitung_Immersive_Realities_Center_04.jpg\",\"width\":1280,\"height\":852},{\"@type\":\"BreadcrumbList\",\"@id\":\"https:\\\/\\\/sites.hslu.ch\\\/immersive-realities\\\/unsere-partner\\\/#breadcrumb\",\"itemListElement\":[{\"@type\":\"ListItem\",\"position\":1,\"name\":\"Home\",\"item\":\"https:\\\/\\\/sites.hslu.ch\\\/immersive-realities\\\/\"},{\"@type\":\"ListItem\",\"position\":2,\"name\":\"Unsere Partner\"}]},{\"@type\":\"WebSite\",\"@id\":\"https:\\\/\\\/sites.hslu.ch\\\/immersive-realities\\\/#website\",\"url\":\"https:\\\/\\\/sites.hslu.ch\\\/immersive-realities\\\/\",\"name\":\"Immersive Realities Center\",\"description\":\"\",\"publisher\":{\"@id\":\"https:\\\/\\\/sites.hslu.ch\\\/immersive-realities\\\/#organization\"},\"potentialAction\":[{\"@type\":\"SearchAction\",\"target\":{\"@type\":\"EntryPoint\",\"urlTemplate\":\"https:\\\/\\\/sites.hslu.ch\\\/immersive-realities\\\/?s={search_term_string}\"},\"query-input\":{\"@type\":\"PropertyValueSpecification\",\"valueRequired\":true,\"valueName\":\"search_term_string\"}}],\"inLanguage\":\"de\"},{\"@type\":\"Organization\",\"@id\":\"https:\\\/\\\/sites.hslu.ch\\\/immersive-realities\\\/#organization\",\"name\":\"Immersive Realities Center\",\"url\":\"https:\\\/\\\/sites.hslu.ch\\\/immersive-realities\\\/\",\"logo\":{\"@type\":\"ImageObject\",\"inLanguage\":\"de\",\"@id\":\"https:\\\/\\\/sites.hslu.ch\\\/immersive-realities\\\/#\\\/schema\\\/logo\\\/image\\\/\",\"url\":\"https:\\\/\\\/sites.hslu.ch\\\/immersive-realities\\\/wp-content\\\/uploads\\\/sites\\\/15\\\/2022\\\/06\\\/cropped-IR_schwarz.png\",\"contentUrl\":\"https:\\\/\\\/sites.hslu.ch\\\/immersive-realities\\\/wp-content\\\/uploads\\\/sites\\\/15\\\/2022\\\/06\\\/cropped-IR_schwarz.png\",\"width\":500,\"height\":166,\"caption\":\"Immersive Realities Center\"},\"image\":{\"@id\":\"https:\\\/\\\/sites.hslu.ch\\\/immersive-realities\\\/#\\\/schema\\\/logo\\\/image\\\/\"}}]}<\/script>\n<!-- \/ Yoast SEO plugin. -->","yoast_head_json":{"title":"Unsere Partner - Immersive Realities Center","description":"Erforschung innovativer Interaktionen und Bewegungsm\u00f6glichkeiten von Nutzenden in einer virtuellen Umgebungen.","robots":{"index":"index","follow":"follow","max-snippet":"max-snippet:-1","max-image-preview":"max-image-preview:large","max-video-preview":"max-video-preview:-1"},"canonical":"https:\/\/sites.hslu.ch\/immersive-realities\/unsere-partner\/","og_locale":"de_DE","og_type":"article","og_title":"Unsere Partner - Immersive Realities Center","og_description":"Erforschung innovativer Interaktionen und Bewegungsm\u00f6glichkeiten von Nutzenden in einer virtuellen Umgebungen.","og_url":"https:\/\/sites.hslu.ch\/immersive-realities\/unsere-partner\/","og_site_name":"Immersive Realities Center","article_modified_time":"2024-08-21T14:28:04+00:00","og_image":[{"width":1280,"height":852,"url":"https:\/\/sites.hslu.ch\/immersive-realities\/wp-content\/uploads\/sites\/15\/2023\/11\/HSLU_Leitung_Immersive_Realities_Center_04.jpg","type":"image\/jpeg"}],"twitter_card":"summary_large_image","twitter_misc":{"Gesch\u00e4tzte Lesezeit":"4\u00a0Minuten"},"schema":{"@context":"https:\/\/schema.org","@graph":[{"@type":"WebPage","@id":"https:\/\/sites.hslu.ch\/immersive-realities\/unsere-partner\/","url":"https:\/\/sites.hslu.ch\/immersive-realities\/unsere-partner\/","name":"Unsere Partner - Immersive Realities Center","isPartOf":{"@id":"https:\/\/sites.hslu.ch\/immersive-realities\/#website"},"primaryImageOfPage":{"@id":"https:\/\/sites.hslu.ch\/immersive-realities\/unsere-partner\/#primaryimage"},"image":{"@id":"https:\/\/sites.hslu.ch\/immersive-realities\/unsere-partner\/#primaryimage"},"thumbnailUrl":"https:\/\/sites.hslu.ch\/immersive-realities\/wp-content\/uploads\/sites\/15\/2023\/11\/HSLU_Leitung_Immersive_Realities_Center_04.jpg","datePublished":"2023-11-03T15:28:09+00:00","dateModified":"2024-08-21T14:28:04+00:00","description":"Erforschung innovativer Interaktionen und Bewegungsm\u00f6glichkeiten von Nutzenden in einer virtuellen Umgebungen.","breadcrumb":{"@id":"https:\/\/sites.hslu.ch\/immersive-realities\/unsere-partner\/#breadcrumb"},"inLanguage":"de","potentialAction":[{"@type":"ReadAction","target":["https:\/\/sites.hslu.ch\/immersive-realities\/unsere-partner\/"]}]},{"@type":"ImageObject","inLanguage":"de","@id":"https:\/\/sites.hslu.ch\/immersive-realities\/unsere-partner\/#primaryimage","url":"https:\/\/sites.hslu.ch\/immersive-realities\/wp-content\/uploads\/sites\/15\/2023\/11\/HSLU_Leitung_Immersive_Realities_Center_04.jpg","contentUrl":"https:\/\/sites.hslu.ch\/immersive-realities\/wp-content\/uploads\/sites\/15\/2023\/11\/HSLU_Leitung_Immersive_Realities_Center_04.jpg","width":1280,"height":852},{"@type":"BreadcrumbList","@id":"https:\/\/sites.hslu.ch\/immersive-realities\/unsere-partner\/#breadcrumb","itemListElement":[{"@type":"ListItem","position":1,"name":"Home","item":"https:\/\/sites.hslu.ch\/immersive-realities\/"},{"@type":"ListItem","position":2,"name":"Unsere Partner"}]},{"@type":"WebSite","@id":"https:\/\/sites.hslu.ch\/immersive-realities\/#website","url":"https:\/\/sites.hslu.ch\/immersive-realities\/","name":"Immersive Realities Center","description":"","publisher":{"@id":"https:\/\/sites.hslu.ch\/immersive-realities\/#organization"},"potentialAction":[{"@type":"SearchAction","target":{"@type":"EntryPoint","urlTemplate":"https:\/\/sites.hslu.ch\/immersive-realities\/?s={search_term_string}"},"query-input":{"@type":"PropertyValueSpecification","valueRequired":true,"valueName":"search_term_string"}}],"inLanguage":"de"},{"@type":"Organization","@id":"https:\/\/sites.hslu.ch\/immersive-realities\/#organization","name":"Immersive Realities Center","url":"https:\/\/sites.hslu.ch\/immersive-realities\/","logo":{"@type":"ImageObject","inLanguage":"de","@id":"https:\/\/sites.hslu.ch\/immersive-realities\/#\/schema\/logo\/image\/","url":"https:\/\/sites.hslu.ch\/immersive-realities\/wp-content\/uploads\/sites\/15\/2022\/06\/cropped-IR_schwarz.png","contentUrl":"https:\/\/sites.hslu.ch\/immersive-realities\/wp-content\/uploads\/sites\/15\/2022\/06\/cropped-IR_schwarz.png","width":500,"height":166,"caption":"Immersive Realities Center"},"image":{"@id":"https:\/\/sites.hslu.ch\/immersive-realities\/#\/schema\/logo\/image\/"}}]}},"_links":{"self":[{"href":"https:\/\/sites.hslu.ch\/immersive-realities\/wp-json\/wp\/v2\/pages\/4760","targetHints":{"allow":["GET"]}}],"collection":[{"href":"https:\/\/sites.hslu.ch\/immersive-realities\/wp-json\/wp\/v2\/pages"}],"about":[{"href":"https:\/\/sites.hslu.ch\/immersive-realities\/wp-json\/wp\/v2\/types\/page"}],"author":[{"embeddable":true,"href":"https:\/\/sites.hslu.ch\/immersive-realities\/wp-json\/wp\/v2\/users\/101"}],"replies":[{"embeddable":true,"href":"https:\/\/sites.hslu.ch\/immersive-realities\/wp-json\/wp\/v2\/comments?post=4760"}],"version-history":[{"count":38,"href":"https:\/\/sites.hslu.ch\/immersive-realities\/wp-json\/wp\/v2\/pages\/4760\/revisions"}],"predecessor-version":[{"id":5884,"href":"https:\/\/sites.hslu.ch\/immersive-realities\/wp-json\/wp\/v2\/pages\/4760\/revisions\/5884"}],"wp:featuredmedia":[{"embeddable":true,"href":"https:\/\/sites.hslu.ch\/immersive-realities\/wp-json\/wp\/v2\/media\/4880"}],"wp:attachment":[{"href":"https:\/\/sites.hslu.ch\/immersive-realities\/wp-json\/wp\/v2\/media?parent=4760"}],"curies":[{"name":"wp","href":"https:\/\/api.w.org\/{rel}","templated":true}]}}