{"id":2187,"date":"2023-06-23T14:31:01","date_gmt":"2023-06-23T12:31:01","guid":{"rendered":"https:\/\/sites.hslu.ch\/immersive-realities\/?page_id=2187"},"modified":"2025-04-29T16:10:40","modified_gmt":"2025-04-29T14:10:40","slug":"workshops","status":"publish","type":"page","link":"https:\/\/sites.hslu.ch\/immersive-realities\/workshops\/","title":{"rendered":"Workshops &#8211; XR und Future Technologies"},"content":{"rendered":"\n<div style=\"height:18px\" aria-hidden=\"true\" class=\"wp-block-spacer\"><\/div>\n\n\n\n<h2 class=\"wp-block-heading has-text-align-center\">Innovation, Strategie und Machbarkeit<\/h2>\n\n\n\n<div class=\"wp-block-group\"><div class=\"wp-block-group__inner-container is-layout-constrained wp-block-group-is-layout-constrained\">\n<div style=\"height:9px\" aria-hidden=\"true\" class=\"wp-block-spacer wp-embed-aspect-16-9 wp-has-aspect-ratio\"><\/div>\n\n\n\n<div class=\"wp-block-columns is-layout-flex wp-container-core-columns-is-layout-9d6595d7 wp-block-columns-is-layout-flex\">\n<div class=\"wp-block-column is-layout-flow wp-block-column-is-layout-flow\">\n<h3 class=\"wp-block-heading\">Workshop Technologieeinsch\u00e4tzung<\/h3>\n\n\n\n<p>Schaffen Sie eine fundierte Basis f\u00fcr Ihre Innovationsentscheidungen.<\/p>\n\n\n\n<p>Was Sie unter anderem erwartet:<\/p>\n\n\n\n<ul class=\"wp-block-list\">\n<li>BAK-Analyse<\/li>\n\n\n\n<li>Identifizierung IST\/SOLL<\/li>\n\n\n\n<li>Einsch\u00e4tzung Aufwand<\/li>\n\n\n\n<li>n\u00e4chste Schritte<\/li>\n<\/ul>\n\n\n\n<p>f\u00fcr 5-8 Personen<br>aus Produkt- oder Prozessentwicklung<\/p>\n\n\n\n<p>CHF 4&#8217;800.- (zzgl. Material und Verpflegung)<\/p>\n\n\n\n<p><strong><a href=\"https:\/\/sites.hslu.ch\/immersive-realities\/workshop-technologieeinschatzung\/\">Details zum Workshop<\/a><\/strong><\/p>\n<\/div>\n\n\n\n<div class=\"wp-block-column is-layout-flow wp-block-column-is-layout-flow\">\n<h3 class=\"wp-block-heading\">Innovations-Strategie-Workshop<\/h3>\n\n\n\n<p class=\"has-text-align-left\">Identifizieren Sie die Wachstumsfelder f\u00fcr Ihre strategischen Entscheidungsgrundlagen.<\/p>\n\n\n\n<p>Was Sie unter anderem erwartet:<\/p>\n\n\n\n<ul class=\"wp-block-list\">\n<li>Analyse zuk\u00fcnftige Entwicklungen<\/li>\n\n\n\n<li>Definition zuk\u00fcnftige Kundenbed\u00fcrfnisse<\/li>\n\n\n\n<li>Ableitung Strategie<\/li>\n\n\n\n<li>n\u00e4chste Schritte<\/li>\n<\/ul>\n\n\n\n<p>f\u00fcr 3-6 Personen<br>aus Management-\/C-Level, V-Level<\/p>\n\n\n\n<p>CHF 9&#8217;360.- (zzgl. Material und Verpflegung)<\/p>\n\n\n\n<p><strong><a href=\"https:\/\/sites.hslu.ch\/immersive-realities\/innovations-strategie-workshop\/\">Details zum Workshop<\/a><\/strong><\/p>\n<\/div>\n<\/div>\n\n\n\n<h3 class=\"wp-block-heading has-text-align-center\">Kontakt<\/h3>\n\n\n\n<p class=\"has-text-align-center\">Haben Sie Fragen oder m\u00f6chten Sie mehr erfahren?<\/p>\n<\/div><\/div>\n\n\n\n<p class=\"has-text-align-center\"><strong>Nathalie Siri<\/strong><br><a href=\"tel:+41 41 757 68 54\" target=\"_blank\" rel=\"noreferrer noopener\">+41 41 757 68 54<\/a><br><a href=\"m&#97;&#x69;&#x6c;t&#111;&#x3a;&#x69;n&#102;&#111;&#x2e;&#x69;r&#99;&#x40;&#x68;s&#108;&#x75;&#x2e;c&#104;\">E-Mail<\/a><\/p>\n","protected":false},"excerpt":{"rendered":"<p>Innovation, Strategie und Machbarkeit Workshop Technologieeinsch\u00e4tzung Schaffen Sie eine fundierte Basis f\u00fcr Ihre Innovationsentscheidungen. Was Sie unter anderem erwartet: f\u00fcr 5-8 Personenaus Produkt- oder Prozessentwicklung CHF 4&#8217;800.-&hellip;<\/p>\n<p> <a class=\"more-link\" href=\"https:\/\/sites.hslu.ch\/immersive-realities\/workshops\/\">Weiterlesen<\/a><\/p>\n","protected":false},"author":126,"featured_media":6971,"parent":0,"menu_order":0,"comment_status":"closed","ping_status":"closed","template":"","meta":{"_acf_changed":false,"footnotes":""},"class_list":["post-2187","page","type-page","status-publish","has-post-thumbnail"],"acf":[],"yoast_head":"<!-- This site is optimized with the Yoast SEO plugin v27.3 - https:\/\/yoast.com\/product\/yoast-seo-wordpress\/ -->\n<title>Workshops - XR und Future Technologies - Immersive Realities Center<\/title>\n<meta name=\"description\" content=\"Workshops zu Innovation, Strategie &amp; Technologieeinsch\u00e4tzung mit Fokus auf immersive Technologien \u2013 jetzt Zukunftspotenziale erkennen &amp; nutzen\" \/>\n<meta name=\"robots\" content=\"index, follow, max-snippet:-1, max-image-preview:large, max-video-preview:-1\" \/>\n<link rel=\"canonical\" href=\"https:\/\/sites.hslu.ch\/immersive-realities\/workshops\/\" \/>\n<meta property=\"og:locale\" content=\"de_DE\" \/>\n<meta property=\"og:type\" content=\"article\" \/>\n<meta property=\"og:title\" content=\"Workshops - XR und Future Technologies - Immersive Realities Center\" \/>\n<meta property=\"og:description\" content=\"Workshops zu Innovation, Strategie &amp; Technologieeinsch\u00e4tzung mit Fokus auf immersive Technologien \u2013 jetzt Zukunftspotenziale erkennen &amp; nutzen\" \/>\n<meta property=\"og:url\" content=\"https:\/\/sites.hslu.ch\/immersive-realities\/workshops\/\" \/>\n<meta property=\"og:site_name\" content=\"Immersive Realities Center\" \/>\n<meta property=\"article:modified_time\" content=\"2025-04-29T14:10:40+00:00\" \/>\n<meta property=\"og:image\" content=\"https:\/\/sites.hslu.ch\/immersive-realities\/wp-content\/uploads\/sites\/15\/2025\/04\/IMG_1326-scaled.jpg\" \/>\n\t<meta property=\"og:image:width\" content=\"2560\" \/>\n\t<meta property=\"og:image:height\" content=\"1920\" \/>\n\t<meta property=\"og:image:type\" content=\"image\/jpeg\" \/>\n<meta name=\"twitter:card\" content=\"summary_large_image\" \/>\n<meta name=\"twitter:label1\" content=\"Gesch\u00e4tzte Lesezeit\" \/>\n\t<meta name=\"twitter:data1\" content=\"1\u00a0Minute\" \/>\n<script type=\"application\/ld+json\" class=\"yoast-schema-graph\">{\"@context\":\"https:\\\/\\\/schema.org\",\"@graph\":[{\"@type\":\"WebPage\",\"@id\":\"https:\\\/\\\/sites.hslu.ch\\\/immersive-realities\\\/workshops\\\/\",\"url\":\"https:\\\/\\\/sites.hslu.ch\\\/immersive-realities\\\/workshops\\\/\",\"name\":\"Workshops - XR und Future Technologies - Immersive Realities Center\",\"isPartOf\":{\"@id\":\"https:\\\/\\\/sites.hslu.ch\\\/immersive-realities\\\/#website\"},\"primaryImageOfPage\":{\"@id\":\"https:\\\/\\\/sites.hslu.ch\\\/immersive-realities\\\/workshops\\\/#primaryimage\"},\"image\":{\"@id\":\"https:\\\/\\\/sites.hslu.ch\\\/immersive-realities\\\/workshops\\\/#primaryimage\"},\"thumbnailUrl\":\"https:\\\/\\\/sites.hslu.ch\\\/immersive-realities\\\/wp-content\\\/uploads\\\/sites\\\/15\\\/2025\\\/04\\\/IMG_1326-scaled.jpg\",\"datePublished\":\"2023-06-23T12:31:01+00:00\",\"dateModified\":\"2025-04-29T14:10:40+00:00\",\"description\":\"Workshops zu Innovation, Strategie & Technologieeinsch\u00e4tzung mit Fokus auf immersive Technologien \u2013 jetzt Zukunftspotenziale erkennen & nutzen\",\"breadcrumb\":{\"@id\":\"https:\\\/\\\/sites.hslu.ch\\\/immersive-realities\\\/workshops\\\/#breadcrumb\"},\"inLanguage\":\"de\",\"potentialAction\":[{\"@type\":\"ReadAction\",\"target\":[\"https:\\\/\\\/sites.hslu.ch\\\/immersive-realities\\\/workshops\\\/\"]}]},{\"@type\":\"ImageObject\",\"inLanguage\":\"de\",\"@id\":\"https:\\\/\\\/sites.hslu.ch\\\/immersive-realities\\\/workshops\\\/#primaryimage\",\"url\":\"https:\\\/\\\/sites.hslu.ch\\\/immersive-realities\\\/wp-content\\\/uploads\\\/sites\\\/15\\\/2025\\\/04\\\/IMG_1326-scaled.jpg\",\"contentUrl\":\"https:\\\/\\\/sites.hslu.ch\\\/immersive-realities\\\/wp-content\\\/uploads\\\/sites\\\/15\\\/2025\\\/04\\\/IMG_1326-scaled.jpg\",\"width\":2560,\"height\":1920},{\"@type\":\"BreadcrumbList\",\"@id\":\"https:\\\/\\\/sites.hslu.ch\\\/immersive-realities\\\/workshops\\\/#breadcrumb\",\"itemListElement\":[{\"@type\":\"ListItem\",\"position\":1,\"name\":\"Home\",\"item\":\"https:\\\/\\\/sites.hslu.ch\\\/immersive-realities\\\/\"},{\"@type\":\"ListItem\",\"position\":2,\"name\":\"Workshops &#8211; XR und Future Technologies\"}]},{\"@type\":\"WebSite\",\"@id\":\"https:\\\/\\\/sites.hslu.ch\\\/immersive-realities\\\/#website\",\"url\":\"https:\\\/\\\/sites.hslu.ch\\\/immersive-realities\\\/\",\"name\":\"Immersive Realities Center\",\"description\":\"\",\"publisher\":{\"@id\":\"https:\\\/\\\/sites.hslu.ch\\\/immersive-realities\\\/#organization\"},\"potentialAction\":[{\"@type\":\"SearchAction\",\"target\":{\"@type\":\"EntryPoint\",\"urlTemplate\":\"https:\\\/\\\/sites.hslu.ch\\\/immersive-realities\\\/?s={search_term_string}\"},\"query-input\":{\"@type\":\"PropertyValueSpecification\",\"valueRequired\":true,\"valueName\":\"search_term_string\"}}],\"inLanguage\":\"de\"},{\"@type\":\"Organization\",\"@id\":\"https:\\\/\\\/sites.hslu.ch\\\/immersive-realities\\\/#organization\",\"name\":\"Immersive Realities Center\",\"url\":\"https:\\\/\\\/sites.hslu.ch\\\/immersive-realities\\\/\",\"logo\":{\"@type\":\"ImageObject\",\"inLanguage\":\"de\",\"@id\":\"https:\\\/\\\/sites.hslu.ch\\\/immersive-realities\\\/#\\\/schema\\\/logo\\\/image\\\/\",\"url\":\"https:\\\/\\\/sites.hslu.ch\\\/immersive-realities\\\/wp-content\\\/uploads\\\/sites\\\/15\\\/2022\\\/06\\\/cropped-IR_schwarz.png\",\"contentUrl\":\"https:\\\/\\\/sites.hslu.ch\\\/immersive-realities\\\/wp-content\\\/uploads\\\/sites\\\/15\\\/2022\\\/06\\\/cropped-IR_schwarz.png\",\"width\":500,\"height\":166,\"caption\":\"Immersive Realities Center\"},\"image\":{\"@id\":\"https:\\\/\\\/sites.hslu.ch\\\/immersive-realities\\\/#\\\/schema\\\/logo\\\/image\\\/\"}}]}<\/script>\n<!-- \/ Yoast SEO plugin. -->","yoast_head_json":{"title":"Workshops - XR und Future Technologies - Immersive Realities Center","description":"Workshops zu Innovation, Strategie & Technologieeinsch\u00e4tzung mit Fokus auf immersive Technologien \u2013 jetzt Zukunftspotenziale erkennen & nutzen","robots":{"index":"index","follow":"follow","max-snippet":"max-snippet:-1","max-image-preview":"max-image-preview:large","max-video-preview":"max-video-preview:-1"},"canonical":"https:\/\/sites.hslu.ch\/immersive-realities\/workshops\/","og_locale":"de_DE","og_type":"article","og_title":"Workshops - XR und Future Technologies - Immersive Realities Center","og_description":"Workshops zu Innovation, Strategie & Technologieeinsch\u00e4tzung mit Fokus auf immersive Technologien \u2013 jetzt Zukunftspotenziale erkennen & nutzen","og_url":"https:\/\/sites.hslu.ch\/immersive-realities\/workshops\/","og_site_name":"Immersive Realities Center","article_modified_time":"2025-04-29T14:10:40+00:00","og_image":[{"width":2560,"height":1920,"url":"https:\/\/sites.hslu.ch\/immersive-realities\/wp-content\/uploads\/sites\/15\/2025\/04\/IMG_1326-scaled.jpg","type":"image\/jpeg"}],"twitter_card":"summary_large_image","twitter_misc":{"Gesch\u00e4tzte Lesezeit":"1\u00a0Minute"},"schema":{"@context":"https:\/\/schema.org","@graph":[{"@type":"WebPage","@id":"https:\/\/sites.hslu.ch\/immersive-realities\/workshops\/","url":"https:\/\/sites.hslu.ch\/immersive-realities\/workshops\/","name":"Workshops - XR und Future Technologies - Immersive Realities Center","isPartOf":{"@id":"https:\/\/sites.hslu.ch\/immersive-realities\/#website"},"primaryImageOfPage":{"@id":"https:\/\/sites.hslu.ch\/immersive-realities\/workshops\/#primaryimage"},"image":{"@id":"https:\/\/sites.hslu.ch\/immersive-realities\/workshops\/#primaryimage"},"thumbnailUrl":"https:\/\/sites.hslu.ch\/immersive-realities\/wp-content\/uploads\/sites\/15\/2025\/04\/IMG_1326-scaled.jpg","datePublished":"2023-06-23T12:31:01+00:00","dateModified":"2025-04-29T14:10:40+00:00","description":"Workshops zu Innovation, Strategie & Technologieeinsch\u00e4tzung mit Fokus auf immersive Technologien \u2013 jetzt Zukunftspotenziale erkennen & nutzen","breadcrumb":{"@id":"https:\/\/sites.hslu.ch\/immersive-realities\/workshops\/#breadcrumb"},"inLanguage":"de","potentialAction":[{"@type":"ReadAction","target":["https:\/\/sites.hslu.ch\/immersive-realities\/workshops\/"]}]},{"@type":"ImageObject","inLanguage":"de","@id":"https:\/\/sites.hslu.ch\/immersive-realities\/workshops\/#primaryimage","url":"https:\/\/sites.hslu.ch\/immersive-realities\/wp-content\/uploads\/sites\/15\/2025\/04\/IMG_1326-scaled.jpg","contentUrl":"https:\/\/sites.hslu.ch\/immersive-realities\/wp-content\/uploads\/sites\/15\/2025\/04\/IMG_1326-scaled.jpg","width":2560,"height":1920},{"@type":"BreadcrumbList","@id":"https:\/\/sites.hslu.ch\/immersive-realities\/workshops\/#breadcrumb","itemListElement":[{"@type":"ListItem","position":1,"name":"Home","item":"https:\/\/sites.hslu.ch\/immersive-realities\/"},{"@type":"ListItem","position":2,"name":"Workshops &#8211; XR und Future Technologies"}]},{"@type":"WebSite","@id":"https:\/\/sites.hslu.ch\/immersive-realities\/#website","url":"https:\/\/sites.hslu.ch\/immersive-realities\/","name":"Immersive Realities Center","description":"","publisher":{"@id":"https:\/\/sites.hslu.ch\/immersive-realities\/#organization"},"potentialAction":[{"@type":"SearchAction","target":{"@type":"EntryPoint","urlTemplate":"https:\/\/sites.hslu.ch\/immersive-realities\/?s={search_term_string}"},"query-input":{"@type":"PropertyValueSpecification","valueRequired":true,"valueName":"search_term_string"}}],"inLanguage":"de"},{"@type":"Organization","@id":"https:\/\/sites.hslu.ch\/immersive-realities\/#organization","name":"Immersive Realities Center","url":"https:\/\/sites.hslu.ch\/immersive-realities\/","logo":{"@type":"ImageObject","inLanguage":"de","@id":"https:\/\/sites.hslu.ch\/immersive-realities\/#\/schema\/logo\/image\/","url":"https:\/\/sites.hslu.ch\/immersive-realities\/wp-content\/uploads\/sites\/15\/2022\/06\/cropped-IR_schwarz.png","contentUrl":"https:\/\/sites.hslu.ch\/immersive-realities\/wp-content\/uploads\/sites\/15\/2022\/06\/cropped-IR_schwarz.png","width":500,"height":166,"caption":"Immersive Realities Center"},"image":{"@id":"https:\/\/sites.hslu.ch\/immersive-realities\/#\/schema\/logo\/image\/"}}]}},"_links":{"self":[{"href":"https:\/\/sites.hslu.ch\/immersive-realities\/wp-json\/wp\/v2\/pages\/2187","targetHints":{"allow":["GET"]}}],"collection":[{"href":"https:\/\/sites.hslu.ch\/immersive-realities\/wp-json\/wp\/v2\/pages"}],"about":[{"href":"https:\/\/sites.hslu.ch\/immersive-realities\/wp-json\/wp\/v2\/types\/page"}],"author":[{"embeddable":true,"href":"https:\/\/sites.hslu.ch\/immersive-realities\/wp-json\/wp\/v2\/users\/126"}],"replies":[{"embeddable":true,"href":"https:\/\/sites.hslu.ch\/immersive-realities\/wp-json\/wp\/v2\/comments?post=2187"}],"version-history":[{"count":165,"href":"https:\/\/sites.hslu.ch\/immersive-realities\/wp-json\/wp\/v2\/pages\/2187\/revisions"}],"predecessor-version":[{"id":6999,"href":"https:\/\/sites.hslu.ch\/immersive-realities\/wp-json\/wp\/v2\/pages\/2187\/revisions\/6999"}],"wp:featuredmedia":[{"embeddable":true,"href":"https:\/\/sites.hslu.ch\/immersive-realities\/wp-json\/wp\/v2\/media\/6971"}],"wp:attachment":[{"href":"https:\/\/sites.hslu.ch\/immersive-realities\/wp-json\/wp\/v2\/media?parent=2187"}],"curies":[{"name":"wp","href":"https:\/\/api.w.org\/{rel}","templated":true}]}}