{"id":2174,"date":"2023-06-23T14:21:36","date_gmt":"2023-06-23T12:21:36","guid":{"rendered":"https:\/\/sites.hslu.ch\/immersive-realities\/?page_id=2174"},"modified":"2024-06-25T16:54:45","modified_gmt":"2024-06-25T14:54:45","slug":"zusammenarbeit","status":"publish","type":"page","link":"https:\/\/sites.hslu.ch\/immersive-realities\/zusammenarbeit\/","title":{"rendered":"Zusammenarbeit"},"content":{"rendered":"\n<div style=\"height:20px\" aria-hidden=\"true\" class=\"wp-block-spacer\"><\/div>\n\n\n\n<h2 class=\"wp-block-heading has-text-align-center has-black-color has-text-color\">AR und VR Projekte mit dem Immersive Realities Center umsetzen<\/h2>\n\n\n\n<div style=\"height:10px\" aria-hidden=\"true\" class=\"wp-block-spacer\"><\/div>\n\n\n\n<p class=\"has-text-align-center\">Gemeinsam verwirklichen wir innovative Ideen und unterst\u00fctzen den Wissenstransfer.<\/p>\n\n\n\n<div style=\"height:50px\" aria-hidden=\"true\" class=\"wp-block-spacer\"><\/div>\n\n\n\n<h2 class=\"wp-block-heading has-text-align-center has-black-color has-text-color\">Forschungsprojekte<\/h2>\n\n\n\n<div style=\"height:5px\" aria-hidden=\"true\" class=\"wp-block-spacer\"><\/div>\n\n\n\n<p class=\"has-text-align-center\">Finanzierung via <a href=\"https:\/\/www.innosuisse.ch\/inno\/de\/home.html\" target=\"_blank\" rel=\"noreferrer noopener\"><strong>Innosuisse<\/strong><\/a><\/p>\n\n\n\n<div style=\"height:25px\" aria-hidden=\"true\" class=\"wp-block-spacer\"><\/div>\n\n\n\n<h3 class=\"wp-block-heading has-text-align-center\">Innovations-Scheck<\/h3>\n\n\n\n<p class=\"has-text-align-center\">Mit einer F\u00f6rderung von CHF 15&#8217;000 und einer Laufzeit von 6 Monaten bietet der <strong><a href=\"https:\/\/www.innosuisse.ch\/inno\/de\/home\/forderung-fur-schweizer-projekte\/innovationsscheck.html\" target=\"_blank\" rel=\"noreferrer noopener\">Innovations-Scheck<\/a> <\/strong>finanzielle Unterst\u00fctzung f\u00fcr Hochschulpartner f\u00fcr KMUs mit weniger als 250 Besch\u00e4ftigten.<\/p>\n\n\n\n<div style=\"height:25px\" aria-hidden=\"true\" class=\"wp-block-spacer\"><\/div>\n\n\n\n<h3 class=\"wp-block-heading has-text-align-center\">Innovations-Projekt<\/h3>\n\n\n\n<p class=\"has-text-align-center\">M\u00f6glichkeit f\u00fcr Unternehmen, Start-ups, Non-Profits und \u00f6ffentliche Institutionen, ihre innovativen Ideen umfassend zu realisieren. Mit F\u00f6rderungen zwischen CHF 100&#8217;000 und 500&#8217;000, einer Laufzeit von 18 bis 36 Monaten und der Beteiligung von Hochschulpartnern, bietet das <a href=\"https:\/\/www.innosuisse.ch\/inno\/de\/home\/forderung-fur-schweizer-projekte\/innovationsprojekte.html\" target=\"_blank\" rel=\"noreferrer noopener\"><strong>Innovations-Projekt<\/strong><\/a> eine solide finanzielle und fachliche Unterst\u00fctzung.<\/p>\n\n\n\n<div style=\"height:75px\" aria-hidden=\"true\" class=\"wp-block-spacer\"><\/div>\n\n\n\n<h2 class=\"wp-block-heading has-text-align-center has-black-color has-text-color\">Dienstleistungsprojekte<\/h2>\n\n\n\n<div style=\"height:5px\" aria-hidden=\"true\" class=\"wp-block-spacer\"><\/div>\n\n\n\n<p class=\"has-text-align-center\">Finanzierung durch Auftraggeber<\/p>\n\n\n\n<div style=\"height:25px\" aria-hidden=\"true\" class=\"wp-block-spacer\"><\/div>\n\n\n\n<h3 class=\"wp-block-heading has-text-align-center\">Projekt-Consulting<\/h3>\n\n\n\n<p class=\"has-text-align-center\">Unternehmen haben die M\u00f6glichkeit, Projekte in Zusammenarbeit mit der Hochschule Luzern zu realisieren. Von der Ideenfindung bis zur erfolgreichen Umsetzung unterst\u00fctzen erfahrene Mitarbeitende und gew\u00e4hrleisten den Wissenstransfer.<\/p>\n\n\n\n<div style=\"height:25px\" aria-hidden=\"true\" class=\"wp-block-spacer\"><\/div>\n\n\n\n<h3 class=\"wp-block-heading has-text-align-center\">Prototypen-Erstellung<\/h3>\n\n\n\n<p class=\"has-text-align-center\">Sie haben eine Idee?&nbsp; Wir entwickeln die Prototypen und Anwendungen, f\u00fchren Machbarkeits- und Benutzerstudien durch und unterst\u00fctzen Sie bei Ihrem Aufbruch in neue Welten.<\/p>\n\n\n\n<div style=\"height:25px\" aria-hidden=\"true\" class=\"wp-block-spacer\"><\/div>\n\n\n\n<h3 class=\"wp-block-heading has-text-align-center\">Studien<\/h3>\n\n\n\n<p class=\"has-text-align-center\">Wir erstellen f\u00fcr Sie Machbarkeitsanalysen und Benutzerstudien, basierend auf unserer langj\u00e4hrigen Erfahrung und unserem breiten Fachwissen aus verschiedenen Branchen.<\/p>\n\n\n\n<div style=\"height:50px\" aria-hidden=\"true\" class=\"wp-block-spacer\"><\/div>\n\n\n\n<h2 class=\"wp-block-heading has-text-align-center has-black-color has-text-color\">Kontaktpersonen<\/h2>\n\n\n\n<p class=\"has-text-align-center\">Haben Sie Fragen oder m\u00f6chten mehr erfahren?<\/p>\n\n\n\n<div style=\"height:30px\" aria-hidden=\"true\" class=\"wp-block-spacer\"><\/div>\n\n\n\n<div class=\"wp-block-columns is-layout-flex wp-container-core-columns-is-layout-9d6595d7 wp-block-columns-is-layout-flex\">\n<div class=\"wp-block-column is-layout-flow wp-block-column-is-layout-flow\"><\/div>\n\n\n\n<div class=\"wp-block-column is-layout-flow wp-block-column-is-layout-flow\"><div class=\"wp-block-image is-resized\">\n<figure class=\"aligncenter size-medium\"><img loading=\"lazy\" decoding=\"async\" width=\"200\" height=\"300\" src=\"https:\/\/sites.hslu.ch\/immersive-realities\/wp-content\/uploads\/sites\/15\/2023\/06\/DSC7910-200x300.jpg\" alt=\"\" class=\"wp-image-1931\" srcset=\"https:\/\/sites.hslu.ch\/immersive-realities\/wp-content\/uploads\/sites\/15\/2023\/06\/DSC7910-200x300.jpg 200w, https:\/\/sites.hslu.ch\/immersive-realities\/wp-content\/uploads\/sites\/15\/2023\/06\/DSC7910-683x1024.jpg 683w, https:\/\/sites.hslu.ch\/immersive-realities\/wp-content\/uploads\/sites\/15\/2023\/06\/DSC7910-768x1151.jpg 768w, https:\/\/sites.hslu.ch\/immersive-realities\/wp-content\/uploads\/sites\/15\/2023\/06\/DSC7910-1025x1536.jpg 1025w, https:\/\/sites.hslu.ch\/immersive-realities\/wp-content\/uploads\/sites\/15\/2023\/06\/DSC7910-1367x2048.jpg 1367w, https:\/\/sites.hslu.ch\/immersive-realities\/wp-content\/uploads\/sites\/15\/2023\/06\/DSC7910-600x899.jpg 600w, https:\/\/sites.hslu.ch\/immersive-realities\/wp-content\/uploads\/sites\/15\/2023\/06\/DSC7910-scaled.jpg 1708w\" sizes=\"auto, (max-width: 200px) 100vw, 200px\" \/><\/figure>\n<\/div>\n\n\n<p class=\"has-text-align-center\"><strong>Prof. <strong>Dr. Aljosa Smolic<\/strong><\/strong><\/p>\n\n\n\n<p class=\"has-text-align-center\">Co-Head Immersive Realities Research Lab<\/p>\n\n\n\n<p class=\"has-text-align-center\">+41 41 349 31 14<\/p>\n\n\n\n<p class=\"has-text-align-center\"><a href=\"&#x6d;&#x61;&#105;l&#x74;&#x6f;&#58;al&#x6a;&#x6f;&#115;a&#x2e;&#x73;&#109;&#111;l&#x69;&#x63;&#64;h&#x73;&#x6c;&#117;&#46;c&#x68;\">E-Mail<\/a><\/p>\n<\/div>\n\n\n\n<div class=\"wp-block-column is-layout-flow wp-block-column-is-layout-flow\"><div class=\"wp-block-image is-resized\">\n<figure class=\"aligncenter size-medium\"><img loading=\"lazy\" decoding=\"async\" width=\"200\" height=\"300\" src=\"https:\/\/sites.hslu.ch\/immersive-realities\/wp-content\/uploads\/sites\/15\/2023\/06\/DSC7239-200x300.jpg\" alt=\"\" class=\"wp-image-1967\" srcset=\"https:\/\/sites.hslu.ch\/immersive-realities\/wp-content\/uploads\/sites\/15\/2023\/06\/DSC7239-200x300.jpg 200w, https:\/\/sites.hslu.ch\/immersive-realities\/wp-content\/uploads\/sites\/15\/2023\/06\/DSC7239-683x1024.jpg 683w, https:\/\/sites.hslu.ch\/immersive-realities\/wp-content\/uploads\/sites\/15\/2023\/06\/DSC7239-768x1151.jpg 768w, https:\/\/sites.hslu.ch\/immersive-realities\/wp-content\/uploads\/sites\/15\/2023\/06\/DSC7239-1025x1536.jpg 1025w, https:\/\/sites.hslu.ch\/immersive-realities\/wp-content\/uploads\/sites\/15\/2023\/06\/DSC7239-1367x2048.jpg 1367w, https:\/\/sites.hslu.ch\/immersive-realities\/wp-content\/uploads\/sites\/15\/2023\/06\/DSC7239-600x899.jpg 600w, https:\/\/sites.hslu.ch\/immersive-realities\/wp-content\/uploads\/sites\/15\/2023\/06\/DSC7239-scaled.jpg 1708w\" sizes=\"auto, (max-width: 200px) 100vw, 200px\" \/><\/figure>\n<\/div>\n\n\n<p class=\"has-text-align-center\"><strong><strong>Dr. Markus Zank<\/strong><\/strong><\/p>\n\n\n\n<p class=\"has-text-align-center\">Co-Head Operations &amp; Public Outreach<\/p>\n\n\n\n<p class=\"has-text-align-center\">+41 41 228 24 53<\/p>\n\n\n\n<p class=\"has-text-align-center\"><a href=\"&#109;&#x61;&#x69;l&#116;&#x6f;&#x3a;m&#97;&#x72;k&#117;&#x73;&#x2e;z&#97;&#x6e;k&#64;&#x68;&#x73;l&#117;&#x2e;&#x63;&#104;\">E-Mail<\/a><\/p>\n<\/div>\n\n\n\n<div class=\"wp-block-column is-layout-flow wp-block-column-is-layout-flow\"><\/div>\n<\/div>\n","protected":false},"excerpt":{"rendered":"<p>AR und VR Projekte mit dem Immersive Realities Center umsetzen Gemeinsam verwirklichen wir innovative Ideen und unterst\u00fctzen den Wissenstransfer. Forschungsprojekte Finanzierung via Innosuisse Innovations-Scheck Mit einer F\u00f6rderung&hellip;<\/p>\n<p> <a class=\"more-link\" href=\"https:\/\/sites.hslu.ch\/immersive-realities\/zusammenarbeit\/\">Weiterlesen<\/a><\/p>\n","protected":false},"author":126,"featured_media":2192,"parent":0,"menu_order":0,"comment_status":"closed","ping_status":"closed","template":"","meta":{"_acf_changed":false,"footnotes":""},"class_list":["post-2174","page","type-page","status-publish","has-post-thumbnail"],"acf":[],"yoast_head":"<!-- This site is optimized with the Yoast SEO plugin v27.4 - https:\/\/yoast.com\/product\/yoast-seo-wordpress\/ -->\n<title>Zusammenarbeit - Immersive Realities Center<\/title>\n<meta name=\"description\" content=\"Wollen Sie AR und VR Projekte mit dem Immersive Realities Center umsetzen? Wir helfen Ihnen, gemeinsam innovative Ideen zu verwirklichen.\" \/>\n<meta name=\"robots\" content=\"index, follow, max-snippet:-1, max-image-preview:large, max-video-preview:-1\" \/>\n<link rel=\"canonical\" href=\"https:\/\/sites.hslu.ch\/immersive-realities\/zusammenarbeit\/\" \/>\n<meta property=\"og:locale\" content=\"de_DE\" \/>\n<meta property=\"og:type\" content=\"article\" \/>\n<meta property=\"og:title\" content=\"Zusammenarbeit - Immersive Realities Center\" \/>\n<meta property=\"og:description\" content=\"Wollen Sie AR und VR Projekte mit dem Immersive Realities Center umsetzen? Wir helfen Ihnen, gemeinsam innovative Ideen zu verwirklichen.\" \/>\n<meta property=\"og:url\" content=\"https:\/\/sites.hslu.ch\/immersive-realities\/zusammenarbeit\/\" \/>\n<meta property=\"og:site_name\" content=\"Immersive Realities Center\" \/>\n<meta property=\"article:modified_time\" content=\"2024-06-25T14:54:45+00:00\" \/>\n<meta property=\"og:image\" content=\"https:\/\/sites.hslu.ch\/immersive-realities\/wp-content\/uploads\/sites\/15\/2023\/06\/Option6-e1699260488335.jpeg\" \/>\n\t<meta property=\"og:image:width\" content=\"2169\" \/>\n\t<meta property=\"og:image:height\" content=\"867\" \/>\n\t<meta property=\"og:image:type\" content=\"image\/jpeg\" \/>\n<meta name=\"twitter:card\" content=\"summary_large_image\" \/>\n<meta name=\"twitter:label1\" content=\"Gesch\u00e4tzte Lesezeit\" \/>\n\t<meta name=\"twitter:data1\" content=\"2\u00a0Minuten\" \/>\n<script type=\"application\/ld+json\" class=\"yoast-schema-graph\">{\"@context\":\"https:\\\/\\\/schema.org\",\"@graph\":[{\"@type\":\"WebPage\",\"@id\":\"https:\\\/\\\/sites.hslu.ch\\\/immersive-realities\\\/zusammenarbeit\\\/\",\"url\":\"https:\\\/\\\/sites.hslu.ch\\\/immersive-realities\\\/zusammenarbeit\\\/\",\"name\":\"Zusammenarbeit - Immersive Realities Center\",\"isPartOf\":{\"@id\":\"https:\\\/\\\/sites.hslu.ch\\\/immersive-realities\\\/#website\"},\"primaryImageOfPage\":{\"@id\":\"https:\\\/\\\/sites.hslu.ch\\\/immersive-realities\\\/zusammenarbeit\\\/#primaryimage\"},\"image\":{\"@id\":\"https:\\\/\\\/sites.hslu.ch\\\/immersive-realities\\\/zusammenarbeit\\\/#primaryimage\"},\"thumbnailUrl\":\"https:\\\/\\\/sites.hslu.ch\\\/immersive-realities\\\/wp-content\\\/uploads\\\/sites\\\/15\\\/2023\\\/06\\\/Option6-e1699260488335.jpeg\",\"datePublished\":\"2023-06-23T12:21:36+00:00\",\"dateModified\":\"2024-06-25T14:54:45+00:00\",\"description\":\"Wollen Sie AR und VR Projekte mit dem Immersive Realities Center umsetzen? Wir helfen Ihnen, gemeinsam innovative Ideen zu verwirklichen.\",\"breadcrumb\":{\"@id\":\"https:\\\/\\\/sites.hslu.ch\\\/immersive-realities\\\/zusammenarbeit\\\/#breadcrumb\"},\"inLanguage\":\"de\",\"potentialAction\":[{\"@type\":\"ReadAction\",\"target\":[\"https:\\\/\\\/sites.hslu.ch\\\/immersive-realities\\\/zusammenarbeit\\\/\"]}]},{\"@type\":\"ImageObject\",\"inLanguage\":\"de\",\"@id\":\"https:\\\/\\\/sites.hslu.ch\\\/immersive-realities\\\/zusammenarbeit\\\/#primaryimage\",\"url\":\"https:\\\/\\\/sites.hslu.ch\\\/immersive-realities\\\/wp-content\\\/uploads\\\/sites\\\/15\\\/2023\\\/06\\\/Option6-e1699260488335.jpeg\",\"contentUrl\":\"https:\\\/\\\/sites.hslu.ch\\\/immersive-realities\\\/wp-content\\\/uploads\\\/sites\\\/15\\\/2023\\\/06\\\/Option6-e1699260488335.jpeg\",\"width\":2169,\"height\":867},{\"@type\":\"BreadcrumbList\",\"@id\":\"https:\\\/\\\/sites.hslu.ch\\\/immersive-realities\\\/zusammenarbeit\\\/#breadcrumb\",\"itemListElement\":[{\"@type\":\"ListItem\",\"position\":1,\"name\":\"Home\",\"item\":\"https:\\\/\\\/sites.hslu.ch\\\/immersive-realities\\\/\"},{\"@type\":\"ListItem\",\"position\":2,\"name\":\"Zusammenarbeit\"}]},{\"@type\":\"WebSite\",\"@id\":\"https:\\\/\\\/sites.hslu.ch\\\/immersive-realities\\\/#website\",\"url\":\"https:\\\/\\\/sites.hslu.ch\\\/immersive-realities\\\/\",\"name\":\"Immersive Realities Center\",\"description\":\"\",\"publisher\":{\"@id\":\"https:\\\/\\\/sites.hslu.ch\\\/immersive-realities\\\/#organization\"},\"potentialAction\":[{\"@type\":\"SearchAction\",\"target\":{\"@type\":\"EntryPoint\",\"urlTemplate\":\"https:\\\/\\\/sites.hslu.ch\\\/immersive-realities\\\/?s={search_term_string}\"},\"query-input\":{\"@type\":\"PropertyValueSpecification\",\"valueRequired\":true,\"valueName\":\"search_term_string\"}}],\"inLanguage\":\"de\"},{\"@type\":\"Organization\",\"@id\":\"https:\\\/\\\/sites.hslu.ch\\\/immersive-realities\\\/#organization\",\"name\":\"Immersive Realities Center\",\"url\":\"https:\\\/\\\/sites.hslu.ch\\\/immersive-realities\\\/\",\"logo\":{\"@type\":\"ImageObject\",\"inLanguage\":\"de\",\"@id\":\"https:\\\/\\\/sites.hslu.ch\\\/immersive-realities\\\/#\\\/schema\\\/logo\\\/image\\\/\",\"url\":\"https:\\\/\\\/sites.hslu.ch\\\/immersive-realities\\\/wp-content\\\/uploads\\\/sites\\\/15\\\/2022\\\/06\\\/cropped-IR_schwarz.png\",\"contentUrl\":\"https:\\\/\\\/sites.hslu.ch\\\/immersive-realities\\\/wp-content\\\/uploads\\\/sites\\\/15\\\/2022\\\/06\\\/cropped-IR_schwarz.png\",\"width\":500,\"height\":166,\"caption\":\"Immersive Realities Center\"},\"image\":{\"@id\":\"https:\\\/\\\/sites.hslu.ch\\\/immersive-realities\\\/#\\\/schema\\\/logo\\\/image\\\/\"}}]}<\/script>\n<!-- \/ Yoast SEO plugin. -->","yoast_head_json":{"title":"Zusammenarbeit - Immersive Realities Center","description":"Wollen Sie AR und VR Projekte mit dem Immersive Realities Center umsetzen? Wir helfen Ihnen, gemeinsam innovative Ideen zu verwirklichen.","robots":{"index":"index","follow":"follow","max-snippet":"max-snippet:-1","max-image-preview":"max-image-preview:large","max-video-preview":"max-video-preview:-1"},"canonical":"https:\/\/sites.hslu.ch\/immersive-realities\/zusammenarbeit\/","og_locale":"de_DE","og_type":"article","og_title":"Zusammenarbeit - Immersive Realities Center","og_description":"Wollen Sie AR und VR Projekte mit dem Immersive Realities Center umsetzen? Wir helfen Ihnen, gemeinsam innovative Ideen zu verwirklichen.","og_url":"https:\/\/sites.hslu.ch\/immersive-realities\/zusammenarbeit\/","og_site_name":"Immersive Realities Center","article_modified_time":"2024-06-25T14:54:45+00:00","og_image":[{"width":2169,"height":867,"url":"https:\/\/sites.hslu.ch\/immersive-realities\/wp-content\/uploads\/sites\/15\/2023\/06\/Option6-e1699260488335.jpeg","type":"image\/jpeg"}],"twitter_card":"summary_large_image","twitter_misc":{"Gesch\u00e4tzte Lesezeit":"2\u00a0Minuten"},"schema":{"@context":"https:\/\/schema.org","@graph":[{"@type":"WebPage","@id":"https:\/\/sites.hslu.ch\/immersive-realities\/zusammenarbeit\/","url":"https:\/\/sites.hslu.ch\/immersive-realities\/zusammenarbeit\/","name":"Zusammenarbeit - Immersive Realities Center","isPartOf":{"@id":"https:\/\/sites.hslu.ch\/immersive-realities\/#website"},"primaryImageOfPage":{"@id":"https:\/\/sites.hslu.ch\/immersive-realities\/zusammenarbeit\/#primaryimage"},"image":{"@id":"https:\/\/sites.hslu.ch\/immersive-realities\/zusammenarbeit\/#primaryimage"},"thumbnailUrl":"https:\/\/sites.hslu.ch\/immersive-realities\/wp-content\/uploads\/sites\/15\/2023\/06\/Option6-e1699260488335.jpeg","datePublished":"2023-06-23T12:21:36+00:00","dateModified":"2024-06-25T14:54:45+00:00","description":"Wollen Sie AR und VR Projekte mit dem Immersive Realities Center umsetzen? Wir helfen Ihnen, gemeinsam innovative Ideen zu verwirklichen.","breadcrumb":{"@id":"https:\/\/sites.hslu.ch\/immersive-realities\/zusammenarbeit\/#breadcrumb"},"inLanguage":"de","potentialAction":[{"@type":"ReadAction","target":["https:\/\/sites.hslu.ch\/immersive-realities\/zusammenarbeit\/"]}]},{"@type":"ImageObject","inLanguage":"de","@id":"https:\/\/sites.hslu.ch\/immersive-realities\/zusammenarbeit\/#primaryimage","url":"https:\/\/sites.hslu.ch\/immersive-realities\/wp-content\/uploads\/sites\/15\/2023\/06\/Option6-e1699260488335.jpeg","contentUrl":"https:\/\/sites.hslu.ch\/immersive-realities\/wp-content\/uploads\/sites\/15\/2023\/06\/Option6-e1699260488335.jpeg","width":2169,"height":867},{"@type":"BreadcrumbList","@id":"https:\/\/sites.hslu.ch\/immersive-realities\/zusammenarbeit\/#breadcrumb","itemListElement":[{"@type":"ListItem","position":1,"name":"Home","item":"https:\/\/sites.hslu.ch\/immersive-realities\/"},{"@type":"ListItem","position":2,"name":"Zusammenarbeit"}]},{"@type":"WebSite","@id":"https:\/\/sites.hslu.ch\/immersive-realities\/#website","url":"https:\/\/sites.hslu.ch\/immersive-realities\/","name":"Immersive Realities Center","description":"","publisher":{"@id":"https:\/\/sites.hslu.ch\/immersive-realities\/#organization"},"potentialAction":[{"@type":"SearchAction","target":{"@type":"EntryPoint","urlTemplate":"https:\/\/sites.hslu.ch\/immersive-realities\/?s={search_term_string}"},"query-input":{"@type":"PropertyValueSpecification","valueRequired":true,"valueName":"search_term_string"}}],"inLanguage":"de"},{"@type":"Organization","@id":"https:\/\/sites.hslu.ch\/immersive-realities\/#organization","name":"Immersive Realities Center","url":"https:\/\/sites.hslu.ch\/immersive-realities\/","logo":{"@type":"ImageObject","inLanguage":"de","@id":"https:\/\/sites.hslu.ch\/immersive-realities\/#\/schema\/logo\/image\/","url":"https:\/\/sites.hslu.ch\/immersive-realities\/wp-content\/uploads\/sites\/15\/2022\/06\/cropped-IR_schwarz.png","contentUrl":"https:\/\/sites.hslu.ch\/immersive-realities\/wp-content\/uploads\/sites\/15\/2022\/06\/cropped-IR_schwarz.png","width":500,"height":166,"caption":"Immersive Realities Center"},"image":{"@id":"https:\/\/sites.hslu.ch\/immersive-realities\/#\/schema\/logo\/image\/"}}]}},"_links":{"self":[{"href":"https:\/\/sites.hslu.ch\/immersive-realities\/wp-json\/wp\/v2\/pages\/2174","targetHints":{"allow":["GET"]}}],"collection":[{"href":"https:\/\/sites.hslu.ch\/immersive-realities\/wp-json\/wp\/v2\/pages"}],"about":[{"href":"https:\/\/sites.hslu.ch\/immersive-realities\/wp-json\/wp\/v2\/types\/page"}],"author":[{"embeddable":true,"href":"https:\/\/sites.hslu.ch\/immersive-realities\/wp-json\/wp\/v2\/users\/126"}],"replies":[{"embeddable":true,"href":"https:\/\/sites.hslu.ch\/immersive-realities\/wp-json\/wp\/v2\/comments?post=2174"}],"version-history":[{"count":74,"href":"https:\/\/sites.hslu.ch\/immersive-realities\/wp-json\/wp\/v2\/pages\/2174\/revisions"}],"predecessor-version":[{"id":5649,"href":"https:\/\/sites.hslu.ch\/immersive-realities\/wp-json\/wp\/v2\/pages\/2174\/revisions\/5649"}],"wp:featuredmedia":[{"embeddable":true,"href":"https:\/\/sites.hslu.ch\/immersive-realities\/wp-json\/wp\/v2\/media\/2192"}],"wp:attachment":[{"href":"https:\/\/sites.hslu.ch\/immersive-realities\/wp-json\/wp\/v2\/media?parent=2174"}],"curies":[{"name":"wp","href":"https:\/\/api.w.org\/{rel}","templated":true}]}}