{"id":1536,"date":"2023-06-09T09:43:03","date_gmt":"2023-06-09T07:43:03","guid":{"rendered":"https:\/\/sites.hslu.ch\/immersive-realities\/?page_id=1536"},"modified":"2025-07-31T16:54:58","modified_gmt":"2025-07-31T14:54:58","slug":"advanced-interaction-technologies","status":"publish","type":"page","link":"https:\/\/sites.hslu.ch\/immersive-realities\/advanced-interaction-technologies\/","title":{"rendered":"Advanced Interaction Technologies"},"content":{"rendered":"\n<div class=\"wp-block-columns is-layout-flex wp-container-core-columns-is-layout-9d6595d7 wp-block-columns-is-layout-flex\">\n<div class=\"wp-block-column is-layout-flow wp-block-column-is-layout-flow\" style=\"flex-basis:80%\">\n<h1 class=\"wp-block-heading has-text-align-center\">Neue Wege mit digitalen Welten zu interagieren<\/h1>\n\n\n\n<p class=\"has-text-align-left\">Wie Nutzerinnen und Nutzer mit virtuellen Umgebungen interagieren und sich darin bewegen, ist ein zentrales Kriterium f\u00fcr den Erfolg von XR-Applikationen. Neue M\u00f6glichkeiten wie Augen- und Handtracking fordern ein \u00dcberdenken von existierenden Designs. Wir unterst\u00fctzen unsere Praxispartner dabei, die Interaktion mit virtuellen Welten zielgruppengerecht und intuitiv zu gestalten.&nbsp;\u200b<\/p>\n<\/div>\n\n\n\n<div class=\"wp-block-column is-layout-flow wp-block-column-is-layout-flow\" style=\"flex-basis:192px\">\n<h4 class=\"wp-block-heading has-text-align-center\">Kontaktperson<\/h4>\n\n\n<div class=\"wp-block-image is-resized is-style-default\">\n<figure class=\"aligncenter size-medium\"><img loading=\"lazy\" decoding=\"async\" width=\"225\" height=\"300\" src=\"https:\/\/sites.hslu.ch\/immersive-realities\/wp-content\/uploads\/sites\/15\/2023\/05\/DSC7226-edited-225x300.jpg\" alt=\"\" class=\"wp-image-966\" srcset=\"https:\/\/sites.hslu.ch\/immersive-realities\/wp-content\/uploads\/sites\/15\/2023\/05\/DSC7226-edited-225x300.jpg 225w, https:\/\/sites.hslu.ch\/immersive-realities\/wp-content\/uploads\/sites\/15\/2023\/05\/DSC7226-edited-768x1025.jpg 768w, https:\/\/sites.hslu.ch\/immersive-realities\/wp-content\/uploads\/sites\/15\/2023\/05\/DSC7226-edited-1151x1536.jpg 1151w, https:\/\/sites.hslu.ch\/immersive-realities\/wp-content\/uploads\/sites\/15\/2023\/05\/DSC7226-edited-1535x2048.jpg 1535w, https:\/\/sites.hslu.ch\/immersive-realities\/wp-content\/uploads\/sites\/15\/2023\/05\/DSC7226-edited-600x800.jpg 600w, https:\/\/sites.hslu.ch\/immersive-realities\/wp-content\/uploads\/sites\/15\/2023\/05\/DSC7226-edited.jpg 1841w\" sizes=\"auto, (max-width: 225px) 100vw, 225px\" \/><\/figure>\n<\/div>\n\n\n<p class=\"has-text-align-center has-black-color has-text-color\"><strong><strong>Markus Zank<\/strong><\/strong><br>Head of Operations, Dozent<br>+41 41 228 24 53<br><a href=\"&#x6d;a&#x69;&#108;&#x74;&#111;:&#x6d;&#97;&#x72;&#107;u&#x73;&#46;&#x7a;&#97;n&#x6b;&#64;&#x68;&#115;&#x6c;&#x75;&#46;&#x63;&#104;\" target=\"_blank\" rel=\"noreferrer noopener\">E-Mail<\/a><\/p>\n<\/div>\n<\/div>\n\n\n<div\n\t\tclass=\"free alignwide alignwide wp-block-ap-block-posts\"\tid='apbAdvancedPosts-1'\n\tdata-nonce='&quot;ffb82d4a82&quot;'\n\tdata-attributes='{&quot;selectedCategories&quot;:[21],&quot;contentBG&quot;:{&quot;color&quot;:&quot;rgba(218, 238, 243, 1)&quot;,&quot;styles&quot;:&quot;background-color: #f4f2fc;&quot;},&quot;contentPadding&quot;:{&quot;vertical&quot;:&quot;15px&quot;,&quot;horizontal&quot;:&quot;15px&quot;},&quot;border&quot;:{&quot;radius&quot;:&quot;2px&quot;},&quot;isFImg&quot;:false,&quot;isFImgLink&quot;:true,&quot;titleTypo&quot;:{&quot;fontFamily&quot;:&quot;Default&quot;,&quot;fontSize&quot;:{&quot;desktop&quot;:15,&quot;tablet&quot;:22,&quot;mobile&quot;:20},&quot;googleFontLink&quot;:&quot;https:\\\/\\\/fonts.googleapis.com\\\/css2?family=Roboto&amp;display=swap&quot;,&quot;letterSpace&quot;:&quot;0.04em&quot;,&quot;fontCategory&quot;:&quot;sans-serif&quot;,&quot;fontWeight&quot;:700,&quot;fontVariant&quot;:&quot;700&quot;,&quot;lineHeight&quot;:&quot;135%&quot;},&quot;titleColor&quot;:&quot;rgba(32, 106, 138, 1)&quot;,&quot;titleMargin&quot;:{&quot;side&quot;:4,&quot;bottom&quot;:&quot;10px&quot;},&quot;isMeta&quot;:false,&quot;metaCategoryIn&quot;:&quot;image&quot;,&quot;excerptAlign&quot;:&quot;left&quot;,&quot;excerptTypo&quot;:{&quot;fontSize&quot;:{&quot;desktop&quot;:15,&quot;tablet&quot;:15,&quot;mobile&quot;:15},&quot;letterSpace&quot;:&quot;&quot;,&quot;fontWeight&quot;:400,&quot;fontVariant&quot;:&quot;400&quot;},&quot;isReadMore&quot;:false,&quot;readMoreLabel&quot;:&quot;Mehr \\u2192&quot;,&quot;readMoreAlign&quot;:&quot;center&quot;,&quot;readMoreTypo&quot;:{&quot;fontSize&quot;:{&quot;desktop&quot;:15,&quot;tablet&quot;:14,&quot;mobile&quot;:14},&quot;textTransform&quot;:&quot;none&quot;,&quot;fontWeight&quot;:300,&quot;letterSpace&quot;:&quot;2px&quot;,&quot;fontVariant&quot;:&quot;300&quot;},&quot;readMoreColors&quot;:{&quot;color&quot;:&quot;rgba(0, 0, 0, 1)&quot;,&quot;bg&quot;:&quot;rgba(255, 255, 255, 0)&quot;},&quot;readMoreHovColors&quot;:{&quot;color&quot;:&quot;#0693e3&quot;,&quot;bg&quot;:&quot;rgba(255, 255, 255, 0)&quot;},&quot;readMorePadding&quot;:{&quot;vertical&quot;:&quot;10px&quot;,&quot;horizontal&quot;:&quot;0px&quot;},&quot;metadata&quot;:{&quot;name&quot;:&quot;&quot;},&quot;align&quot;:&quot;wide&quot;,&quot;layout&quot;:&quot;&quot;,&quot;subLayout&quot;:&quot;default&quot;,&quot;columns&quot;:{&quot;desktop&quot;:3,&quot;tablet&quot;:2,&quot;mobile&quot;:1},&quot;columnGap&quot;:15,&quot;rowGap&quot;:15,&quot;isContentEqualHight&quot;:true,&quot;sliderHeight&quot;:&quot;350px&quot;,&quot;content&quot;:{&quot;height&quot;:&quot;auto&quot;},&quot;postType&quot;:&quot;post&quot;,&quot;queryPreset&quot;:&quot;&quot;,&quot;taxonomyRelation&quot;:&quot;AND&quot;,&quot;selectedTaxonomies&quot;:[],&quot;selectedTags&quot;:[],&quot;isPostsPerPageAll&quot;:false,&quot;postsPerPage&quot;:12,&quot;postsAuthors&quot;:[],&quot;postsOrderBy&quot;:&quot;date&quot;,&quot;postsOrder&quot;:&quot;desc&quot;,&quot;postsSearch&quot;:&quot;&quot;,&quot;postsOffset&quot;:0,&quot;postsInclude&quot;:[],&quot;postsExclude&quot;:[],&quot;isExcludeCurrent&quot;:false,&quot;isExcludeSticky&quot;:false,&quot;isPagination&quot;:false,&quot;paginationPrevLabel&quot;:&quot;Prev&quot;,&quot;paginationNextLabel&quot;:&quot;Next&quot;,&quot;paginationColors&quot;:{&quot;color&quot;:&quot;#fff&quot;,&quot;bg&quot;:&quot;#146EF5&quot;},&quot;paginationHovColors&quot;:{&quot;color&quot;:&quot;#fff&quot;,&quot;bg&quot;:&quot;#070127&quot;},&quot;paginationPadding&quot;:{&quot;vertical&quot;:&quot;8px&quot;,&quot;horizontal&quot;:&quot;15px&quot;},&quot;paginationSpacing&quot;:&quot;15px&quot;,&quot;loadMore&quot;:{&quot;type&quot;:&quot;&quot;,&quot;alignment&quot;:&quot;center&quot;,&quot;scrollTop&quot;:{&quot;enabled&quot;:false,&quot;offset&quot;:50},&quot;infinityScroll&quot;:{&quot;offset&quot;:-100,&quot;spinner&quot;:true,&quot;label&quot;:&quot;Loading...&quot;},&quot;button&quot;:{&quot;label&quot;:&quot;Load More&quot;}},&quot;contentAlign&quot;:&quot;left&quot;,&quot;sliderIsLoop&quot;:true,&quot;sliderIsTouchMove&quot;:false,&quot;sliderIsAutoplay&quot;:true,&quot;sliderAutoplayOptions&quot;:{&quot;delay&quot;:1.5},&quot;sliderSpeed&quot;:1.5,&quot;sliderEffect&quot;:&quot;slide&quot;,&quot;sliderIsPage&quot;:true,&quot;sliderIsPageClickable&quot;:true,&quot;sliderIsPageDynamic&quot;:true,&quot;sliderPageColor&quot;:&quot;#146EF5&quot;,&quot;sliderPageWidth&quot;:&quot;15px&quot;,&quot;sliderPageHeight&quot;:&quot;15px&quot;,&quot;sliderPageBorder&quot;:{&quot;radius&quot;:&quot;50%&quot;},&quot;sliderIsPrevNext&quot;:true,&quot;sliderPrevNextColor&quot;:&quot;#146EF5&quot;,&quot;tickerDirection&quot;:&quot;up&quot;,&quot;tickerSpeed&quot;:&quot;slow&quot;,&quot;tickerInterval&quot;:2000,&quot;tickerHeight&quot;:&quot;0px&quot;,&quot;tickerVisible&quot;:3,&quot;tickerIsMousePause&quot;:true,&quot;newsTicker&quot;:{&quot;label&quot;:&quot;Trending Now&quot;,&quot;theme&quot;:&quot;theme1&quot;,&quot;type&quot;:&quot;vertical&quot;,&quot;direction&quot;:&quot;up&quot;,&quot;speed&quot;:3000,&quot;animation&quot;:&quot;slide&quot;,&quot;pauseOnHover&quot;:true},&quot;magazine&quot;:{&quot;subLayout&quot;:&quot;left-image&quot;,&quot;minHeight&quot;:{&quot;desktop&quot;:&quot;450px&quot;,&quot;tablet&quot;:&quot;400px&quot;,&quot;mobile&quot;:&quot;350px&quot;}},&quot;elementsSort&quot;:[&quot;title&quot;,&quot;meta&quot;],&quot;fImgSize&quot;:&quot;full&quot;,&quot;fImgFitting&quot;:&quot;cover&quot;,&quot;isTitle&quot;:true,&quot;isTitleLink&quot;:true,&quot;isMetaAuthor&quot;:true,&quot;isMetaAuthorLink&quot;:true,&quot;metaAuthorIcon&quot;:&quot;&quot;,&quot;isMetaDate&quot;:true,&quot;metaDateFormat&quot;:&quot;M j, Y&quot;,&quot;metaDateIcon&quot;:&quot;&quot;,&quot;isMetaCategory&quot;:true,&quot;metaCategoryIcon&quot;:&quot;&quot;,&quot;metaTaxonomies&quot;:{&quot;selected&quot;:[]},&quot;isMetaReadTime&quot;:false,&quot;metaReadTimeIcon&quot;:&quot;&quot;,&quot;isMetaReadTimeSec&quot;:false,&quot;metaReadTimeLabel&quot;:&quot;Min read&quot;,&quot;isMetaComment&quot;:false,&quot;metaCommentIcon&quot;:&quot;&quot;,&quot;metaTypo&quot;:{&quot;fontSize&quot;:{&quot;desktop&quot;:&quot;13px&quot;},&quot;textTransform&quot;:&quot;uppercase&quot;},&quot;metaTextColor&quot;:&quot;&quot;,&quot;metaLinkColor&quot;:&quot;#146EF5&quot;,&quot;metaIconColor&quot;:&quot;&quot;,&quot;metaColorsOnImage&quot;:{&quot;color&quot;:&quot;#fff&quot;,&quot;bg&quot;:&quot;#146EF5&quot;},&quot;metaMargin&quot;:{&quot;side&quot;:4,&quot;bottom&quot;:&quot;15px&quot;},&quot;isExcerpt&quot;:true,&quot;isExcerptFromContent&quot;:false,&quot;isEllipsisOnExcerpt&quot;:false,&quot;excerptLength&quot;:25,&quot;excerptColor&quot;:&quot;&quot;,&quot;excerptMargin&quot;:{&quot;side&quot;:4,&quot;bottom&quot;:&quot;10px&quot;},&quot;readMorePosition&quot;:&quot;auto&quot;,&quot;isLinkNewTab&quot;:false,&quot;readMoreBorder&quot;:{&quot;radius&quot;:&quot;3px&quot;},&quot;currentPostId&quot;:1536}'\n\tdata-extra='{&quot;totalPosts&quot;:2}'\n\tdata-pipecheck=''\n>\n\t\t\t\t<div class='apbLoadingPlaceholder' id='apbLoadingPlaceholder-2'>\n\t\t\t\t\t\t\t\t\t\t<div class='apbGridPosts columns-3 columns-tablet-2 columns-mobile-1'>\n\t\t\t\t\t\t\t<article class='apbPost'>\n\t\t\t<span class='apbLoadingItem apbThumb'><\/span>\n\t\t\t\n\t\t\t<div class='apbText'>\n\t\t\t\t<div class='apbTitle'>\n\t\t\t\t\t<span class='apbLoadingItem'><\/span>\n\t\t\t\t\t<span class='apbLoadingItem'><\/span>\n\t\t\t\t<\/div>\n\t\t\t\t<div class='apbMeta'>\n\t\t\t\t\t<span class='apbLoadingItem'><\/span>\n\t\t\t\t<\/div>\n\t\t\t\t<div class='apbExcerpt'>\n\t\t\t\t\t<span class='apbLoadingItem'><\/span>\n\t\t\t\t\t<span class='apbLoadingItem'><\/span>\n\t\t\t\t\t<span class='apbLoadingItem'><\/span>\n\t\t\t\t\t<span class='apbLoadingItem'><\/span>\n\t\t\t\t<\/div>\n\t\t\t\t<div class='apbReadMore'>\n\t\t\t\t\t<span class='apbLoadingItem'><\/span>\n\t\t\t\t<\/div>\n\t\t\t<\/div>\n\t\t<\/article><article class='apbPost'>\n\t\t\t<span class='apbLoadingItem apbThumb'><\/span>\n\t\t\t\n\t\t\t<div class='apbText'>\n\t\t\t\t<div class='apbTitle'>\n\t\t\t\t\t<span class='apbLoadingItem'><\/span>\n\t\t\t\t\t<span class='apbLoadingItem'><\/span>\n\t\t\t\t<\/div>\n\t\t\t\t<div class='apbMeta'>\n\t\t\t\t\t<span class='apbLoadingItem'><\/span>\n\t\t\t\t<\/div>\n\t\t\t\t<div class='apbExcerpt'>\n\t\t\t\t\t<span class='apbLoadingItem'><\/span>\n\t\t\t\t\t<span class='apbLoadingItem'><\/span>\n\t\t\t\t\t<span class='apbLoadingItem'><\/span>\n\t\t\t\t\t<span class='apbLoadingItem'><\/span>\n\t\t\t\t<\/div>\n\t\t\t\t<div class='apbReadMore'>\n\t\t\t\t\t<span class='apbLoadingItem'><\/span>\n\t\t\t\t<\/div>\n\t\t\t<\/div>\n\t\t<\/article>\t\t\t\t\t\t<\/div>\n\t\t\t\t\t\t\t\t<\/div>\n\t\t<\/div>","protected":false},"excerpt":{"rendered":"<p>Neue Wege mit digitalen Welten zu interagieren Wie Nutzerinnen und Nutzer mit virtuellen Umgebungen interagieren und sich darin bewegen, ist ein zentrales Kriterium f\u00fcr den Erfolg von&hellip;<\/p>\n<p> <a class=\"more-link\" href=\"https:\/\/sites.hslu.ch\/immersive-realities\/advanced-interaction-technologies\/\">Weiterlesen<\/a><\/p>\n","protected":false},"author":126,"featured_media":1798,"parent":0,"menu_order":0,"comment_status":"closed","ping_status":"closed","template":"","meta":{"_acf_changed":false,"footnotes":""},"class_list":["post-1536","page","type-page","status-publish","has-post-thumbnail"],"acf":[],"yoast_head":"<!-- This site is optimized with the Yoast SEO plugin v27.3 - https:\/\/yoast.com\/product\/yoast-seo-wordpress\/ -->\n<title>Advanced Interaction Technologies - Immersive Realities Center<\/title>\n<meta name=\"description\" content=\"Erforschung innovativer Interaktionen und Bewegungsm\u00f6glichkeiten von Nutzenden in einer virtuellen Umgebungen.\" \/>\n<meta name=\"robots\" content=\"index, follow, max-snippet:-1, max-image-preview:large, max-video-preview:-1\" \/>\n<link rel=\"canonical\" href=\"https:\/\/sites.hslu.ch\/immersive-realities\/advanced-interaction-technologies\/\" \/>\n<meta property=\"og:locale\" content=\"de_DE\" \/>\n<meta property=\"og:type\" content=\"article\" \/>\n<meta property=\"og:title\" content=\"Advanced Interaction Technologies - Immersive Realities Center\" \/>\n<meta property=\"og:description\" content=\"Erforschung innovativer Interaktionen und Bewegungsm\u00f6glichkeiten von Nutzenden in einer virtuellen Umgebungen.\" \/>\n<meta property=\"og:url\" content=\"https:\/\/sites.hslu.ch\/immersive-realities\/advanced-interaction-technologies\/\" \/>\n<meta property=\"og:site_name\" content=\"Immersive Realities Center\" \/>\n<meta property=\"article:modified_time\" content=\"2025-07-31T14:54:58+00:00\" \/>\n<meta property=\"og:image\" content=\"https:\/\/sites.hslu.ch\/immersive-realities\/wp-content\/uploads\/sites\/15\/2023\/06\/ForschungsschwerpunktAdvanced-interactionTec-scaled-e1697785105247.jpg\" \/>\n\t<meta property=\"og:image:width\" content=\"2560\" \/>\n\t<meta property=\"og:image:height\" content=\"1024\" \/>\n\t<meta property=\"og:image:type\" content=\"image\/jpeg\" \/>\n<meta name=\"twitter:card\" content=\"summary_large_image\" \/>\n<meta name=\"twitter:label1\" content=\"Gesch\u00e4tzte Lesezeit\" \/>\n\t<meta name=\"twitter:data1\" content=\"1\u00a0Minute\" \/>\n<script type=\"application\/ld+json\" class=\"yoast-schema-graph\">{\"@context\":\"https:\\\/\\\/schema.org\",\"@graph\":[{\"@type\":\"WebPage\",\"@id\":\"https:\\\/\\\/sites.hslu.ch\\\/immersive-realities\\\/advanced-interaction-technologies\\\/\",\"url\":\"https:\\\/\\\/sites.hslu.ch\\\/immersive-realities\\\/advanced-interaction-technologies\\\/\",\"name\":\"Advanced Interaction Technologies - Immersive Realities Center\",\"isPartOf\":{\"@id\":\"https:\\\/\\\/sites.hslu.ch\\\/immersive-realities\\\/#website\"},\"primaryImageOfPage\":{\"@id\":\"https:\\\/\\\/sites.hslu.ch\\\/immersive-realities\\\/advanced-interaction-technologies\\\/#primaryimage\"},\"image\":{\"@id\":\"https:\\\/\\\/sites.hslu.ch\\\/immersive-realities\\\/advanced-interaction-technologies\\\/#primaryimage\"},\"thumbnailUrl\":\"https:\\\/\\\/sites.hslu.ch\\\/immersive-realities\\\/wp-content\\\/uploads\\\/sites\\\/15\\\/2023\\\/06\\\/ForschungsschwerpunktAdvanced-interactionTec-scaled-e1697785105247.jpg\",\"datePublished\":\"2023-06-09T07:43:03+00:00\",\"dateModified\":\"2025-07-31T14:54:58+00:00\",\"description\":\"Erforschung innovativer Interaktionen und Bewegungsm\u00f6glichkeiten von Nutzenden in einer virtuellen Umgebungen.\",\"breadcrumb\":{\"@id\":\"https:\\\/\\\/sites.hslu.ch\\\/immersive-realities\\\/advanced-interaction-technologies\\\/#breadcrumb\"},\"inLanguage\":\"de\",\"potentialAction\":[{\"@type\":\"ReadAction\",\"target\":[\"https:\\\/\\\/sites.hslu.ch\\\/immersive-realities\\\/advanced-interaction-technologies\\\/\"]}]},{\"@type\":\"ImageObject\",\"inLanguage\":\"de\",\"@id\":\"https:\\\/\\\/sites.hslu.ch\\\/immersive-realities\\\/advanced-interaction-technologies\\\/#primaryimage\",\"url\":\"https:\\\/\\\/sites.hslu.ch\\\/immersive-realities\\\/wp-content\\\/uploads\\\/sites\\\/15\\\/2023\\\/06\\\/ForschungsschwerpunktAdvanced-interactionTec-scaled-e1697785105247.jpg\",\"contentUrl\":\"https:\\\/\\\/sites.hslu.ch\\\/immersive-realities\\\/wp-content\\\/uploads\\\/sites\\\/15\\\/2023\\\/06\\\/ForschungsschwerpunktAdvanced-interactionTec-scaled-e1697785105247.jpg\",\"width\":2560,\"height\":1024},{\"@type\":\"BreadcrumbList\",\"@id\":\"https:\\\/\\\/sites.hslu.ch\\\/immersive-realities\\\/advanced-interaction-technologies\\\/#breadcrumb\",\"itemListElement\":[{\"@type\":\"ListItem\",\"position\":1,\"name\":\"Home\",\"item\":\"https:\\\/\\\/sites.hslu.ch\\\/immersive-realities\\\/\"},{\"@type\":\"ListItem\",\"position\":2,\"name\":\"Advanced Interaction Technologies\"}]},{\"@type\":\"WebSite\",\"@id\":\"https:\\\/\\\/sites.hslu.ch\\\/immersive-realities\\\/#website\",\"url\":\"https:\\\/\\\/sites.hslu.ch\\\/immersive-realities\\\/\",\"name\":\"Immersive Realities Center\",\"description\":\"\",\"publisher\":{\"@id\":\"https:\\\/\\\/sites.hslu.ch\\\/immersive-realities\\\/#organization\"},\"potentialAction\":[{\"@type\":\"SearchAction\",\"target\":{\"@type\":\"EntryPoint\",\"urlTemplate\":\"https:\\\/\\\/sites.hslu.ch\\\/immersive-realities\\\/?s={search_term_string}\"},\"query-input\":{\"@type\":\"PropertyValueSpecification\",\"valueRequired\":true,\"valueName\":\"search_term_string\"}}],\"inLanguage\":\"de\"},{\"@type\":\"Organization\",\"@id\":\"https:\\\/\\\/sites.hslu.ch\\\/immersive-realities\\\/#organization\",\"name\":\"Immersive Realities Center\",\"url\":\"https:\\\/\\\/sites.hslu.ch\\\/immersive-realities\\\/\",\"logo\":{\"@type\":\"ImageObject\",\"inLanguage\":\"de\",\"@id\":\"https:\\\/\\\/sites.hslu.ch\\\/immersive-realities\\\/#\\\/schema\\\/logo\\\/image\\\/\",\"url\":\"https:\\\/\\\/sites.hslu.ch\\\/immersive-realities\\\/wp-content\\\/uploads\\\/sites\\\/15\\\/2022\\\/06\\\/cropped-IR_schwarz.png\",\"contentUrl\":\"https:\\\/\\\/sites.hslu.ch\\\/immersive-realities\\\/wp-content\\\/uploads\\\/sites\\\/15\\\/2022\\\/06\\\/cropped-IR_schwarz.png\",\"width\":500,\"height\":166,\"caption\":\"Immersive Realities Center\"},\"image\":{\"@id\":\"https:\\\/\\\/sites.hslu.ch\\\/immersive-realities\\\/#\\\/schema\\\/logo\\\/image\\\/\"}}]}<\/script>\n<!-- \/ Yoast SEO plugin. -->","yoast_head_json":{"title":"Advanced Interaction Technologies - Immersive Realities Center","description":"Erforschung innovativer Interaktionen und Bewegungsm\u00f6glichkeiten von Nutzenden in einer virtuellen Umgebungen.","robots":{"index":"index","follow":"follow","max-snippet":"max-snippet:-1","max-image-preview":"max-image-preview:large","max-video-preview":"max-video-preview:-1"},"canonical":"https:\/\/sites.hslu.ch\/immersive-realities\/advanced-interaction-technologies\/","og_locale":"de_DE","og_type":"article","og_title":"Advanced Interaction Technologies - Immersive Realities Center","og_description":"Erforschung innovativer Interaktionen und Bewegungsm\u00f6glichkeiten von Nutzenden in einer virtuellen Umgebungen.","og_url":"https:\/\/sites.hslu.ch\/immersive-realities\/advanced-interaction-technologies\/","og_site_name":"Immersive Realities Center","article_modified_time":"2025-07-31T14:54:58+00:00","og_image":[{"width":2560,"height":1024,"url":"https:\/\/sites.hslu.ch\/immersive-realities\/wp-content\/uploads\/sites\/15\/2023\/06\/ForschungsschwerpunktAdvanced-interactionTec-scaled-e1697785105247.jpg","type":"image\/jpeg"}],"twitter_card":"summary_large_image","twitter_misc":{"Gesch\u00e4tzte Lesezeit":"1\u00a0Minute"},"schema":{"@context":"https:\/\/schema.org","@graph":[{"@type":"WebPage","@id":"https:\/\/sites.hslu.ch\/immersive-realities\/advanced-interaction-technologies\/","url":"https:\/\/sites.hslu.ch\/immersive-realities\/advanced-interaction-technologies\/","name":"Advanced Interaction Technologies - Immersive Realities Center","isPartOf":{"@id":"https:\/\/sites.hslu.ch\/immersive-realities\/#website"},"primaryImageOfPage":{"@id":"https:\/\/sites.hslu.ch\/immersive-realities\/advanced-interaction-technologies\/#primaryimage"},"image":{"@id":"https:\/\/sites.hslu.ch\/immersive-realities\/advanced-interaction-technologies\/#primaryimage"},"thumbnailUrl":"https:\/\/sites.hslu.ch\/immersive-realities\/wp-content\/uploads\/sites\/15\/2023\/06\/ForschungsschwerpunktAdvanced-interactionTec-scaled-e1697785105247.jpg","datePublished":"2023-06-09T07:43:03+00:00","dateModified":"2025-07-31T14:54:58+00:00","description":"Erforschung innovativer Interaktionen und Bewegungsm\u00f6glichkeiten von Nutzenden in einer virtuellen Umgebungen.","breadcrumb":{"@id":"https:\/\/sites.hslu.ch\/immersive-realities\/advanced-interaction-technologies\/#breadcrumb"},"inLanguage":"de","potentialAction":[{"@type":"ReadAction","target":["https:\/\/sites.hslu.ch\/immersive-realities\/advanced-interaction-technologies\/"]}]},{"@type":"ImageObject","inLanguage":"de","@id":"https:\/\/sites.hslu.ch\/immersive-realities\/advanced-interaction-technologies\/#primaryimage","url":"https:\/\/sites.hslu.ch\/immersive-realities\/wp-content\/uploads\/sites\/15\/2023\/06\/ForschungsschwerpunktAdvanced-interactionTec-scaled-e1697785105247.jpg","contentUrl":"https:\/\/sites.hslu.ch\/immersive-realities\/wp-content\/uploads\/sites\/15\/2023\/06\/ForschungsschwerpunktAdvanced-interactionTec-scaled-e1697785105247.jpg","width":2560,"height":1024},{"@type":"BreadcrumbList","@id":"https:\/\/sites.hslu.ch\/immersive-realities\/advanced-interaction-technologies\/#breadcrumb","itemListElement":[{"@type":"ListItem","position":1,"name":"Home","item":"https:\/\/sites.hslu.ch\/immersive-realities\/"},{"@type":"ListItem","position":2,"name":"Advanced Interaction Technologies"}]},{"@type":"WebSite","@id":"https:\/\/sites.hslu.ch\/immersive-realities\/#website","url":"https:\/\/sites.hslu.ch\/immersive-realities\/","name":"Immersive Realities Center","description":"","publisher":{"@id":"https:\/\/sites.hslu.ch\/immersive-realities\/#organization"},"potentialAction":[{"@type":"SearchAction","target":{"@type":"EntryPoint","urlTemplate":"https:\/\/sites.hslu.ch\/immersive-realities\/?s={search_term_string}"},"query-input":{"@type":"PropertyValueSpecification","valueRequired":true,"valueName":"search_term_string"}}],"inLanguage":"de"},{"@type":"Organization","@id":"https:\/\/sites.hslu.ch\/immersive-realities\/#organization","name":"Immersive Realities Center","url":"https:\/\/sites.hslu.ch\/immersive-realities\/","logo":{"@type":"ImageObject","inLanguage":"de","@id":"https:\/\/sites.hslu.ch\/immersive-realities\/#\/schema\/logo\/image\/","url":"https:\/\/sites.hslu.ch\/immersive-realities\/wp-content\/uploads\/sites\/15\/2022\/06\/cropped-IR_schwarz.png","contentUrl":"https:\/\/sites.hslu.ch\/immersive-realities\/wp-content\/uploads\/sites\/15\/2022\/06\/cropped-IR_schwarz.png","width":500,"height":166,"caption":"Immersive Realities Center"},"image":{"@id":"https:\/\/sites.hslu.ch\/immersive-realities\/#\/schema\/logo\/image\/"}}]}},"_links":{"self":[{"href":"https:\/\/sites.hslu.ch\/immersive-realities\/wp-json\/wp\/v2\/pages\/1536","targetHints":{"allow":["GET"]}}],"collection":[{"href":"https:\/\/sites.hslu.ch\/immersive-realities\/wp-json\/wp\/v2\/pages"}],"about":[{"href":"https:\/\/sites.hslu.ch\/immersive-realities\/wp-json\/wp\/v2\/types\/page"}],"author":[{"embeddable":true,"href":"https:\/\/sites.hslu.ch\/immersive-realities\/wp-json\/wp\/v2\/users\/126"}],"replies":[{"embeddable":true,"href":"https:\/\/sites.hslu.ch\/immersive-realities\/wp-json\/wp\/v2\/comments?post=1536"}],"version-history":[{"count":83,"href":"https:\/\/sites.hslu.ch\/immersive-realities\/wp-json\/wp\/v2\/pages\/1536\/revisions"}],"predecessor-version":[{"id":5878,"href":"https:\/\/sites.hslu.ch\/immersive-realities\/wp-json\/wp\/v2\/pages\/1536\/revisions\/5878"}],"wp:featuredmedia":[{"embeddable":true,"href":"https:\/\/sites.hslu.ch\/immersive-realities\/wp-json\/wp\/v2\/media\/1798"}],"wp:attachment":[{"href":"https:\/\/sites.hslu.ch\/immersive-realities\/wp-json\/wp\/v2\/media?parent=1536"}],"curies":[{"name":"wp","href":"https:\/\/api.w.org\/{rel}","templated":true}]}}